{"id":23476,"date":"2025-12-05T10:35:19","date_gmt":"2025-12-05T10:35:19","guid":{"rendered":"https:\/\/b2b.depodanmusteriye.com\/urun\/gb-pet-parfum-she-370-ml\/"},"modified":"2025-12-05T10:35:19","modified_gmt":"2025-12-05T10:35:19","slug":"gb-pet-parfum-she-370-ml","status":"publish","type":"product","link":"https:\/\/depodanmusteriye.com\/urunler\/urun\/gb-pet-parfum-she-370-ml\/","title":{"rendered":"G&amp;b Pet Parf\u00fcm She 370 Ml"},"content":{"rendered":"<h4>\n<div style=\"margin: 0px;padding: 0px;font-family: Roboto, Arial, Helvetica, sans-serif;font-size: 14px\">Kedi ve k\u00f6pe\u011finizin t\u00fcylerinin g\u00fczel kokmas\u0131n\u0131 sa\u011flar.<\/div>\n<div style=\"margin: 0px;padding: 0px;font-family: Roboto, Arial, Helvetica, sans-serif;font-size: 14px\">KULLANIM:&nbsp;Kedi ve\/veya k\u00f6pe\u011finizin g\u00f6z, kulak, a\u011f\u0131z ya da ba\u015f b\u00f6lgesine gelmeyecek \u015fekilde 15-20 cm uzakl\u0131ktan p\u00fcsk\u00fcrt\u00fcn\u00fcz. Yeti\u015fkin veya yavru kedi\/k\u00f6pekler i\u00e7in \u0130 kullan\u0131labilmektedir.<\/div>\n<div style=\"margin: 0px;padding: 0px;font-family: Roboto, Arial, Helvetica, sans-serif;font-size: 14px\">UYARI:<\/div>\n<div style=\"margin: 0px;padding: 0px;font-family: Roboto, Arial, Helvetica, sans-serif;font-size: 14px\">&bull; Haricen kullan\u0131l\u0131r.<\/div>\n<div style=\"margin: 0px;padding: 0px;font-family: Roboto, Arial, Helvetica, sans-serif;font-size: 14px\">&bull; Yaral\u0131 ve tahri\u015f olmu\u015f b\u00f6lgelere p\u00fcsk\u00fcrtmeyiniz.<\/div>\n<div style=\"margin: 0px;padding: 0px;font-family: Roboto, Arial, Helvetica, sans-serif;font-size: 14px\">&bull; \u00c7ocuklardan ve g\u00fcne\u015ften uzak tutunuz.<\/div>\n<div style=\"margin: 0px;padding: 0px;font-family: Roboto, Arial, Helvetica, sans-serif;font-size: 14px\">&bull; Kuru ve serin yerde, kutusunda saklay\u0131n\u0131z.<\/div>\n<div style=\"margin: 0px;padding: 0px;font-family: Roboto, Arial, Helvetica, sans-serif;font-size: 14px\">&bull; \u0130la\u00e7 de\u011fildir.<\/div>\n<p><b>1 adet fiyat\u0131d\u0131r<\/b> <\/p>\n<p><p><b>\u00dcretici Markas\u0131 : G &#8211; B<\/b><\/p>\n<p><b>\u00dcretici Kodu : 1460020<\/b><\/p>\n<p><b>1 ADET F\u0130YATIDIR<\/b><\/p>\n<\/h4>\n<p><\/p>\n","protected":false},"excerpt":{"rendered":"<p>G&amp;b Pet Parf\u00fcm She 370 Ml<\/p>\n","protected":false},"featured_media":23475,"comment_status":"open","ping_status":"closed","template":"","meta":[],"product_brand":[],"product_cat":[545,370],"product_tag":[2995,1570,1581,2996,1573,6315],"class_list":{"0":"post-23476","1":"product","2":"type-product","3":"status-publish","4":"has-post-thumbnail","6":"product_cat-kopek-ampuani","7":"product_cat-pet-shop","8":"product_tag-2995","9":"product_tag-gb","10":"product_tag-ml","11":"product_tag-parfum","12":"product_tag-pet","13":"product_tag-she","15":"first","16":"instock","17":"taxable","18":"shipping-taxable","19":"purchasable","20":"product-type-simple"},"_links":{"self":[{"href":"https:\/\/depodanmusteriye.com\/urunler\/wp-json\/wp\/v2\/product\/23476","targetHints":{"allow":["GET"]}}],"collection":[{"href":"https:\/\/depodanmusteriye.com\/urunler\/wp-json\/wp\/v2\/product"}],"about":[{"href":"https:\/\/depodanmusteriye.com\/urunler\/wp-json\/wp\/v2\/types\/product"}],"replies":[{"embeddable":true,"href":"https:\/\/depodanmusteriye.com\/urunler\/wp-json\/wp\/v2\/comments?post=23476"}],"version-history":[{"count":0,"href":"https:\/\/depodanmusteriye.com\/urunler\/wp-json\/wp\/v2\/product\/23476\/revisions"}],"wp:featuredmedia":[{"embeddable":true,"href":"https:\/\/depodanmusteriye.com\/urunler\/wp-json\/wp\/v2\/media\/23475"}],"wp:attachment":[{"href":"https:\/\/depodanmusteriye.com\/urunler\/wp-json\/wp\/v2\/media?parent=23476"}],"wp:term":[{"taxonomy":"product_brand","embeddable":true,"href":"https:\/\/depodanmusteriye.com\/urunler\/wp-json\/wp\/v2\/product_brand?post=23476"},{"taxonomy":"product_cat","embeddable":true,"href":"https:\/\/depodanmusteriye.com\/urunler\/wp-json\/wp\/v2\/product_cat?post=23476"},{"taxonomy":"product_tag","embeddable":true,"href":"https:\/\/depodanmusteriye.com\/urunler\/wp-json\/wp\/v2\/product_tag?post=23476"}],"curies":[{"name":"wp","href":"https:\/\/api.w.org\/{rel}","templated":true}]}}