{"id":23050,"date":"2025-12-05T10:21:24","date_gmt":"2025-12-05T10:21:24","guid":{"rendered":"https:\/\/b2b.depodanmusteriye.com\/urun\/beeztees-kopek-suveter-gri-uzunluk28cm\/"},"modified":"2025-12-05T10:21:24","modified_gmt":"2025-12-05T10:21:24","slug":"beeztees-kopek-suveter-gri-uzunluk28cm","status":"publish","type":"product","link":"https:\/\/depodanmusteriye.com\/urunler\/urun\/beeztees-kopek-suveter-gri-uzunluk28cm\/","title":{"rendered":"Beeztees K\u00f6pek S\u00fcveter Gri Uzunluk:28cm"},"content":{"rendered":"<h4>\n<ul>\n<li><strong>K\u00f6pe\u011fi s\u0131cak tutar. Ameliyat sonras\u0131 koruma sa\u011flar. Reflekt\u00f6rl\u00fc \u015feritlere sahiptir. Hafif ve esnek kuma\u015f. \u00dcstten fermuarl\u0131. Tasman\u0131n yakaya veya emniyet kemerine ba\u011flanmas\u0131 i\u00e7in \u00fcst k\u0131s\u0131mda delik vard\u0131r. 30&deg;C&#039;de makinede y\u0131kanabilir. Uzunluk (enseden kuyru\u011fun ba\u015flang\u0131c\u0131na kadar): 28 cm<\/strong><\/li>\n<\/ul>\n<p><b>1 adet fiyat\u0131d\u0131r<\/b> <\/p>\n<p><p><b>\u00dcretici Markas\u0131 : BEEZTEES<\/b><\/p>\n<p><b>\u00dcretici Kodu : 556766562<\/b><\/p>\n<p><b>1 ADET F\u0130YATIDIR<\/b><\/p>\n<\/h4>\n<p><\/p>\n","protected":false},"excerpt":{"rendered":"<p>Beeztees K\u00f6pek S\u00fcveter Gri Uzunluk:28cm<\/p>\n","protected":false},"featured_media":23049,"comment_status":"open","ping_status":"closed","template":"","meta":[],"product_brand":[],"product_cat":[546,370],"product_tag":[1681,1684,1491,6201,6204],"class_list":{"0":"post-23050","1":"product","2":"type-product","3":"status-publish","4":"has-post-thumbnail","6":"product_cat-kopek-kiyafeti","7":"product_cat-pet-shop","8":"product_tag-beeztees","9":"product_tag-gri","10":"product_tag-kopek","11":"product_tag-suveter","12":"product_tag-uzunluk28cm","14":"first","15":"instock","16":"taxable","17":"shipping-taxable","18":"purchasable","19":"product-type-simple"},"_links":{"self":[{"href":"https:\/\/depodanmusteriye.com\/urunler\/wp-json\/wp\/v2\/product\/23050","targetHints":{"allow":["GET"]}}],"collection":[{"href":"https:\/\/depodanmusteriye.com\/urunler\/wp-json\/wp\/v2\/product"}],"about":[{"href":"https:\/\/depodanmusteriye.com\/urunler\/wp-json\/wp\/v2\/types\/product"}],"replies":[{"embeddable":true,"href":"https:\/\/depodanmusteriye.com\/urunler\/wp-json\/wp\/v2\/comments?post=23050"}],"version-history":[{"count":0,"href":"https:\/\/depodanmusteriye.com\/urunler\/wp-json\/wp\/v2\/product\/23050\/revisions"}],"wp:featuredmedia":[{"embeddable":true,"href":"https:\/\/depodanmusteriye.com\/urunler\/wp-json\/wp\/v2\/media\/23049"}],"wp:attachment":[{"href":"https:\/\/depodanmusteriye.com\/urunler\/wp-json\/wp\/v2\/media?parent=23050"}],"wp:term":[{"taxonomy":"product_brand","embeddable":true,"href":"https:\/\/depodanmusteriye.com\/urunler\/wp-json\/wp\/v2\/product_brand?post=23050"},{"taxonomy":"product_cat","embeddable":true,"href":"https:\/\/depodanmusteriye.com\/urunler\/wp-json\/wp\/v2\/product_cat?post=23050"},{"taxonomy":"product_tag","embeddable":true,"href":"https:\/\/depodanmusteriye.com\/urunler\/wp-json\/wp\/v2\/product_tag?post=23050"}],"curies":[{"name":"wp","href":"https:\/\/api.w.org\/{rel}","templated":true}]}}