{"id":22992,"date":"2025-12-05T10:19:31","date_gmt":"2025-12-05T10:19:31","guid":{"rendered":"https:\/\/b2b.depodanmusteriye.com\/urun\/moser-prima-yeni\/"},"modified":"2025-12-05T10:19:31","modified_gmt":"2025-12-05T10:19:31","slug":"moser-prima-yeni","status":"publish","type":"product","link":"https:\/\/depodanmusteriye.com\/urunler\/urun\/moser-prima-yeni\/","title":{"rendered":"Moser Prima Yeni"},"content":{"rendered":"<h4>\n<ul>\n<li>\n<h4><strong>Y\u00fcz, kulaklar, patiler ve genial b\u00f6lgedeki t\u00fcylerin t\u00fcm detayl\u0131 kesimi i\u00e7in kullan\u0131\u015fl\u0131, kablosuz hayvan t\u00fcy d\u00fczeltme aleti.<\/strong><\/h4>\n<\/li>\n<li>\n<h4><strong>&quot;Alman \u00dcretimi&quot; profesyonel, y\u00fcksek kalieli \u00e7elik kontur b\u0131\u00e7ak seti. Rahat tenmizlik i\u00e7in kolay \u00e7\u0131kar\u0131labilir b\u0131\u00e7aklar.<\/strong><\/h4>\n<\/li>\n<li>\n<h4><strong>0,4 mm kesme uzunlu\u011funa sahip.<\/strong><\/h4>\n<\/li>\n<li>\n<h4><strong>Pratik LED \u015farj g\u00f6stergesi.<\/strong><\/h4>\n<\/li>\n<li>\n<h4><strong>100 dakikaya kadar pil \u00e7al\u0131\u015fma s\u00fcresi ve 2 saat h\u0131zl\u0131 \u015farj.<\/strong><\/h4>\n<\/li>\n<li>\n<h4><strong>Maksimum esneklik &#8211; kablolu olarakda kullan\u0131ma uygun.<\/strong><\/h4>\n<\/li>\n<li>\n<h4><strong>\u00c7ok hafif ve sessiz.<\/strong><\/h4>\n<\/li>\n<li>\n<h4><strong>Vucudun en inat\u00e7\u0131 b\u00f6lgeleri i\u00e7in rahat kesim.<\/strong><\/h4>\n<\/li>\n<\/ul>\n<p><b>1 adet fiyat\u0131d\u0131r<\/b> <\/p>\n<p><p><b>\u00dcretici Markas\u0131 : MOSER<\/b><\/p>\n<p><b>\u00dcretici Kodu : 14115860064<\/b><\/p>\n<p><b>1 ADET F\u0130YATIDIR<\/b><\/p>\n<\/h4>\n<p><\/p>\n","protected":false},"excerpt":{"rendered":"<p>Moser Prima Yeni<\/p>\n","protected":false},"featured_media":22989,"comment_status":"open","ping_status":"closed","template":"","meta":[],"product_brand":[],"product_cat":[370,403],"product_tag":[2937,6185,3800],"class_list":{"0":"post-22992","1":"product","2":"type-product","3":"status-publish","4":"has-post-thumbnail","6":"product_cat-pet-shop","7":"product_cat-tiras-makinesi","8":"product_tag-moser","9":"product_tag-prima","10":"product_tag-yeni","12":"first","13":"instock","14":"taxable","15":"shipping-taxable","16":"purchasable","17":"product-type-simple"},"_links":{"self":[{"href":"https:\/\/depodanmusteriye.com\/urunler\/wp-json\/wp\/v2\/product\/22992","targetHints":{"allow":["GET"]}}],"collection":[{"href":"https:\/\/depodanmusteriye.com\/urunler\/wp-json\/wp\/v2\/product"}],"about":[{"href":"https:\/\/depodanmusteriye.com\/urunler\/wp-json\/wp\/v2\/types\/product"}],"replies":[{"embeddable":true,"href":"https:\/\/depodanmusteriye.com\/urunler\/wp-json\/wp\/v2\/comments?post=22992"}],"version-history":[{"count":0,"href":"https:\/\/depodanmusteriye.com\/urunler\/wp-json\/wp\/v2\/product\/22992\/revisions"}],"wp:featuredmedia":[{"embeddable":true,"href":"https:\/\/depodanmusteriye.com\/urunler\/wp-json\/wp\/v2\/media\/22989"}],"wp:attachment":[{"href":"https:\/\/depodanmusteriye.com\/urunler\/wp-json\/wp\/v2\/media?parent=22992"}],"wp:term":[{"taxonomy":"product_brand","embeddable":true,"href":"https:\/\/depodanmusteriye.com\/urunler\/wp-json\/wp\/v2\/product_brand?post=22992"},{"taxonomy":"product_cat","embeddable":true,"href":"https:\/\/depodanmusteriye.com\/urunler\/wp-json\/wp\/v2\/product_cat?post=22992"},{"taxonomy":"product_tag","embeddable":true,"href":"https:\/\/depodanmusteriye.com\/urunler\/wp-json\/wp\/v2\/product_tag?post=22992"}],"curies":[{"name":"wp","href":"https:\/\/api.w.org\/{rel}","templated":true}]}}