{"id":22766,"date":"2025-12-05T10:12:13","date_gmt":"2025-12-05T10:12:13","guid":{"rendered":"https:\/\/b2b.depodanmusteriye.com\/urun\/fluval-aski-plastik-yavruluk-buyuk-26x14x12-cm\/"},"modified":"2025-12-05T10:12:13","modified_gmt":"2025-12-05T10:12:13","slug":"fluval-aski-plastik-yavruluk-buyuk-26x14x12-cm","status":"publish","type":"product","link":"https:\/\/depodanmusteriye.com\/urunler\/urun\/fluval-aski-plastik-yavruluk-buyuk-26x14x12-cm\/","title":{"rendered":"Fluval Ask\u0131 Plastik Yavruluk B\u00fcy\u00fck 26x14x12 Cm."},"content":{"rendered":"<h4>Fluval Ask\u0131 Plastik Yavruluk B\u00fcy\u00fck 26x14x12 Cm. <\/p>\n<p><b>1 adet fiyat\u0131d\u0131r<\/b> <\/p>\n<p><p><b>\u00dcretici Markas\u0131 : Hagen Fluval<\/b><\/p>\n<p><b>\u00dcretici Kodu : 70110943<\/b><\/p>\n<p><b>1 ADET F\u0130YATIDIR<\/b><\/p>\n<\/h4>\n<p><\/p>\n","protected":false},"excerpt":{"rendered":"<p>Fluval Ask\u0131 Plastik Yavruluk B\u00fcy\u00fck 26x14x12 Cm.<\/p>\n","protected":false},"featured_media":22765,"comment_status":"open","ping_status":"closed","template":"","meta":[],"product_brand":[],"product_cat":[524,370],"product_tag":[6108,2666,2307,3295,1382,6019],"class_list":{"0":"post-22766","1":"product","2":"type-product","3":"status-publish","4":"has-post-thumbnail","6":"product_cat-akvaryum-balik-yavrulugu","7":"product_cat-pet-shop","8":"product_tag-26x14x12","9":"product_tag-aski","10":"product_tag-buyuk","11":"product_tag-fluval","12":"product_tag-plastik","13":"product_tag-yavruluk","15":"first","16":"instock","17":"taxable","18":"shipping-taxable","19":"purchasable","20":"product-type-simple"},"_links":{"self":[{"href":"https:\/\/depodanmusteriye.com\/urunler\/wp-json\/wp\/v2\/product\/22766","targetHints":{"allow":["GET"]}}],"collection":[{"href":"https:\/\/depodanmusteriye.com\/urunler\/wp-json\/wp\/v2\/product"}],"about":[{"href":"https:\/\/depodanmusteriye.com\/urunler\/wp-json\/wp\/v2\/types\/product"}],"replies":[{"embeddable":true,"href":"https:\/\/depodanmusteriye.com\/urunler\/wp-json\/wp\/v2\/comments?post=22766"}],"version-history":[{"count":0,"href":"https:\/\/depodanmusteriye.com\/urunler\/wp-json\/wp\/v2\/product\/22766\/revisions"}],"wp:featuredmedia":[{"embeddable":true,"href":"https:\/\/depodanmusteriye.com\/urunler\/wp-json\/wp\/v2\/media\/22765"}],"wp:attachment":[{"href":"https:\/\/depodanmusteriye.com\/urunler\/wp-json\/wp\/v2\/media?parent=22766"}],"wp:term":[{"taxonomy":"product_brand","embeddable":true,"href":"https:\/\/depodanmusteriye.com\/urunler\/wp-json\/wp\/v2\/product_brand?post=22766"},{"taxonomy":"product_cat","embeddable":true,"href":"https:\/\/depodanmusteriye.com\/urunler\/wp-json\/wp\/v2\/product_cat?post=22766"},{"taxonomy":"product_tag","embeddable":true,"href":"https:\/\/depodanmusteriye.com\/urunler\/wp-json\/wp\/v2\/product_tag?post=22766"}],"curies":[{"name":"wp","href":"https:\/\/api.w.org\/{rel}","templated":true}]}}