{"id":22668,"date":"2025-12-05T10:08:49","date_gmt":"2025-12-05T10:08:49","guid":{"rendered":"https:\/\/b2b.depodanmusteriye.com\/urun\/pet-comfort-bravo-duo-kedi-ve-kopek-yatagi-tarcin-bej-s-55x45cm\/"},"modified":"2025-12-05T10:08:49","modified_gmt":"2025-12-05T10:08:49","slug":"pet-comfort-bravo-duo-kedi-ve-kopek-yatagi-tarcin-bej-s-55x45cm","status":"publish","type":"product","link":"https:\/\/depodanmusteriye.com\/urunler\/urun\/pet-comfort-bravo-duo-kedi-ve-kopek-yatagi-tarcin-bej-s-55x45cm\/","title":{"rendered":"Pet Comfort Bravo Duo  Kedi ve K\u00f6pek Yata\u011f\u0131 Tar\u00e7\u0131n\/Bej S 55x45cm"},"content":{"rendered":"<h4>Pet Comfort Bravo Duo  Kedi ve K\u00f6pek Yata\u011f\u0131 Tar\u00e7\u0131n\/Bej S 55x45cm <\/p>\n<p>Yeti\u015fkin A\u011f\u0131rl\u0131\u011f\u0131 8Kg yi ge\u00e7meyen k\u00fc\u00e7\u00fck \u0131rk k\u00f6pe\u011finizin veya t\u00fcm ya\u015f ve boylardaki kedinizin konforu ve rahat\u0131 i\u00e7in her ayr\u0131nt\u0131s\u0131 d\u00fc\u015f\u00fcn\u00fclm\u00fc\u015f, ergonomik, \u015f\u0131k ve \u00e7ok kaliteli kedi ve k\u00f6pek yata\u011f\u0131d\u0131r. Yatak k\u0131l\u0131f\u0131 \u00e7ok kaliteli hayvan sa\u011fl\u0131\u011f\u0131na uygun kuma\u015ftan, i\u00e7 b\u00f6l\u00fcm\u00fc pelu\u015f kuma\u015ftan \u00fcretilmi\u015ftir. \u0130\u00e7i 1. s\u0131n\u0131f elyaf dolgu ile \u00fcretilmi\u015ftir. Yatak i\u00e7erisinde yer alan i\u00e7 yast\u0131\u011f\u0131 sabittir. Taban yast\u0131\u011f\u0131 i\u00e7i elyaft\u0131r. Yatak d\u00fc\u015f\u00fck \u0131s\u0131 kuru temizleme ile temizlenebilir veya \u00e7ama\u015f\u0131r makinas\u0131nda 30C de y\u0131kanabilirler. \u00dcr\u00fcn\u00fcn alt taraf\u0131nda yer alan \u00f6zel \u00fcretim kaymaz kuma\u015f sayesinde k\u00f6pek yata\u011f\u0131, parke, mermer vb y\u00fczeylerde kaymaz. K\u00f6pe\u011finiz\/kediniz g\u00fcvenle i\u00e7ine girebilir, i\u00e7erisinde korunakl\u0131 ve rahat yatabilir.Oldu\u011fu yerde aya\u011fa kalk\u0131p kendi etraf\u0131nda d\u00f6nebilir. \u00d6zel vakumlu ambalaj\u0131nda el de\u011fmeden paketlenmekte ve size g\u00fcvenle ula\u015ft\u0131r\u0131lmaktad\u0131r. Do\u011fru k\u00f6pek yata\u011f\u0131 se\u00e7imi i\u00e7in blog yaz\u0131m\u0131z\u0131 okumay\u0131 unutmay\u0131n ltf. <\/p>\n<p><b>1 adet fiyat\u0131d\u0131r<\/b> <\/p>\n<p><p><b>\u00dcretici Markas\u0131 : Pet Comfort<\/b><\/p>\n<p><b>\u00dcretici Kodu : 8683181134539<\/b><\/p>\n<p><b>1 ADET F\u0130YATIDIR<\/b><\/p>\n<\/h4>\n<p><\/p>\n","protected":false},"excerpt":{"rendered":"<p>Pet Comfort Bravo Duo  Kedi ve K\u00f6pek Yata\u011f\u0131 Tar\u00e7\u0131n\/Bej S 55x45cm<\/p>\n","protected":false},"featured_media":22665,"comment_status":"open","ping_status":"closed","template":"","meta":[],"product_brand":[],"product_cat":[509,370],"product_tag":[5832,3395,3194,4856,1550,1491,1573,1583,2104,3300],"class_list":{"0":"post-22668","1":"product","2":"type-product","3":"status-publish","4":"has-post-thumbnail","6":"product_cat-kedi-ve-kopek-yatagi","7":"product_cat-pet-shop","8":"product_tag-55x45cm","9":"product_tag-bravo","10":"product_tag-comfort","11":"product_tag-duo","12":"product_tag-kedi","13":"product_tag-kopek","14":"product_tag-pet","15":"product_tag-s","16":"product_tag-ve","17":"product_tag-yatagi","19":"first","20":"instock","21":"taxable","22":"shipping-taxable","23":"purchasable","24":"product-type-simple"},"_links":{"self":[{"href":"https:\/\/depodanmusteriye.com\/urunler\/wp-json\/wp\/v2\/product\/22668","targetHints":{"allow":["GET"]}}],"collection":[{"href":"https:\/\/depodanmusteriye.com\/urunler\/wp-json\/wp\/v2\/product"}],"about":[{"href":"https:\/\/depodanmusteriye.com\/urunler\/wp-json\/wp\/v2\/types\/product"}],"replies":[{"embeddable":true,"href":"https:\/\/depodanmusteriye.com\/urunler\/wp-json\/wp\/v2\/comments?post=22668"}],"version-history":[{"count":0,"href":"https:\/\/depodanmusteriye.com\/urunler\/wp-json\/wp\/v2\/product\/22668\/revisions"}],"wp:featuredmedia":[{"embeddable":true,"href":"https:\/\/depodanmusteriye.com\/urunler\/wp-json\/wp\/v2\/media\/22665"}],"wp:attachment":[{"href":"https:\/\/depodanmusteriye.com\/urunler\/wp-json\/wp\/v2\/media?parent=22668"}],"wp:term":[{"taxonomy":"product_brand","embeddable":true,"href":"https:\/\/depodanmusteriye.com\/urunler\/wp-json\/wp\/v2\/product_brand?post=22668"},{"taxonomy":"product_cat","embeddable":true,"href":"https:\/\/depodanmusteriye.com\/urunler\/wp-json\/wp\/v2\/product_cat?post=22668"},{"taxonomy":"product_tag","embeddable":true,"href":"https:\/\/depodanmusteriye.com\/urunler\/wp-json\/wp\/v2\/product_tag?post=22668"}],"curies":[{"name":"wp","href":"https:\/\/api.w.org\/{rel}","templated":true}]}}