{"id":226183,"date":"2026-01-14T13:44:38","date_gmt":"2026-01-14T13:44:38","guid":{"rendered":"https:\/\/b2b.depodanmusteriye.com\/urun\/lehim-makinesi\/"},"modified":"2026-01-14T13:44:38","modified_gmt":"2026-01-14T13:44:38","slug":"lehim-makinesi","status":"publish","type":"product","link":"https:\/\/depodanmusteriye.com\/urunler\/urun\/lehim-makinesi\/","title":{"rendered":"LEH\u0130M MAK\u0130NES\u0130"},"content":{"rendered":"<h4>Dayan\u0131kl\u0131l\u0131k ve g\u00fcvenli\u011fi bir arada sunan bu lehimleme havyas\u0131, y\u00fcksek s\u0131cakl\u0131k performans\u0131 ile \u00f6ne \u00e7\u0131kar. Paslanmaz \u00e7elik \u0131s\u0131tma \u00e7ekirde\u011fi, uzun \u00f6m\u00fcrl\u00fc kullan\u0131m sa\u011flar. Is\u0131 yal\u0131t\u0131ml\u0131 sap yap\u0131s\u0131, kullan\u0131c\u0131 g\u00fcvenli\u011fini art\u0131r\u0131r.<\/p>\n<p>Elektronik onar\u0131m, lehimleme ve hobi projelerinde rahatl\u0131kla kullan\u0131labilir. Sa\u011flam yap\u0131s\u0131 sayesinde uzun s\u00fcre g\u00fcvenle tercih edilebilecek bir \u00fcr\u00fcnd\u00fcr. <\/p>\n<p><b>1 adet fiyat\u0131d\u0131r<\/b> <\/p>\n<p><p><b>\u00dcretici Markas\u0131 : ZERO LAND<\/b><\/p>\n<p><b>\u00dcretici Kodu : UCZZZLEH\u0130MMAK\u0130NES\u01305<\/b><\/p>\n<p><b>1 ADET F\u0130YATIDIR<\/b><\/p>\n<\/h4>\n<p><\/p>\n","protected":false},"excerpt":{"rendered":"<p>LEH\u0130M MAK\u0130NES\u0130<\/p>\n","protected":false},"featured_media":226178,"comment_status":"open","ping_status":"closed","template":"","meta":[],"product_brand":[],"product_cat":[379,15342],"product_tag":[17751,3446],"class_list":{"0":"post-226183","1":"product","2":"type-product","3":"status-publish","4":"has-post-thumbnail","6":"product_cat-ev-yasam","7":"product_cat-lehim-and-havya","8":"product_tag-lehim","9":"product_tag-makinesi","11":"first","12":"instock","13":"taxable","14":"shipping-taxable","15":"purchasable","16":"product-type-simple"},"_links":{"self":[{"href":"https:\/\/depodanmusteriye.com\/urunler\/wp-json\/wp\/v2\/product\/226183","targetHints":{"allow":["GET"]}}],"collection":[{"href":"https:\/\/depodanmusteriye.com\/urunler\/wp-json\/wp\/v2\/product"}],"about":[{"href":"https:\/\/depodanmusteriye.com\/urunler\/wp-json\/wp\/v2\/types\/product"}],"replies":[{"embeddable":true,"href":"https:\/\/depodanmusteriye.com\/urunler\/wp-json\/wp\/v2\/comments?post=226183"}],"version-history":[{"count":0,"href":"https:\/\/depodanmusteriye.com\/urunler\/wp-json\/wp\/v2\/product\/226183\/revisions"}],"wp:featuredmedia":[{"embeddable":true,"href":"https:\/\/depodanmusteriye.com\/urunler\/wp-json\/wp\/v2\/media\/226178"}],"wp:attachment":[{"href":"https:\/\/depodanmusteriye.com\/urunler\/wp-json\/wp\/v2\/media?parent=226183"}],"wp:term":[{"taxonomy":"product_brand","embeddable":true,"href":"https:\/\/depodanmusteriye.com\/urunler\/wp-json\/wp\/v2\/product_brand?post=226183"},{"taxonomy":"product_cat","embeddable":true,"href":"https:\/\/depodanmusteriye.com\/urunler\/wp-json\/wp\/v2\/product_cat?post=226183"},{"taxonomy":"product_tag","embeddable":true,"href":"https:\/\/depodanmusteriye.com\/urunler\/wp-json\/wp\/v2\/product_tag?post=226183"}],"curies":[{"name":"wp","href":"https:\/\/api.w.org\/{rel}","templated":true}]}}