{"id":226093,"date":"2026-01-14T13:42:38","date_gmt":"2026-01-14T13:42:38","guid":{"rendered":"https:\/\/b2b.depodanmusteriye.com\/urun\/cift-diskli-guvenli-otomatik-cam-silme-robotu\/"},"modified":"2026-01-14T13:42:38","modified_gmt":"2026-01-14T13:42:38","slug":"cift-diskli-guvenli-otomatik-cam-silme-robotu","status":"publish","type":"product","link":"https:\/\/depodanmusteriye.com\/urunler\/urun\/cift-diskli-guvenli-otomatik-cam-silme-robotu\/","title":{"rendered":"\u00c7ift Diskli G\u00fcvenli Otomatik Cam Silme Robotu"},"content":{"rendered":"<h4>G\u00fcvenlik \u00f6ncelikli tasarlanan bu cam temizleyici robot, entegre UPS (kesintisiz g\u00fc\u00e7 sistemi) ile donat\u0131lm\u0131\u015ft\u0131r. Elektrik kesintisi ya\u015fand\u0131\u011f\u0131nda devreye giren yedek pil sayesinde robot cam \u00fczerinde tutunmaya devam eder. Bu \u00f6zellik, robotun d\u00fc\u015fmesini \u00f6nler ve kullan\u0131c\u0131y\u0131 olas\u0131 hasarlardan korur.<\/p>\n<p>Elektrik kesintisi durumunda robot, 20 ila 40 dakika boyunca cam \u00fczerinde sabit kalabilir ve sesli alarm vererek kullan\u0131c\u0131y\u0131 uyar\u0131r. Bu sayede m\u00fcdahale i\u00e7in yeterli zaman tan\u0131n\u0131r. G\u00fcvenli kullan\u0131m sunan bu sistem, \u00f6zellikle y\u00fcksek katl\u0131 binalarda b\u00fcy\u00fck avantaj sa\u011flar.<\/p>\n<p>Kenar alg\u0131lama sens\u00f6rleri, robotun pencere s\u0131n\u0131rlar\u0131n\u0131 hassas \u015fekilde tespit etmesine yard\u0131mc\u0131 olur. \u00c7er\u00e7evesiz camlarda bile g\u00fcvenle \u00e7al\u0131\u015fabilir. <\/p>\n<p><b>1 adet fiyat\u0131d\u0131r<\/b> <\/p>\n<p><p><b>\u00dcretici Markas\u0131 : ZERO LAND<\/b><\/p>\n<p><b>\u00dcretici Kodu : UCZZZCAMS\u0130LME2<\/b><\/p>\n<p><b>1 ADET F\u0130YATIDIR<\/b><\/p>\n<\/h4>\n<p><\/p>\n","protected":false},"excerpt":{"rendered":"<p>\u00c7ift Diskli G\u00fcvenli Otomatik Cam Silme Robotu<\/p>\n","protected":false},"featured_media":226088,"comment_status":"open","ping_status":"closed","template":"","meta":[],"product_brand":[],"product_cat":[15345,379],"product_tag":[1366,1747,17891,13116,1688,16556,9666],"class_list":{"0":"post-226093","1":"product","2":"type-product","3":"status-publish","4":"has-post-thumbnail","6":"product_cat-cam-silme-aparati","7":"product_cat-ev-yasam","8":"product_tag-cam","9":"product_tag-cift","10":"product_tag-diskli","11":"product_tag-guvenli","12":"product_tag-otomatik","13":"product_tag-robotu","14":"product_tag-silme","16":"first","17":"instock","18":"taxable","19":"shipping-taxable","20":"purchasable","21":"product-type-simple"},"_links":{"self":[{"href":"https:\/\/depodanmusteriye.com\/urunler\/wp-json\/wp\/v2\/product\/226093","targetHints":{"allow":["GET"]}}],"collection":[{"href":"https:\/\/depodanmusteriye.com\/urunler\/wp-json\/wp\/v2\/product"}],"about":[{"href":"https:\/\/depodanmusteriye.com\/urunler\/wp-json\/wp\/v2\/types\/product"}],"replies":[{"embeddable":true,"href":"https:\/\/depodanmusteriye.com\/urunler\/wp-json\/wp\/v2\/comments?post=226093"}],"version-history":[{"count":0,"href":"https:\/\/depodanmusteriye.com\/urunler\/wp-json\/wp\/v2\/product\/226093\/revisions"}],"wp:featuredmedia":[{"embeddable":true,"href":"https:\/\/depodanmusteriye.com\/urunler\/wp-json\/wp\/v2\/media\/226088"}],"wp:attachment":[{"href":"https:\/\/depodanmusteriye.com\/urunler\/wp-json\/wp\/v2\/media?parent=226093"}],"wp:term":[{"taxonomy":"product_brand","embeddable":true,"href":"https:\/\/depodanmusteriye.com\/urunler\/wp-json\/wp\/v2\/product_brand?post=226093"},{"taxonomy":"product_cat","embeddable":true,"href":"https:\/\/depodanmusteriye.com\/urunler\/wp-json\/wp\/v2\/product_cat?post=226093"},{"taxonomy":"product_tag","embeddable":true,"href":"https:\/\/depodanmusteriye.com\/urunler\/wp-json\/wp\/v2\/product_tag?post=226093"}],"curies":[{"name":"wp","href":"https:\/\/api.w.org\/{rel}","templated":true}]}}