{"id":225979,"date":"2026-01-14T13:40:04","date_gmt":"2026-01-14T13:40:04","guid":{"rendered":"https:\/\/b2b.depodanmusteriye.com\/urun\/10-metre-papatya-desenli-kolay-temizlenebilir-cekmece-mati\/"},"modified":"2026-01-14T13:40:04","modified_gmt":"2026-01-14T13:40:04","slug":"10-metre-papatya-desenli-kolay-temizlenebilir-cekmece-mati","status":"publish","type":"product","link":"https:\/\/depodanmusteriye.com\/urunler\/urun\/10-metre-papatya-desenli-kolay-temizlenebilir-cekmece-mati\/","title":{"rendered":"10 Metre Papatya Desenli Kolay Temizlenebilir \u00c7ekmece Mat\u0131"},"content":{"rendered":"<h4>Bu 10 metre papatya desenli kaymaz \u00e7ekmece mat\u0131, y\u00fczeyleri korurken d\u00fczeni de sa\u011flar. Uzun yap\u0131s\u0131 sayesinde geni\u015f \u00e7ekmecelerde tek par\u00e7a halinde kullan\u0131labilir.<\/p>\n<p>Kayd\u0131rmaz \u00f6zelli\u011fi, e\u015fyalar\u0131n g\u00fcvenle saklanmas\u0131n\u0131 sa\u011flar. Yap\u0131\u015fkan kal\u0131nt\u0131 b\u0131rakmaz. Kolay temizlenebilir olmas\u0131 hijyenik kullan\u0131m sunar. Papatya desenleri ile estetik bir g\u00f6r\u00fcn\u00fcm sa\u011flar. <\/p>\n<p><b>1 adet fiyat\u0131d\u0131r<\/b> <\/p>\n<p><p><b>\u00dcretici Markas\u0131 : ZERO LAND<\/b><\/p>\n<p><b>\u00dcretici Kodu : UCZZZ10METREPAPATYADESENKAYDIRMAZ3<\/b><\/p>\n<p><b>1 ADET F\u0130YATIDIR<\/b><\/p>\n<\/h4>\n<p><\/p>\n","protected":false},"excerpt":{"rendered":"<p>10 Metre Papatya Desenli Kolay Temizlenebilir \u00c7ekmece Mat\u0131<\/p>\n","protected":false},"featured_media":225974,"comment_status":"open","ping_status":"closed","template":"","meta":[],"product_brand":[],"product_cat":[1025,379],"product_tag":[13047,1993,4025,6340,1982,2143,14342],"class_list":{"0":"post-225979","1":"product","2":"type-product","3":"status-publish","4":"has-post-thumbnail","6":"product_cat-dolap-ici-duzenleyici","7":"product_cat-ev-yasam","8":"product_tag-cekmece","9":"product_tag-desenli","10":"product_tag-kolay","11":"product_tag-mati","12":"product_tag-metre","13":"product_tag-papatya","14":"product_tag-temizlenebilir","16":"first","17":"instock","18":"taxable","19":"shipping-taxable","20":"purchasable","21":"product-type-simple"},"_links":{"self":[{"href":"https:\/\/depodanmusteriye.com\/urunler\/wp-json\/wp\/v2\/product\/225979","targetHints":{"allow":["GET"]}}],"collection":[{"href":"https:\/\/depodanmusteriye.com\/urunler\/wp-json\/wp\/v2\/product"}],"about":[{"href":"https:\/\/depodanmusteriye.com\/urunler\/wp-json\/wp\/v2\/types\/product"}],"replies":[{"embeddable":true,"href":"https:\/\/depodanmusteriye.com\/urunler\/wp-json\/wp\/v2\/comments?post=225979"}],"version-history":[{"count":0,"href":"https:\/\/depodanmusteriye.com\/urunler\/wp-json\/wp\/v2\/product\/225979\/revisions"}],"wp:featuredmedia":[{"embeddable":true,"href":"https:\/\/depodanmusteriye.com\/urunler\/wp-json\/wp\/v2\/media\/225974"}],"wp:attachment":[{"href":"https:\/\/depodanmusteriye.com\/urunler\/wp-json\/wp\/v2\/media?parent=225979"}],"wp:term":[{"taxonomy":"product_brand","embeddable":true,"href":"https:\/\/depodanmusteriye.com\/urunler\/wp-json\/wp\/v2\/product_brand?post=225979"},{"taxonomy":"product_cat","embeddable":true,"href":"https:\/\/depodanmusteriye.com\/urunler\/wp-json\/wp\/v2\/product_cat?post=225979"},{"taxonomy":"product_tag","embeddable":true,"href":"https:\/\/depodanmusteriye.com\/urunler\/wp-json\/wp\/v2\/product_tag?post=225979"}],"curies":[{"name":"wp","href":"https:\/\/api.w.org\/{rel}","templated":true}]}}