{"id":224617,"date":"2026-01-14T13:05:27","date_gmt":"2026-01-14T13:05:27","guid":{"rendered":"https:\/\/b2b.depodanmusteriye.com\/urun\/hs241-kafa-lambasi\/"},"modified":"2026-01-14T13:05:27","modified_gmt":"2026-01-14T13:05:27","slug":"hs241-kafa-lambasi","status":"publish","type":"product","link":"https:\/\/depodanmusteriye.com\/urunler\/urun\/hs241-kafa-lambasi\/","title":{"rendered":"HS241 KAFA LAMBASI"},"content":{"rendered":"<h4>Profesyonel sens\u00f6rl\u00fc LED far, \u00e7oklu ayd\u0131nlatma modlar\u0131 ve suya dayan\u0131kl\u0131 yap\u0131s\u0131 ile \u00f6ne \u00e7\u0131kar. El hareketiyle kontrol edilebilen sens\u00f6r sistemi sayesinde kullan\u0131m kolayl\u0131\u011f\u0131 sa\u011flar.<\/p>\n<p>4 beyaz ve 2 k\u0131rm\u0131z\u0131 LED \u0131\u015f\u0131k, farkl\u0131 ortamlara uyum sa\u011flar. Ayarlanabilir kafa band\u0131 ve hafif yap\u0131s\u0131 sayesinde uzun s\u00fcreli kullan\u0131mlarda konfor sunar. A\u00e7\u0131k hava aktiviteleri i\u00e7in g\u00fcvenilir bir ayd\u0131nlatma \u00e7\u00f6z\u00fcm\u00fcd\u00fcr. <\/p>\n<p><b>1 adet fiyat\u0131d\u0131r<\/b> <\/p>\n<p><p><b>\u00dcretici Markas\u0131 : ZERO LAND<\/b><\/p>\n<p><b>\u00dcretici Kodu : UCZZZHS2415<\/b><\/p>\n<p><b>1 ADET F\u0130YATIDIR<\/b><\/p>\n<\/h4>\n<p><\/p>\n","protected":false},"excerpt":{"rendered":"<p>HS241 KAFA LAMBASI<\/p>\n","protected":false},"featured_media":224612,"comment_status":"open","ping_status":"closed","template":"","meta":[],"product_brand":[],"product_cat":[379,783],"product_tag":[17826,3599,2287],"class_list":{"0":"post-224617","1":"product","2":"type-product","3":"status-publish","4":"has-post-thumbnail","6":"product_cat-ev-yasam","7":"product_cat-kafa-lambasi","8":"product_tag-hs241","9":"product_tag-kafa","10":"product_tag-lambasi","12":"first","13":"instock","14":"taxable","15":"shipping-taxable","16":"purchasable","17":"product-type-simple"},"_links":{"self":[{"href":"https:\/\/depodanmusteriye.com\/urunler\/wp-json\/wp\/v2\/product\/224617","targetHints":{"allow":["GET"]}}],"collection":[{"href":"https:\/\/depodanmusteriye.com\/urunler\/wp-json\/wp\/v2\/product"}],"about":[{"href":"https:\/\/depodanmusteriye.com\/urunler\/wp-json\/wp\/v2\/types\/product"}],"replies":[{"embeddable":true,"href":"https:\/\/depodanmusteriye.com\/urunler\/wp-json\/wp\/v2\/comments?post=224617"}],"version-history":[{"count":0,"href":"https:\/\/depodanmusteriye.com\/urunler\/wp-json\/wp\/v2\/product\/224617\/revisions"}],"wp:featuredmedia":[{"embeddable":true,"href":"https:\/\/depodanmusteriye.com\/urunler\/wp-json\/wp\/v2\/media\/224612"}],"wp:attachment":[{"href":"https:\/\/depodanmusteriye.com\/urunler\/wp-json\/wp\/v2\/media?parent=224617"}],"wp:term":[{"taxonomy":"product_brand","embeddable":true,"href":"https:\/\/depodanmusteriye.com\/urunler\/wp-json\/wp\/v2\/product_brand?post=224617"},{"taxonomy":"product_cat","embeddable":true,"href":"https:\/\/depodanmusteriye.com\/urunler\/wp-json\/wp\/v2\/product_cat?post=224617"},{"taxonomy":"product_tag","embeddable":true,"href":"https:\/\/depodanmusteriye.com\/urunler\/wp-json\/wp\/v2\/product_tag?post=224617"}],"curies":[{"name":"wp","href":"https:\/\/api.w.org\/{rel}","templated":true}]}}