{"id":223722,"date":"2026-01-14T12:43:23","date_gmt":"2026-01-14T12:43:23","guid":{"rendered":"https:\/\/b2b.depodanmusteriye.com\/urun\/araba-bardakligi-isitma-sogutma-ayarli-cakmak-girisli-akilli-model\/"},"modified":"2026-01-14T12:43:23","modified_gmt":"2026-01-14T12:43:23","slug":"araba-bardakligi-isitma-sogutma-ayarli-cakmak-girisli-akilli-model","status":"publish","type":"product","link":"https:\/\/depodanmusteriye.com\/urunler\/urun\/araba-bardakligi-isitma-sogutma-ayarli-cakmak-girisli-akilli-model\/","title":{"rendered":"Araba Bardakl\u0131\u011f\u0131 Is\u0131tma So\u011futma Ayarl\u0131 \u00c7akmak Giri\u015fli Ak\u0131ll\u0131 Model"},"content":{"rendered":"<h4>Ak\u0131ll\u0131 ara\u00e7 i\u00e7i \u0131s\u0131t\u0131c\u0131-so\u011futucu bardakl\u0131k, kullan\u0131c\u0131s\u0131na i\u00e7ece\u011fini diledi\u011fi s\u0131cakl\u0131kta t\u00fcketme \u00f6zg\u00fcrl\u00fc\u011f\u00fc sunar. \u00d6zel teknolojiye sahip taban k\u0131sm\u0131 sayesinde i\u00e7ece\u011fi \u00e7ok h\u0131zl\u0131 \u015fekilde \u0131s\u0131t\u0131r veya so\u011futur. 60\u00b0C\u2019ye kadar \u0131s\u0131tma ve -4\u00b0C\u2019ye kadar so\u011futma kapasitesi sayesinde kahve, \u00e7ay, s\u00fct, enerji i\u00e7ece\u011fi, kola, su ve benzeri t\u00fcm i\u00e7eceklerle uyumludur. 300 saniyeden k\u0131sa s\u00fcrede sonu\u00e7 veren h\u0131zl\u0131 moduyla en pratik ara\u00e7 i\u00e7i \u00fcr\u00fcnlerden biridir. Dijital ekran\u0131 modern g\u00f6r\u00fcn\u00fcm sunarken kullan\u0131m kolayl\u0131\u011f\u0131 sa\u011flar. \u00dcr\u00fcn, ara\u00e7 \u00e7akmak giri\u015finden \u00e7al\u0131\u015ft\u0131\u011f\u0131 i\u00e7in her ara\u00e7ta kullan\u0131labilir ve ek adapt\u00f6r gerektirmez. Yolculukta s\u0131cak i\u00e7ece\u011fi so\u011fumas\u0131n, so\u011fuk i\u00e7ece\u011fi \u0131s\u0131nmas\u0131n isteyenler i\u00e7in vazge\u00e7ilmez bir \u00fcr\u00fcnd\u00fcr. \u015e\u0131k tasar\u0131m\u0131 sayesinde hem ara\u00e7 i\u00e7i dekora uyum sa\u011flar hem de kullan\u0131m keyfi sunar. <\/p>\n<p><b>1 adet fiyat\u0131d\u0131r<\/b> <\/p>\n<p><p><b>\u00dcretici Markas\u0131 : ZERO LAND<\/b><\/p>\n<p><b>\u00dcretici Kodu : UCZZZHS278TERMOS4<\/b><\/p>\n<p><b>1 ADET F\u0130YATIDIR<\/b><\/p>\n<\/h4>\n<p><\/p>\n","protected":false},"excerpt":{"rendered":"<p>Araba Bardakl\u0131\u011f\u0131 Is\u0131tma So\u011futma Ayarl\u0131 \u00c7akmak Giri\u015fli Ak\u0131ll\u0131 Model<\/p>\n","protected":false},"featured_media":223717,"comment_status":"open","ping_status":"closed","template":"","meta":[],"product_brand":[],"product_cat":[379,476],"product_tag":[3636,1427,3165,17789,4024,4082,13310,4295],"class_list":{"0":"post-223722","1":"product","2":"type-product","3":"status-publish","4":"has-post-thumbnail","6":"product_cat-ev-yasam","7":"product_cat-termos","8":"product_tag-akilli","9":"product_tag-araba","10":"product_tag-ayarli","11":"product_tag-bardakligi","12":"product_tag-cakmak","13":"product_tag-girisli","14":"product_tag-isitma","15":"product_tag-sogutma","17":"first","18":"instock","19":"taxable","20":"shipping-taxable","21":"purchasable","22":"product-type-simple"},"_links":{"self":[{"href":"https:\/\/depodanmusteriye.com\/urunler\/wp-json\/wp\/v2\/product\/223722","targetHints":{"allow":["GET"]}}],"collection":[{"href":"https:\/\/depodanmusteriye.com\/urunler\/wp-json\/wp\/v2\/product"}],"about":[{"href":"https:\/\/depodanmusteriye.com\/urunler\/wp-json\/wp\/v2\/types\/product"}],"replies":[{"embeddable":true,"href":"https:\/\/depodanmusteriye.com\/urunler\/wp-json\/wp\/v2\/comments?post=223722"}],"version-history":[{"count":0,"href":"https:\/\/depodanmusteriye.com\/urunler\/wp-json\/wp\/v2\/product\/223722\/revisions"}],"wp:featuredmedia":[{"embeddable":true,"href":"https:\/\/depodanmusteriye.com\/urunler\/wp-json\/wp\/v2\/media\/223717"}],"wp:attachment":[{"href":"https:\/\/depodanmusteriye.com\/urunler\/wp-json\/wp\/v2\/media?parent=223722"}],"wp:term":[{"taxonomy":"product_brand","embeddable":true,"href":"https:\/\/depodanmusteriye.com\/urunler\/wp-json\/wp\/v2\/product_brand?post=223722"},{"taxonomy":"product_cat","embeddable":true,"href":"https:\/\/depodanmusteriye.com\/urunler\/wp-json\/wp\/v2\/product_cat?post=223722"},{"taxonomy":"product_tag","embeddable":true,"href":"https:\/\/depodanmusteriye.com\/urunler\/wp-json\/wp\/v2\/product_tag?post=223722"}],"curies":[{"name":"wp","href":"https:\/\/api.w.org\/{rel}","templated":true}]}}