{"id":223278,"date":"2026-01-14T12:33:24","date_gmt":"2026-01-14T12:33:24","guid":{"rendered":"https:\/\/b2b.depodanmusteriye.com\/urun\/deride-kemer-canta-ayakkabi-delme-pensesi-6-uclu-doner-baslikli-tamir-aleti\/"},"modified":"2026-01-14T12:33:24","modified_gmt":"2026-01-14T12:33:24","slug":"deride-kemer-canta-ayakkabi-delme-pensesi-6-uclu-doner-baslikli-tamir-aleti","status":"publish","type":"product","link":"https:\/\/depodanmusteriye.com\/urunler\/urun\/deride-kemer-canta-ayakkabi-delme-pensesi-6-uclu-doner-baslikli-tamir-aleti\/","title":{"rendered":"Deride Kemer \u00c7anta Ayakkab\u0131 Delme Pensesi 6 U\u00e7lu D\u00f6ner Ba\u015fl\u0131kl\u0131 Tamir Aleti"},"content":{"rendered":"<h4>Pense, y\u00fcksek kaliteli metal malzemeden \u00fcretilmi\u015f olup uzun y\u0131llar deformasyon g\u00f6stermeden kullan\u0131labilir. \u00c7elik mekanizmas\u0131 sayesinde darbeye dayan\u0131kl\u0131 ve esneme yapmayan bir g\u00f6vde sunar. Bu da deliklerin daha d\u00fczg\u00fcn ve net a\u00e7\u0131lmas\u0131n\u0131 sa\u011flar. D\u00f6ner ba\u015fl\u0131\u011f\u0131 s\u0131k\u0131 ge\u00e7meli yap\u0131dad\u0131r; i\u015flem s\u0131ras\u0131nda kaymaz veya bo\u015fluk olu\u015fturmaz. Bu sayede ayn\u0131 boyutta, p\u00fcr\u00fczs\u00fcz ve temiz delikler elde edilir. Ayakkab\u0131 tamirinden kemer delme i\u015flemine kadar t\u00fcm zorlu uygulamalarda g\u00fcvenle kullan\u0131labilir. <\/p>\n<p><b>1 adet fiyat\u0131d\u0131r<\/b> <\/p>\n<p><p><b>\u00dcretici Markas\u0131 : ZERO LAND<\/b><\/p>\n<p><b>\u00dcretici Kodu : UCZZZKEMERDELME2<\/b><\/p>\n<p><b>1 ADET F\u0130YATIDIR<\/b><\/p>\n<\/h4>\n<p><\/p>\n","protected":false},"excerpt":{"rendered":"<p>Deride Kemer \u00c7anta Ayakkab\u0131 Delme Pensesi 6 U\u00e7lu D\u00f6ner Ba\u015fl\u0131kl\u0131 Tamir Aleti<\/p>\n","protected":false},"featured_media":223273,"comment_status":"open","ping_status":"closed","template":"","meta":[],"product_brand":[],"product_cat":[379,713],"product_tag":[1224,3386,6894,2435,3525,4353,17766,2183,4351,4354,2538,2509],"class_list":{"0":"post-223278","1":"product","2":"type-product","3":"status-publish","4":"has-post-thumbnail","6":"product_cat-ev-yasam","7":"product_cat-pense","8":"product_tag-1224","9":"product_tag-aleti","10":"product_tag-ayakkabi","11":"product_tag-baslikli","12":"product_tag-canta","13":"product_tag-delme","14":"product_tag-deride","15":"product_tag-doner","16":"product_tag-kemer","17":"product_tag-pensesi","18":"product_tag-tamir","19":"product_tag-uclu","21":"first","22":"instock","23":"taxable","24":"shipping-taxable","25":"purchasable","26":"product-type-simple"},"_links":{"self":[{"href":"https:\/\/depodanmusteriye.com\/urunler\/wp-json\/wp\/v2\/product\/223278","targetHints":{"allow":["GET"]}}],"collection":[{"href":"https:\/\/depodanmusteriye.com\/urunler\/wp-json\/wp\/v2\/product"}],"about":[{"href":"https:\/\/depodanmusteriye.com\/urunler\/wp-json\/wp\/v2\/types\/product"}],"replies":[{"embeddable":true,"href":"https:\/\/depodanmusteriye.com\/urunler\/wp-json\/wp\/v2\/comments?post=223278"}],"version-history":[{"count":0,"href":"https:\/\/depodanmusteriye.com\/urunler\/wp-json\/wp\/v2\/product\/223278\/revisions"}],"wp:featuredmedia":[{"embeddable":true,"href":"https:\/\/depodanmusteriye.com\/urunler\/wp-json\/wp\/v2\/media\/223273"}],"wp:attachment":[{"href":"https:\/\/depodanmusteriye.com\/urunler\/wp-json\/wp\/v2\/media?parent=223278"}],"wp:term":[{"taxonomy":"product_brand","embeddable":true,"href":"https:\/\/depodanmusteriye.com\/urunler\/wp-json\/wp\/v2\/product_brand?post=223278"},{"taxonomy":"product_cat","embeddable":true,"href":"https:\/\/depodanmusteriye.com\/urunler\/wp-json\/wp\/v2\/product_cat?post=223278"},{"taxonomy":"product_tag","embeddable":true,"href":"https:\/\/depodanmusteriye.com\/urunler\/wp-json\/wp\/v2\/product_tag?post=223278"}],"curies":[{"name":"wp","href":"https:\/\/api.w.org\/{rel}","templated":true}]}}