{"id":223260,"date":"2026-01-14T12:32:58","date_gmt":"2026-01-14T12:32:58","guid":{"rendered":"https:\/\/b2b.depodanmusteriye.com\/urun\/kemer-delme\/"},"modified":"2026-01-14T12:32:58","modified_gmt":"2026-01-14T12:32:58","slug":"kemer-delme","status":"publish","type":"product","link":"https:\/\/depodanmusteriye.com\/urunler\/urun\/kemer-delme\/","title":{"rendered":"KEMER DELME"},"content":{"rendered":"<h4>\u00dcr\u00fcn, kullan\u0131c\u0131n\u0131n el yap\u0131s\u0131na uyum sa\u011flayan ergonomik bir sap tasar\u0131m\u0131na sahiptir. Kaymaz y\u00fczeyi sayesinde daha stabil bir kullan\u0131m sunar ve i\u015flem s\u0131ras\u0131nda elden kaymay\u0131 \u00f6nler. Uzun s\u00fcre delme i\u015flemi yapacak olanlar i\u00e7in ekstra konfor sa\u011flar. Bask\u0131 g\u00fcc\u00fcn\u00fc art\u0131ran kald\u0131ra\u00e7 yap\u0131s\u0131, minimum kuvvetle maksimum delme g\u00fcc\u00fc \u00fcretir. Bu sayede hem profesyoneller hem de yeni ba\u015flayanlar \u00fcr\u00fcn\u00fc rahatl\u0131kla kullanabilir. <\/p>\n<p><b>1 adet fiyat\u0131d\u0131r<\/b> <\/p>\n<p><p><b>\u00dcretici Markas\u0131 : ZERO LAND<\/b><\/p>\n<p><b>\u00dcretici Kodu : UCZZZKEMERDELME5<\/b><\/p>\n<p><b>1 ADET F\u0130YATIDIR<\/b><\/p>\n<\/h4>\n<p><\/p>\n","protected":false},"excerpt":{"rendered":"<p>KEMER DELME<\/p>\n","protected":false},"featured_media":223255,"comment_status":"open","ping_status":"closed","template":"","meta":[],"product_brand":[],"product_cat":[379,713],"product_tag":[4353,4351],"class_list":{"0":"post-223260","1":"product","2":"type-product","3":"status-publish","4":"has-post-thumbnail","6":"product_cat-ev-yasam","7":"product_cat-pense","8":"product_tag-delme","9":"product_tag-kemer","11":"first","12":"instock","13":"taxable","14":"shipping-taxable","15":"purchasable","16":"product-type-simple"},"_links":{"self":[{"href":"https:\/\/depodanmusteriye.com\/urunler\/wp-json\/wp\/v2\/product\/223260","targetHints":{"allow":["GET"]}}],"collection":[{"href":"https:\/\/depodanmusteriye.com\/urunler\/wp-json\/wp\/v2\/product"}],"about":[{"href":"https:\/\/depodanmusteriye.com\/urunler\/wp-json\/wp\/v2\/types\/product"}],"replies":[{"embeddable":true,"href":"https:\/\/depodanmusteriye.com\/urunler\/wp-json\/wp\/v2\/comments?post=223260"}],"version-history":[{"count":0,"href":"https:\/\/depodanmusteriye.com\/urunler\/wp-json\/wp\/v2\/product\/223260\/revisions"}],"wp:featuredmedia":[{"embeddable":true,"href":"https:\/\/depodanmusteriye.com\/urunler\/wp-json\/wp\/v2\/media\/223255"}],"wp:attachment":[{"href":"https:\/\/depodanmusteriye.com\/urunler\/wp-json\/wp\/v2\/media?parent=223260"}],"wp:term":[{"taxonomy":"product_brand","embeddable":true,"href":"https:\/\/depodanmusteriye.com\/urunler\/wp-json\/wp\/v2\/product_brand?post=223260"},{"taxonomy":"product_cat","embeddable":true,"href":"https:\/\/depodanmusteriye.com\/urunler\/wp-json\/wp\/v2\/product_cat?post=223260"},{"taxonomy":"product_tag","embeddable":true,"href":"https:\/\/depodanmusteriye.com\/urunler\/wp-json\/wp\/v2\/product_tag?post=223260"}],"curies":[{"name":"wp","href":"https:\/\/api.w.org\/{rel}","templated":true}]}}