{"id":222996,"date":"2026-01-14T12:27:11","date_gmt":"2026-01-14T12:27:11","guid":{"rendered":"https:\/\/b2b.depodanmusteriye.com\/urun\/2400-watt-akilli-induksiyon-ocak-dokunmatik-kontrol-isi-ayarli\/"},"modified":"2026-01-14T12:27:11","modified_gmt":"2026-01-14T12:27:11","slug":"2400-watt-akilli-induksiyon-ocak-dokunmatik-kontrol-isi-ayarli","status":"publish","type":"product","link":"https:\/\/depodanmusteriye.com\/urunler\/urun\/2400-watt-akilli-induksiyon-ocak-dokunmatik-kontrol-isi-ayarli\/","title":{"rendered":"2400 Watt Ak\u0131ll\u0131 \u0130nd\u00fcksiyon Ocak Dokunmatik Kontrol Is\u0131 Ayarl\u0131"},"content":{"rendered":"<h4>Bu modern ind\u00fcksiyon ocak, mutfakta h\u0131z, g\u00fcvenlik ve enerji tasarrufunu bir arada sunan geli\u015fmi\u015f pi\u015firme teknolojisine sahiptir. 2400W\u2019l\u0131k g\u00fc\u00e7l\u00fc motoru sayesinde yiyecekleri \u00e7ok daha k\u0131sa s\u00fcrede \u0131s\u0131t\u0131r ve geleneksel ocaklara g\u00f6re daha verimli bir pi\u015firme deneyimi sa\u011flar. Sadece \u00e7elik tabanl\u0131 tencere ve tavalarla \u00e7al\u0131\u015facak \u015fekilde tasarlanan ak\u0131ll\u0131 sistem, yanl\u0131\u015f tencere kullan\u0131m\u0131nda otomatik koruma devreye sokarak g\u00fcvenli\u011fi en \u00fcst seviyede tutar. 8 farkl\u0131 ak\u0131ll\u0131 pi\u015firme fonksiyonu, \u00e7orba, sote, k\u0131zartma, su kaynatma ve \u0131zgara gibi bir\u00e7ok tarif i\u00e7in ideal s\u0131cakl\u0131\u011f\u0131 otomatik olarak ayarlar.<\/p>\n<p>S\u00fcrg\u00fcl\u00fc dokunmatik kontrol paneli sayesinde s\u0131cakl\u0131k ayarlamak son derece kolay ve hassast\u0131r. LED ekran y\u00fcksek g\u00f6r\u00fcn\u00fcrl\u00fck sa\u011flayarak kullan\u0131c\u0131ya net bir kontrol deneyimi sunar. 80\u2013270\u00b0C aras\u0131 8 kademeli s\u0131cakl\u0131k ayar\u0131, hem d\u00fc\u015f\u00fck \u0131s\u0131da yava\u015f pi\u015firme hem de y\u00fcksek \u0131s\u0131da h\u0131zl\u0131 pi\u015firme se\u00e7enekleri sunar.<\/p>\n<p>Is\u0131tma koruma sistemi, a\u015f\u0131r\u0131 \u0131s\u0131nmay\u0131 otomatik olarak engeller. Bu \u00f6zellik, hem cihaz \u00f6mr\u00fcn\u00fc uzat\u0131r hem de g\u00fcvenli\u011fi art\u0131r\u0131r. 24 saat zaman ayar\u0131 ve \u00f6n programlama fonksiyonu, yemeklerinizi diledi\u011finiz saatte haz\u0131r olacak \u015fekilde ayarlaman\u0131za imk\u00e2n tan\u0131r. Yo\u011fun \u00e7al\u0131\u015fan kullan\u0131c\u0131lar i\u00e7in b\u00fcy\u00fck bir kolayl\u0131kt\u0131r. 1.5 metrelik kablo uzunlu\u011fu, mutfakta daha esnek kullan\u0131m alan\u0131 sa\u011flar.<\/p>\n<p> kompakt tasar\u0131ma sahip olan cihaz, mutfak tezg\u00e2h\u0131nda fazla yer kaplamaz. Tam bak\u0131r bobin yap\u0131s\u0131 sayesinde y\u00fcksek dayan\u0131kl\u0131l\u0131k ve uzun \u00f6m\u00fcrl\u00fc kullan\u0131m sunar. CB, CE, ETL ve CCC gibi uluslararas\u0131 kalite sertifikalar\u0131na sahiptir.<\/p>\n<p>G\u00fcvenli, h\u0131zl\u0131, \u015f\u0131k ve kullan\u0131\u015fl\u0131 bir pi\u015firme deneyimi isteyen herkes i\u00e7in m\u00fckemmel bir se\u00e7imdir. <\/p>\n<p><b>1 adet fiyat\u0131d\u0131r<\/b> <\/p>\n<p><p><b>\u00dcretici Markas\u0131 : ZERO LAND<\/b><\/p>\n<p><b>\u00dcretici Kodu : UCZZZOCAK1<\/b><\/p>\n<p><b>1 ADET F\u0130YATIDIR<\/b><\/p>\n<\/h4>\n<p><\/p>\n","protected":false},"excerpt":{"rendered":"<p>2400 Watt Ak\u0131ll\u0131 \u0130nd\u00fcksiyon Ocak Dokunmatik Kontrol Is\u0131 Ayarl\u0131<\/p>\n","protected":false},"featured_media":222991,"comment_status":"open","ping_status":"closed","template":"","meta":[],"product_brand":[],"product_cat":[379,15337],"product_tag":[13076,3636,3165,1985,17743,4034,2615,17741,13484],"class_list":{"0":"post-222996","1":"product","2":"type-product","3":"status-publish","4":"has-post-thumbnail","6":"product_cat-ev-yasam","7":"product_cat-ocak","8":"product_tag-13076","9":"product_tag-akilli","10":"product_tag-ayarli","11":"product_tag-dokunmatik","12":"product_tag-induksiyon","13":"product_tag-isi","14":"product_tag-kontrol","15":"product_tag-ocak","16":"product_tag-watt","18":"first","19":"instock","20":"taxable","21":"shipping-taxable","22":"purchasable","23":"product-type-simple"},"_links":{"self":[{"href":"https:\/\/depodanmusteriye.com\/urunler\/wp-json\/wp\/v2\/product\/222996","targetHints":{"allow":["GET"]}}],"collection":[{"href":"https:\/\/depodanmusteriye.com\/urunler\/wp-json\/wp\/v2\/product"}],"about":[{"href":"https:\/\/depodanmusteriye.com\/urunler\/wp-json\/wp\/v2\/types\/product"}],"replies":[{"embeddable":true,"href":"https:\/\/depodanmusteriye.com\/urunler\/wp-json\/wp\/v2\/comments?post=222996"}],"version-history":[{"count":0,"href":"https:\/\/depodanmusteriye.com\/urunler\/wp-json\/wp\/v2\/product\/222996\/revisions"}],"wp:featuredmedia":[{"embeddable":true,"href":"https:\/\/depodanmusteriye.com\/urunler\/wp-json\/wp\/v2\/media\/222991"}],"wp:attachment":[{"href":"https:\/\/depodanmusteriye.com\/urunler\/wp-json\/wp\/v2\/media?parent=222996"}],"wp:term":[{"taxonomy":"product_brand","embeddable":true,"href":"https:\/\/depodanmusteriye.com\/urunler\/wp-json\/wp\/v2\/product_brand?post=222996"},{"taxonomy":"product_cat","embeddable":true,"href":"https:\/\/depodanmusteriye.com\/urunler\/wp-json\/wp\/v2\/product_cat?post=222996"},{"taxonomy":"product_tag","embeddable":true,"href":"https:\/\/depodanmusteriye.com\/urunler\/wp-json\/wp\/v2\/product_tag?post=222996"}],"curies":[{"name":"wp","href":"https:\/\/api.w.org\/{rel}","templated":true}]}}