{"id":222738,"date":"2026-01-14T12:20:34","date_gmt":"2026-01-14T12:20:34","guid":{"rendered":"https:\/\/b2b.depodanmusteriye.com\/urun\/sigara-dumani-ve-koku-giderici-hava-temizleyici-kulluk-2-katmanli-filtreli-usb-sarjli\/"},"modified":"2026-01-14T12:20:34","modified_gmt":"2026-01-14T12:20:34","slug":"sigara-dumani-ve-koku-giderici-hava-temizleyici-kulluk-2-katmanli-filtreli-usb-sarjli","status":"publish","type":"product","link":"https:\/\/depodanmusteriye.com\/urunler\/urun\/sigara-dumani-ve-koku-giderici-hava-temizleyici-kulluk-2-katmanli-filtreli-usb-sarjli\/","title":{"rendered":"Sigara Duman\u0131 ve Koku Giderici Hava Temizleyici K\u00fcll\u00fck \u2013 2 Katmanl\u0131 Filtreli, USB \u015earjl\u0131"},"content":{"rendered":"<h4>Sigara kokusu ve duman\u0131n\u0131 ortadan kald\u0131ran bu \u00e7ok i\u015flevli hava temizleyici k\u00fcll\u00fck, modern ya\u015fam alanlar\u0131 i\u00e7in m\u00fckemmel bir \u00e7\u00f6z\u00fcmd\u00fcr. 2 katmanl\u0131 filtreleme sistemi sayesinde duman, toz, polen ve zararl\u0131 partik\u00fclleri etkili bir \u015fekilde hapsederek bulundu\u011funuz ortam\u0131n havas\u0131n\u0131 tazeler. Sigara kokusunu yok eder, ferah bir atmosfer yarat\u0131r.Hem k\u00fcll\u00fck hem de hava temizleyici olarak kullan\u0131labilen bu \u00fcr\u00fcn, ev, ofis veya ara\u00e7 gibi kapal\u0131 alanlarda temiz hava sirk\u00fclasyonu sa\u011flar. Kompakt ve ta\u015f\u0131nabilir tasar\u0131m\u0131 sayesinde diledi\u011finiz yere rahatl\u0131kla yerle\u015ftirebilirsiniz.Dayan\u0131kl\u0131 malzeme yap\u0131s\u0131 uzun \u00f6m\u00fcrl\u00fc kullan\u0131m sunarken, minimalist ve \u015f\u0131k tasar\u0131m\u0131 her dekorasyon tarz\u0131yla uyum sa\u011flar. Sessiz \u00e7al\u0131\u015fma \u00f6zelli\u011fiyle gece veya ofis ortamlar\u0131nda rahats\u0131zl\u0131k vermez. Sa\u011fl\u0131\u011f\u0131n\u0131z\u0131 korurken, ortam\u0131n\u0131za estetik bir dokunu\u015f katar. <\/p>\n<p><b>1 adet fiyat\u0131d\u0131r<\/b> <\/p>\n<p><p><b>\u00dcretici Markas\u0131 : ZERO LAND<\/b><\/p>\n<p><b>\u00dcretici Kodu : XUCZZZHS28K\u00dcLL\u00dcK<\/b><\/p>\n<p><b>1 ADET F\u0130YATIDIR<\/b><\/p>\n<\/h4>\n<p><\/p>\n","protected":false},"excerpt":{"rendered":"<p>Sigara Duman\u0131 ve Koku Giderici Hava Temizleyici K\u00fcll\u00fck \u2013 2 Katmanl\u0131 Filtreli, USB \u015earjl\u0131<\/p>\n","protected":false},"featured_media":222733,"comment_status":"open","ping_status":"closed","template":"","meta":[],"product_brand":[],"product_cat":[379,777],"product_tag":[1613,17716,2607,1493,1085,2793,3286,1507,3975,8921,2887,2511,2104],"class_list":{"0":"post-222738","1":"product","2":"type-product","3":"status-publish","4":"has-post-thumbnail","6":"product_cat-ev-yasam","7":"product_cat-kulluk","8":"product_tag-1613","9":"product_tag-dumani","10":"product_tag-filtreli","11":"product_tag-giderici","12":"product_tag-hava","13":"product_tag-katmanli","14":"product_tag-koku","15":"product_tag-kulluk","16":"product_tag-sarjli","17":"product_tag-sigara","18":"product_tag-temizleyici","19":"product_tag-usb","20":"product_tag-ve","22":"first","23":"instock","24":"taxable","25":"shipping-taxable","26":"purchasable","27":"product-type-simple"},"_links":{"self":[{"href":"https:\/\/depodanmusteriye.com\/urunler\/wp-json\/wp\/v2\/product\/222738","targetHints":{"allow":["GET"]}}],"collection":[{"href":"https:\/\/depodanmusteriye.com\/urunler\/wp-json\/wp\/v2\/product"}],"about":[{"href":"https:\/\/depodanmusteriye.com\/urunler\/wp-json\/wp\/v2\/types\/product"}],"replies":[{"embeddable":true,"href":"https:\/\/depodanmusteriye.com\/urunler\/wp-json\/wp\/v2\/comments?post=222738"}],"version-history":[{"count":0,"href":"https:\/\/depodanmusteriye.com\/urunler\/wp-json\/wp\/v2\/product\/222738\/revisions"}],"wp:featuredmedia":[{"embeddable":true,"href":"https:\/\/depodanmusteriye.com\/urunler\/wp-json\/wp\/v2\/media\/222733"}],"wp:attachment":[{"href":"https:\/\/depodanmusteriye.com\/urunler\/wp-json\/wp\/v2\/media?parent=222738"}],"wp:term":[{"taxonomy":"product_brand","embeddable":true,"href":"https:\/\/depodanmusteriye.com\/urunler\/wp-json\/wp\/v2\/product_brand?post=222738"},{"taxonomy":"product_cat","embeddable":true,"href":"https:\/\/depodanmusteriye.com\/urunler\/wp-json\/wp\/v2\/product_cat?post=222738"},{"taxonomy":"product_tag","embeddable":true,"href":"https:\/\/depodanmusteriye.com\/urunler\/wp-json\/wp\/v2\/product_tag?post=222738"}],"curies":[{"name":"wp","href":"https:\/\/api.w.org\/{rel}","templated":true}]}}