{"id":222726,"date":"2026-01-14T12:20:20","date_gmt":"2026-01-14T12:20:20","guid":{"rendered":"https:\/\/b2b.depodanmusteriye.com\/urun\/hava-temizleyici-kulluk-sigara-dumani-filtreli-sessiz-calisan-sik-tasarim\/"},"modified":"2026-01-14T12:20:20","modified_gmt":"2026-01-14T12:20:20","slug":"hava-temizleyici-kulluk-sigara-dumani-filtreli-sessiz-calisan-sik-tasarim","status":"publish","type":"product","link":"https:\/\/depodanmusteriye.com\/urunler\/urun\/hava-temizleyici-kulluk-sigara-dumani-filtreli-sessiz-calisan-sik-tasarim\/","title":{"rendered":"Hava Temizleyici K\u00fcll\u00fck \u2013 Sigara Duman\u0131 Filtreli, Sessiz \u00c7al\u0131\u015fan, \u015e\u0131k Tasar\u0131m"},"content":{"rendered":"<h4>Sigara kokusundan ve duman\u0131ndan ar\u0131nm\u0131\u015f bir ortam yaratmak art\u0131k \u00e7ok kolay! Bu hava temizleyici k\u00fcll\u00fck, g\u00fc\u00e7l\u00fc filtreleme sistemiyle sigara duman\u0131n\u0131, tozu ve poleni an\u0131nda hapseder. 2 katmanl\u0131 filtre teknolojisi, havay\u0131 saniyeler i\u00e7inde temizleyerek ferah bir soluma deneyimi sunar. <\/p>\n<p><b>1 adet fiyat\u0131d\u0131r<\/b> <\/p>\n<p><p><b>\u00dcretici Markas\u0131 : ZERO LAND<\/b><\/p>\n<p><b>\u00dcretici Kodu : XUCZZZHS28K\u00dcLL\u00dcK2<\/b><\/p>\n<p><b>1 ADET F\u0130YATIDIR<\/b><\/p>\n<\/h4>\n<p><\/p>\n","protected":false},"excerpt":{"rendered":"<p>Hava Temizleyici K\u00fcll\u00fck \u2013 Sigara Duman\u0131 Filtreli, Sessiz \u00c7al\u0131\u015fan, \u015e\u0131k Tasar\u0131m<\/p>\n","protected":false},"featured_media":222721,"comment_status":"open","ping_status":"closed","template":"","meta":[],"product_brand":[],"product_cat":[379,777],"product_tag":[3974,17716,2607,1085,1507,3973,8921,4001,4035,2887],"class_list":{"0":"post-222726","1":"product","2":"type-product","3":"status-publish","4":"has-post-thumbnail","6":"product_cat-ev-yasam","7":"product_cat-kulluk","8":"product_tag-calisan","9":"product_tag-dumani","10":"product_tag-filtreli","11":"product_tag-hava","12":"product_tag-kulluk","13":"product_tag-sessiz","14":"product_tag-sigara","15":"product_tag-sik","16":"product_tag-tasarim","17":"product_tag-temizleyici","19":"first","20":"instock","21":"taxable","22":"shipping-taxable","23":"purchasable","24":"product-type-simple"},"_links":{"self":[{"href":"https:\/\/depodanmusteriye.com\/urunler\/wp-json\/wp\/v2\/product\/222726","targetHints":{"allow":["GET"]}}],"collection":[{"href":"https:\/\/depodanmusteriye.com\/urunler\/wp-json\/wp\/v2\/product"}],"about":[{"href":"https:\/\/depodanmusteriye.com\/urunler\/wp-json\/wp\/v2\/types\/product"}],"replies":[{"embeddable":true,"href":"https:\/\/depodanmusteriye.com\/urunler\/wp-json\/wp\/v2\/comments?post=222726"}],"version-history":[{"count":0,"href":"https:\/\/depodanmusteriye.com\/urunler\/wp-json\/wp\/v2\/product\/222726\/revisions"}],"wp:featuredmedia":[{"embeddable":true,"href":"https:\/\/depodanmusteriye.com\/urunler\/wp-json\/wp\/v2\/media\/222721"}],"wp:attachment":[{"href":"https:\/\/depodanmusteriye.com\/urunler\/wp-json\/wp\/v2\/media?parent=222726"}],"wp:term":[{"taxonomy":"product_brand","embeddable":true,"href":"https:\/\/depodanmusteriye.com\/urunler\/wp-json\/wp\/v2\/product_brand?post=222726"},{"taxonomy":"product_cat","embeddable":true,"href":"https:\/\/depodanmusteriye.com\/urunler\/wp-json\/wp\/v2\/product_cat?post=222726"},{"taxonomy":"product_tag","embeddable":true,"href":"https:\/\/depodanmusteriye.com\/urunler\/wp-json\/wp\/v2\/product_tag?post=222726"}],"curies":[{"name":"wp","href":"https:\/\/api.w.org\/{rel}","templated":true}]}}