{"id":222210,"date":"2026-01-14T12:07:35","date_gmt":"2026-01-14T12:07:35","guid":{"rendered":"https:\/\/b2b.depodanmusteriye.com\/urun\/2000mah-kapasiteli-tasinabilir-ucgen-park-lambasi\/"},"modified":"2026-01-14T12:07:35","modified_gmt":"2026-01-14T12:07:35","slug":"2000mah-kapasiteli-tasinabilir-ucgen-park-lambasi","status":"publish","type":"product","link":"https:\/\/depodanmusteriye.com\/urunler\/urun\/2000mah-kapasiteli-tasinabilir-ucgen-park-lambasi\/","title":{"rendered":"2000mAh Kapasiteli Ta\u015f\u0131nabilir \u00dc\u00e7gen Park Lambas\u0131"},"content":{"rendered":"<h4>Sa\u011flam al\u00fcminyum ala\u015f\u0131m ve plastik malzemeden \u00fcretilmi\u015f g\u00f6vdesi, d\u0131\u015f mekan \u015fartlar\u0131na dayan\u0131kl\u0131 ve uzun \u00f6m\u00fcrl\u00fcd\u00fcr. Hafif ve ta\u015f\u0131nabilir yap\u0131s\u0131 sayesinde her ortamda kolay kullan\u0131m sa\u011flar. <\/p>\n<p><b>1 adet fiyat\u0131d\u0131r<\/b> <\/p>\n<p><p><b>\u00dcretici Markas\u0131 : ZERO LAND<\/b><\/p>\n<p><b>\u00dcretici Kodu : UCZZZREFLEKT\u00d6R1<\/b><\/p>\n<p><b>1 ADET F\u0130YATIDIR<\/b><\/p>\n<\/h4>\n<p><\/p>\n","protected":false},"excerpt":{"rendered":"<p>2000mAh Kapasiteli Ta\u015f\u0131nabilir \u00dc\u00e7gen Park Lambas\u0131<\/p>\n","protected":false},"featured_media":222205,"comment_status":"open","ping_status":"closed","template":"","meta":[],"product_brand":[],"product_cat":[379,812],"product_tag":[13107,4059,2287,1377,2982,3759],"class_list":{"0":"post-222210","1":"product","2":"type-product","3":"status-publish","4":"has-post-thumbnail","6":"product_cat-ev-yasam","7":"product_cat-ikaz-urunu","8":"product_tag-2000mah","9":"product_tag-kapasiteli","10":"product_tag-lambasi","11":"product_tag-park","12":"product_tag-tasinabilir","13":"product_tag-ucgen","15":"first","16":"instock","17":"taxable","18":"shipping-taxable","19":"purchasable","20":"product-type-simple"},"_links":{"self":[{"href":"https:\/\/depodanmusteriye.com\/urunler\/wp-json\/wp\/v2\/product\/222210","targetHints":{"allow":["GET"]}}],"collection":[{"href":"https:\/\/depodanmusteriye.com\/urunler\/wp-json\/wp\/v2\/product"}],"about":[{"href":"https:\/\/depodanmusteriye.com\/urunler\/wp-json\/wp\/v2\/types\/product"}],"replies":[{"embeddable":true,"href":"https:\/\/depodanmusteriye.com\/urunler\/wp-json\/wp\/v2\/comments?post=222210"}],"version-history":[{"count":0,"href":"https:\/\/depodanmusteriye.com\/urunler\/wp-json\/wp\/v2\/product\/222210\/revisions"}],"wp:featuredmedia":[{"embeddable":true,"href":"https:\/\/depodanmusteriye.com\/urunler\/wp-json\/wp\/v2\/media\/222205"}],"wp:attachment":[{"href":"https:\/\/depodanmusteriye.com\/urunler\/wp-json\/wp\/v2\/media?parent=222210"}],"wp:term":[{"taxonomy":"product_brand","embeddable":true,"href":"https:\/\/depodanmusteriye.com\/urunler\/wp-json\/wp\/v2\/product_brand?post=222210"},{"taxonomy":"product_cat","embeddable":true,"href":"https:\/\/depodanmusteriye.com\/urunler\/wp-json\/wp\/v2\/product_cat?post=222210"},{"taxonomy":"product_tag","embeddable":true,"href":"https:\/\/depodanmusteriye.com\/urunler\/wp-json\/wp\/v2\/product_tag?post=222210"}],"curies":[{"name":"wp","href":"https:\/\/api.w.org\/{rel}","templated":true}]}}