{"id":222090,"date":"2026-01-14T12:03:02","date_gmt":"2026-01-14T12:03:02","guid":{"rendered":"https:\/\/b2b.depodanmusteriye.com\/urun\/dokunmatik-akilli-saat-yeni-nesil-kulaklik-kampanyasi-anc-ozelligi-yuksek-ses-kaliteli\/"},"modified":"2026-01-14T12:03:02","modified_gmt":"2026-01-14T12:03:02","slug":"dokunmatik-akilli-saat-yeni-nesil-kulaklik-kampanyasi-anc-ozelligi-yuksek-ses-kaliteli","status":"publish","type":"product","link":"https:\/\/depodanmusteriye.com\/urunler\/urun\/dokunmatik-akilli-saat-yeni-nesil-kulaklik-kampanyasi-anc-ozelligi-yuksek-ses-kaliteli\/","title":{"rendered":"Dokunmatik Ak\u0131ll\u0131 Saat Yeni Nesil Kulakl\u0131k Kampanyas\u0131 ANC \u00d6zelli\u011fi Y\u00fcksek Ses Kaliteli"},"content":{"rendered":"<h4>KULAKLIK:Dokunmatik kontrol \u00f6zelli\u011fi sayesinde m\u00fcziklerinizi ve \u00e7a\u011fr\u0131lar\u0131n\u0131z\u0131 kolayca y\u00f6netebilirsiniz. Dahili mikrofonu ile net g\u00f6r\u00fc\u015fmeler yaparak, eller serbest deneyiminin keyfini \u00e7\u0131kar\u0131n. Suya ve tere kar\u015f\u0131 dayan\u0131kl\u0131 yap\u0131s\u0131 sayesinde, spor aktivitelerinizde veya ya\u011fmurlu havalarda rahatl\u0131kla kullanabilirsiniz. \u00c7ift telefon deste\u011fi ile iki cihaz aras\u0131nda kesintisiz ge\u00e7i\u015f yaparak, ba\u011flant\u0131da kal\u0131n. Aktif g\u00fcr\u00fclt\u00fc engelleme (ANC) teknolojisi ile d\u0131\u015f d\u00fcnyan\u0131n g\u00fcr\u00fclt\u00fcs\u00fcn\u00fc filtreleyerek, m\u00fczi\u011finize tam odaklanabilirsiniz.AKILLI SAAT:Bu ak\u0131ll\u0131 saat, modern teknoloji ile g\u00fcnl\u00fck hayat\u0131n\u0131z\u0131 kolayla\u015ft\u0131racak \u00f6zellikleri bir araya getiren yenilik\u00e7i bir cihazd\u0131r. T\u00fcm iOS ve Android ak\u0131ll\u0131 telefonlarla uyumlu olan bu saat, geni\u015f bir kullan\u0131c\u0131 kitlesine hitap eder. Siri sesli asistan deste\u011fi sayesinde sesli komutlarla i\u015flemlerinizi h\u0131zl\u0131ca ger\u00e7ekle\u015ftirebilirsiniz. Bluetooth ba\u011flant\u0131s\u0131 arac\u0131l\u0131\u011f\u0131yla \u00e7a\u011fr\u0131 yapma, \u00e7a\u011fr\u0131lara cevap verme veya reddetme, s\u0131k g\u00f6r\u00fc\u015f\u00fclenler listesini y\u00f6netme, \u00e7a\u011fr\u0131 ge\u00e7mi\u015fini g\u00f6r\u00fcnt\u00fcleme ve arayan kimli\u011fini g\u00f6rme gibi bir\u00e7ok \u00f6zelli\u011fi destekler. Ayr\u0131ca, SMS ve di\u011fer uygulamalardan gelen bildirimleri g\u00f6r\u00fcnt\u00fcleme ve okuma imkan\u0131 sunar.44 mm paslanmaz \u00e7elik kasas\u0131, dayan\u0131kl\u0131l\u0131\u011f\u0131 ve \u015f\u0131kl\u0131\u011f\u0131 bir arada sunar. 240&#215;285 piksel \u00e7\u00f6z\u00fcn\u00fcrl\u00fckteki, k\u00f6\u015feden k\u00f6\u015feye tam geli\u015fmi\u015f dokunmatik OLED ekran\u0131, parlak ve net bir g\u00f6r\u00fcnt\u00fc deneyimi sa\u011flar. 280 mAh Li-Po bataryas\u0131, uzun s\u00fcreli kullan\u0131m sunarak g\u00fcn boyu yan\u0131n\u0131zda olmas\u0131n\u0131 garanti eder. 128 MB bellek kapasitesi ve aktif iki yan tu\u015fuyla kullan\u0131c\u0131 dostu bir aray\u00fcz sunar.Sa\u011fl\u0131k ve spor odakl\u0131 \u00f6zellikleriyle \u00f6ne \u00e7\u0131kan bu cihaz, g\u00fcnl\u00fck aktivitelerinizi ve sa\u011fl\u0131k durumunuzu takip etmenize yard\u0131mc\u0131 olur. Pedometre \u00f6zelli\u011fiyle egzersiz s\u00fcresi, kat edilen mesafe ve yak\u0131lan kalori gibi verilere ula\u015fabilirsiniz. EKG, kan bas\u0131nc\u0131, tansiyon \u00f6l\u00e7\u00fcm\u00fc ve kandaki oksijen oran\u0131n\u0131 \u00f6l\u00e7me gibi \u00fc\u00e7l\u00fc sa\u011fl\u0131k takibi \u00f6zellikleri sayesinde sa\u011fl\u0131\u011f\u0131n\u0131z\u0131 yak\u0131ndan izleyebilirsiniz. Uyku takibi, hava durumu, kronometre, alarm, \u00e7a\u011fr\u0131 hat\u0131rlatma, hareketsizlik ve su i\u00e7me hat\u0131rlatmalar\u0131 gibi i\u015flevlerle hayat\u0131n\u0131z\u0131 kolayla\u015ft\u0131r\u0131r.Spor severler i\u00e7in, ko\u015fu, bisiklet, kuvvet antrenman\u0131, basketbol, tenis, voleybol ve futbol gibi \u00e7oklu spor modlar\u0131 sunar. Veri (DATA) sekmesi sayesinde g\u00fcnl\u00fck ve anl\u0131k sa\u011fl\u0131k verilerinizi analiz edebilirsiniz. Uygulama \u00fczerinden s\u0131n\u0131rs\u0131z saat kadran\u0131 se\u00e7ebilir ve ekran\u0131n\u0131za diledi\u011finiz foto\u011fraf\u0131 yerle\u015ftirebilirsiniz. Ak\u0131ll\u0131 bileklik hareket sens\u00f6r\u00fc, ekran\u0131n kolayca a\u00e7\u0131l\u0131p kapanmas\u0131n\u0131 sa\u011flar.10 ki\u015fiye kadar h\u0131zl\u0131 arama \u00f6zelli\u011fi, de\u011fi\u015ftirilebilir kordon se\u00e7ene\u011fi ve T\u00fcrk\u00e7e dahil 23 farkl\u0131 dil deste\u011fiyle ki\u015fiselle\u015ftirilebilir bir deneyim sunar. U\u00e7ak modu ve rahats\u0131z etme modu gibi i\u015flevlerle kullan\u0131m\u0131n\u0131z\u0131 daha verimli hale getirebilirsiniz. Saat \u00fczerinden m\u00fczik dinleme, uzaktan foto\u011fraf \u00e7ekme gibi e\u011flenceli \u00f6zellikler de cihaz\u0131n dikkat \u00e7eken detaylar\u0131 aras\u0131ndad\u0131r.\u015e\u0131kl\u0131\u011f\u0131, dayan\u0131kl\u0131l\u0131\u011f\u0131 ve fonksiyonelli\u011fi bir araya getiren bu ak\u0131ll\u0131 saat, hem teknoloji tutkunlar\u0131 hem de aktif bir ya\u015fam tarz\u0131n\u0131 benimseyen kullan\u0131c\u0131lar i\u00e7in m\u00fckemmel bir tercihtir. <\/p>\n<p><b>1 adet fiyat\u0131d\u0131r<\/b> <\/p>\n<p><p><b>\u00dcretici Markas\u0131 : ZERO LAND<\/b><\/p>\n<p><b>\u00dcretici Kodu : UUCZT700SYD03K1<\/b><\/p>\n<p><b>1 ADET F\u0130YATIDIR<\/b><\/p>\n<\/h4>\n<p><\/p>\n","protected":false},"excerpt":{"rendered":"<p>Dokunmatik Ak\u0131ll\u0131 Saat Yeni Nesil Kulakl\u0131k Kampanyas\u0131 ANC \u00d6zelli\u011fi Y\u00fcksek Ses Kaliteli<\/p>\n","protected":false},"featured_media":222085,"comment_status":"open","ping_status":"closed","template":"","meta":[],"product_brand":[],"product_cat":[630,374],"product_tag":[3636,13178,1985,10547,14433,1641,4325,13447,3637,1915,3800,2630],"class_list":{"0":"post-222090","1":"product","2":"type-product","3":"status-publish","4":"has-post-thumbnail","6":"product_cat-akilli-saat","7":"product_cat-mobil-aksesuar","8":"product_tag-akilli","9":"product_tag-anc","10":"product_tag-dokunmatik","11":"product_tag-kaliteli","12":"product_tag-kampanyasi","13":"product_tag-kulaklik","14":"product_tag-nesil","15":"product_tag-ozelligi","16":"product_tag-saat","17":"product_tag-ses","18":"product_tag-yeni","19":"product_tag-yuksek","21":"first","22":"instock","23":"taxable","24":"shipping-taxable","25":"purchasable","26":"product-type-simple"},"_links":{"self":[{"href":"https:\/\/depodanmusteriye.com\/urunler\/wp-json\/wp\/v2\/product\/222090","targetHints":{"allow":["GET"]}}],"collection":[{"href":"https:\/\/depodanmusteriye.com\/urunler\/wp-json\/wp\/v2\/product"}],"about":[{"href":"https:\/\/depodanmusteriye.com\/urunler\/wp-json\/wp\/v2\/types\/product"}],"replies":[{"embeddable":true,"href":"https:\/\/depodanmusteriye.com\/urunler\/wp-json\/wp\/v2\/comments?post=222090"}],"version-history":[{"count":0,"href":"https:\/\/depodanmusteriye.com\/urunler\/wp-json\/wp\/v2\/product\/222090\/revisions"}],"wp:featuredmedia":[{"embeddable":true,"href":"https:\/\/depodanmusteriye.com\/urunler\/wp-json\/wp\/v2\/media\/222085"}],"wp:attachment":[{"href":"https:\/\/depodanmusteriye.com\/urunler\/wp-json\/wp\/v2\/media?parent=222090"}],"wp:term":[{"taxonomy":"product_brand","embeddable":true,"href":"https:\/\/depodanmusteriye.com\/urunler\/wp-json\/wp\/v2\/product_brand?post=222090"},{"taxonomy":"product_cat","embeddable":true,"href":"https:\/\/depodanmusteriye.com\/urunler\/wp-json\/wp\/v2\/product_cat?post=222090"},{"taxonomy":"product_tag","embeddable":true,"href":"https:\/\/depodanmusteriye.com\/urunler\/wp-json\/wp\/v2\/product_tag?post=222090"}],"curies":[{"name":"wp","href":"https:\/\/api.w.org\/{rel}","templated":true}]}}