{"id":221679,"date":"2025-12-27T12:14:58","date_gmt":"2025-12-27T12:14:58","guid":{"rendered":"https:\/\/b2b.depodanmusteriye.com\/urun\/and-you-body-mist-azure-serenity-100-ml\/"},"modified":"2025-12-27T12:14:58","modified_gmt":"2025-12-27T12:14:58","slug":"and-you-body-mist-azure-serenity-100-ml","status":"publish","type":"product","link":"https:\/\/depodanmusteriye.com\/urunler\/urun\/and-you-body-mist-azure-serenity-100-ml\/","title":{"rendered":"And You Body Mist &#8211; Azure Serenity 100 ml"},"content":{"rendered":"<h4>\n<p>And You Body Mist &#8211; Azure Serenity 100 ml<\/p>\n<p><strong>BODY MIST-Azure Serenity 100 ML<\/strong><\/p>\n<p><\/p>\n<p>Bergamot, Limon, Beyaz \u00c7i\u00e7ekler, Vanilya\u00a0<i>g\u00fcn boyu s\u00fcren zarafet ve huzur sunar.\u00a0<\/i>H\u0131zl\u0131ca emilir ve cildin uzun s\u00fcre g\u00fczel kokmas\u0131n\u0131 sa\u011flayarak, g\u00fcne tertemiz bir ba\u015flang\u0131\u00e7 yapman\u0131za yard\u0131mc\u0131 olur.<\/p>\n<p><b>\u00dcretici Markas\u0131 : AND YOU<\/b><\/p>\n<p><b>\u00dcretici Kodu : BODY02<\/b><\/p>\n<p><b>1 ADET F\u0130YATIDIR<\/b><\/p>\n<\/h4>\n","protected":false},"excerpt":{"rendered":"<p>And You Body Mist &#8211; Azure Serenity 100 ml<\/p>\n","protected":false},"featured_media":221678,"comment_status":"open","ping_status":"closed","template":"","meta":[],"product_brand":[],"product_cat":[17459,17482],"product_tag":[1775,6570,17701,3433,13765,1581,17702,2392],"class_list":{"0":"post-221679","1":"product","2":"type-product","3":"status-publish","4":"has-post-thumbnail","6":"product_cat-kozmetik","7":"product_cat-vucut-kremi-kozmetik","8":"product_tag-1775","9":"product_tag-and","10":"product_tag-azure","11":"product_tag-body","12":"product_tag-mist","13":"product_tag-ml","14":"product_tag-serenity","15":"product_tag-you","17":"first","18":"instock","19":"taxable","20":"shipping-taxable","21":"purchasable","22":"product-type-simple"},"_links":{"self":[{"href":"https:\/\/depodanmusteriye.com\/urunler\/wp-json\/wp\/v2\/product\/221679","targetHints":{"allow":["GET"]}}],"collection":[{"href":"https:\/\/depodanmusteriye.com\/urunler\/wp-json\/wp\/v2\/product"}],"about":[{"href":"https:\/\/depodanmusteriye.com\/urunler\/wp-json\/wp\/v2\/types\/product"}],"replies":[{"embeddable":true,"href":"https:\/\/depodanmusteriye.com\/urunler\/wp-json\/wp\/v2\/comments?post=221679"}],"version-history":[{"count":0,"href":"https:\/\/depodanmusteriye.com\/urunler\/wp-json\/wp\/v2\/product\/221679\/revisions"}],"wp:featuredmedia":[{"embeddable":true,"href":"https:\/\/depodanmusteriye.com\/urunler\/wp-json\/wp\/v2\/media\/221678"}],"wp:attachment":[{"href":"https:\/\/depodanmusteriye.com\/urunler\/wp-json\/wp\/v2\/media?parent=221679"}],"wp:term":[{"taxonomy":"product_brand","embeddable":true,"href":"https:\/\/depodanmusteriye.com\/urunler\/wp-json\/wp\/v2\/product_brand?post=221679"},{"taxonomy":"product_cat","embeddable":true,"href":"https:\/\/depodanmusteriye.com\/urunler\/wp-json\/wp\/v2\/product_cat?post=221679"},{"taxonomy":"product_tag","embeddable":true,"href":"https:\/\/depodanmusteriye.com\/urunler\/wp-json\/wp\/v2\/product_tag?post=221679"}],"curies":[{"name":"wp","href":"https:\/\/api.w.org\/{rel}","templated":true}]}}