{"id":221669,"date":"2025-12-27T12:14:22","date_gmt":"2025-12-27T12:14:22","guid":{"rendered":"https:\/\/b2b.depodanmusteriye.com\/urun\/and-you-after-me-65-ml-unisex-parfum\/"},"modified":"2025-12-27T12:14:22","modified_gmt":"2025-12-27T12:14:22","slug":"and-you-after-me-65-ml-unisex-parfum","status":"publish","type":"product","link":"https:\/\/depodanmusteriye.com\/urunler\/urun\/and-you-after-me-65-ml-unisex-parfum\/","title":{"rendered":"And You After Me 65 ml Unisex Parf\u00fcm"},"content":{"rendered":"<h4>\n<p>And You After Me 65 ml Unisex Parf\u00fcm<\/p>\n<p><strong>\u00dcR\u00dcN A\u00c7IKLAMASI<\/strong><\/p>\n<p><\/p>\n<p><strong>AFTER ME\u00a0<\/strong><\/p>\n<p>Safran\u0131n ate\u015fli dokunu\u015fu, bir meydan okuman\u0131n ba\u015flang\u0131c\u0131n\u0131 m\u00fcjdeler. G\u00fcl ve pa\u00e7ulinin karma\u015f\u0131k dans\u0131, kuru a\u011fa\u00e7lar\u0131n g\u00f6lgesinde \u015fekillenir. Derinin kadifemsi dokusu&#8230; Sahip oldu\u011funuz t\u00fcm meydan okumalar\u0131n kokusal armas\u0131.<\/p>\n<p><\/p>\n<p><strong>\u00dcST NOTA:\u00a0Safran<\/strong><\/p>\n<p><\/p>\n<p><strong>KALP NOTA:\u00a0G\u00fcl-Pa\u00e7uli-Kuru A\u011fa\u00e7lar<\/strong><\/p>\n<p><\/p>\n<p><strong>D\u0130P NOTA:\u00a0Deri<\/strong><\/p>\n<p><b>\u00dcretici Markas\u0131 : AND YOU<\/b><\/p>\n<p><b>\u00dcretici Kodu : AndYouAfterMe65<\/b><\/p>\n<p><b>1 ADET F\u0130YATIDIR<\/b><\/p>\n<\/h4>\n","protected":false},"excerpt":{"rendered":"<p>And You After Me 65 ml Unisex Parf\u00fcm<\/p>\n","protected":false},"featured_media":221668,"comment_status":"open","ping_status":"closed","template":"","meta":[],"product_brand":[],"product_cat":[17514,17459],"product_tag":[1857,8565,6570,11815,1581,2996,4366,2392],"class_list":{"0":"post-221669","1":"product","2":"type-product","3":"status-publish","4":"has-post-thumbnail","6":"product_cat-deodorant-ve-roll-on-kozmetik","7":"product_cat-kozmetik","8":"product_tag-1857","9":"product_tag-after","10":"product_tag-and","11":"product_tag-me","12":"product_tag-ml","13":"product_tag-parfum","14":"product_tag-unisex","15":"product_tag-you","17":"first","18":"instock","19":"taxable","20":"shipping-taxable","21":"purchasable","22":"product-type-simple"},"_links":{"self":[{"href":"https:\/\/depodanmusteriye.com\/urunler\/wp-json\/wp\/v2\/product\/221669","targetHints":{"allow":["GET"]}}],"collection":[{"href":"https:\/\/depodanmusteriye.com\/urunler\/wp-json\/wp\/v2\/product"}],"about":[{"href":"https:\/\/depodanmusteriye.com\/urunler\/wp-json\/wp\/v2\/types\/product"}],"replies":[{"embeddable":true,"href":"https:\/\/depodanmusteriye.com\/urunler\/wp-json\/wp\/v2\/comments?post=221669"}],"version-history":[{"count":0,"href":"https:\/\/depodanmusteriye.com\/urunler\/wp-json\/wp\/v2\/product\/221669\/revisions"}],"wp:featuredmedia":[{"embeddable":true,"href":"https:\/\/depodanmusteriye.com\/urunler\/wp-json\/wp\/v2\/media\/221668"}],"wp:attachment":[{"href":"https:\/\/depodanmusteriye.com\/urunler\/wp-json\/wp\/v2\/media?parent=221669"}],"wp:term":[{"taxonomy":"product_brand","embeddable":true,"href":"https:\/\/depodanmusteriye.com\/urunler\/wp-json\/wp\/v2\/product_brand?post=221669"},{"taxonomy":"product_cat","embeddable":true,"href":"https:\/\/depodanmusteriye.com\/urunler\/wp-json\/wp\/v2\/product_cat?post=221669"},{"taxonomy":"product_tag","embeddable":true,"href":"https:\/\/depodanmusteriye.com\/urunler\/wp-json\/wp\/v2\/product_tag?post=221669"}],"curies":[{"name":"wp","href":"https:\/\/api.w.org\/{rel}","templated":true}]}}