{"id":221647,"date":"2025-12-27T12:12:19","date_gmt":"2025-12-27T12:12:19","guid":{"rendered":"https:\/\/b2b.depodanmusteriye.com\/urun\/and-you-this-scent-is-for-you-65-ml-unisex-parfum\/"},"modified":"2025-12-27T12:12:19","modified_gmt":"2025-12-27T12:12:19","slug":"and-you-this-scent-is-for-you-65-ml-unisex-parfum","status":"publish","type":"product","link":"https:\/\/depodanmusteriye.com\/urunler\/urun\/and-you-this-scent-is-for-you-65-ml-unisex-parfum\/","title":{"rendered":"And You This Scent Is For You 65 ml Unisex Parf\u00fcm"},"content":{"rendered":"<h4>\n<p>And You This Scent Is For You 65 ml Unisex Parf\u00fcm<\/p>\n<p><strong>\u00dcR\u00dcN A\u00c7IKLAMASI<\/strong><\/p>\n<p><\/p>\n<p><strong>\u00dcST NOTA:\u00a0Limon-Elemi-Karabiber-Baharatl\u0131 Notalar<\/strong><\/p>\n<p><\/p>\n<p><strong>KALP NOTA:\u00a0Vanilya-Cypriol-Ka\u015fmir-Guaik A\u011fac\u0131<\/strong><\/p>\n<p><\/p>\n<p><strong>D\u0130P NOTA:\u00a0Amber-De\u011ferli A\u011fa\u00e7lar-Misk<\/strong><\/p>\n<p><b>\u00dcretici Markas\u0131 : AND YOU<\/b><\/p>\n<p><b>\u00dcretici Kodu : AndYouThisScentIsForYou<\/b><\/p>\n<p><b>1 ADET F\u0130YATIDIR<\/b><\/p>\n<\/h4>\n","protected":false},"excerpt":{"rendered":"<p>And You This Scent Is For You 65 ml Unisex Parf\u00fcm<\/p>\n","protected":false},"featured_media":221646,"comment_status":"open","ping_status":"closed","template":"","meta":[],"product_brand":[],"product_cat":[17514,17459],"product_tag":[1857,6570,6100,12102,1581,2996,17688,17663,4366,2392],"class_list":{"0":"post-221647","1":"product","2":"type-product","3":"status-publish","4":"has-post-thumbnail","6":"product_cat-deodorant-ve-roll-on-kozmetik","7":"product_cat-kozmetik","8":"product_tag-1857","9":"product_tag-and","10":"product_tag-for","11":"product_tag-is","12":"product_tag-ml","13":"product_tag-parfum","14":"product_tag-scent","15":"product_tag-this","16":"product_tag-unisex","17":"product_tag-you","19":"first","20":"instock","21":"taxable","22":"shipping-taxable","23":"purchasable","24":"product-type-simple"},"_links":{"self":[{"href":"https:\/\/depodanmusteriye.com\/urunler\/wp-json\/wp\/v2\/product\/221647","targetHints":{"allow":["GET"]}}],"collection":[{"href":"https:\/\/depodanmusteriye.com\/urunler\/wp-json\/wp\/v2\/product"}],"about":[{"href":"https:\/\/depodanmusteriye.com\/urunler\/wp-json\/wp\/v2\/types\/product"}],"replies":[{"embeddable":true,"href":"https:\/\/depodanmusteriye.com\/urunler\/wp-json\/wp\/v2\/comments?post=221647"}],"version-history":[{"count":0,"href":"https:\/\/depodanmusteriye.com\/urunler\/wp-json\/wp\/v2\/product\/221647\/revisions"}],"wp:featuredmedia":[{"embeddable":true,"href":"https:\/\/depodanmusteriye.com\/urunler\/wp-json\/wp\/v2\/media\/221646"}],"wp:attachment":[{"href":"https:\/\/depodanmusteriye.com\/urunler\/wp-json\/wp\/v2\/media?parent=221647"}],"wp:term":[{"taxonomy":"product_brand","embeddable":true,"href":"https:\/\/depodanmusteriye.com\/urunler\/wp-json\/wp\/v2\/product_brand?post=221647"},{"taxonomy":"product_cat","embeddable":true,"href":"https:\/\/depodanmusteriye.com\/urunler\/wp-json\/wp\/v2\/product_cat?post=221647"},{"taxonomy":"product_tag","embeddable":true,"href":"https:\/\/depodanmusteriye.com\/urunler\/wp-json\/wp\/v2\/product_tag?post=221647"}],"curies":[{"name":"wp","href":"https:\/\/api.w.org\/{rel}","templated":true}]}}