{"id":221477,"date":"2025-12-27T11:57:50","date_gmt":"2025-12-27T11:57:50","guid":{"rendered":"https:\/\/b2b.depodanmusteriye.com\/urun\/and-you-roll-on-deodorant-for-women-60-ml\/"},"modified":"2025-12-27T11:57:50","modified_gmt":"2025-12-27T11:57:50","slug":"and-you-roll-on-deodorant-for-women-60-ml","status":"publish","type":"product","link":"https:\/\/depodanmusteriye.com\/urunler\/urun\/and-you-roll-on-deodorant-for-women-60-ml\/","title":{"rendered":"And You Roll-On Deodorant For Women 60 ml"},"content":{"rendered":"<h4>\n<p>And You Roll-On Deodorant For Women 60 ml<\/p>\n<p><strong>\u00dcR\u00dcN A\u00c7IKLAMASI<\/strong><\/p>\n<p><\/p>\n<p>Roll-on Women, g\u00fcnl\u00fck terleme ve koku kar\u015f\u0131t\u0131 bak\u0131m sa\u011flar. \u0130\u00e7eri\u011findeki aloe vera ile cildi nemlendirir. Hafif ve do\u011fal kokusu ile kad\u0131nlar i\u00e7in uygundur.<\/p>\n<p><\/p>\n<p>Roll-on Women provides daily anti-sweating and anti-odor care. It moisturizes the skin with its aloe vera content. It is suitable for women with its light and natural scent.<\/p>\n<p><\/p>\n<p><strong>Kullan\u0131m Bilgisi:<\/strong> Du\u015f sonras\u0131nda temiz ve kuru cilde uygulay\u0131n\u0131z. G\u00fcn i\u00e7erisinde ihtiya\u00e7 duyulan anlarda tekrar kullanabilirsiniz. Tekrar uygulamalar\u0131nda cildin terden ar\u0131nm\u0131\u015f ve kuru olmas\u0131na dikkat ediniz.<\/p>\n<p><\/p>\n<p><strong>Usage Information:<\/strong> Apply to clean and dry skin after showering. You can use it again as needed during the day. Make sure that the skin is free from sweat and dry during reapplication.<\/p>\n<p><\/p>\n<p><strong>Uyar\u0131lar:<\/strong> Haricen kullan\u0131l\u0131r. \u00c7ocuklar\u0131n ula\u015famayaca\u011f\u0131 yerde ve oda s\u0131cakl\u0131\u011f\u0131nda muhafaza ediniz. G\u00f6zler ve hassas b\u00f6lgelerden uzak tutunuz. G\u00f6zle temas\u0131 halinde bol su ile y\u0131kay\u0131n\u0131z. G\u00fcne\u015f \u0131\u015f\u0131\u011f\u0131 ve \u0131s\u0131dan uzakta tutunuz.\u00a0 Tahri\u015f olmu\u015f cilde uygulamay\u0131n\u0131z, uygulama s\u0131ras\u0131nda ciltte tahri\u015fe neden oluyorsa kullanmay\u0131 b\u0131rak\u0131n\u0131z. Tamamen kurumadan k\u0131yafetler ile temas etmemesine \u00f6zen g\u00f6stermek faydal\u0131d\u0131r.<\/p>\n<p><\/p>\n<p><strong>Warnings:<\/strong> For external use. Keep out of the reach of children and at room temperature. Keep away from eyes and sensitive areas. In case of contact with eyes, rinse with plenty of water. Keep away from sunlight and heat. Do not apply on irritated skin, do not use if it causes skin irritation during application. It is useful to avoid contact with clothes before it dries completely.<\/p>\n<p><\/p>\n<p><strong>Ingredients \/ \u0130\u00e7indekiler:\u00a0<\/strong> Aqua, Glycerin, Triethyl Citrate, Pentylene Glycol, Aloe Barbadensis Leaf Extract, Tartaric Acid, Disodium EDTA, Sodium Sulfite, Sodium Metabisulfite, Glycerin, Butylene Glycol, Saxifraga Sarmentosa Extract, Carica Papaya Fruit Extract, Psidium Guajava Fruit Extract,\u00a0 Gymnema Sylvestre Leaf Extract, Xanthan Gum, Parfum, Phenoxyethanol, Ethylhexylglycerin.<\/p>\n<p><b>\u00dcretici Markas\u0131 : AND YOU<\/b><\/p>\n<p><b>\u00dcretici Kodu : AndYou38<\/b><\/p>\n<p><b>1 ADET F\u0130YATIDIR<\/b><\/p>\n<\/h4>\n","protected":false},"excerpt":{"rendered":"<p>And You Roll-On Deodorant For Women 60 ml<\/p>\n","protected":false},"featured_media":221476,"comment_status":"open","ping_status":"closed","template":"","meta":[],"product_brand":[],"product_cat":[17514,17459],"product_tag":[1106,6570,6376,6100,1581,17620,17621,2392],"class_list":{"0":"post-221477","1":"product","2":"type-product","3":"status-publish","4":"has-post-thumbnail","6":"product_cat-deodorant-ve-roll-on-kozmetik","7":"product_cat-kozmetik","8":"product_tag-1106","9":"product_tag-and","10":"product_tag-deodorant","11":"product_tag-for","12":"product_tag-ml","13":"product_tag-roll-on","14":"product_tag-women","15":"product_tag-you","17":"first","18":"instock","19":"taxable","20":"shipping-taxable","21":"purchasable","22":"product-type-simple"},"_links":{"self":[{"href":"https:\/\/depodanmusteriye.com\/urunler\/wp-json\/wp\/v2\/product\/221477","targetHints":{"allow":["GET"]}}],"collection":[{"href":"https:\/\/depodanmusteriye.com\/urunler\/wp-json\/wp\/v2\/product"}],"about":[{"href":"https:\/\/depodanmusteriye.com\/urunler\/wp-json\/wp\/v2\/types\/product"}],"replies":[{"embeddable":true,"href":"https:\/\/depodanmusteriye.com\/urunler\/wp-json\/wp\/v2\/comments?post=221477"}],"version-history":[{"count":0,"href":"https:\/\/depodanmusteriye.com\/urunler\/wp-json\/wp\/v2\/product\/221477\/revisions"}],"wp:featuredmedia":[{"embeddable":true,"href":"https:\/\/depodanmusteriye.com\/urunler\/wp-json\/wp\/v2\/media\/221476"}],"wp:attachment":[{"href":"https:\/\/depodanmusteriye.com\/urunler\/wp-json\/wp\/v2\/media?parent=221477"}],"wp:term":[{"taxonomy":"product_brand","embeddable":true,"href":"https:\/\/depodanmusteriye.com\/urunler\/wp-json\/wp\/v2\/product_brand?post=221477"},{"taxonomy":"product_cat","embeddable":true,"href":"https:\/\/depodanmusteriye.com\/urunler\/wp-json\/wp\/v2\/product_cat?post=221477"},{"taxonomy":"product_tag","embeddable":true,"href":"https:\/\/depodanmusteriye.com\/urunler\/wp-json\/wp\/v2\/product_tag?post=221477"}],"curies":[{"name":"wp","href":"https:\/\/api.w.org\/{rel}","templated":true}]}}