{"id":221359,"date":"2025-12-27T11:45:29","date_gmt":"2025-12-27T11:45:29","guid":{"rendered":"https:\/\/b2b.depodanmusteriye.com\/urun\/and-you-retinol-eye-cream-retinol-goz-kremi-20-ml\/"},"modified":"2025-12-27T11:45:29","modified_gmt":"2025-12-27T11:45:29","slug":"and-you-retinol-eye-cream-retinol-goz-kremi-20-ml","status":"publish","type":"product","link":"https:\/\/depodanmusteriye.com\/urunler\/urun\/and-you-retinol-eye-cream-retinol-goz-kremi-20-ml\/","title":{"rendered":"And You RETINOL EYE CREAM &#8211; Retinol G\u00f6z Kremi 20 ml"},"content":{"rendered":"<h4>\n<p>And You RETINOL EYE CREAM &#8211; Retinol G\u00f6z Kremi 20 ml<\/p>\n<p><strong>\u00dcR\u00dcN A\u00c7IKLAMASI<\/strong><\/p>\n<p><\/p>\n<p>Retinol G\u00f6z Kremi, i\u00e7eri\u011finde stabilize retinoid bile\u015fi\u011fi ile hassas g\u00f6z \u00e7evresinde kullan\u0131labilen g\u00f6z \u00e7evresi ya\u015flanma kar\u015f\u0131t\u0131 bak\u0131m kremidir. G\u00f6z \u00e7evresindeki derin ince \u00e7izgilerin g\u00f6r\u00fcn\u00fcm\u00fcn\u00fc azaltmaya ve cildin s\u0131k\u0131l\u0131\u011f\u0131n\u0131 art\u0131rmaya katk\u0131 sa\u011flar. Yo\u011fun nemlendirme aktifleriyle g\u00f6z \u00e7evresini besler, ayd\u0131nlat\u0131r, canland\u0131r\u0131r.<\/p>\n<p><\/p>\n<p><strong>Kullan\u0131m Bilgisi:<\/strong> Ba\u015flang\u0131\u00e7ta haftada 1-2 kez ak\u015famlar\u0131 kullanmaya ba\u015flay\u0131n. Ard\u0131ndan kademeli olarak s\u0131kl\u0131\u011f\u0131 art\u0131r\u0131n. Titre\u015fimli ba\u015fl\u0131\u011f\u0131 ile g\u00f6z \u00e7evresine ince bir tabaka halinde s\u00fcr\u00fcn ve hafif\u00e7e masaj yaparak emilimini sa\u011flay\u0131n.<\/p>\n<p><\/p>\n<p><strong>Uyar\u0131lar:<\/strong> Haricen kullan\u0131l\u0131r. \u00c7ocuklar\u0131n ula\u015famayaca\u011f\u0131 yerde ve oda s\u0131cakl\u0131\u011f\u0131nda muhafaza ediniz. G\u00f6zler ve hassas b\u00f6lgelerden uzak tutunuz. G\u00f6zle temas\u0131 halinde bol su ile y\u0131kay\u0131n\u0131z. G\u00fcne\u015f \u0131\u015f\u0131\u011f\u0131 ve \u0131s\u0131dan uzakta tutunuz.\u00a0 Kullanmadan \u00f6nce bile\u011finizin i\u00e7 k\u0131sm\u0131nda test ediniz, 10-15 dk. bekledikten sonra herhangi bir alerjik reaksiyon olmamas\u0131 halinde g\u00f6z \u00e7evresine uygulay\u0131n\u0131z. Retinol i\u00e7erikli \u00fcr\u00fcnler hamilelik ve emzirme d\u00f6neminde kullan\u0131lmamal\u0131d\u0131r.<\/p>\n<p><\/p>\n<p><strong>Ingredients \/ \u0130\u00e7indekiler:<\/strong> Aqua, Coco-Caprylate\/Caprate, Butyrospermum Parkii Butter, Glycerin, Cetearyl Glucoside, Cetearyl Alcohol, Undecane, Tridecane, Ethylhexyl Palmitate, Trihydroxystearin, Sodium Hyaluronate, Sodium Stearoyl Glutamate, Glucomannan, Glyceryl Caprylate, Glyceryl Undecylenate, Fucus Vesiculosus Extract, Panax Ginseng Root Extract, Caffeine, Hydrolyzed Hibiscus Esculentus Extract, Dextrin, Gluconolactone, Vitis Vinifera Seed Oil, Retinol, Ascorbyl Tetraisopalmitate, Sodium Polyacrylate, Xanthan Gum, Sodium Chloride, Sodium Benzoate, Phenoxyethanol, Ethylhexylglycerin.<\/p>\n<p><b>\u00dcretici Markas\u0131 : AND YOU<\/b><\/p>\n<p><b>\u00dcretici Kodu : AndYou26<\/b><\/p>\n<p><b>1 ADET F\u0130YATIDIR<\/b><\/p>\n<\/h4>\n","protected":false},"excerpt":{"rendered":"<p>And You RETINOL EYE CREAM &#8211; Retinol G\u00f6z Kremi 20 ml<\/p>\n","protected":false},"featured_media":221358,"comment_status":"open","ping_status":"closed","template":"","meta":[],"product_brand":[],"product_cat":[17505,17459],"product_tag":[6570,1754,17571,1938,5304,1581,17570,2392],"class_list":{"0":"post-221359","1":"product","2":"type-product","3":"status-publish","4":"has-post-thumbnail","6":"product_cat-goz-kremi","7":"product_cat-kozmetik","8":"product_tag-and","9":"product_tag-cream","10":"product_tag-eye","11":"product_tag-goz","12":"product_tag-kremi","13":"product_tag-ml","14":"product_tag-retinol","15":"product_tag-you","17":"first","18":"instock","19":"taxable","20":"shipping-taxable","21":"purchasable","22":"product-type-simple"},"_links":{"self":[{"href":"https:\/\/depodanmusteriye.com\/urunler\/wp-json\/wp\/v2\/product\/221359","targetHints":{"allow":["GET"]}}],"collection":[{"href":"https:\/\/depodanmusteriye.com\/urunler\/wp-json\/wp\/v2\/product"}],"about":[{"href":"https:\/\/depodanmusteriye.com\/urunler\/wp-json\/wp\/v2\/types\/product"}],"replies":[{"embeddable":true,"href":"https:\/\/depodanmusteriye.com\/urunler\/wp-json\/wp\/v2\/comments?post=221359"}],"version-history":[{"count":0,"href":"https:\/\/depodanmusteriye.com\/urunler\/wp-json\/wp\/v2\/product\/221359\/revisions"}],"wp:featuredmedia":[{"embeddable":true,"href":"https:\/\/depodanmusteriye.com\/urunler\/wp-json\/wp\/v2\/media\/221358"}],"wp:attachment":[{"href":"https:\/\/depodanmusteriye.com\/urunler\/wp-json\/wp\/v2\/media?parent=221359"}],"wp:term":[{"taxonomy":"product_brand","embeddable":true,"href":"https:\/\/depodanmusteriye.com\/urunler\/wp-json\/wp\/v2\/product_brand?post=221359"},{"taxonomy":"product_cat","embeddable":true,"href":"https:\/\/depodanmusteriye.com\/urunler\/wp-json\/wp\/v2\/product_cat?post=221359"},{"taxonomy":"product_tag","embeddable":true,"href":"https:\/\/depodanmusteriye.com\/urunler\/wp-json\/wp\/v2\/product_tag?post=221359"}],"curies":[{"name":"wp","href":"https:\/\/api.w.org\/{rel}","templated":true}]}}