{"id":220380,"date":"2025-12-23T07:26:51","date_gmt":"2025-12-23T07:26:51","guid":{"rendered":"https:\/\/b2b.depodanmusteriye.com\/urun\/dis-dikiz-ayna-ucgen-kapagi-klipsli-ayna-ucgeni-sag-courier-13\/"},"modified":"2025-12-23T07:26:51","modified_gmt":"2025-12-23T07:26:51","slug":"dis-dikiz-ayna-ucgen-kapagi-klipsli-ayna-ucgeni-sag-courier-13","status":"publish","type":"product","link":"https:\/\/depodanmusteriye.com\/urunler\/urun\/dis-dikiz-ayna-ucgen-kapagi-klipsli-ayna-ucgeni-sag-courier-13\/","title":{"rendered":"DI\u015e D\u0130K\u0130Z AYNA \u00dc\u00c7GEN KAPA\u011eI KL\u0130PSL\u0130 AYNA \u00dc\u00c7GEN\u0130 SA\u011e COURIER 13"},"content":{"rendered":"<h4>DI\u015e D\u0130K\u0130Z AYNA \u00dc\u00c7GEN KAPA\u011eI KL\u0130PSL\u0130 AYNA \u00dc\u00c7GEN\u0130 SA\u011e COURIER 13<\/p>\n<p><b>\u00dcretici Markas\u0131 : HPL<\/b><\/p>\n<p><b>\u00dcretici Kodu : FCA101<\/b><\/p>\n<p><b>1 ADET F\u0130YATIDIR<\/b><\/p>\n<\/h4>\n<p><\/p>\n","protected":false},"excerpt":{"rendered":"<p>DI\u015e D\u0130K\u0130Z AYNA \u00dc\u00c7GEN KAPA\u011eI KL\u0130PSL\u0130 AYNA \u00dc\u00c7GEN\u0130 SA\u011e COURIER 13<\/p>\n","protected":false},"featured_media":220379,"comment_status":"open","ping_status":"closed","template":"","meta":[],"product_brand":[],"product_cat":[882,372],"product_tag":[1647,1311,9950,1272,2313,1383,2038,360,3759,17368],"class_list":{"0":"post-220380","1":"product","2":"type-product","3":"status-publish","4":"has-post-thumbnail","6":"product_cat-oto-yan-ayna","7":"product_cat-otomotiv","8":"product_tag-1647","9":"product_tag-ayna","10":"product_tag-courier","11":"product_tag-dikiz","12":"product_tag-dis","13":"product_tag-kapagi","14":"product_tag-klipsli","15":"product_tag-sag","16":"product_tag-ucgen","17":"product_tag-ucgeni","19":"first","20":"instock","21":"taxable","22":"shipping-taxable","23":"purchasable","24":"product-type-simple"},"_links":{"self":[{"href":"https:\/\/depodanmusteriye.com\/urunler\/wp-json\/wp\/v2\/product\/220380","targetHints":{"allow":["GET"]}}],"collection":[{"href":"https:\/\/depodanmusteriye.com\/urunler\/wp-json\/wp\/v2\/product"}],"about":[{"href":"https:\/\/depodanmusteriye.com\/urunler\/wp-json\/wp\/v2\/types\/product"}],"replies":[{"embeddable":true,"href":"https:\/\/depodanmusteriye.com\/urunler\/wp-json\/wp\/v2\/comments?post=220380"}],"version-history":[{"count":0,"href":"https:\/\/depodanmusteriye.com\/urunler\/wp-json\/wp\/v2\/product\/220380\/revisions"}],"wp:featuredmedia":[{"embeddable":true,"href":"https:\/\/depodanmusteriye.com\/urunler\/wp-json\/wp\/v2\/media\/220379"}],"wp:attachment":[{"href":"https:\/\/depodanmusteriye.com\/urunler\/wp-json\/wp\/v2\/media?parent=220380"}],"wp:term":[{"taxonomy":"product_brand","embeddable":true,"href":"https:\/\/depodanmusteriye.com\/urunler\/wp-json\/wp\/v2\/product_brand?post=220380"},{"taxonomy":"product_cat","embeddable":true,"href":"https:\/\/depodanmusteriye.com\/urunler\/wp-json\/wp\/v2\/product_cat?post=220380"},{"taxonomy":"product_tag","embeddable":true,"href":"https:\/\/depodanmusteriye.com\/urunler\/wp-json\/wp\/v2\/product_tag?post=220380"}],"curies":[{"name":"wp","href":"https:\/\/api.w.org\/{rel}","templated":true}]}}