{"id":220153,"date":"2025-12-23T07:16:03","date_gmt":"2025-12-23T07:16:03","guid":{"rendered":"https:\/\/b2b.depodanmusteriye.com\/urun\/vw-jetta-siyah-anten-elektrikli-balina-shark-kopek-baligi-oto-tavan-anteni\/"},"modified":"2025-12-23T07:16:03","modified_gmt":"2025-12-23T07:16:03","slug":"vw-jetta-siyah-anten-elektrikli-balina-shark-kopek-baligi-oto-tavan-anteni","status":"publish","type":"product","link":"https:\/\/depodanmusteriye.com\/urunler\/urun\/vw-jetta-siyah-anten-elektrikli-balina-shark-kopek-baligi-oto-tavan-anteni\/","title":{"rendered":"VW Jetta Siyah Anten Elektrikli Balina Shark K\u00f6pek Bal\u0131\u011f\u0131 Oto Tavan Anteni"},"content":{"rendered":"<h4>\n<p>VW Jetta Siyah Anten Elektrikli Balina Shark K\u00f6pek Bal\u0131\u011f\u0131 Oto Tavan Anteni<\/p>\n<p>VW Jetta Siyah Anten Elektrikli Balina Shark K\u00f6pek Bal\u0131\u011f\u0131 Oto Tavan Anteni<\/p>\n<p><b>\u00dcretici Markas\u0131 : AUTOMARS<\/b><\/p>\n<p><b>\u00dcretici Kodu : BALINA00210<\/b><\/p>\n<p><b>1 ADET F\u0130YATIDIR<\/b><\/p>\n<\/h4>\n<p><\/p>\n","protected":false},"excerpt":{"rendered":"<p>VW Jetta Siyah Anten Elektrikli Balina Shark K\u00f6pek Bal\u0131\u011f\u0131 Oto Tavan Anteni<\/p>\n","protected":false},"featured_media":220151,"comment_status":"open","ping_status":"closed","template":"","meta":[],"product_brand":[],"product_cat":[373,842],"product_tag":[1289,16690,4573,6815,1312,9715,1491,4373,15138,1391,9892,1075],"class_list":{"0":"post-220153","1":"product","2":"type-product","3":"status-publish","4":"has-post-thumbnail","6":"product_cat-oto-aksesuar-modifiye","7":"product_cat-oto-amblem","8":"product_tag-anten","9":"product_tag-anteni","10":"product_tag-baligi","11":"product_tag-balina","12":"product_tag-elektrikli","13":"product_tag-jetta","14":"product_tag-kopek","15":"product_tag-oto","16":"product_tag-shark","17":"product_tag-siyah","18":"product_tag-tavan","19":"product_tag-vw","21":"first","22":"instock","23":"taxable","24":"shipping-taxable","25":"purchasable","26":"product-type-simple"},"_links":{"self":[{"href":"https:\/\/depodanmusteriye.com\/urunler\/wp-json\/wp\/v2\/product\/220153","targetHints":{"allow":["GET"]}}],"collection":[{"href":"https:\/\/depodanmusteriye.com\/urunler\/wp-json\/wp\/v2\/product"}],"about":[{"href":"https:\/\/depodanmusteriye.com\/urunler\/wp-json\/wp\/v2\/types\/product"}],"replies":[{"embeddable":true,"href":"https:\/\/depodanmusteriye.com\/urunler\/wp-json\/wp\/v2\/comments?post=220153"}],"version-history":[{"count":0,"href":"https:\/\/depodanmusteriye.com\/urunler\/wp-json\/wp\/v2\/product\/220153\/revisions"}],"wp:featuredmedia":[{"embeddable":true,"href":"https:\/\/depodanmusteriye.com\/urunler\/wp-json\/wp\/v2\/media\/220151"}],"wp:attachment":[{"href":"https:\/\/depodanmusteriye.com\/urunler\/wp-json\/wp\/v2\/media?parent=220153"}],"wp:term":[{"taxonomy":"product_brand","embeddable":true,"href":"https:\/\/depodanmusteriye.com\/urunler\/wp-json\/wp\/v2\/product_brand?post=220153"},{"taxonomy":"product_cat","embeddable":true,"href":"https:\/\/depodanmusteriye.com\/urunler\/wp-json\/wp\/v2\/product_cat?post=220153"},{"taxonomy":"product_tag","embeddable":true,"href":"https:\/\/depodanmusteriye.com\/urunler\/wp-json\/wp\/v2\/product_tag?post=220153"}],"curies":[{"name":"wp","href":"https:\/\/api.w.org\/{rel}","templated":true}]}}