{"id":219794,"date":"2025-12-23T06:57:02","date_gmt":"2025-12-23T06:57:02","guid":{"rendered":"https:\/\/b2b.depodanmusteriye.com\/urun\/arka-kapi-citasi-sagkisa-sase-renault-master-iii\/"},"modified":"2025-12-23T06:57:02","modified_gmt":"2025-12-23T06:57:02","slug":"arka-kapi-citasi-sagkisa-sase-renault-master-iii","status":"publish","type":"product","link":"https:\/\/depodanmusteriye.com\/urunler\/urun\/arka-kapi-citasi-sagkisa-sase-renault-master-iii\/","title":{"rendered":"ARKA KAPI \u00c7ITASI SA\u011eKISA \u015eASE RENAULT MASTER III"},"content":{"rendered":"<h4>ARKA KAPI \u00c7ITASI SA\u011eKISA \u015eASE RENAULT MASTER III<\/p>\n<p><b>\u00dcretici Markas\u0131 : CM<\/b><\/p>\n<p><b>\u00dcretici Kodu : 11502<\/b><\/p>\n<p><b>1 ADET F\u0130YATIDIR<\/b><\/p>\n<\/h4>\n<p><\/p>\n","protected":false},"excerpt":{"rendered":"<p>ARKA KAPI \u00c7ITASI SA\u011eKISA \u015eASE RENAULT MASTER III<\/p>\n","protected":false},"featured_media":219793,"comment_status":"open","ping_status":"closed","template":"","meta":[],"product_brand":[],"product_cat":[373,842],"product_tag":[1242,10140,1340,1450,1339,1061,17241,17242],"class_list":{"0":"post-219794","1":"product","2":"type-product","3":"status-publish","4":"has-post-thumbnail","6":"product_cat-oto-aksesuar-modifiye","7":"product_cat-oto-amblem","8":"product_tag-arka","9":"product_tag-citasi","10":"product_tag-iii","11":"product_tag-kapi","12":"product_tag-master","13":"product_tag-renault","14":"product_tag-sagkisa","15":"product_tag-sase","17":"first","18":"instock","19":"taxable","20":"shipping-taxable","21":"purchasable","22":"product-type-simple"},"_links":{"self":[{"href":"https:\/\/depodanmusteriye.com\/urunler\/wp-json\/wp\/v2\/product\/219794","targetHints":{"allow":["GET"]}}],"collection":[{"href":"https:\/\/depodanmusteriye.com\/urunler\/wp-json\/wp\/v2\/product"}],"about":[{"href":"https:\/\/depodanmusteriye.com\/urunler\/wp-json\/wp\/v2\/types\/product"}],"replies":[{"embeddable":true,"href":"https:\/\/depodanmusteriye.com\/urunler\/wp-json\/wp\/v2\/comments?post=219794"}],"version-history":[{"count":0,"href":"https:\/\/depodanmusteriye.com\/urunler\/wp-json\/wp\/v2\/product\/219794\/revisions"}],"wp:featuredmedia":[{"embeddable":true,"href":"https:\/\/depodanmusteriye.com\/urunler\/wp-json\/wp\/v2\/media\/219793"}],"wp:attachment":[{"href":"https:\/\/depodanmusteriye.com\/urunler\/wp-json\/wp\/v2\/media?parent=219794"}],"wp:term":[{"taxonomy":"product_brand","embeddable":true,"href":"https:\/\/depodanmusteriye.com\/urunler\/wp-json\/wp\/v2\/product_brand?post=219794"},{"taxonomy":"product_cat","embeddable":true,"href":"https:\/\/depodanmusteriye.com\/urunler\/wp-json\/wp\/v2\/product_cat?post=219794"},{"taxonomy":"product_tag","embeddable":true,"href":"https:\/\/depodanmusteriye.com\/urunler\/wp-json\/wp\/v2\/product_tag?post=219794"}],"curies":[{"name":"wp","href":"https:\/\/api.w.org\/{rel}","templated":true}]}}