{"id":219782,"date":"2025-12-23T06:56:25","date_gmt":"2025-12-23T06:56:25","guid":{"rendered":"https:\/\/b2b.depodanmusteriye.com\/urun\/ayna-sinyal-lambasi-sari-sag-renault-master-iii-2-3-dci-100-fwd-opel-movano-b-2-3-cdti-fwd-nissan-nv-400-dci-100\/"},"modified":"2025-12-23T06:56:25","modified_gmt":"2025-12-23T06:56:25","slug":"ayna-sinyal-lambasi-sari-sag-renault-master-iii-2-3-dci-100-fwd-opel-movano-b-2-3-cdti-fwd-nissan-nv-400-dci-100","status":"publish","type":"product","link":"https:\/\/depodanmusteriye.com\/urunler\/urun\/ayna-sinyal-lambasi-sari-sag-renault-master-iii-2-3-dci-100-fwd-opel-movano-b-2-3-cdti-fwd-nissan-nv-400-dci-100\/","title":{"rendered":"AYNA S\u0130NYAL LAMBASI SARI SA\u011e RENAULT MASTER III 2.3 dCi 100 FWD-OPEL MOVANO B 2.3 CDTI FWD-NISSAN NV 400 dCi 100"},"content":{"rendered":"<h4>AYNA S\u0130NYAL LAMBASI SARI SA\u011e RENAULT MASTER III 2.3 dCi 100 FWD-OPEL MOVANO B 2.3 CDTI FWD-NISSAN NV 400 dCi 100<\/p>\n<p><b>\u00dcretici Markas\u0131 : CM<\/b><\/p>\n<p><b>\u00dcretici Kodu : 11601<\/b><\/p>\n<p><b>1 ADET F\u0130YATIDIR<\/b><\/p>\n<\/h4>\n<p><\/p>\n","protected":false},"excerpt":{"rendered":"<p>AYNA S\u0130NYAL LAMBASI SARI SA\u011e RENAULT MASTER III 2.3 dCi 100 FWD-OPEL MOVANO B 2.3 CDTI FWD-NISSAN NV 400 dCi 100<\/p>\n","protected":false},"featured_media":219781,"comment_status":"open","ping_status":"closed","template":"","meta":[],"product_brand":[],"product_cat":[373,842],"product_tag":[1775,1280,4428,1311,2662,2584,1119,17245,17244,1340,2287,1339,15950,17233,1061,360,2350,2711],"class_list":{"0":"post-219782","1":"product","2":"type-product","3":"status-publish","4":"has-post-thumbnail","6":"product_cat-oto-aksesuar-modifiye","7":"product_cat-oto-amblem","8":"product_tag-1775","9":"product_tag-2-3","10":"product_tag-4428","11":"product_tag-ayna","12":"product_tag-b","13":"product_tag-cdti","14":"product_tag-dci","15":"product_tag-fwd-nissan","16":"product_tag-fwd-opel","17":"product_tag-iii","18":"product_tag-lambasi","19":"product_tag-master","20":"product_tag-movano","21":"product_tag-nv","22":"product_tag-renault","23":"product_tag-sag","24":"product_tag-sari","25":"product_tag-sinyal","27":"first","28":"instock","29":"taxable","30":"shipping-taxable","31":"purchasable","32":"product-type-simple"},"_links":{"self":[{"href":"https:\/\/depodanmusteriye.com\/urunler\/wp-json\/wp\/v2\/product\/219782","targetHints":{"allow":["GET"]}}],"collection":[{"href":"https:\/\/depodanmusteriye.com\/urunler\/wp-json\/wp\/v2\/product"}],"about":[{"href":"https:\/\/depodanmusteriye.com\/urunler\/wp-json\/wp\/v2\/types\/product"}],"replies":[{"embeddable":true,"href":"https:\/\/depodanmusteriye.com\/urunler\/wp-json\/wp\/v2\/comments?post=219782"}],"version-history":[{"count":0,"href":"https:\/\/depodanmusteriye.com\/urunler\/wp-json\/wp\/v2\/product\/219782\/revisions"}],"wp:featuredmedia":[{"embeddable":true,"href":"https:\/\/depodanmusteriye.com\/urunler\/wp-json\/wp\/v2\/media\/219781"}],"wp:attachment":[{"href":"https:\/\/depodanmusteriye.com\/urunler\/wp-json\/wp\/v2\/media?parent=219782"}],"wp:term":[{"taxonomy":"product_brand","embeddable":true,"href":"https:\/\/depodanmusteriye.com\/urunler\/wp-json\/wp\/v2\/product_brand?post=219782"},{"taxonomy":"product_cat","embeddable":true,"href":"https:\/\/depodanmusteriye.com\/urunler\/wp-json\/wp\/v2\/product_cat?post=219782"},{"taxonomy":"product_tag","embeddable":true,"href":"https:\/\/depodanmusteriye.com\/urunler\/wp-json\/wp\/v2\/product_tag?post=219782"}],"curies":[{"name":"wp","href":"https:\/\/api.w.org\/{rel}","templated":true}]}}