{"id":219778,"date":"2025-12-23T06:56:13","date_gmt":"2025-12-23T06:56:13","guid":{"rendered":"https:\/\/b2b.depodanmusteriye.com\/urun\/teker-arkasi-pano-citasi-sagkisa-sase-renault-master-iii\/"},"modified":"2025-12-23T06:56:13","modified_gmt":"2025-12-23T06:56:13","slug":"teker-arkasi-pano-citasi-sagkisa-sase-renault-master-iii","status":"publish","type":"product","link":"https:\/\/depodanmusteriye.com\/urunler\/urun\/teker-arkasi-pano-citasi-sagkisa-sase-renault-master-iii\/","title":{"rendered":"TEKER ARKASI PANO \u00c7ITASI SA\u011eKISA \u015eASE RENAULT MASTER III"},"content":{"rendered":"<h4>TEKER ARKASI PANO \u00c7ITASI SA\u011eKISA \u015eASE RENAULT MASTER III<\/p>\n<p><b>\u00dcretici Markas\u0131 : CM<\/b><\/p>\n<p><b>\u00dcretici Kodu : 11504<\/b><\/p>\n<p><b>1 ADET F\u0130YATIDIR<\/b><\/p>\n<\/h4>\n<p><\/p>\n","protected":false},"excerpt":{"rendered":"<p>TEKER ARKASI PANO \u00c7ITASI SA\u011eKISA \u015eASE RENAULT MASTER III<\/p>\n","protected":false},"featured_media":219777,"comment_status":"open","ping_status":"closed","template":"","meta":[],"product_brand":[],"product_cat":[373,842],"product_tag":[1472,10140,1340,1339,14703,1061,17241,17242,3427],"class_list":{"0":"post-219778","1":"product","2":"type-product","3":"status-publish","4":"has-post-thumbnail","6":"product_cat-oto-aksesuar-modifiye","7":"product_cat-oto-amblem","8":"product_tag-arkasi","9":"product_tag-citasi","10":"product_tag-iii","11":"product_tag-master","12":"product_tag-pano","13":"product_tag-renault","14":"product_tag-sagkisa","15":"product_tag-sase","16":"product_tag-teker","18":"first","19":"instock","20":"taxable","21":"shipping-taxable","22":"purchasable","23":"product-type-simple"},"_links":{"self":[{"href":"https:\/\/depodanmusteriye.com\/urunler\/wp-json\/wp\/v2\/product\/219778","targetHints":{"allow":["GET"]}}],"collection":[{"href":"https:\/\/depodanmusteriye.com\/urunler\/wp-json\/wp\/v2\/product"}],"about":[{"href":"https:\/\/depodanmusteriye.com\/urunler\/wp-json\/wp\/v2\/types\/product"}],"replies":[{"embeddable":true,"href":"https:\/\/depodanmusteriye.com\/urunler\/wp-json\/wp\/v2\/comments?post=219778"}],"version-history":[{"count":0,"href":"https:\/\/depodanmusteriye.com\/urunler\/wp-json\/wp\/v2\/product\/219778\/revisions"}],"wp:featuredmedia":[{"embeddable":true,"href":"https:\/\/depodanmusteriye.com\/urunler\/wp-json\/wp\/v2\/media\/219777"}],"wp:attachment":[{"href":"https:\/\/depodanmusteriye.com\/urunler\/wp-json\/wp\/v2\/media?parent=219778"}],"wp:term":[{"taxonomy":"product_brand","embeddable":true,"href":"https:\/\/depodanmusteriye.com\/urunler\/wp-json\/wp\/v2\/product_brand?post=219778"},{"taxonomy":"product_cat","embeddable":true,"href":"https:\/\/depodanmusteriye.com\/urunler\/wp-json\/wp\/v2\/product_cat?post=219778"},{"taxonomy":"product_tag","embeddable":true,"href":"https:\/\/depodanmusteriye.com\/urunler\/wp-json\/wp\/v2\/product_tag?post=219778"}],"curies":[{"name":"wp","href":"https:\/\/api.w.org\/{rel}","templated":true}]}}