{"id":218320,"date":"2025-12-23T05:09:52","date_gmt":"2025-12-23T05:09:52","guid":{"rendered":"https:\/\/b2b.depodanmusteriye.com\/urun\/vw-polo-gri-anten-balina-shark-kopek-baligi-oto-tavan-anteni\/"},"modified":"2025-12-23T05:09:52","modified_gmt":"2025-12-23T05:09:52","slug":"vw-polo-gri-anten-balina-shark-kopek-baligi-oto-tavan-anteni","status":"publish","type":"product","link":"https:\/\/depodanmusteriye.com\/urunler\/urun\/vw-polo-gri-anten-balina-shark-kopek-baligi-oto-tavan-anteni\/","title":{"rendered":"VW Polo Gri Anten Balina Shark K\u00f6pek Bal\u0131\u011f\u0131 Oto Tavan Anteni"},"content":{"rendered":"<h4><\/p>\n<h4> <b>1 ADET F\u0130YATIDIR<\/b> <\/h4>\n<p>VW Polo Gri Anten Balina Shark K\u00f6pek Bal\u0131\u011f\u0131 Oto Tavan Anteni<\/p>\n<p><b>\u00dcretici Markas\u0131 : AUTOMARS<\/b><\/p>\n<p><b>\u00dcretici Kodu : BALINA00112<\/b><\/p>\n<p><b>1 ADET F\u0130YATIDIR<\/b><\/p>\n<\/h4>\n<p><\/p>\n","protected":false},"excerpt":{"rendered":"<p>VW Polo Gri Anten Balina Shark K\u00f6pek Bal\u0131\u011f\u0131 Oto Tavan Anteni<\/p>\n","protected":false},"featured_media":218318,"comment_status":"open","ping_status":"closed","template":"","meta":[],"product_brand":[],"product_cat":[373,842],"product_tag":[1289,16690,4573,6815,1684,1491,4373,1079,15138,9892,1075],"class_list":{"0":"post-218320","1":"product","2":"type-product","3":"status-publish","4":"has-post-thumbnail","6":"product_cat-oto-aksesuar-modifiye","7":"product_cat-oto-amblem","8":"product_tag-anten","9":"product_tag-anteni","10":"product_tag-baligi","11":"product_tag-balina","12":"product_tag-gri","13":"product_tag-kopek","14":"product_tag-oto","15":"product_tag-polo","16":"product_tag-shark","17":"product_tag-tavan","18":"product_tag-vw","20":"first","21":"instock","22":"taxable","23":"shipping-taxable","24":"purchasable","25":"product-type-simple"},"_links":{"self":[{"href":"https:\/\/depodanmusteriye.com\/urunler\/wp-json\/wp\/v2\/product\/218320","targetHints":{"allow":["GET"]}}],"collection":[{"href":"https:\/\/depodanmusteriye.com\/urunler\/wp-json\/wp\/v2\/product"}],"about":[{"href":"https:\/\/depodanmusteriye.com\/urunler\/wp-json\/wp\/v2\/types\/product"}],"replies":[{"embeddable":true,"href":"https:\/\/depodanmusteriye.com\/urunler\/wp-json\/wp\/v2\/comments?post=218320"}],"version-history":[{"count":0,"href":"https:\/\/depodanmusteriye.com\/urunler\/wp-json\/wp\/v2\/product\/218320\/revisions"}],"wp:featuredmedia":[{"embeddable":true,"href":"https:\/\/depodanmusteriye.com\/urunler\/wp-json\/wp\/v2\/media\/218318"}],"wp:attachment":[{"href":"https:\/\/depodanmusteriye.com\/urunler\/wp-json\/wp\/v2\/media?parent=218320"}],"wp:term":[{"taxonomy":"product_brand","embeddable":true,"href":"https:\/\/depodanmusteriye.com\/urunler\/wp-json\/wp\/v2\/product_brand?post=218320"},{"taxonomy":"product_cat","embeddable":true,"href":"https:\/\/depodanmusteriye.com\/urunler\/wp-json\/wp\/v2\/product_cat?post=218320"},{"taxonomy":"product_tag","embeddable":true,"href":"https:\/\/depodanmusteriye.com\/urunler\/wp-json\/wp\/v2\/product_tag?post=218320"}],"curies":[{"name":"wp","href":"https:\/\/api.w.org\/{rel}","templated":true}]}}