{"id":217447,"date":"2025-12-22T22:31:10","date_gmt":"2025-12-22T22:31:10","guid":{"rendered":"https:\/\/b2b.depodanmusteriye.com\/urun\/hava-filtresi-agila\/"},"modified":"2025-12-22T22:31:10","modified_gmt":"2025-12-22T22:31:10","slug":"hava-filtresi-agila","status":"publish","type":"product","link":"https:\/\/depodanmusteriye.com\/urunler\/urun\/hava-filtresi-agila\/","title":{"rendered":"HAVA F\u0130LTRES\u0130 (AG\u0130LA)"},"content":{"rendered":"<h4><\/p>\n<h4> <b>1 ADET F\u0130YATIDIR<\/b> <\/h4>\n<p>HAVA F\u0130LTRES\u0130 (AG\u0130LA)<\/p>\n<p><b>\u00dcretici Markas\u0131 : SARDES<\/b><\/p>\n<p><b>\u00dcretici Kodu : SA488<\/b><\/p>\n<p><b>1 ADET F\u0130YATIDIR<\/b><\/p>\n<\/h4>\n<p><\/p>\n<table id='carPropertiesTable' width='100%' border='1' cellspacing='0' cellpadding='0'>\n<tr>\n<th><strong>OEM<\/strong><\/th>\n<td>SA9084<\/td>\n<td>99000990YJ002<\/td>\n<td>9204635<\/td>\n<\/tr>\n<tr>\n<td colspan='4'>&nbsp;<\/td>\n<\/tr>\n<tr>\n<th><strong>MODEL<\/strong><\/th>\n<th><strong>YIL<\/strong><\/th>\n<th><strong>YAKIT<\/strong><\/th>\n<th><strong>MOTOR HACM\u0130<\/strong><\/th>\n<\/tr>\n<tr>\n<td><strong>&nbsp;FIAT &#8211; PANDA&nbsp;<\/strong><\/td>\n<td>&nbsp;2012 &#8211; &nbsp;<\/td>\n<td>&nbsp;Dizel&nbsp;<\/td>\n<td>&nbsp;1.3&nbsp;<\/td>\n<\/tr>\n<tr>\n<td><strong>&nbsp;FORD &#8211; FOCUS C-MAX&nbsp;<\/strong><\/td>\n<td>&nbsp;2003 &#8211; 2007&nbsp;<\/td>\n<td>&nbsp;Benzin&nbsp;<\/td>\n<td>&nbsp;1.8&nbsp;<\/td>\n<\/tr>\n<tr>\n<td><strong>&nbsp;HYUNDAI &#8211; ACCENT III&nbsp;<\/strong><\/td>\n<td>&nbsp;2005 &#8211; 2010&nbsp;<\/td>\n<td>&nbsp;Dizel&nbsp;<\/td>\n<td>&nbsp;1.5&nbsp;<\/td>\n<\/tr>\n<tr>\n<td><strong>&nbsp;PEUGEOT &#8211; 207&nbsp;<\/strong><\/td>\n<td>&nbsp;2006 &#8211; 2013&nbsp;<\/td>\n<td>&nbsp;Benzin&nbsp;<\/td>\n<td>&nbsp;1.6&nbsp;<\/td>\n<\/tr>\n<tr>\n<td><strong>&nbsp;PEUGEOT &#8211; 207&nbsp;<\/strong><\/td>\n<td>&nbsp;2006 &#8211; 2013&nbsp;<\/td>\n<td>&nbsp;Benzin&nbsp;<\/td>\n<td>&nbsp;1.4&nbsp;<\/td>\n<\/tr>\n<tr>\n<td><strong>&nbsp;PEUGEOT &#8211; 407 SW&nbsp;<\/strong><\/td>\n<td>&nbsp;2004 &#8211; 2005&nbsp;<\/td>\n<td>&nbsp;Benzin&nbsp;<\/td>\n<td>&nbsp;2.0&nbsp;<\/td>\n<\/tr>\n<tr>\n<td><strong>&nbsp;SKODA &#8211; OCTAVIA I&nbsp;<\/strong><\/td>\n<td>&nbsp;2002 &#8211; 2004&nbsp;<\/td>\n<td>&nbsp;Dizel&nbsp;<\/td>\n<td>&nbsp;1.9 TDI&nbsp;<\/td>\n<\/tr>\n<tr>\n<td><strong>&nbsp;VOLVO &#8211; 940 II&nbsp;<\/strong><\/td>\n<td>&nbsp;1996 &#8211; 1998&nbsp;<\/td>\n<td>&nbsp;Benzin&nbsp;<\/td>\n<td>&nbsp;2.0&nbsp;<\/td>\n<\/tr>\n<tr>\n<td><strong>&nbsp;OPEL &#8211; AGILA&nbsp;<\/strong><\/td>\n<td>&nbsp;2003 &#8211; 2007&nbsp;<\/td>\n<td>&nbsp;Benzin&nbsp;<\/td>\n<td>&nbsp;1.0&nbsp;<\/td>\n<\/tr>\n<tr>\n<td><strong>&nbsp;OPEL &#8211; AGILA&nbsp;<\/strong><\/td>\n<td>&nbsp;2000 &#8211; 2007&nbsp;<\/td>\n<td>&nbsp;Benzin&nbsp;<\/td>\n<td>&nbsp;1.2&nbsp;<\/td>\n<\/tr>\n<tr>\n<td><strong>&nbsp;OPEL &#8211; AGILA&nbsp;<\/strong><\/td>\n<td>&nbsp;2000 &#8211; 2007&nbsp;<\/td>\n<td>&nbsp;Benzin&nbsp;<\/td>\n<td>&nbsp;1.0&nbsp;<\/td>\n<\/tr>\n<tr>\n<td><strong>&nbsp;OPEL &#8211; AGILA&nbsp;<\/strong><\/td>\n<td>&nbsp;2004 &#8211; 2007&nbsp;<\/td>\n<td>&nbsp;Benzin&nbsp;<\/td>\n<td>&nbsp;1.2&nbsp;<\/td>\n<\/tr>\n<tr>\n<td><strong>&nbsp;MAZDA &#8211; 626 II Hatchback&nbsp;<\/strong><\/td>\n<td>&nbsp;1983 &#8211; 1987&nbsp;<\/td>\n<td>&nbsp;Benzin&nbsp;<\/td>\n<td>&nbsp;1.6&nbsp;<\/td>\n<\/tr>\n<tr>\n<td><strong>&nbsp;SUZUKI &#8211; IGNIS I&nbsp;<\/strong><\/td>\n<td>&nbsp;2003 &#8211; 2005&nbsp;<\/td>\n<td>&nbsp;Benzin&nbsp;<\/td>\n<td>&nbsp;1.5&nbsp;<\/td>\n<\/tr>\n<tr>\n<td><strong>&nbsp;SUZUKI &#8211; IGNIS II&nbsp;<\/strong><\/td>\n<td>&nbsp;2003 &#8211; &nbsp;<\/td>\n<td>&nbsp;Benzin&nbsp;<\/td>\n<td>&nbsp;1.5&nbsp;<\/td>\n<\/tr>\n<tr>\n<td><strong>&nbsp;SUZUKI &#8211; IGNIS II&nbsp;<\/strong><\/td>\n<td>&nbsp;2003 &#8211; &nbsp;<\/td>\n<td>&nbsp;Benzin&nbsp;<\/td>\n<td>&nbsp;1.3&nbsp;<\/td>\n<\/tr>\n<tr>\n<td><strong>&nbsp;SUZUKI &#8211; SAMURAI A\u00e7\u0131k Arazi Araci&nbsp;<\/strong><\/td>\n<td>&nbsp;1989 &#8211; 1992&nbsp;<\/td>\n<td>&nbsp;Benzin&nbsp;<\/td>\n<td>&nbsp;1.3&nbsp;<\/td>\n<\/tr>\n<tr>\n<td><strong>&nbsp;SUZUKI &#8211; SAMURAI A\u00e7\u0131k Arazi Araci&nbsp;<\/strong><\/td>\n<td>&nbsp;1988 &#8211; 1992&nbsp;<\/td>\n<td>&nbsp;Benzin&nbsp;<\/td>\n<td>&nbsp;1.3&nbsp;<\/td>\n<\/tr>\n<tr>\n<td><strong>&nbsp;SUZUKI &#8211; SAMURAI A\u00e7\u0131k Arazi Araci&nbsp;<\/strong><\/td>\n<td>&nbsp;1992 &#8211; 1998&nbsp;<\/td>\n<td>&nbsp;Benzin&nbsp;<\/td>\n<td>&nbsp;1.3&nbsp;<\/td>\n<\/tr>\n<tr>\n<td><strong>&nbsp;SUZUKI &#8211; SAMURAI SUV&nbsp;<\/strong><\/td>\n<td>&nbsp;1988 &#8211; 2004&nbsp;<\/td>\n<td>&nbsp;Benzin&nbsp;<\/td>\n<td>&nbsp;1.3&nbsp;<\/td>\n<\/tr>\n<tr>\n<td><strong>&nbsp;SUZUKI &#8211; SAMURAI SUV&nbsp;<\/strong><\/td>\n<td>&nbsp;1992 &#8211; 2000&nbsp;<\/td>\n<td>&nbsp;Benzin&nbsp;<\/td>\n<td>&nbsp;1.3&nbsp;<\/td>\n<\/tr>\n<tr>\n<td><strong>&nbsp;SUZUKI &#8211; SAMURAI SUV&nbsp;<\/strong><\/td>\n<td>&nbsp;1989 &#8211; 1992&nbsp;<\/td>\n<td>&nbsp;Benzin&nbsp;<\/td>\n<td>&nbsp;1.3&nbsp;<\/td>\n<\/tr>\n<tr>\n<td><strong>&nbsp;SUZUKI &#8211; SAMURAI SUV&nbsp;<\/strong><\/td>\n<td>&nbsp;2000 &#8211; 2004&nbsp;<\/td>\n<td>&nbsp;Benzin&nbsp;<\/td>\n<td>&nbsp;1.3&nbsp;<\/td>\n<\/tr>\n<tr>\n<td><strong>&nbsp;SUZUKI &#8211; SJ 413&nbsp;<\/strong><\/td>\n<td>&nbsp;1984 &#8211; 1990&nbsp;<\/td>\n<td>&nbsp;Benzin&nbsp;<\/td>\n<td>&nbsp;1.3&nbsp;<\/td>\n<\/tr>\n<tr>\n<td><strong>&nbsp;SUZUKI &#8211; SJ 413&nbsp;<\/strong><\/td>\n<td>&nbsp;1986 &#8211; 1990&nbsp;<\/td>\n<td>&nbsp;Benzin&nbsp;<\/td>\n<td>&nbsp;1.3&nbsp;<\/td>\n<\/tr>\n<tr>\n<td><strong>&nbsp;SUZUKI &#8211; SPLASH&nbsp;<\/strong><\/td>\n<td>&nbsp;2008 &#8211; &nbsp;<\/td>\n<td>&nbsp;Benzin&nbsp;<\/td>\n<td>&nbsp;1.2&nbsp;<\/td>\n<\/tr>\n<tr>\n<td><strong>&nbsp;SUZUKI &#8211; SPLASH&nbsp;<\/strong><\/td>\n<td>&nbsp;2008 &#8211; &nbsp;<\/td>\n<td>&nbsp;Benzin&nbsp;<\/td>\n<td>&nbsp;1.0&nbsp;<\/td>\n<\/tr>\n<tr>\n<td><strong>&nbsp;SUZUKI &#8211; WAGON R SORIO Hatchback&nbsp;<\/strong><\/td>\n<td>&nbsp;2003 &#8211; &nbsp;<\/td>\n<td>&nbsp;Benzin&nbsp;<\/td>\n<td>&nbsp;1.3&nbsp;<\/td>\n<\/tr>\n<tr>\n<td><strong>&nbsp;SUZUKI &#8211; WAGON R SORIO Hatchback&nbsp;<\/strong><\/td>\n<td>&nbsp;2001 &#8211; &nbsp;<\/td>\n<td>&nbsp;Benzin&nbsp;<\/td>\n<td>&nbsp;1.3&nbsp;<\/td>\n<\/tr>\n<tr>\n<td><strong>&nbsp;SUZUKI &#8211; WAGON R SORIO Hatchback&nbsp;<\/strong><\/td>\n<td>&nbsp;2000 &#8211; 2004&nbsp;<\/td>\n<td>&nbsp;Benzin&nbsp;<\/td>\n<td>&nbsp;1.3&nbsp;<\/td>\n<\/tr>\n<tr>\n<td><strong>&nbsp;SUBARU &#8211; JUSTY II&nbsp;<\/strong><\/td>\n<td>&nbsp;2001 &#8211; 2003&nbsp;<\/td>\n<td>&nbsp;Benzin&nbsp;<\/td>\n<td>&nbsp;1.3&nbsp;<\/td>\n<\/tr>\n<tr>\n<td><strong>&nbsp;SUBARU &#8211; JUSTY III&nbsp;<\/strong><\/td>\n<td>&nbsp;2003 &#8211; &nbsp;<\/td>\n<td>&nbsp;Benzin&nbsp;<\/td>\n<td>&nbsp;1.3&nbsp;<\/td>\n<\/tr>\n<\/table>\n<style>#carPropertiesTable td{padding:2px;}<\/style>\n","protected":false},"excerpt":{"rendered":"<p>HAVA F\u0130LTRES\u0130 (AG\u0130LA)<\/p>\n","protected":false},"featured_media":217446,"comment_status":"open","ping_status":"closed","template":"","meta":[],"product_brand":[],"product_cat":[906,372],"product_tag":[16514,1096,1085],"class_list":{"0":"post-217447","1":"product","2":"type-product","3":"status-publish","4":"has-post-thumbnail","6":"product_cat-oto-hava-filtresi","7":"product_cat-otomotiv","8":"product_tag-agila","9":"product_tag-filtresi","10":"product_tag-hava","12":"first","13":"instock","14":"taxable","15":"shipping-taxable","16":"purchasable","17":"product-type-simple"},"_links":{"self":[{"href":"https:\/\/depodanmusteriye.com\/urunler\/wp-json\/wp\/v2\/product\/217447","targetHints":{"allow":["GET"]}}],"collection":[{"href":"https:\/\/depodanmusteriye.com\/urunler\/wp-json\/wp\/v2\/product"}],"about":[{"href":"https:\/\/depodanmusteriye.com\/urunler\/wp-json\/wp\/v2\/types\/product"}],"replies":[{"embeddable":true,"href":"https:\/\/depodanmusteriye.com\/urunler\/wp-json\/wp\/v2\/comments?post=217447"}],"version-history":[{"count":0,"href":"https:\/\/depodanmusteriye.com\/urunler\/wp-json\/wp\/v2\/product\/217447\/revisions"}],"wp:featuredmedia":[{"embeddable":true,"href":"https:\/\/depodanmusteriye.com\/urunler\/wp-json\/wp\/v2\/media\/217446"}],"wp:attachment":[{"href":"https:\/\/depodanmusteriye.com\/urunler\/wp-json\/wp\/v2\/media?parent=217447"}],"wp:term":[{"taxonomy":"product_brand","embeddable":true,"href":"https:\/\/depodanmusteriye.com\/urunler\/wp-json\/wp\/v2\/product_brand?post=217447"},{"taxonomy":"product_cat","embeddable":true,"href":"https:\/\/depodanmusteriye.com\/urunler\/wp-json\/wp\/v2\/product_cat?post=217447"},{"taxonomy":"product_tag","embeddable":true,"href":"https:\/\/depodanmusteriye.com\/urunler\/wp-json\/wp\/v2\/product_tag?post=217447"}],"curies":[{"name":"wp","href":"https:\/\/api.w.org\/{rel}","templated":true}]}}