{"id":217255,"date":"2025-12-22T22:19:34","date_gmt":"2025-12-22T22:19:34","guid":{"rendered":"https:\/\/b2b.depodanmusteriye.com\/urun\/hava-filtresi-211-203-kasa-c200-e200-kompresor\/"},"modified":"2025-12-22T22:19:34","modified_gmt":"2025-12-22T22:19:34","slug":"hava-filtresi-211-203-kasa-c200-e200-kompresor","status":"publish","type":"product","link":"https:\/\/depodanmusteriye.com\/urunler\/urun\/hava-filtresi-211-203-kasa-c200-e200-kompresor\/","title":{"rendered":"HAVA F\u0130LTRES\u0130 (211 &#8211; 203 KASA C200 -E200 KOMPRES\u00d6R)"},"content":{"rendered":"<h4><\/p>\n<h4> <b>1 ADET F\u0130YATIDIR<\/b> <\/h4>\n<p>HAVA F\u0130LTRES\u0130 (211 &#8211; 203 KASA C200 -E200 KOMPRES\u00d6R)<\/p>\n<p><b>\u00dcretici Markas\u0131 : SARDES<\/b><\/p>\n<p><b>\u00dcretici Kodu : SA441<\/b><\/p>\n<p><b>1 ADET F\u0130YATIDIR<\/b><\/p>\n<\/h4>\n<p><\/p>\n<table id='carPropertiesTable' width='100%' border='1' cellspacing='0' cellpadding='0'>\n<tr>\n<th><strong>OEM<\/strong><\/th>\n<td>A2710940204<\/td>\n<td>7424999341<\/td>\n<td>2710940204<\/td>\n<\/tr>\n<tr>\n<td colspan='4'>&nbsp;<\/td>\n<\/tr>\n<tr>\n<th><strong>MODEL<\/strong><\/th>\n<th><strong>YIL<\/strong><\/th>\n<th><strong>YAKIT<\/strong><\/th>\n<th><strong>MOTOR HACM\u0130<\/strong><\/th>\n<\/tr>\n<tr>\n<td><strong>&nbsp;MERCEDES-BENZ &#8211; C-SERISI&nbsp;<\/strong><\/td>\n<td>&nbsp;2007 &#8211; 2014&nbsp;<\/td>\n<td>&nbsp;Benzin&nbsp;<\/td>\n<td>&nbsp;C&nbsp;<\/td>\n<\/tr>\n<tr>\n<td><strong>&nbsp;MERCEDES-BENZ &#8211; C-SERISI&nbsp;<\/strong><\/td>\n<td>&nbsp;2004 &#8211; 2007&nbsp;<\/td>\n<td>&nbsp;Benzin&nbsp;<\/td>\n<td>&nbsp;C&nbsp;<\/td>\n<\/tr>\n<tr>\n<td><strong>&nbsp;MERCEDES-BENZ &#8211; C-SERISI&nbsp;<\/strong><\/td>\n<td>&nbsp;2003 &#8211; 2007&nbsp;<\/td>\n<td>&nbsp;Benzin&nbsp;<\/td>\n<td>&nbsp;C&nbsp;<\/td>\n<\/tr>\n<tr>\n<td><strong>&nbsp;MERCEDES-BENZ &#8211; C-SERISI&nbsp;<\/strong><\/td>\n<td>&nbsp;2002 &#8211; 2007&nbsp;<\/td>\n<td>&nbsp;Benzin&nbsp;<\/td>\n<td>&nbsp;C&nbsp;<\/td>\n<\/tr>\n<tr>\n<td><strong>&nbsp;MERCEDES-BENZ &#8211; C-SERISI&nbsp;<\/strong><\/td>\n<td>&nbsp;2008 &#8211; 2014&nbsp;<\/td>\n<td>&nbsp;Benzin&nbsp;<\/td>\n<td>&nbsp;C&nbsp;<\/td>\n<\/tr>\n<tr>\n<td><strong>&nbsp;MERCEDES-BENZ &#8211; C-SERISI Coupe&nbsp;<\/strong><\/td>\n<td>&nbsp;2003 &#8211; 2008&nbsp;<\/td>\n<td>&nbsp;Benzin&nbsp;<\/td>\n<td>&nbsp;C&nbsp;<\/td>\n<\/tr>\n<tr>\n<td><strong>&nbsp;MERCEDES-BENZ &#8211; C-SERISI Coupe&nbsp;<\/strong><\/td>\n<td>&nbsp;2011 &#8211; &nbsp;<\/td>\n<td>&nbsp;Benzin&nbsp;<\/td>\n<td>&nbsp;C&nbsp;<\/td>\n<\/tr>\n<tr>\n<td><strong>&nbsp;MERCEDES-BENZ &#8211; C-SERISI Coupe&nbsp;<\/strong><\/td>\n<td>&nbsp;2002 &#8211; 2008&nbsp;<\/td>\n<td>&nbsp;Benzin&nbsp;<\/td>\n<td>&nbsp;C&nbsp;<\/td>\n<\/tr>\n<tr>\n<td><strong>&nbsp;MERCEDES-BENZ &#8211; C-SERISI T-Model&nbsp;<\/strong><\/td>\n<td>&nbsp;2004 &#8211; 2007&nbsp;<\/td>\n<td>&nbsp;Benzin&nbsp;<\/td>\n<td>&nbsp;C&nbsp;<\/td>\n<\/tr>\n<tr>\n<td><strong>&nbsp;MERCEDES-BENZ &#8211; C-SERISI T-Model&nbsp;<\/strong><\/td>\n<td>&nbsp;2003 &#8211; 2007&nbsp;<\/td>\n<td>&nbsp;Benzin&nbsp;<\/td>\n<td>&nbsp;C&nbsp;<\/td>\n<\/tr>\n<tr>\n<td><strong>&nbsp;MERCEDES-BENZ &#8211; C-SERISI T-Model&nbsp;<\/strong><\/td>\n<td>&nbsp;2002 &#8211; 2007&nbsp;<\/td>\n<td>&nbsp;Benzin&nbsp;<\/td>\n<td>&nbsp;C&nbsp;<\/td>\n<\/tr>\n<tr>\n<td><strong>&nbsp;MERCEDES-BENZ &#8211; C-SERISI T-Model&nbsp;<\/strong><\/td>\n<td>&nbsp;2009 &#8211; 2014&nbsp;<\/td>\n<td>&nbsp;Benzin&nbsp;<\/td>\n<td>&nbsp;C&nbsp;<\/td>\n<\/tr>\n<tr>\n<td><strong>&nbsp;MERCEDES-BENZ &#8211; C-SERISI T-Model&nbsp;<\/strong><\/td>\n<td>&nbsp;2008 &#8211; 2014&nbsp;<\/td>\n<td>&nbsp;Benzin&nbsp;<\/td>\n<td>&nbsp;C&nbsp;<\/td>\n<\/tr>\n<tr>\n<td><strong>&nbsp;MERCEDES-BENZ &#8211; C-SERISI T-Model&nbsp;<\/strong><\/td>\n<td>&nbsp;2007 &#8211; 2014&nbsp;<\/td>\n<td>&nbsp;Benzin&nbsp;<\/td>\n<td>&nbsp;C&nbsp;<\/td>\n<\/tr>\n<tr>\n<td><strong>&nbsp;MERCEDES-BENZ &#8211; CLC-SERISI&nbsp;<\/strong><\/td>\n<td>&nbsp;2009 &#8211; 2011&nbsp;<\/td>\n<td>&nbsp;Benzin&nbsp;<\/td>\n<td>&nbsp;CLC&nbsp;<\/td>\n<\/tr>\n<tr>\n<td><strong>&nbsp;MERCEDES-BENZ &#8211; CLC-SERISI&nbsp;<\/strong><\/td>\n<td>&nbsp;2008 &#8211; 2011&nbsp;<\/td>\n<td>&nbsp;Benzin&nbsp;<\/td>\n<td>&nbsp;CLC&nbsp;<\/td>\n<\/tr>\n<tr>\n<td><strong>&nbsp;MERCEDES-BENZ &#8211; CLK&nbsp;<\/strong><\/td>\n<td>&nbsp;2006 &#8211; 2009&nbsp;<\/td>\n<td>&nbsp;Benzin&nbsp;<\/td>\n<td>&nbsp;200&nbsp;<\/td>\n<\/tr>\n<tr>\n<td><strong>&nbsp;MERCEDES-BENZ &#8211; CLK&nbsp;<\/strong><\/td>\n<td>&nbsp;2003 &#8211; 2009&nbsp;<\/td>\n<td>&nbsp;Benzin&nbsp;<\/td>\n<td>&nbsp;200&nbsp;<\/td>\n<\/tr>\n<tr>\n<td><strong>&nbsp;MERCEDES-BENZ &#8211; CLK&nbsp;<\/strong><\/td>\n<td>&nbsp;2002 &#8211; 2009&nbsp;<\/td>\n<td>&nbsp;Benzin&nbsp;<\/td>\n<td>&nbsp;200&nbsp;<\/td>\n<\/tr>\n<tr>\n<td><strong>&nbsp;MERCEDES-BENZ &#8211; CLK Cabrio&nbsp;<\/strong><\/td>\n<td>&nbsp;2003 &#8211; 2010&nbsp;<\/td>\n<td>&nbsp;Benzin&nbsp;<\/td>\n<td>&nbsp;CLK&nbsp;<\/td>\n<\/tr>\n<tr>\n<td><strong>&nbsp;MERCEDES-BENZ &#8211; CLK Cabrio&nbsp;<\/strong><\/td>\n<td>&nbsp;2006 &#8211; 2010&nbsp;<\/td>\n<td>&nbsp;Benzin&nbsp;<\/td>\n<td>&nbsp;CLK&nbsp;<\/td>\n<\/tr>\n<tr>\n<td><strong>&nbsp;MERCEDES-BENZ &#8211; E-SERISI&nbsp;<\/strong><\/td>\n<td>&nbsp;2006 &#8211; 2008&nbsp;<\/td>\n<td>&nbsp;Benzin&nbsp;<\/td>\n<td>&nbsp;E&nbsp;<\/td>\n<\/tr>\n<tr>\n<td><strong>&nbsp;MERCEDES-BENZ &#8211; E-SERISI&nbsp;<\/strong><\/td>\n<td>&nbsp;2004 &#8211; 2008&nbsp;<\/td>\n<td>&nbsp;Benzin\/dogal gaz (CNG)&nbsp;<\/td>\n<td>&nbsp;E&nbsp;<\/td>\n<\/tr>\n<tr>\n<td><strong>&nbsp;MERCEDES-BENZ &#8211; E-SERISI&nbsp;<\/strong><\/td>\n<td>&nbsp;2002 &#8211; 2008&nbsp;<\/td>\n<td>&nbsp;Benzin&nbsp;<\/td>\n<td>&nbsp;E&nbsp;<\/td>\n<\/tr>\n<tr>\n<td><strong>&nbsp;MERCEDES-BENZ &#8211; E-SERISI&nbsp;<\/strong><\/td>\n<td>&nbsp;2011 &#8211; 2015&nbsp;<\/td>\n<td>&nbsp;Benzin\/dogal gaz (CNG)&nbsp;<\/td>\n<td>&nbsp;E&nbsp;<\/td>\n<\/tr>\n<tr>\n<td><strong>&nbsp;MERCEDES-BENZ &#8211; E-SERISI T-Model&nbsp;<\/strong><\/td>\n<td>&nbsp;2006 &#8211; 2009&nbsp;<\/td>\n<td>&nbsp;Benzin&nbsp;<\/td>\n<td>&nbsp;E&nbsp;<\/td>\n<\/tr>\n<tr>\n<td><strong>&nbsp;MERCEDES-BENZ &#8211; E-SERISI T-Model&nbsp;<\/strong><\/td>\n<td>&nbsp;2003 &#8211; 2009&nbsp;<\/td>\n<td>&nbsp;Benzin&nbsp;<\/td>\n<td>&nbsp;E&nbsp;<\/td>\n<\/tr>\n<tr>\n<td><strong>&nbsp;MERCEDES-BENZ &#8211; S-SERISI Coupe&nbsp;<\/strong><\/td>\n<td>&nbsp;2006 &#8211; 2010&nbsp;<\/td>\n<td>&nbsp;Benzin&nbsp;<\/td>\n<td>&nbsp;CL&nbsp;<\/td>\n<\/tr>\n<tr>\n<td><strong>&nbsp;MERCEDES-BENZ &#8211; SLK&nbsp;<\/strong><\/td>\n<td>&nbsp;2004 &#8211; 2011&nbsp;<\/td>\n<td>&nbsp;Benzin&nbsp;<\/td>\n<td>&nbsp;200&nbsp;<\/td>\n<\/tr>\n<tr>\n<td><strong>&nbsp;MERCEDES-BENZ &#8211; SLK&nbsp;<\/strong><\/td>\n<td>&nbsp;2008 &#8211; 2011&nbsp;<\/td>\n<td>&nbsp;Benzin&nbsp;<\/td>\n<td>&nbsp;200&nbsp;<\/td>\n<\/tr>\n<tr>\n<td><strong>&nbsp;MERCEDES-BENZ &#8211; SLK&nbsp;<\/strong><\/td>\n<td>&nbsp;2008 &#8211; 2011&nbsp;<\/td>\n<td>&nbsp;Benzin&nbsp;<\/td>\n<td>&nbsp;350&nbsp;<\/td>\n<\/tr>\n<tr>\n<td><strong>&nbsp;MERCEDES-BENZ &#8211; SPRINTER 3,5-t Minib\u00fcs\/Otob\u00fcs&nbsp;<\/strong><\/td>\n<td>&nbsp;2009 &#8211; &nbsp;<\/td>\n<td>&nbsp;Benzin\/dogal gaz (CNG)&nbsp;<\/td>\n<td>&nbsp;316&nbsp;<\/td>\n<\/tr>\n<tr>\n<td><strong>&nbsp;MERCEDES-BENZ &#8211; SPRINTER 3,5-t Minib\u00fcs\/Otob\u00fcs&nbsp;<\/strong><\/td>\n<td>&nbsp;2008 &#8211; &nbsp;<\/td>\n<td>&nbsp;Benzin&nbsp;<\/td>\n<td>&nbsp;316&nbsp;<\/td>\n<\/tr>\n<tr>\n<td><strong>&nbsp;MERCEDES-BENZ &#8211; SPRINTER 3,5-t Panelvan\/Van&nbsp;<\/strong><\/td>\n<td>&nbsp;2008 &#8211; &nbsp;<\/td>\n<td>&nbsp;Benzin&nbsp;<\/td>\n<td>&nbsp;316&nbsp;<\/td>\n<\/tr>\n<tr>\n<td><strong>&nbsp;MERCEDES-BENZ &#8211; SPRINTER 3,5-t Platform \u015fasi&nbsp;<\/strong><\/td>\n<td>&nbsp;2008 &#8211; &nbsp;<\/td>\n<td>&nbsp;Benzin&nbsp;<\/td>\n<td>&nbsp;316&nbsp;<\/td>\n<\/tr>\n<tr>\n<td><strong>&nbsp;MERCEDES-BENZ &#8211; SPRINTER 3-t Minib\u00fcs\/Otob\u00fcs&nbsp;<\/strong><\/td>\n<td>&nbsp;2008 &#8211; &nbsp;<\/td>\n<td>&nbsp;Benzin&nbsp;<\/td>\n<td>&nbsp;216&nbsp;<\/td>\n<\/tr>\n<tr>\n<td><strong>&nbsp;MERCEDES-BENZ &#8211; SPRINTER 3-t Panelvan\/Van&nbsp;<\/strong><\/td>\n<td>&nbsp;2008 &#8211; &nbsp;<\/td>\n<td>&nbsp;Benzin&nbsp;<\/td>\n<td>&nbsp;216&nbsp;<\/td>\n<\/tr>\n<tr>\n<td><strong>&nbsp;MERCEDES-BENZ &#8211; SPRINTER 3-t Platform \u015fasi&nbsp;<\/strong><\/td>\n<td>&nbsp;2008 &#8211; 2016&nbsp;<\/td>\n<td>&nbsp;Benzin&nbsp;<\/td>\n<td>&nbsp;216&nbsp;<\/td>\n<\/tr>\n<tr>\n<td><strong>&nbsp;MERCEDES-BENZ &#8211; SPRINTER 5-t Minib\u00fcs\/Otob\u00fcs&nbsp;<\/strong><\/td>\n<td>&nbsp;2009 &#8211; &nbsp;<\/td>\n<td>&nbsp;Dizel&nbsp;<\/td>\n<td>&nbsp;516&nbsp;<\/td>\n<\/tr>\n<tr>\n<td><strong>&nbsp;MERCEDES-BENZ &#8211; SPRINTER 5-t Panelvan\/Van&nbsp;<\/strong><\/td>\n<td>&nbsp;2009 &#8211; &nbsp;<\/td>\n<td>&nbsp;Benzin&nbsp;<\/td>\n<td>&nbsp;516&nbsp;<\/td>\n<\/tr>\n<tr>\n<td><strong>&nbsp;MERCEDES-BENZ &#8211; SPRINTER 5-t Platform \u015fasi&nbsp;<\/strong><\/td>\n<td>&nbsp;2008 &#8211; &nbsp;<\/td>\n<td>&nbsp;Benzin\/dogal gaz (CNG)&nbsp;<\/td>\n<td>&nbsp;516&nbsp;<\/td>\n<\/tr>\n<tr>\n<td><strong>&nbsp;AUDI &#8211; A4 Avant&nbsp;<\/strong><\/td>\n<td>&nbsp;2002 &#8211; 2004&nbsp;<\/td>\n<td>&nbsp;Benzin&nbsp;<\/td>\n<td>&nbsp;1.8&nbsp;<\/td>\n<\/tr>\n<tr>\n<td><strong>&nbsp;AUDI &#8211; A6 Avant&nbsp;<\/strong><\/td>\n<td>&nbsp;2005 &#8211; 2008&nbsp;<\/td>\n<td>&nbsp;Benzin&nbsp;<\/td>\n<td>&nbsp;2.4&nbsp;<\/td>\n<\/tr>\n<tr>\n<td><strong>&nbsp;CITRO\u00cbN &#8211; CX I&nbsp;<\/strong><\/td>\n<td>&nbsp;1984 &#8211; 1985&nbsp;<\/td>\n<td>&nbsp;Benzin&nbsp;<\/td>\n<td>&nbsp;25 GTi&nbsp;<\/td>\n<\/tr>\n<tr>\n<td><strong>&nbsp;CITRO\u00cbN &#8211; CX I Break&nbsp;<\/strong><\/td>\n<td>&nbsp;1983 &#8211; 1985&nbsp;<\/td>\n<td>&nbsp;Benzin&nbsp;<\/td>\n<td>&nbsp;25&nbsp;<\/td>\n<\/tr>\n<\/table>\n<style>#carPropertiesTable td{padding:2px;}<\/style>\n","protected":false},"excerpt":{"rendered":"<p>HAVA F\u0130LTRES\u0130 (211 &#8211; 203 KASA C200 -E200 KOMPRES\u00d6R)<\/p>\n","protected":false},"featured_media":217254,"comment_status":"open","ping_status":"closed","template":"","meta":[],"product_brand":[],"product_cat":[906,372],"product_tag":[13063,16437,15451,1096,1085,1342],"class_list":{"0":"post-217255","1":"product","2":"type-product","3":"status-publish","4":"has-post-thumbnail","6":"product_cat-oto-hava-filtresi","7":"product_cat-otomotiv","8":"product_tag-13063","9":"product_tag-16437","10":"product_tag-c200","11":"product_tag-filtresi","12":"product_tag-hava","13":"product_tag-kasa","15":"first","16":"instock","17":"taxable","18":"shipping-taxable","19":"purchasable","20":"product-type-simple"},"_links":{"self":[{"href":"https:\/\/depodanmusteriye.com\/urunler\/wp-json\/wp\/v2\/product\/217255","targetHints":{"allow":["GET"]}}],"collection":[{"href":"https:\/\/depodanmusteriye.com\/urunler\/wp-json\/wp\/v2\/product"}],"about":[{"href":"https:\/\/depodanmusteriye.com\/urunler\/wp-json\/wp\/v2\/types\/product"}],"replies":[{"embeddable":true,"href":"https:\/\/depodanmusteriye.com\/urunler\/wp-json\/wp\/v2\/comments?post=217255"}],"version-history":[{"count":0,"href":"https:\/\/depodanmusteriye.com\/urunler\/wp-json\/wp\/v2\/product\/217255\/revisions"}],"wp:featuredmedia":[{"embeddable":true,"href":"https:\/\/depodanmusteriye.com\/urunler\/wp-json\/wp\/v2\/media\/217254"}],"wp:attachment":[{"href":"https:\/\/depodanmusteriye.com\/urunler\/wp-json\/wp\/v2\/media?parent=217255"}],"wp:term":[{"taxonomy":"product_brand","embeddable":true,"href":"https:\/\/depodanmusteriye.com\/urunler\/wp-json\/wp\/v2\/product_brand?post=217255"},{"taxonomy":"product_cat","embeddable":true,"href":"https:\/\/depodanmusteriye.com\/urunler\/wp-json\/wp\/v2\/product_cat?post=217255"},{"taxonomy":"product_tag","embeddable":true,"href":"https:\/\/depodanmusteriye.com\/urunler\/wp-json\/wp\/v2\/product_tag?post=217255"}],"curies":[{"name":"wp","href":"https:\/\/api.w.org\/{rel}","templated":true}]}}