{"id":217247,"date":"2025-12-22T22:19:05","date_gmt":"2025-12-22T22:19:05","guid":{"rendered":"https:\/\/b2b.depodanmusteriye.com\/urun\/hava-filtresi-203-kasa-c-200-kompresor\/"},"modified":"2025-12-22T22:19:05","modified_gmt":"2025-12-22T22:19:05","slug":"hava-filtresi-203-kasa-c-200-kompresor","status":"publish","type":"product","link":"https:\/\/depodanmusteriye.com\/urunler\/urun\/hava-filtresi-203-kasa-c-200-kompresor\/","title":{"rendered":"HAVA F\u0130LTRES\u0130 (203 KASA C 200 KOMPRES\u00f6R)"},"content":{"rendered":"<h4><\/p>\n<h4> <b>1 ADET F\u0130YATIDIR<\/b> <\/h4>\n<p>HAVA F\u0130LTRES\u0130 (203 KASA C 200 KOMPRES\u00f6R)<\/p>\n<p><b>\u00dcretici Markas\u0131 : SARDES<\/b><\/p>\n<p><b>\u00dcretici Kodu : SA393<\/b><\/p>\n<p><b>1 ADET F\u0130YATIDIR<\/b><\/p>\n<\/h4>\n<p><\/p>\n<table id='carPropertiesTable' width='100%' border='1' cellspacing='0' cellpadding='0'>\n<tr>\n<th><strong>OEM<\/strong><\/th>\n<td>A1110940204<\/td>\n<td>1110940204<\/td>\n<td><\/td>\n<\/tr>\n<tr>\n<td colspan='4'>&nbsp;<\/td>\n<\/tr>\n<tr>\n<th><strong>MODEL<\/strong><\/th>\n<th><strong>YIL<\/strong><\/th>\n<th><strong>YAKIT<\/strong><\/th>\n<th><strong>MOTOR HACM\u0130<\/strong><\/th>\n<\/tr>\n<tr>\n<td><strong>&nbsp;FORD &#8211; KA&nbsp;<\/strong><\/td>\n<td>&nbsp;2002 &#8211; 2008&nbsp;<\/td>\n<td>&nbsp;Benzin&nbsp;<\/td>\n<td>&nbsp;1.3&nbsp;<\/td>\n<\/tr>\n<tr>\n<td><strong>&nbsp;MERCEDES-BENZ &#8211; C-SERISI&nbsp;<\/strong><\/td>\n<td>&nbsp;2000 &#8211; 2002&nbsp;<\/td>\n<td>&nbsp;Benzin&nbsp;<\/td>\n<td>&nbsp;C&nbsp;<\/td>\n<\/tr>\n<tr>\n<td><strong>&nbsp;MERCEDES-BENZ &#8211; C-SERISI Coupe&nbsp;<\/strong><\/td>\n<td>&nbsp;2001 &#8211; 2002&nbsp;<\/td>\n<td>&nbsp;Benzin&nbsp;<\/td>\n<td>&nbsp;C&nbsp;<\/td>\n<\/tr>\n<tr>\n<td><strong>&nbsp;MERCEDES-BENZ &#8211; C-SERISI T-Model&nbsp;<\/strong><\/td>\n<td>&nbsp;2001 &#8211; 2002&nbsp;<\/td>\n<td>&nbsp;Benzin&nbsp;<\/td>\n<td>&nbsp;C&nbsp;<\/td>\n<\/tr>\n<tr>\n<td><strong>&nbsp;MERCEDES-BENZ &#8211; C-SERISI T-Model&nbsp;<\/strong><\/td>\n<td>&nbsp;2000 &#8211; 2001&nbsp;<\/td>\n<td>&nbsp;Benzin&nbsp;<\/td>\n<td>&nbsp;C&nbsp;<\/td>\n<\/tr>\n<tr>\n<td><strong>&nbsp;OPEL &#8211; CORSA B Panelvan\/Van&nbsp;<\/strong><\/td>\n<td>&nbsp;1999 &#8211; 2000&nbsp;<\/td>\n<td>&nbsp;Benzin&nbsp;<\/td>\n<td>&nbsp;1.4&nbsp;<\/td>\n<\/tr>\n<\/table>\n<style>#carPropertiesTable td{padding:2px;}<\/style>\n","protected":false},"excerpt":{"rendered":"<p>HAVA F\u0130LTRES\u0130 (203 KASA C 200 KOMPRES\u00f6R)<\/p>\n","protected":false},"featured_media":217246,"comment_status":"open","ping_status":"closed","template":"","meta":[],"product_brand":[],"product_cat":[906,372],"product_tag":[1580,13063,1771,1096,1085,1342],"class_list":{"0":"post-217247","1":"product","2":"type-product","3":"status-publish","4":"has-post-thumbnail","6":"product_cat-oto-hava-filtresi","7":"product_cat-otomotiv","8":"product_tag-1580","9":"product_tag-13063","10":"product_tag-c","11":"product_tag-filtresi","12":"product_tag-hava","13":"product_tag-kasa","15":"first","16":"instock","17":"taxable","18":"shipping-taxable","19":"purchasable","20":"product-type-simple"},"_links":{"self":[{"href":"https:\/\/depodanmusteriye.com\/urunler\/wp-json\/wp\/v2\/product\/217247","targetHints":{"allow":["GET"]}}],"collection":[{"href":"https:\/\/depodanmusteriye.com\/urunler\/wp-json\/wp\/v2\/product"}],"about":[{"href":"https:\/\/depodanmusteriye.com\/urunler\/wp-json\/wp\/v2\/types\/product"}],"replies":[{"embeddable":true,"href":"https:\/\/depodanmusteriye.com\/urunler\/wp-json\/wp\/v2\/comments?post=217247"}],"version-history":[{"count":0,"href":"https:\/\/depodanmusteriye.com\/urunler\/wp-json\/wp\/v2\/product\/217247\/revisions"}],"wp:featuredmedia":[{"embeddable":true,"href":"https:\/\/depodanmusteriye.com\/urunler\/wp-json\/wp\/v2\/media\/217246"}],"wp:attachment":[{"href":"https:\/\/depodanmusteriye.com\/urunler\/wp-json\/wp\/v2\/media?parent=217247"}],"wp:term":[{"taxonomy":"product_brand","embeddable":true,"href":"https:\/\/depodanmusteriye.com\/urunler\/wp-json\/wp\/v2\/product_brand?post=217247"},{"taxonomy":"product_cat","embeddable":true,"href":"https:\/\/depodanmusteriye.com\/urunler\/wp-json\/wp\/v2\/product_cat?post=217247"},{"taxonomy":"product_tag","embeddable":true,"href":"https:\/\/depodanmusteriye.com\/urunler\/wp-json\/wp\/v2\/product_tag?post=217247"}],"curies":[{"name":"wp","href":"https:\/\/api.w.org\/{rel}","templated":true}]}}