{"id":216909,"date":"2025-12-22T21:57:42","date_gmt":"2025-12-22T21:57:42","guid":{"rendered":"https:\/\/b2b.depodanmusteriye.com\/urun\/arka-aks-kiti-ford-escort-90-99-fiesta-89-97-mazda-121-96-03\/"},"modified":"2025-12-22T21:57:42","modified_gmt":"2025-12-22T21:57:42","slug":"arka-aks-kiti-ford-escort-90-99-fiesta-89-97-mazda-121-96-03","status":"publish","type":"product","link":"https:\/\/depodanmusteriye.com\/urunler\/urun\/arka-aks-kiti-ford-escort-90-99-fiesta-89-97-mazda-121-96-03\/","title":{"rendered":"ARKA AKS K\u0130T\u0130 FORD ESCORT 90-99 F\u0130ESTA 89-97 MAZDA 121 96-03"},"content":{"rendered":"<h4><\/p>\n<h4> <b>1 ADET F\u0130YATIDIR<\/b> <\/h4>\n<p>ARKA AKS K\u0130T\u0130 FORD ESCORT 90-99 F\u0130ESTA 89-97 MAZDA 121 96-03<\/p>\n<p><b>\u00dcretici Markas\u0131 : SKF<\/b><\/p>\n<p><b>\u00dcretici Kodu : VKBA1333<\/b><\/p>\n<p><b>1 ADET F\u0130YATIDIR<\/b><\/p>\n<\/h4>\n<p><\/p>\n<table id='carPropertiesTable' width='100%' border='1' cellspacing='0' cellpadding='0'>\n<tr>\n<th><strong>OEM<\/strong><\/th>\n<td>89FB1238AD<\/td>\n<td>89FB1238AC<\/td>\n<td>6199622<\/td>\n<\/tr>\n<tr>\n<td colspan='4'>&nbsp;<\/td>\n<\/tr>\n<tr>\n<th><strong>MODEL<\/strong><\/th>\n<th><strong>YIL<\/strong><\/th>\n<th><strong>YAKIT<\/strong><\/th>\n<th><strong>MOTOR HACM\u0130<\/strong><\/th>\n<\/tr>\n<tr>\n<td><strong>&nbsp;FORD &#8211; ESCORT &#8217;91 Express&nbsp;<\/strong><\/td>\n<td>&nbsp;1990 &#8211; 1994&nbsp;<\/td>\n<td>&nbsp;Benzin&nbsp;<\/td>\n<td>&nbsp;1.4&nbsp;<\/td>\n<\/tr>\n<tr>\n<td><strong>&nbsp;FORD &#8211; ESCORT &#8217;95 Panelvan\/Van&nbsp;<\/strong><\/td>\n<td>&nbsp;1995 &#8211; 1997&nbsp;<\/td>\n<td>&nbsp;Benzin&nbsp;<\/td>\n<td>&nbsp;1.3&nbsp;<\/td>\n<\/tr>\n<tr>\n<td><strong>&nbsp;FORD &#8211; ESCORT &#8217;95 Panelvan\/Van&nbsp;<\/strong><\/td>\n<td>&nbsp;1995 &#8211; 2001&nbsp;<\/td>\n<td>&nbsp;Dizel&nbsp;<\/td>\n<td>&nbsp;1.8&nbsp;<\/td>\n<\/tr>\n<tr>\n<td><strong>&nbsp;FORD &#8211; ESCORT &#8217;95 Panelvan\/Van&nbsp;<\/strong><\/td>\n<td>&nbsp;1995 &#8211; 2000&nbsp;<\/td>\n<td>&nbsp;Dizel&nbsp;<\/td>\n<td>&nbsp;1.8&nbsp;<\/td>\n<\/tr>\n<tr>\n<td><strong>&nbsp;FORD &#8211; ESCORT CLASSIC&nbsp;<\/strong><\/td>\n<td>&nbsp;1998 &#8211; 2000&nbsp;<\/td>\n<td>&nbsp;Benzin&nbsp;<\/td>\n<td>&nbsp;1.6&nbsp;<\/td>\n<\/tr>\n<tr>\n<td><strong>&nbsp;FORD &#8211; ESCORT CLASSIC&nbsp;<\/strong><\/td>\n<td>&nbsp;1998 &#8211; 2000&nbsp;<\/td>\n<td>&nbsp;Dizel&nbsp;<\/td>\n<td>&nbsp;1.8 TD&nbsp;<\/td>\n<\/tr>\n<tr>\n<td><strong>&nbsp;FORD &#8211; ESCORT CLASSIC Turnier&nbsp;<\/strong><\/td>\n<td>&nbsp;1999 &#8211; 2000&nbsp;<\/td>\n<td>&nbsp;Dizel&nbsp;<\/td>\n<td>&nbsp;1.8 TD&nbsp;<\/td>\n<\/tr>\n<tr>\n<td><strong>&nbsp;FORD &#8211; ESCORT CLASSIC Turnier&nbsp;<\/strong><\/td>\n<td>&nbsp;1999 &#8211; 2000&nbsp;<\/td>\n<td>&nbsp;Benzin&nbsp;<\/td>\n<td>&nbsp;1.6&nbsp;<\/td>\n<\/tr>\n<tr>\n<td><strong>&nbsp;FORD &#8211; ESCORT V&nbsp;<\/strong><\/td>\n<td>&nbsp;1992 &#8211; 1995&nbsp;<\/td>\n<td>&nbsp;Benzin&nbsp;<\/td>\n<td>&nbsp;1.6&nbsp;<\/td>\n<\/tr>\n<tr>\n<td><strong>&nbsp;FORD &#8211; ESCORT V&nbsp;<\/strong><\/td>\n<td>&nbsp;1993 &#8211; 1995&nbsp;<\/td>\n<td>&nbsp;Dizel&nbsp;<\/td>\n<td>&nbsp;1.8 TD&nbsp;<\/td>\n<\/tr>\n<tr>\n<td><strong>&nbsp;FORD &#8211; ESCORT V&nbsp;<\/strong><\/td>\n<td>&nbsp;1990 &#8211; 1992&nbsp;<\/td>\n<td>&nbsp;Benzin&nbsp;<\/td>\n<td>&nbsp;1.6&nbsp;<\/td>\n<\/tr>\n<tr>\n<td><strong>&nbsp;FORD &#8211; ESCORT V&nbsp;<\/strong><\/td>\n<td>&nbsp;1991 &#8211; 1995&nbsp;<\/td>\n<td>&nbsp;Benzin&nbsp;<\/td>\n<td>&nbsp;RS&nbsp;<\/td>\n<\/tr>\n<tr>\n<td><strong>&nbsp;FORD &#8211; ESCORT V&nbsp;<\/strong><\/td>\n<td>&nbsp;1992 &#8211; 1995&nbsp;<\/td>\n<td>&nbsp;Benzin&nbsp;<\/td>\n<td>&nbsp;1.8&nbsp;<\/td>\n<\/tr>\n<tr>\n<td><strong>&nbsp;FORD &#8211; ESCORT V&nbsp;<\/strong><\/td>\n<td>&nbsp;1990 &#8211; 1993&nbsp;<\/td>\n<td>&nbsp;Benzin&nbsp;<\/td>\n<td>&nbsp;1.6&nbsp;<\/td>\n<\/tr>\n<tr>\n<td><strong>&nbsp;FORD &#8211; ESCORT V&nbsp;<\/strong><\/td>\n<td>&nbsp;1990 &#8211; 1995&nbsp;<\/td>\n<td>&nbsp;Benzin&nbsp;<\/td>\n<td>&nbsp;1.4&nbsp;<\/td>\n<\/tr>\n<tr>\n<td><strong>&nbsp;FORD &#8211; ESCORT V&nbsp;<\/strong><\/td>\n<td>&nbsp;1990 &#8211; 1995&nbsp;<\/td>\n<td>&nbsp;Dizel&nbsp;<\/td>\n<td>&nbsp;1.8&nbsp;<\/td>\n<\/tr>\n<tr>\n<td><strong>&nbsp;FORD &#8211; ESCORT V&nbsp;<\/strong><\/td>\n<td>&nbsp;1990 &#8211; 1995&nbsp;<\/td>\n<td>&nbsp;Benzin&nbsp;<\/td>\n<td>&nbsp;1.3&nbsp;<\/td>\n<\/tr>\n<tr>\n<td><strong>&nbsp;FORD &#8211; ESCORT V&nbsp;<\/strong><\/td>\n<td>&nbsp;1994 &#8211; 1995&nbsp;<\/td>\n<td>&nbsp;Benzin&nbsp;<\/td>\n<td>&nbsp;1.6&nbsp;<\/td>\n<\/tr>\n<tr>\n<td><strong>&nbsp;FORD &#8211; ESCORT V&nbsp;<\/strong><\/td>\n<td>&nbsp;1990 &#8211; 1994&nbsp;<\/td>\n<td>&nbsp;Benzin&nbsp;<\/td>\n<td>&nbsp;1.4&nbsp;<\/td>\n<\/tr>\n<tr>\n<td><strong>&nbsp;FORD &#8211; ESCORT V&nbsp;<\/strong><\/td>\n<td>&nbsp;1993 &#8211; 1995&nbsp;<\/td>\n<td>&nbsp;Benzin&nbsp;<\/td>\n<td>&nbsp;1.8&nbsp;<\/td>\n<\/tr>\n<tr>\n<td><strong>&nbsp;FORD &#8211; ESCORT V Cabrio&nbsp;<\/strong><\/td>\n<td>&nbsp;1992 &#8211; 1995&nbsp;<\/td>\n<td>&nbsp;Benzin&nbsp;<\/td>\n<td>&nbsp;1.6&nbsp;<\/td>\n<\/tr>\n<tr>\n<td><strong>&nbsp;FORD &#8211; ESCORT V Cabrio&nbsp;<\/strong><\/td>\n<td>&nbsp;1992 &#8211; 1995&nbsp;<\/td>\n<td>&nbsp;Benzin&nbsp;<\/td>\n<td>&nbsp;1.8&nbsp;<\/td>\n<\/tr>\n<tr>\n<td><strong>&nbsp;FORD &#8211; ESCORT V Cabrio&nbsp;<\/strong><\/td>\n<td>&nbsp;1990 &#8211; 1993&nbsp;<\/td>\n<td>&nbsp;Benzin&nbsp;<\/td>\n<td>&nbsp;1.6&nbsp;<\/td>\n<\/tr>\n<tr>\n<td><strong>&nbsp;FORD &#8211; ESCORT V Cabrio&nbsp;<\/strong><\/td>\n<td>&nbsp;1990 &#8211; 1994&nbsp;<\/td>\n<td>&nbsp;Benzin&nbsp;<\/td>\n<td>&nbsp;1.4&nbsp;<\/td>\n<\/tr>\n<tr>\n<td><strong>&nbsp;FORD &#8211; ESCORT V Cabrio&nbsp;<\/strong><\/td>\n<td>&nbsp;1994 &#8211; 1995&nbsp;<\/td>\n<td>&nbsp;Benzin&nbsp;<\/td>\n<td>&nbsp;1.6&nbsp;<\/td>\n<\/tr>\n<tr>\n<td><strong>&nbsp;FORD &#8211; ESCORT V Cabrio&nbsp;<\/strong><\/td>\n<td>&nbsp;1993 &#8211; 1995&nbsp;<\/td>\n<td>&nbsp;Benzin&nbsp;<\/td>\n<td>&nbsp;1.4&nbsp;<\/td>\n<\/tr>\n<tr>\n<td><strong>&nbsp;FORD &#8211; ESCORT V Sedan&nbsp;<\/strong><\/td>\n<td>&nbsp;1993 &#8211; 1995&nbsp;<\/td>\n<td>&nbsp;Benzin&nbsp;<\/td>\n<td>&nbsp;1.6&nbsp;<\/td>\n<\/tr>\n<tr>\n<td><strong>&nbsp;FORD &#8211; ESCORT V Sedan&nbsp;<\/strong><\/td>\n<td>&nbsp;1993 &#8211; 1995&nbsp;<\/td>\n<td>&nbsp;Dizel&nbsp;<\/td>\n<td>&nbsp;1.8&nbsp;<\/td>\n<\/tr>\n<tr>\n<td><strong>&nbsp;FORD &#8211; ESCORT V Sedan&nbsp;<\/strong><\/td>\n<td>&nbsp;1994 &#8211; 1995&nbsp;<\/td>\n<td>&nbsp;Benzin&nbsp;<\/td>\n<td>&nbsp;1.6&nbsp;<\/td>\n<\/tr>\n<tr>\n<td><strong>&nbsp;FORD &#8211; ESCORT V Sedan&nbsp;<\/strong><\/td>\n<td>&nbsp;1993 &#8211; 1995&nbsp;<\/td>\n<td>&nbsp;Benzin&nbsp;<\/td>\n<td>&nbsp;1.4&nbsp;<\/td>\n<\/tr>\n<tr>\n<td><strong>&nbsp;FORD &#8211; ESCORT V Sedan&nbsp;<\/strong><\/td>\n<td>&nbsp;1993 &#8211; 1995&nbsp;<\/td>\n<td>&nbsp;Dizel&nbsp;<\/td>\n<td>&nbsp;1.8 TD&nbsp;<\/td>\n<\/tr>\n<tr>\n<td><strong>&nbsp;FORD &#8211; ESCORT V Sedan&nbsp;<\/strong><\/td>\n<td>&nbsp;1993 &#8211; 1994&nbsp;<\/td>\n<td>&nbsp;Benzin&nbsp;<\/td>\n<td>&nbsp;1.4&nbsp;<\/td>\n<\/tr>\n<tr>\n<td><strong>&nbsp;FORD &#8211; ESCORT V Sedan&nbsp;<\/strong><\/td>\n<td>&nbsp;1993 &#8211; 1995&nbsp;<\/td>\n<td>&nbsp;Benzin&nbsp;<\/td>\n<td>&nbsp;1.3&nbsp;<\/td>\n<\/tr>\n<tr>\n<td><strong>&nbsp;FORD &#8211; ESCORT V Turnier&nbsp;<\/strong><\/td>\n<td>&nbsp;1992 &#8211; 1995&nbsp;<\/td>\n<td>&nbsp;Benzin&nbsp;<\/td>\n<td>&nbsp;1.8&nbsp;<\/td>\n<\/tr>\n<tr>\n<td><strong>&nbsp;FORD &#8211; ESCORT V Turnier&nbsp;<\/strong><\/td>\n<td>&nbsp;1990 &#8211; 1992&nbsp;<\/td>\n<td>&nbsp;Benzin&nbsp;<\/td>\n<td>&nbsp;1.6&nbsp;<\/td>\n<\/tr>\n<tr>\n<td><strong>&nbsp;FORD &#8211; ESCORT V Turnier&nbsp;<\/strong><\/td>\n<td>&nbsp;1990 &#8211; 1995&nbsp;<\/td>\n<td>&nbsp;Benzin&nbsp;<\/td>\n<td>&nbsp;1.4&nbsp;<\/td>\n<\/tr>\n<tr>\n<td><strong>&nbsp;FORD &#8211; ESCORT V Turnier&nbsp;<\/strong><\/td>\n<td>&nbsp;1990 &#8211; 1995&nbsp;<\/td>\n<td>&nbsp;Dizel&nbsp;<\/td>\n<td>&nbsp;1.8&nbsp;<\/td>\n<\/tr>\n<tr>\n<td><strong>&nbsp;FORD &#8211; ESCORT V Turnier&nbsp;<\/strong><\/td>\n<td>&nbsp;1991 &#8211; 1995&nbsp;<\/td>\n<td>&nbsp;Benzin&nbsp;<\/td>\n<td>&nbsp;1.3&nbsp;<\/td>\n<\/tr>\n<tr>\n<td><strong>&nbsp;FORD &#8211; ESCORT V Turnier&nbsp;<\/strong><\/td>\n<td>&nbsp;1994 &#8211; 1995&nbsp;<\/td>\n<td>&nbsp;Benzin&nbsp;<\/td>\n<td>&nbsp;1.6&nbsp;<\/td>\n<\/tr>\n<tr>\n<td><strong>&nbsp;FORD &#8211; ESCORT V Turnier&nbsp;<\/strong><\/td>\n<td>&nbsp;1994 &#8211; 1995&nbsp;<\/td>\n<td>&nbsp;Benzin&nbsp;<\/td>\n<td>&nbsp;1.4&nbsp;<\/td>\n<\/tr>\n<tr>\n<td><strong>&nbsp;FORD &#8211; ESCORT V Turnier&nbsp;<\/strong><\/td>\n<td>&nbsp;1993 &#8211; 1995&nbsp;<\/td>\n<td>&nbsp;Benzin&nbsp;<\/td>\n<td>&nbsp;1.8&nbsp;<\/td>\n<\/tr>\n<tr>\n<td><strong>&nbsp;FORD &#8211; ESCORT V Turnier&nbsp;<\/strong><\/td>\n<td>&nbsp;1992 &#8211; 1995&nbsp;<\/td>\n<td>&nbsp;Benzin&nbsp;<\/td>\n<td>&nbsp;1.6&nbsp;<\/td>\n<\/tr>\n<tr>\n<td><strong>&nbsp;FORD &#8211; ESCORT V Turnier&nbsp;<\/strong><\/td>\n<td>&nbsp;1993 &#8211; 1995&nbsp;<\/td>\n<td>&nbsp;Dizel&nbsp;<\/td>\n<td>&nbsp;1.8 TD&nbsp;<\/td>\n<\/tr>\n<tr>\n<td><strong>&nbsp;FORD &#8211; ESCORT VI&nbsp;<\/strong><\/td>\n<td>&nbsp;1995 &#8211; 1995&nbsp;<\/td>\n<td>&nbsp;Benzin&nbsp;<\/td>\n<td>&nbsp;1.8&nbsp;<\/td>\n<\/tr>\n<tr>\n<td><strong>&nbsp;FORD &#8211; ESCORT VI&nbsp;<\/strong><\/td>\n<td>&nbsp;1995 &#8211; 1998&nbsp;<\/td>\n<td>&nbsp;Dizel&nbsp;<\/td>\n<td>&nbsp;1.8 TD&nbsp;<\/td>\n<\/tr>\n<tr>\n<td><strong>&nbsp;FORD &#8211; ESCORT VI&nbsp;<\/strong><\/td>\n<td>&nbsp;1995 &#8211; 1998&nbsp;<\/td>\n<td>&nbsp;Benzin&nbsp;<\/td>\n<td>&nbsp;RS&nbsp;<\/td>\n<\/tr>\n<tr>\n<td><strong>&nbsp;FORD &#8211; ESCORT VI&nbsp;<\/strong><\/td>\n<td>&nbsp;1995 &#8211; 1998&nbsp;<\/td>\n<td>&nbsp;Benzin&nbsp;<\/td>\n<td>&nbsp;1.4&nbsp;<\/td>\n<\/tr>\n<tr>\n<td><strong>&nbsp;FORD &#8211; ESCORT VI&nbsp;<\/strong><\/td>\n<td>&nbsp;1995 &#8211; 1998&nbsp;<\/td>\n<td>&nbsp;Benzin&nbsp;<\/td>\n<td>&nbsp;1.8&nbsp;<\/td>\n<\/tr>\n<tr>\n<td><strong>&nbsp;FORD &#8211; ESCORT VI&nbsp;<\/strong><\/td>\n<td>&nbsp;1995 &#8211; 1998&nbsp;<\/td>\n<td>&nbsp;Benzin&nbsp;<\/td>\n<td>&nbsp;1.6&nbsp;<\/td>\n<\/tr>\n<tr>\n<td><strong>&nbsp;FORD &#8211; ESCORT VI&nbsp;<\/strong><\/td>\n<td>&nbsp;1995 &#8211; 1996&nbsp;<\/td>\n<td>&nbsp;Dizel&nbsp;<\/td>\n<td>&nbsp;1.8&nbsp;<\/td>\n<\/tr>\n<tr>\n<td><strong>&nbsp;FORD &#8211; ESCORT VI&nbsp;<\/strong><\/td>\n<td>&nbsp;1995 &#8211; 1995&nbsp;<\/td>\n<td>&nbsp;Benzin&nbsp;<\/td>\n<td>&nbsp;1.6&nbsp;<\/td>\n<\/tr>\n<tr>\n<td><strong>&nbsp;FORD &#8211; ESCORT VI&nbsp;<\/strong><\/td>\n<td>&nbsp;1995 &#8211; 1998&nbsp;<\/td>\n<td>&nbsp;Benzin&nbsp;<\/td>\n<td>&nbsp;1.3&nbsp;<\/td>\n<\/tr>\n<tr>\n<td><strong>&nbsp;FORD &#8211; ESCORT VI Cabrio&nbsp;<\/strong><\/td>\n<td>&nbsp;1995 &#8211; 1999&nbsp;<\/td>\n<td>&nbsp;Benzin&nbsp;<\/td>\n<td>&nbsp;1.6&nbsp;<\/td>\n<\/tr>\n<tr>\n<td><strong>&nbsp;FORD &#8211; ESCORT VI Cabrio&nbsp;<\/strong><\/td>\n<td>&nbsp;1995 &#8211; 1996&nbsp;<\/td>\n<td>&nbsp;Benzin&nbsp;<\/td>\n<td>&nbsp;1.6&nbsp;<\/td>\n<\/tr>\n<tr>\n<td><strong>&nbsp;FORD &#8211; ESCORT VI Cabrio&nbsp;<\/strong><\/td>\n<td>&nbsp;1995 &#8211; 1998&nbsp;<\/td>\n<td>&nbsp;Benzin&nbsp;<\/td>\n<td>&nbsp;1.4&nbsp;<\/td>\n<\/tr>\n<tr>\n<td><strong>&nbsp;FORD &#8211; ESCORT VI Cabrio&nbsp;<\/strong><\/td>\n<td>&nbsp;1996 &#8211; 1999&nbsp;<\/td>\n<td>&nbsp;Dizel&nbsp;<\/td>\n<td>&nbsp;1.8&nbsp;<\/td>\n<\/tr>\n<tr>\n<td><strong>&nbsp;FORD &#8211; ESCORT VI Cabrio&nbsp;<\/strong><\/td>\n<td>&nbsp;1995 &#8211; 2000&nbsp;<\/td>\n<td>&nbsp;Benzin&nbsp;<\/td>\n<td>&nbsp;1.8&nbsp;<\/td>\n<\/tr>\n<tr>\n<td><strong>&nbsp;FORD &#8211; ESCORT VI Cabrio&nbsp;<\/strong><\/td>\n<td>&nbsp;1995 &#8211; 1998&nbsp;<\/td>\n<td>&nbsp;Benzin&nbsp;<\/td>\n<td>&nbsp;1.8&nbsp;<\/td>\n<\/tr>\n<tr>\n<td><strong>&nbsp;FORD &#8211; ESCORT VI Cabrio&nbsp;<\/strong><\/td>\n<td>&nbsp;1995 &#8211; 1998&nbsp;<\/td>\n<td>&nbsp;Dizel&nbsp;<\/td>\n<td>&nbsp;1.8 TD&nbsp;<\/td>\n<\/tr>\n<tr>\n<td><strong>&nbsp;FORD &#8211; ESCORT VI Sedan&nbsp;<\/strong><\/td>\n<td>&nbsp;1995 &#8211; 1996&nbsp;<\/td>\n<td>&nbsp;Benzin&nbsp;<\/td>\n<td>&nbsp;1.4&nbsp;<\/td>\n<\/tr>\n<tr>\n<td><strong>&nbsp;FORD &#8211; ESCORT VI Sedan&nbsp;<\/strong><\/td>\n<td>&nbsp;1995 &#8211; 1999&nbsp;<\/td>\n<td>&nbsp;Dizel&nbsp;<\/td>\n<td>&nbsp;1.8 TD&nbsp;<\/td>\n<\/tr>\n<tr>\n<td><strong>&nbsp;FORD &#8211; ESCORT VI Sedan&nbsp;<\/strong><\/td>\n<td>&nbsp;1995 &#8211; 1999&nbsp;<\/td>\n<td>&nbsp;Benzin&nbsp;<\/td>\n<td>&nbsp;1.4&nbsp;<\/td>\n<\/tr>\n<tr>\n<td><strong>&nbsp;FORD &#8211; ESCORT VI Sedan&nbsp;<\/strong><\/td>\n<td>&nbsp;1995 &#8211; 1999&nbsp;<\/td>\n<td>&nbsp;Benzin&nbsp;<\/td>\n<td>&nbsp;1.6&nbsp;<\/td>\n<\/tr>\n<tr>\n<td><strong>&nbsp;FORD &#8211; ESCORT VI Sedan&nbsp;<\/strong><\/td>\n<td>&nbsp;1995 &#8211; 1999&nbsp;<\/td>\n<td>&nbsp;Benzin&nbsp;<\/td>\n<td>&nbsp;1.8&nbsp;<\/td>\n<\/tr>\n<tr>\n<td><strong>&nbsp;FORD &#8211; ESCORT VI Sedan&nbsp;<\/strong><\/td>\n<td>&nbsp;1995 &#8211; 1996&nbsp;<\/td>\n<td>&nbsp;Dizel&nbsp;<\/td>\n<td>&nbsp;1.8&nbsp;<\/td>\n<\/tr>\n<tr>\n<td><strong>&nbsp;FORD &#8211; ESCORT VI Sedan&nbsp;<\/strong><\/td>\n<td>&nbsp;1995 &#8211; 1995&nbsp;<\/td>\n<td>&nbsp;Benzin&nbsp;<\/td>\n<td>&nbsp;1.6&nbsp;<\/td>\n<\/tr>\n<tr>\n<td><strong>&nbsp;FORD &#8211; ESCORT VI Sedan&nbsp;<\/strong><\/td>\n<td>&nbsp;1995 &#8211; 1995&nbsp;<\/td>\n<td>&nbsp;Benzin&nbsp;<\/td>\n<td>&nbsp;1.8&nbsp;<\/td>\n<\/tr>\n<tr>\n<td><strong>&nbsp;FORD &#8211; ESCORT VI Sedan&nbsp;<\/strong><\/td>\n<td>&nbsp;1995 &#8211; 1999&nbsp;<\/td>\n<td>&nbsp;Benzin&nbsp;<\/td>\n<td>&nbsp;1.3&nbsp;<\/td>\n<\/tr>\n<tr>\n<td><strong>&nbsp;FORD &#8211; ESCORT VI Turnier&nbsp;<\/strong><\/td>\n<td>&nbsp;1995 &#8211; 1996&nbsp;<\/td>\n<td>&nbsp;Benzin&nbsp;<\/td>\n<td>&nbsp;1.4&nbsp;<\/td>\n<\/tr>\n<tr>\n<td><strong>&nbsp;FORD &#8211; ESCORT VI Turnier&nbsp;<\/strong><\/td>\n<td>&nbsp;1995 &#8211; 1999&nbsp;<\/td>\n<td>&nbsp;Benzin&nbsp;<\/td>\n<td>&nbsp;1.3&nbsp;<\/td>\n<\/tr>\n<tr>\n<td><strong>&nbsp;FORD &#8211; ESCORT VI Turnier&nbsp;<\/strong><\/td>\n<td>&nbsp;1995 &#8211; 1999&nbsp;<\/td>\n<td>&nbsp;Dizel&nbsp;<\/td>\n<td>&nbsp;1.8 TD&nbsp;<\/td>\n<\/tr>\n<tr>\n<td><strong>&nbsp;FORD &#8211; ESCORT VI Turnier&nbsp;<\/strong><\/td>\n<td>&nbsp;1995 &#8211; 1999&nbsp;<\/td>\n<td>&nbsp;Benzin&nbsp;<\/td>\n<td>&nbsp;1.6&nbsp;<\/td>\n<\/tr>\n<tr>\n<td><strong>&nbsp;FORD &#8211; ESCORT VI Turnier&nbsp;<\/strong><\/td>\n<td>&nbsp;1995 &#8211; 1999&nbsp;<\/td>\n<td>&nbsp;Benzin&nbsp;<\/td>\n<td>&nbsp;1.4&nbsp;<\/td>\n<\/tr>\n<tr>\n<td><strong>&nbsp;FORD &#8211; ESCORT VI Turnier&nbsp;<\/strong><\/td>\n<td>&nbsp;1995 &#8211; 1999&nbsp;<\/td>\n<td>&nbsp;Benzin&nbsp;<\/td>\n<td>&nbsp;1.8&nbsp;<\/td>\n<\/tr>\n<tr>\n<td><strong>&nbsp;FORD &#8211; ESCORT VI Turnier&nbsp;<\/strong><\/td>\n<td>&nbsp;1995 &#8211; 1995&nbsp;<\/td>\n<td>&nbsp;Benzin&nbsp;<\/td>\n<td>&nbsp;1.6&nbsp;<\/td>\n<\/tr>\n<tr>\n<td><strong>&nbsp;FORD &#8211; ESCORT VI Turnier&nbsp;<\/strong><\/td>\n<td>&nbsp;1995 &#8211; 1995&nbsp;<\/td>\n<td>&nbsp;Benzin&nbsp;<\/td>\n<td>&nbsp;1.8&nbsp;<\/td>\n<\/tr>\n<tr>\n<td><strong>&nbsp;FORD &#8211; FIESTA III&nbsp;<\/strong><\/td>\n<td>&nbsp;1989 &#8211; 1995&nbsp;<\/td>\n<td>&nbsp;Benzin&nbsp;<\/td>\n<td>&nbsp;1.3&nbsp;<\/td>\n<\/tr>\n<tr>\n<td><strong>&nbsp;FORD &#8211; FIESTA III&nbsp;<\/strong><\/td>\n<td>&nbsp;1989 &#8211; 1992&nbsp;<\/td>\n<td>&nbsp;Benzin&nbsp;<\/td>\n<td>&nbsp;1.3&nbsp;<\/td>\n<\/tr>\n<tr>\n<td><strong>&nbsp;FORD &#8211; FIESTA III&nbsp;<\/strong><\/td>\n<td>&nbsp;1994 &#8211; 1995&nbsp;<\/td>\n<td>&nbsp;Benzin&nbsp;<\/td>\n<td>&nbsp;1.6&nbsp;<\/td>\n<\/tr>\n<tr>\n<td><strong>&nbsp;FORD &#8211; FIESTA III&nbsp;<\/strong><\/td>\n<td>&nbsp;1990 &#8211; 1992&nbsp;<\/td>\n<td>&nbsp;Benzin&nbsp;<\/td>\n<td>&nbsp;1.6&nbsp;<\/td>\n<\/tr>\n<tr>\n<td><strong>&nbsp;FORD &#8211; FIESTA III&nbsp;<\/strong><\/td>\n<td>&nbsp;1989 &#8211; 1994&nbsp;<\/td>\n<td>&nbsp;Benzin&nbsp;<\/td>\n<td>&nbsp;1.6&nbsp;<\/td>\n<\/tr>\n<tr>\n<td><strong>&nbsp;FORD &#8211; FIESTA III&nbsp;<\/strong><\/td>\n<td>&nbsp;1992 &#8211; 1995&nbsp;<\/td>\n<td>&nbsp;Benzin&nbsp;<\/td>\n<td>&nbsp;1.8&nbsp;<\/td>\n<\/tr>\n<tr>\n<td><strong>&nbsp;FORD &#8211; FIESTA III&nbsp;<\/strong><\/td>\n<td>&nbsp;1989 &#8211; 1993&nbsp;<\/td>\n<td>&nbsp;Benzin&nbsp;<\/td>\n<td>&nbsp;1.6&nbsp;<\/td>\n<\/tr>\n<tr>\n<td><strong>&nbsp;FORD &#8211; FIESTA III&nbsp;<\/strong><\/td>\n<td>&nbsp;1991 &#8211; 1997&nbsp;<\/td>\n<td>&nbsp;Benzin&nbsp;<\/td>\n<td>&nbsp;1.3&nbsp;<\/td>\n<\/tr>\n<tr>\n<td><strong>&nbsp;FORD &#8211; FIESTA III&nbsp;<\/strong><\/td>\n<td>&nbsp;1989 &#8211; 1995&nbsp;<\/td>\n<td>&nbsp;Dizel&nbsp;<\/td>\n<td>&nbsp;1.8&nbsp;<\/td>\n<\/tr>\n<tr>\n<td><strong>&nbsp;FORD &#8211; FIESTA III&nbsp;<\/strong><\/td>\n<td>&nbsp;1989 &#8211; 1995&nbsp;<\/td>\n<td>&nbsp;Benzin&nbsp;<\/td>\n<td>&nbsp;1.4&nbsp;<\/td>\n<\/tr>\n<tr>\n<td><strong>&nbsp;FORD &#8211; FIESTA III&nbsp;<\/strong><\/td>\n<td>&nbsp;1989 &#8211; 1995&nbsp;<\/td>\n<td>&nbsp;Benzin&nbsp;<\/td>\n<td>&nbsp;1.1&nbsp;<\/td>\n<\/tr>\n<tr>\n<td><strong>&nbsp;FORD &#8211; FIESTA IV&nbsp;<\/strong><\/td>\n<td>&nbsp;1995 &#8211; 2002&nbsp;<\/td>\n<td>&nbsp;Benzin&nbsp;<\/td>\n<td>&nbsp;1.3&nbsp;<\/td>\n<\/tr>\n<tr>\n<td><strong>&nbsp;FORD &#8211; FIESTA IV&nbsp;<\/strong><\/td>\n<td>&nbsp;1999 &#8211; 2002&nbsp;<\/td>\n<td>&nbsp;Benzin&nbsp;<\/td>\n<td>&nbsp;1.0&nbsp;<\/td>\n<\/tr>\n<tr>\n<td><strong>&nbsp;FORD &#8211; FIESTA IV&nbsp;<\/strong><\/td>\n<td>&nbsp;1997 &#8211; 1999&nbsp;<\/td>\n<td>&nbsp;Benzin&nbsp;<\/td>\n<td>&nbsp;1.0&nbsp;<\/td>\n<\/tr>\n<tr>\n<td><strong>&nbsp;FORD &#8211; FIESTA IV&nbsp;<\/strong><\/td>\n<td>&nbsp;2000 &#8211; 2002&nbsp;<\/td>\n<td>&nbsp;Dizel&nbsp;<\/td>\n<td>&nbsp;1.8&nbsp;<\/td>\n<\/tr>\n<tr>\n<td><strong>&nbsp;FORD &#8211; FIESTA IV&nbsp;<\/strong><\/td>\n<td>&nbsp;1996 &#8211; 2002&nbsp;<\/td>\n<td>&nbsp;Benzin&nbsp;<\/td>\n<td>&nbsp;1.4&nbsp;<\/td>\n<\/tr>\n<tr>\n<td><strong>&nbsp;FORD &#8211; FIESTA IV&nbsp;<\/strong><\/td>\n<td>&nbsp;2000 &#8211; 2002&nbsp;<\/td>\n<td>&nbsp;Benzin&nbsp;<\/td>\n<td>&nbsp;1.6&nbsp;<\/td>\n<\/tr>\n<tr>\n<td><strong>&nbsp;FORD &#8211; FIESTA IV&nbsp;<\/strong><\/td>\n<td>&nbsp;1995 &#8211; 2000&nbsp;<\/td>\n<td>&nbsp;Dizel&nbsp;<\/td>\n<td>&nbsp;1.8&nbsp;<\/td>\n<\/tr>\n<tr>\n<td><strong>&nbsp;FORD &#8211; FIESTA IV&nbsp;<\/strong><\/td>\n<td>&nbsp;1995 &#8211; 2002&nbsp;<\/td>\n<td>&nbsp;Benzin&nbsp;<\/td>\n<td>&nbsp;1.25&nbsp;<\/td>\n<\/tr>\n<tr>\n<td><strong>&nbsp;FORD &#8211; FIESTA Panelvan\/Van&nbsp;<\/strong><\/td>\n<td>&nbsp;2000 &#8211; 2003&nbsp;<\/td>\n<td>&nbsp;Dizel&nbsp;<\/td>\n<td>&nbsp;TD&nbsp;<\/td>\n<\/tr>\n<tr>\n<td><strong>&nbsp;FORD &#8211; FIESTA Panelvan\/Van&nbsp;<\/strong><\/td>\n<td>&nbsp;1998 &#8211; 2002&nbsp;<\/td>\n<td>&nbsp;Dizel&nbsp;<\/td>\n<td>&nbsp;D&nbsp;<\/td>\n<\/tr>\n<tr>\n<td><strong>&nbsp;FORD &#8211; FIESTA Panelvan\/Van&nbsp;<\/strong><\/td>\n<td>&nbsp;1989 &#8211; 1995&nbsp;<\/td>\n<td>&nbsp;Dizel&nbsp;<\/td>\n<td>&nbsp;1.8&nbsp;<\/td>\n<\/tr>\n<tr>\n<td><strong>&nbsp;FORD &#8211; FIESTA Panelvan\/Van&nbsp;<\/strong><\/td>\n<td>&nbsp;2000 &#8211; 2003&nbsp;<\/td>\n<td>&nbsp;Dizel&nbsp;<\/td>\n<td>&nbsp;1.8&nbsp;<\/td>\n<\/tr>\n<tr>\n<td><strong>&nbsp;FORD &#8211; FIESTA Panelvan\/Van&nbsp;<\/strong><\/td>\n<td>&nbsp;1996 &#8211; 1999&nbsp;<\/td>\n<td>&nbsp;Benzin&nbsp;<\/td>\n<td>&nbsp;1.4&nbsp;<\/td>\n<\/tr>\n<tr>\n<td><strong>&nbsp;FORD &#8211; FIESTA Panelvan\/Van&nbsp;<\/strong><\/td>\n<td>&nbsp;1996 &#8211; 2003&nbsp;<\/td>\n<td>&nbsp;Benzin&nbsp;<\/td>\n<td>&nbsp;1.3&nbsp;<\/td>\n<\/tr>\n<tr>\n<td><strong>&nbsp;FORD &#8211; KA&nbsp;<\/strong><\/td>\n<td>&nbsp;1998 &#8211; 2008&nbsp;<\/td>\n<td>&nbsp;Benzin&nbsp;<\/td>\n<td>&nbsp;1.3&nbsp;<\/td>\n<\/tr>\n<tr>\n<td><strong>&nbsp;FORD &#8211; KA&nbsp;<\/strong><\/td>\n<td>&nbsp;2001 &#8211; 2008&nbsp;<\/td>\n<td>&nbsp;Benzin&nbsp;<\/td>\n<td>&nbsp;1.6&nbsp;<\/td>\n<\/tr>\n<tr>\n<td><strong>&nbsp;FORD &#8211; KA&nbsp;<\/strong><\/td>\n<td>&nbsp;2002 &#8211; 2008&nbsp;<\/td>\n<td>&nbsp;Benzin&nbsp;<\/td>\n<td>&nbsp;1.3&nbsp;<\/td>\n<\/tr>\n<tr>\n<td><strong>&nbsp;FORD &#8211; KA&nbsp;<\/strong><\/td>\n<td>&nbsp;1999 &#8211; 2008&nbsp;<\/td>\n<td>&nbsp;Benzin&nbsp;<\/td>\n<td>&nbsp;1.0&nbsp;<\/td>\n<\/tr>\n<tr>\n<td><strong>&nbsp;FORD &#8211; KA&nbsp;<\/strong><\/td>\n<td>&nbsp;1997 &#8211; 1999&nbsp;<\/td>\n<td>&nbsp;Benzin&nbsp;<\/td>\n<td>&nbsp;1.0&nbsp;<\/td>\n<\/tr>\n<tr>\n<td><strong>&nbsp;FORD &#8211; KA&nbsp;<\/strong><\/td>\n<td>&nbsp;1996 &#8211; 2008&nbsp;<\/td>\n<td>&nbsp;Benzin&nbsp;<\/td>\n<td>&nbsp;1.3&nbsp;<\/td>\n<\/tr>\n<tr>\n<td><strong>&nbsp;FORD &#8211; KA&nbsp;<\/strong><\/td>\n<td>&nbsp;1996 &#8211; 2002&nbsp;<\/td>\n<td>&nbsp;Benzin&nbsp;<\/td>\n<td>&nbsp;1.3&nbsp;<\/td>\n<\/tr>\n<tr>\n<td><strong>&nbsp;FORD &#8211; ORION III&nbsp;<\/strong><\/td>\n<td>&nbsp;1992 &#8211; 1993&nbsp;<\/td>\n<td>&nbsp;Benzin&nbsp;<\/td>\n<td>&nbsp;1.8&nbsp;<\/td>\n<\/tr>\n<tr>\n<td><strong>&nbsp;FORD &#8211; ORION III&nbsp;<\/strong><\/td>\n<td>&nbsp;1990 &#8211; 1992&nbsp;<\/td>\n<td>&nbsp;Benzin&nbsp;<\/td>\n<td>&nbsp;1.6&nbsp;<\/td>\n<\/tr>\n<tr>\n<td><strong>&nbsp;FORD &#8211; ORION III&nbsp;<\/strong><\/td>\n<td>&nbsp;1992 &#8211; 1993&nbsp;<\/td>\n<td>&nbsp;Benzin&nbsp;<\/td>\n<td>&nbsp;1.6&nbsp;<\/td>\n<\/tr>\n<tr>\n<td><strong>&nbsp;FORD &#8211; ORION III&nbsp;<\/strong><\/td>\n<td>&nbsp;1990 &#8211; 1993&nbsp;<\/td>\n<td>&nbsp;Benzin&nbsp;<\/td>\n<td>&nbsp;1.4&nbsp;<\/td>\n<\/tr>\n<tr>\n<td><strong>&nbsp;FORD &#8211; ORION III&nbsp;<\/strong><\/td>\n<td>&nbsp;1992 &#8211; 1993&nbsp;<\/td>\n<td>&nbsp;Dizel&nbsp;<\/td>\n<td>&nbsp;1.8 TD&nbsp;<\/td>\n<\/tr>\n<tr>\n<td><strong>&nbsp;FORD &#8211; ORION III&nbsp;<\/strong><\/td>\n<td>&nbsp;1990 &#8211; 1993&nbsp;<\/td>\n<td>&nbsp;Dizel&nbsp;<\/td>\n<td>&nbsp;1.8&nbsp;<\/td>\n<\/tr>\n<tr>\n<td><strong>&nbsp;FORD &#8211; ORION III&nbsp;<\/strong><\/td>\n<td>&nbsp;1990 &#8211; 1993&nbsp;<\/td>\n<td>&nbsp;Benzin&nbsp;<\/td>\n<td>&nbsp;1.3&nbsp;<\/td>\n<\/tr>\n<tr>\n<td><strong>&nbsp;FORD &#8211; PUMA&nbsp;<\/strong><\/td>\n<td>&nbsp;1999 &#8211; 2002&nbsp;<\/td>\n<td>&nbsp;Benzin&nbsp;<\/td>\n<td>&nbsp;Racing&nbsp;<\/td>\n<\/tr>\n<tr>\n<td><strong>&nbsp;FORD &#8211; PUMA&nbsp;<\/strong><\/td>\n<td>&nbsp;1997 &#8211; 2000&nbsp;<\/td>\n<td>&nbsp;Benzin&nbsp;<\/td>\n<td>&nbsp;1.4&nbsp;<\/td>\n<\/tr>\n<tr>\n<td><strong>&nbsp;FORD &#8211; PUMA&nbsp;<\/strong><\/td>\n<td>&nbsp;2000 &#8211; 2002&nbsp;<\/td>\n<td>&nbsp;Benzin&nbsp;<\/td>\n<td>&nbsp;1.6&nbsp;<\/td>\n<\/tr>\n<tr>\n<td><strong>&nbsp;FORD &#8211; PUMA&nbsp;<\/strong><\/td>\n<td>&nbsp;1997 &#8211; 2002&nbsp;<\/td>\n<td>&nbsp;Benzin&nbsp;<\/td>\n<td>&nbsp;1.7&nbsp;<\/td>\n<\/tr>\n<tr>\n<td><strong>&nbsp;FORD &#8211; STREET KA&nbsp;<\/strong><\/td>\n<td>&nbsp;2003 &#8211; 2005&nbsp;<\/td>\n<td>&nbsp;Benzin&nbsp;<\/td>\n<td>&nbsp;1.6&nbsp;<\/td>\n<\/tr>\n<tr>\n<td><strong>&nbsp;MAZDA &#8211; 121 III&nbsp;<\/strong><\/td>\n<td>&nbsp;1996 &#8211; 2003&nbsp;<\/td>\n<td>&nbsp;Dizel&nbsp;<\/td>\n<td>&nbsp;1.8&nbsp;<\/td>\n<\/tr>\n<tr>\n<td><strong>&nbsp;MAZDA &#8211; 121 III&nbsp;<\/strong><\/td>\n<td>&nbsp;1996 &#8211; 2003&nbsp;<\/td>\n<td>&nbsp;Benzin&nbsp;<\/td>\n<td>&nbsp;1.25&nbsp;<\/td>\n<\/tr>\n<tr>\n<td><strong>&nbsp;MAZDA &#8211; 121 III&nbsp;<\/strong><\/td>\n<td>&nbsp;1996 &#8211; 2003&nbsp;<\/td>\n<td>&nbsp;Benzin&nbsp;<\/td>\n<td>&nbsp;1.3&nbsp;<\/td>\n<\/tr>\n<\/table>\n<style>#carPropertiesTable td{padding:2px;}<\/style>\n","protected":false},"excerpt":{"rendered":"<p>ARKA AKS K\u0130T\u0130 FORD ESCORT 90-99 F\u0130ESTA 89-97 MAZDA 121 96-03<\/p>\n","protected":false},"featured_media":216908,"comment_status":"open","ping_status":"closed","template":"","meta":[],"product_brand":[],"product_cat":[846,372],"product_tag":[16004,16161,16160,16162,1170,1242,15439,1269,1136,3111,4110],"class_list":{"0":"post-216909","1":"product","2":"type-product","3":"status-publish","4":"has-post-thumbnail","6":"product_cat-direksiyon-sistemi","7":"product_cat-otomotiv","8":"product_tag-16004","9":"product_tag-89-97","10":"product_tag-90-99","11":"product_tag-96-03","12":"product_tag-aks","13":"product_tag-arka","14":"product_tag-escort","15":"product_tag-fiesta","16":"product_tag-ford","17":"product_tag-kiti","18":"product_tag-mazda","20":"first","21":"instock","22":"taxable","23":"shipping-taxable","24":"purchasable","25":"product-type-simple"},"_links":{"self":[{"href":"https:\/\/depodanmusteriye.com\/urunler\/wp-json\/wp\/v2\/product\/216909","targetHints":{"allow":["GET"]}}],"collection":[{"href":"https:\/\/depodanmusteriye.com\/urunler\/wp-json\/wp\/v2\/product"}],"about":[{"href":"https:\/\/depodanmusteriye.com\/urunler\/wp-json\/wp\/v2\/types\/product"}],"replies":[{"embeddable":true,"href":"https:\/\/depodanmusteriye.com\/urunler\/wp-json\/wp\/v2\/comments?post=216909"}],"version-history":[{"count":0,"href":"https:\/\/depodanmusteriye.com\/urunler\/wp-json\/wp\/v2\/product\/216909\/revisions"}],"wp:featuredmedia":[{"embeddable":true,"href":"https:\/\/depodanmusteriye.com\/urunler\/wp-json\/wp\/v2\/media\/216908"}],"wp:attachment":[{"href":"https:\/\/depodanmusteriye.com\/urunler\/wp-json\/wp\/v2\/media?parent=216909"}],"wp:term":[{"taxonomy":"product_brand","embeddable":true,"href":"https:\/\/depodanmusteriye.com\/urunler\/wp-json\/wp\/v2\/product_brand?post=216909"},{"taxonomy":"product_cat","embeddable":true,"href":"https:\/\/depodanmusteriye.com\/urunler\/wp-json\/wp\/v2\/product_cat?post=216909"},{"taxonomy":"product_tag","embeddable":true,"href":"https:\/\/depodanmusteriye.com\/urunler\/wp-json\/wp\/v2\/product_tag?post=216909"}],"curies":[{"name":"wp","href":"https:\/\/api.w.org\/{rel}","templated":true}]}}