{"id":216843,"date":"2025-12-22T21:53:38","date_gmt":"2025-12-22T21:53:38","guid":{"rendered":"https:\/\/b2b.depodanmusteriye.com\/urun\/eksantrik-gergi-rulmani-buyuk-clio-91-05-kng-1-9-97-1-9-mgn-2-0-16v96-99-r19-1-8-16v89\/"},"modified":"2025-12-22T21:53:38","modified_gmt":"2025-12-22T21:53:38","slug":"eksantrik-gergi-rulmani-buyuk-clio-91-05-kng-1-9-97-1-9-mgn-2-0-16v96-99-r19-1-8-16v89","status":"publish","type":"product","link":"https:\/\/depodanmusteriye.com\/urunler\/urun\/eksantrik-gergi-rulmani-buyuk-clio-91-05-kng-1-9-97-1-9-mgn-2-0-16v96-99-r19-1-8-16v89\/","title":{"rendered":"EKSANTR\u0130K GERG\u0130 RULMANI (B\u00dcY\u00dcK) CLIO (91-05)- KNG 1.9 (97-) 1.9 MGN 2.0 16V(96-99)- R19 1.8 16V(89-)"},"content":{"rendered":"<h4><\/p>\n<h4> <b>1 ADET F\u0130YATIDIR<\/b> <\/h4>\n<p>EKSANTR\u0130K GERG\u0130 RULMANI (B\u00dcY\u00dcK) CLIO (91-05)- KNG 1.9 (97-) 1.9 MGN 2.0 16V(96-99)- R19 1.8 16V(89-)<\/p>\n<p><b>\u00dcretici Markas\u0131 : ABA<\/b><\/p>\n<p><b>\u00dcretici Kodu : 25206050<\/b><\/p>\n<p><b>1 ADET F\u0130YATIDIR<\/b><\/p>\n<\/h4>\n<p><\/p>\n<table id='carPropertiesTable' width='100%' border='1' cellspacing='0' cellpadding='0'>\n<tr>\n<th><strong>OEM<\/strong><\/th>\n<td>8200469376<\/td>\n<td>8200420959<\/td>\n<td>8200051092<\/td>\n<\/tr>\n<tr>\n<td colspan='4'>&nbsp;<\/td>\n<\/tr>\n<tr>\n<th><strong>MODEL<\/strong><\/th>\n<th><strong>YIL<\/strong><\/th>\n<th><strong>YAKIT<\/strong><\/th>\n<th><strong>MOTOR HACM\u0130<\/strong><\/th>\n<\/tr>\n<tr>\n<td><strong>&nbsp;RENAULT &#8211; 19 I&nbsp;<\/strong><\/td>\n<td>&nbsp;1989 &#8211; 1992&nbsp;<\/td>\n<td>&nbsp;Benzin&nbsp;<\/td>\n<td>&nbsp;1.8&nbsp;<\/td>\n<\/tr>\n<tr>\n<td><strong>&nbsp;RENAULT &#8211; 19 I Cabriolet&nbsp;<\/strong><\/td>\n<td>&nbsp;1991 &#8211; 1992&nbsp;<\/td>\n<td>&nbsp;Benzin&nbsp;<\/td>\n<td>&nbsp;1.8&nbsp;<\/td>\n<\/tr>\n<tr>\n<td><strong>&nbsp;RENAULT &#8211; 19 I Chamade&nbsp;<\/strong><\/td>\n<td>&nbsp;1989 &#8211; 1992&nbsp;<\/td>\n<td>&nbsp;Benzin&nbsp;<\/td>\n<td>&nbsp;1.8&nbsp;<\/td>\n<\/tr>\n<tr>\n<td><strong>&nbsp;RENAULT &#8211; 19 I Chamade&nbsp;<\/strong><\/td>\n<td>&nbsp;1989 &#8211; 1990&nbsp;<\/td>\n<td>&nbsp;Benzin&nbsp;<\/td>\n<td>&nbsp;1.8&nbsp;<\/td>\n<\/tr>\n<tr>\n<td><strong>&nbsp;RENAULT &#8211; 19 II&nbsp;<\/strong><\/td>\n<td>&nbsp;1992 &#8211; 1995&nbsp;<\/td>\n<td>&nbsp;Benzin&nbsp;<\/td>\n<td>&nbsp;1.8&nbsp;<\/td>\n<\/tr>\n<tr>\n<td><strong>&nbsp;RENAULT &#8211; 19 II Cabriolet&nbsp;<\/strong><\/td>\n<td>&nbsp;1992 &#8211; 1996&nbsp;<\/td>\n<td>&nbsp;Benzin&nbsp;<\/td>\n<td>&nbsp;1.8&nbsp;<\/td>\n<\/tr>\n<tr>\n<td><strong>&nbsp;RENAULT &#8211; 19 II Cabriolet&nbsp;<\/strong><\/td>\n<td>&nbsp;1992 &#8211; 1994&nbsp;<\/td>\n<td>&nbsp;Benzin&nbsp;<\/td>\n<td>&nbsp;1.8&nbsp;<\/td>\n<\/tr>\n<tr>\n<td><strong>&nbsp;RENAULT &#8211; 19 II Chamade&nbsp;<\/strong><\/td>\n<td>&nbsp;1992 &#8211; 1995&nbsp;<\/td>\n<td>&nbsp;Benzin&nbsp;<\/td>\n<td>&nbsp;1.8&nbsp;<\/td>\n<\/tr>\n<tr>\n<td><strong>&nbsp;RENAULT &#8211; 21 Station Wagon&nbsp;<\/strong><\/td>\n<td>&nbsp;1986 &#8211; 1993&nbsp;<\/td>\n<td>&nbsp;Benzin&nbsp;<\/td>\n<td>&nbsp;1.7&nbsp;<\/td>\n<\/tr>\n<tr>\n<td><strong>&nbsp;RENAULT &#8211; 21 Station Wagon&nbsp;<\/strong><\/td>\n<td>&nbsp;1986 &#8211; 1988&nbsp;<\/td>\n<td>&nbsp;Benzin&nbsp;<\/td>\n<td>&nbsp;1.7&nbsp;<\/td>\n<\/tr>\n<tr>\n<td><strong>&nbsp;RENAULT &#8211; CLIO I&nbsp;<\/strong><\/td>\n<td>&nbsp;1994 &#8211; 1998&nbsp;<\/td>\n<td>&nbsp;Benzin&nbsp;<\/td>\n<td>&nbsp;Williams&nbsp;<\/td>\n<\/tr>\n<tr>\n<td><strong>&nbsp;RENAULT &#8211; CLIO I&nbsp;<\/strong><\/td>\n<td>&nbsp;1991 &#8211; 1996&nbsp;<\/td>\n<td>&nbsp;Benzin&nbsp;<\/td>\n<td>&nbsp;1.8&nbsp;<\/td>\n<\/tr>\n<tr>\n<td><strong>&nbsp;RENAULT &#8211; CLIO I&nbsp;<\/strong><\/td>\n<td>&nbsp;1991 &#8211; 1998&nbsp;<\/td>\n<td>&nbsp;Dizel&nbsp;<\/td>\n<td>&nbsp;1.9&nbsp;<\/td>\n<\/tr>\n<tr>\n<td><strong>&nbsp;RENAULT &#8211; CLIO I&nbsp;<\/strong><\/td>\n<td>&nbsp;1996 &#8211; 1998&nbsp;<\/td>\n<td>&nbsp;Dizel&nbsp;<\/td>\n<td>&nbsp;1.9&nbsp;<\/td>\n<\/tr>\n<tr>\n<td><strong>&nbsp;RENAULT &#8211; CLIO I Panelvan\/Van&nbsp;<\/strong><\/td>\n<td>&nbsp;1996 &#8211; 1998&nbsp;<\/td>\n<td>&nbsp;Dizel&nbsp;<\/td>\n<td>&nbsp;1.9&nbsp;<\/td>\n<\/tr>\n<tr>\n<td><strong>&nbsp;RENAULT &#8211; CLIO I Panelvan\/Van&nbsp;<\/strong><\/td>\n<td>&nbsp;1991 &#8211; 1998&nbsp;<\/td>\n<td>&nbsp;Dizel&nbsp;<\/td>\n<td>&nbsp;1.9&nbsp;<\/td>\n<\/tr>\n<tr>\n<td><strong>&nbsp;RENAULT &#8211; CLIO II&nbsp;<\/strong><\/td>\n<td>&nbsp;2000 &#8211; 2001&nbsp;<\/td>\n<td>&nbsp;Dizel&nbsp;<\/td>\n<td>&nbsp;1.9&nbsp;<\/td>\n<\/tr>\n<tr>\n<td><strong>&nbsp;RENAULT &#8211; CLIO II&nbsp;<\/strong><\/td>\n<td>&nbsp;1998 &#8211; 2005&nbsp;<\/td>\n<td>&nbsp;Dizel&nbsp;<\/td>\n<td>&nbsp;1.9&nbsp;<\/td>\n<\/tr>\n<tr>\n<td><strong>&nbsp;RENAULT &#8211; CLIO II Panelvan\/Van&nbsp;<\/strong><\/td>\n<td>&nbsp;2000 &#8211; 2001&nbsp;<\/td>\n<td>&nbsp;Dizel&nbsp;<\/td>\n<td>&nbsp;1.9&nbsp;<\/td>\n<\/tr>\n<tr>\n<td><strong>&nbsp;RENAULT &#8211; CLIO II Panelvan\/Van&nbsp;<\/strong><\/td>\n<td>&nbsp;1999 &#8211; 2000&nbsp;<\/td>\n<td>&nbsp;Dizel&nbsp;<\/td>\n<td>&nbsp;1.9&nbsp;<\/td>\n<\/tr>\n<tr>\n<td><strong>&nbsp;RENAULT &#8211; CLIO II Panelvan\/Van&nbsp;<\/strong><\/td>\n<td>&nbsp;1998 &#8211; &nbsp;<\/td>\n<td>&nbsp;Dizel&nbsp;<\/td>\n<td>&nbsp;1.9&nbsp;<\/td>\n<\/tr>\n<tr>\n<td><strong>&nbsp;RENAULT &#8211; CLIO SYMBOL I&nbsp;<\/strong><\/td>\n<td>&nbsp;1998 &#8211; 2001&nbsp;<\/td>\n<td>&nbsp;Dizel&nbsp;<\/td>\n<td>&nbsp;1.9&nbsp;<\/td>\n<\/tr>\n<tr>\n<td><strong>&nbsp;RENAULT &#8211; EXPRESS Kombi Van&nbsp;<\/strong><\/td>\n<td>&nbsp;1995 &#8211; 1998&nbsp;<\/td>\n<td>&nbsp;Dizel&nbsp;<\/td>\n<td>&nbsp;1.9&nbsp;<\/td>\n<\/tr>\n<tr>\n<td><strong>&nbsp;RENAULT &#8211; EXPRESS Panelvan\/Van&nbsp;<\/strong><\/td>\n<td>&nbsp;1994 &#8211; 1998&nbsp;<\/td>\n<td>&nbsp;Dizel&nbsp;<\/td>\n<td>&nbsp;1.9&nbsp;<\/td>\n<\/tr>\n<tr>\n<td><strong>&nbsp;RENAULT &#8211; EXPRESS Panelvan\/Van&nbsp;<\/strong><\/td>\n<td>&nbsp;1991 &#8211; 1998&nbsp;<\/td>\n<td>&nbsp;Dizel&nbsp;<\/td>\n<td>&nbsp;1.9&nbsp;<\/td>\n<\/tr>\n<tr>\n<td><strong>&nbsp;RENAULT &#8211; KANGOO&nbsp;<\/strong><\/td>\n<td>&nbsp;1999 &#8211; 2001&nbsp;<\/td>\n<td>&nbsp;Dizel&nbsp;<\/td>\n<td>&nbsp;1.9&nbsp;<\/td>\n<\/tr>\n<tr>\n<td><strong>&nbsp;RENAULT &#8211; KANGOO&nbsp;<\/strong><\/td>\n<td>&nbsp;2001 &#8211; &nbsp;<\/td>\n<td>&nbsp;Dizel&nbsp;<\/td>\n<td>&nbsp;1.9 dCi&nbsp;<\/td>\n<\/tr>\n<tr>\n<td><strong>&nbsp;RENAULT &#8211; KANGOO&nbsp;<\/strong><\/td>\n<td>&nbsp;1997 &#8211; &nbsp;<\/td>\n<td>&nbsp;Dizel&nbsp;<\/td>\n<td>&nbsp;D&nbsp;<\/td>\n<\/tr>\n<tr>\n<td><strong>&nbsp;RENAULT &#8211; KANGOO Express&nbsp;<\/strong><\/td>\n<td>&nbsp;1999 &#8211; 2003&nbsp;<\/td>\n<td>&nbsp;Dizel&nbsp;<\/td>\n<td>&nbsp;1.9&nbsp;<\/td>\n<\/tr>\n<tr>\n<td><strong>&nbsp;RENAULT &#8211; KANGOO Express&nbsp;<\/strong><\/td>\n<td>&nbsp;2003 &#8211; &nbsp;<\/td>\n<td>&nbsp;Dizel&nbsp;<\/td>\n<td>&nbsp;1.9 dCi&nbsp;<\/td>\n<\/tr>\n<tr>\n<td><strong>&nbsp;RENAULT &#8211; KANGOO Express&nbsp;<\/strong><\/td>\n<td>&nbsp;1997 &#8211; &nbsp;<\/td>\n<td>&nbsp;Dizel&nbsp;<\/td>\n<td>&nbsp;D&nbsp;<\/td>\n<\/tr>\n<tr>\n<td><strong>&nbsp;RENAULT &#8211; MEGANE I&nbsp;<\/strong><\/td>\n<td>&nbsp;1996 &#8211; 2003&nbsp;<\/td>\n<td>&nbsp;Benzin&nbsp;<\/td>\n<td>&nbsp;2.0&nbsp;<\/td>\n<\/tr>\n<tr>\n<td><strong>&nbsp;RENAULT &#8211; MEGANE I Cabriolet&nbsp;<\/strong><\/td>\n<td>&nbsp;1996 &#8211; 1999&nbsp;<\/td>\n<td>&nbsp;Benzin&nbsp;<\/td>\n<td>&nbsp;2.0&nbsp;<\/td>\n<\/tr>\n<tr>\n<td><strong>&nbsp;RENAULT &#8211; MEGANE I Coach&nbsp;<\/strong><\/td>\n<td>&nbsp;1996 &#8211; 1999&nbsp;<\/td>\n<td>&nbsp;Benzin&nbsp;<\/td>\n<td>&nbsp;2.0&nbsp;<\/td>\n<\/tr>\n<tr>\n<td><strong>&nbsp;RENAULT &#8211; SPORT SPIDER&nbsp;<\/strong><\/td>\n<td>&nbsp;1995 &#8211; 1996&nbsp;<\/td>\n<td>&nbsp;Benzin&nbsp;<\/td>\n<td>&nbsp;2.0&nbsp;<\/td>\n<\/tr>\n<tr>\n<td><strong>&nbsp;RENAULT &#8211; SPORT SPIDER&nbsp;<\/strong><\/td>\n<td>&nbsp;1995 &#8211; 1999&nbsp;<\/td>\n<td>&nbsp;Benzin&nbsp;<\/td>\n<td>&nbsp;2.0&nbsp;<\/td>\n<\/tr>\n<tr>\n<td><strong>&nbsp;DACIA &#8211; SOLENZA&nbsp;<\/strong><\/td>\n<td>&nbsp;2003 &#8211; &nbsp;<\/td>\n<td>&nbsp;Dizel&nbsp;<\/td>\n<td>&nbsp;1.9&nbsp;<\/td>\n<\/tr>\n<\/table>\n<style>#carPropertiesTable td{padding:2px;}<\/style>\n","protected":false},"excerpt":{"rendered":"<p>EKSANTR\u0130K GERG\u0130 RULMANI (B\u00dcY\u00dcK) CLIO (91-05)- KNG 1.9 (97-) 1.9 MGN 2.0 16V(96-99)- R19 1.8 16V(89-)<\/p>\n","protected":false},"featured_media":216842,"comment_status":"open","ping_status":"closed","template":"","meta":[],"product_brand":[],"product_cat":[888,372],"product_tag":[1102,2255,16064,16063,1103,16062,2307,1064,2567,1200,1458,1779,2252,1197],"class_list":{"0":"post-216843","1":"product","2":"type-product","3":"status-publish","4":"has-post-thumbnail","6":"product_cat-oto-basinc-sensoru","7":"product_cat-otomotiv","8":"product_tag-1-8","9":"product_tag-1-9","10":"product_tag-16v89","11":"product_tag-16v96-99","12":"product_tag-2-0","13":"product_tag-91-05","14":"product_tag-buyuk","15":"product_tag-clio","16":"product_tag-eksantrik","17":"product_tag-gergi","18":"product_tag-kng","19":"product_tag-mgn","20":"product_tag-r19","21":"product_tag-rulmani","23":"first","24":"instock","25":"taxable","26":"shipping-taxable","27":"purchasable","28":"product-type-simple"},"_links":{"self":[{"href":"https:\/\/depodanmusteriye.com\/urunler\/wp-json\/wp\/v2\/product\/216843","targetHints":{"allow":["GET"]}}],"collection":[{"href":"https:\/\/depodanmusteriye.com\/urunler\/wp-json\/wp\/v2\/product"}],"about":[{"href":"https:\/\/depodanmusteriye.com\/urunler\/wp-json\/wp\/v2\/types\/product"}],"replies":[{"embeddable":true,"href":"https:\/\/depodanmusteriye.com\/urunler\/wp-json\/wp\/v2\/comments?post=216843"}],"version-history":[{"count":0,"href":"https:\/\/depodanmusteriye.com\/urunler\/wp-json\/wp\/v2\/product\/216843\/revisions"}],"wp:featuredmedia":[{"embeddable":true,"href":"https:\/\/depodanmusteriye.com\/urunler\/wp-json\/wp\/v2\/media\/216842"}],"wp:attachment":[{"href":"https:\/\/depodanmusteriye.com\/urunler\/wp-json\/wp\/v2\/media?parent=216843"}],"wp:term":[{"taxonomy":"product_brand","embeddable":true,"href":"https:\/\/depodanmusteriye.com\/urunler\/wp-json\/wp\/v2\/product_brand?post=216843"},{"taxonomy":"product_cat","embeddable":true,"href":"https:\/\/depodanmusteriye.com\/urunler\/wp-json\/wp\/v2\/product_cat?post=216843"},{"taxonomy":"product_tag","embeddable":true,"href":"https:\/\/depodanmusteriye.com\/urunler\/wp-json\/wp\/v2\/product_tag?post=216843"}],"curies":[{"name":"wp","href":"https:\/\/api.w.org\/{rel}","templated":true}]}}