{"id":216651,"date":"2025-12-22T21:42:06","date_gmt":"2025-12-22T21:42:06","guid":{"rendered":"https:\/\/b2b.depodanmusteriye.com\/urun\/rot-basi-op036-combo-corsa-tigra-97-10-01-lanos-04-97\/"},"modified":"2025-12-22T21:42:06","modified_gmt":"2025-12-22T21:42:06","slug":"rot-basi-op036-combo-corsa-tigra-97-10-01-lanos-04-97","status":"publish","type":"product","link":"https:\/\/depodanmusteriye.com\/urunler\/urun\/rot-basi-op036-combo-corsa-tigra-97-10-01-lanos-04-97\/","title":{"rendered":"ROT BA\u015eI (OP036)  COMBO-CORSA-TIGRA 97-10\/01 &#8211; LANOS 04\/97&#8211;"},"content":{"rendered":"<h4><\/p>\n<h4> <b>1 ADET F\u0130YATIDIR<\/b> <\/h4>\n<p>ROT BA\u015eI (OP036)  COMBO-CORSA-TIGRA 97-10\/01 &#8211; LANOS 04\/97&#8211;<\/p>\n<p><b>\u00dcretici Markas\u0131 : ORJ\u0130N<\/b><\/p>\n<p><b>\u00dcretici Kodu : 00815<\/b><\/p>\n<p><b>1 ADET F\u0130YATIDIR<\/b><\/p>\n<\/h4>\n<p><\/p>\n<table id='carPropertiesTable' width='100%' border='1' cellspacing='0' cellpadding='0'>\n<tr>\n<th><strong>OEM<\/strong><\/th>\n<td>93192446<\/td>\n<td>324066<\/td>\n<td>26065265<\/td>\n<\/tr>\n<tr>\n<td colspan='4'>&nbsp;<\/td>\n<\/tr>\n<tr>\n<th><strong>MODEL<\/strong><\/th>\n<th><strong>YIL<\/strong><\/th>\n<th><strong>YAKIT<\/strong><\/th>\n<th><strong>MOTOR HACM\u0130<\/strong><\/th>\n<\/tr>\n<tr>\n<td><strong>&nbsp;OPEL &#8211; COMBO&nbsp;<\/strong><\/td>\n<td>&nbsp;1994 &#8211; 2001&nbsp;<\/td>\n<td>&nbsp;Dizel&nbsp;<\/td>\n<td>&nbsp;1.7&nbsp;<\/td>\n<\/tr>\n<tr>\n<td><strong>&nbsp;OPEL &#8211; COMBO&nbsp;<\/strong><\/td>\n<td>&nbsp;1994 &#8211; 2001&nbsp;<\/td>\n<td>&nbsp;Benzin&nbsp;<\/td>\n<td>&nbsp;1.4&nbsp;<\/td>\n<\/tr>\n<tr>\n<td><strong>&nbsp;OPEL &#8211; COMBO&nbsp;<\/strong><\/td>\n<td>&nbsp;1994 &#8211; 2001&nbsp;<\/td>\n<td>&nbsp;Benzin&nbsp;<\/td>\n<td>&nbsp;1.2&nbsp;<\/td>\n<\/tr>\n<tr>\n<td><strong>&nbsp;OPEL &#8211; CORSA B&nbsp;<\/strong><\/td>\n<td>&nbsp;1993 &#8211; 2000&nbsp;<\/td>\n<td>&nbsp;Benzin&nbsp;<\/td>\n<td>&nbsp;1.2&nbsp;<\/td>\n<\/tr>\n<tr>\n<td><strong>&nbsp;OPEL &#8211; CORSA B&nbsp;<\/strong><\/td>\n<td>&nbsp;1994 &#8211; 2000&nbsp;<\/td>\n<td>&nbsp;Benzin&nbsp;<\/td>\n<td>&nbsp;1.4&nbsp;<\/td>\n<\/tr>\n<tr>\n<td><strong>&nbsp;OPEL &#8211; CORSA B&nbsp;<\/strong><\/td>\n<td>&nbsp;1993 &#8211; 2000&nbsp;<\/td>\n<td>&nbsp;Benzin&nbsp;<\/td>\n<td>&nbsp;1.4&nbsp;<\/td>\n<\/tr>\n<tr>\n<td><strong>&nbsp;OPEL &#8211; CORSA B Panelvan\/Van&nbsp;<\/strong><\/td>\n<td>&nbsp;1999 &#8211; 2000&nbsp;<\/td>\n<td>&nbsp;Dizel&nbsp;<\/td>\n<td>&nbsp;1.7&nbsp;<\/td>\n<\/tr>\n<tr>\n<td><strong>&nbsp;OPEL &#8211; CORSA B Panelvan\/Van&nbsp;<\/strong><\/td>\n<td>&nbsp;1999 &#8211; 2000&nbsp;<\/td>\n<td>&nbsp;Benzin&nbsp;<\/td>\n<td>&nbsp;1.4&nbsp;<\/td>\n<\/tr>\n<tr>\n<td><strong>&nbsp;OPEL &#8211; TIGRA&nbsp;<\/strong><\/td>\n<td>&nbsp;1997 &#8211; 1998&nbsp;<\/td>\n<td>&nbsp;Benzin&nbsp;<\/td>\n<td>&nbsp;1.6&nbsp;<\/td>\n<\/tr>\n<tr>\n<td><strong>&nbsp;OPEL &#8211; TIGRA&nbsp;<\/strong><\/td>\n<td>&nbsp;1997 &#8211; 2000&nbsp;<\/td>\n<td>&nbsp;Benzin&nbsp;<\/td>\n<td>&nbsp;1.4&nbsp;<\/td>\n<\/tr>\n<tr>\n<td><strong>&nbsp;OPEL &#8211; TIGRA&nbsp;<\/strong><\/td>\n<td>&nbsp;1994 &#8211; 1998&nbsp;<\/td>\n<td>&nbsp;Benzin&nbsp;<\/td>\n<td>&nbsp;1.6&nbsp;<\/td>\n<\/tr>\n<tr>\n<td><strong>&nbsp;OPEL &#8211; TIGRA&nbsp;<\/strong><\/td>\n<td>&nbsp;1994 &#8211; 2000&nbsp;<\/td>\n<td>&nbsp;Benzin&nbsp;<\/td>\n<td>&nbsp;1.4&nbsp;<\/td>\n<\/tr>\n<\/table>\n<style>#carPropertiesTable td{padding:2px;}<\/style>\n","protected":false},"excerpt":{"rendered":"<p>ROT BA\u015eI (OP036)  COMBO-CORSA-TIGRA 97-10\/01 &#8211; LANOS 04\/97&#8211;<\/p>\n","protected":false},"featured_media":216650,"comment_status":"open","ping_status":"closed","template":"","meta":[],"product_brand":[],"product_cat":[372,863],"product_tag":[15877,15875,6182,15874,15876,15873,15814],"class_list":{"0":"post-216651","1":"product","2":"type-product","3":"status-publish","4":"has-post-thumbnail","6":"product_cat-otomotiv","7":"product_cat-rotil","8":"product_tag-04-97","9":"product_tag-97-10-01","10":"product_tag-basi","11":"product_tag-combo-corsa-tigra","12":"product_tag-lanos","13":"product_tag-op036","14":"product_tag-rot","16":"first","17":"instock","18":"taxable","19":"shipping-taxable","20":"purchasable","21":"product-type-simple"},"_links":{"self":[{"href":"https:\/\/depodanmusteriye.com\/urunler\/wp-json\/wp\/v2\/product\/216651","targetHints":{"allow":["GET"]}}],"collection":[{"href":"https:\/\/depodanmusteriye.com\/urunler\/wp-json\/wp\/v2\/product"}],"about":[{"href":"https:\/\/depodanmusteriye.com\/urunler\/wp-json\/wp\/v2\/types\/product"}],"replies":[{"embeddable":true,"href":"https:\/\/depodanmusteriye.com\/urunler\/wp-json\/wp\/v2\/comments?post=216651"}],"version-history":[{"count":0,"href":"https:\/\/depodanmusteriye.com\/urunler\/wp-json\/wp\/v2\/product\/216651\/revisions"}],"wp:featuredmedia":[{"embeddable":true,"href":"https:\/\/depodanmusteriye.com\/urunler\/wp-json\/wp\/v2\/media\/216650"}],"wp:attachment":[{"href":"https:\/\/depodanmusteriye.com\/urunler\/wp-json\/wp\/v2\/media?parent=216651"}],"wp:term":[{"taxonomy":"product_brand","embeddable":true,"href":"https:\/\/depodanmusteriye.com\/urunler\/wp-json\/wp\/v2\/product_brand?post=216651"},{"taxonomy":"product_cat","embeddable":true,"href":"https:\/\/depodanmusteriye.com\/urunler\/wp-json\/wp\/v2\/product_cat?post=216651"},{"taxonomy":"product_tag","embeddable":true,"href":"https:\/\/depodanmusteriye.com\/urunler\/wp-json\/wp\/v2\/product_tag?post=216651"}],"curies":[{"name":"wp","href":"https:\/\/api.w.org\/{rel}","templated":true}]}}