{"id":216613,"date":"2025-12-22T21:39:51","date_gmt":"2025-12-22T21:39:51","guid":{"rendered":"https:\/\/b2b.depodanmusteriye.com\/urun\/rot-basi-sol-fiat-doblo-2006-fi062-l\/"},"modified":"2025-12-22T21:39:51","modified_gmt":"2025-12-22T21:39:51","slug":"rot-basi-sol-fiat-doblo-2006-fi062-l","status":"publish","type":"product","link":"https:\/\/depodanmusteriye.com\/urunler\/urun\/rot-basi-sol-fiat-doblo-2006-fi062-l\/","title":{"rendered":"ROT BA\u015eI SOL (FIAT DOBLO (2006&#8211;) (FI062-L)"},"content":{"rendered":"<h4><\/p>\n<h4> <b>1 ADET F\u0130YATIDIR<\/b> <\/h4>\n<p>ROT BA\u015eI SOL (FIAT DOBLO (2006&#8211;) (FI062-L)<\/p>\n<p><b>\u00dcretici Markas\u0131 : ORJ\u0130N<\/b><\/p>\n<p><b>\u00dcretici Kodu : 00264<\/b><\/p>\n<p><b>1 ADET F\u0130YATIDIR<\/b><\/p>\n<\/h4>\n<p><\/p>\n<table id='carPropertiesTable' width='100%' border='1' cellspacing='0' cellpadding='0'>\n<tr>\n<th><strong>OEM<\/strong><\/th>\n<td>98845032<\/td>\n<td>46745365<\/td>\n<td>46456189<\/td>\n<\/tr>\n<tr>\n<td colspan='4'>&nbsp;<\/td>\n<\/tr>\n<tr>\n<th><strong>MODEL<\/strong><\/th>\n<th><strong>YIL<\/strong><\/th>\n<th><strong>YAKIT<\/strong><\/th>\n<th><strong>MOTOR HACM\u0130<\/strong><\/th>\n<\/tr>\n<tr>\n<td><strong>&nbsp;FIAT &#8211; ALBEA&nbsp;<\/strong><\/td>\n<td>&nbsp;2000 &#8211; 2012&nbsp;<\/td>\n<td>&nbsp;Benzin&nbsp;<\/td>\n<td>&nbsp;1.6&nbsp;<\/td>\n<\/tr>\n<tr>\n<td><strong>&nbsp;FIAT &#8211; ALBEA&nbsp;<\/strong><\/td>\n<td>&nbsp;2004 &#8211; 2009&nbsp;<\/td>\n<td>&nbsp;Benzin&nbsp;<\/td>\n<td>&nbsp;1.5&nbsp;<\/td>\n<\/tr>\n<tr>\n<td><strong>&nbsp;FIAT &#8211; ALBEA&nbsp;<\/strong><\/td>\n<td>&nbsp;1998 &#8211; 2009&nbsp;<\/td>\n<td>&nbsp;Benzin&nbsp;<\/td>\n<td>&nbsp;1.6&nbsp;<\/td>\n<\/tr>\n<tr>\n<td><strong>&nbsp;FIAT &#8211; ALBEA&nbsp;<\/strong><\/td>\n<td>&nbsp;1998 &#8211; 2002&nbsp;<\/td>\n<td>&nbsp;Benzin&nbsp;<\/td>\n<td>&nbsp;1.2&nbsp;<\/td>\n<\/tr>\n<tr>\n<td><strong>&nbsp;FIAT &#8211; ALBEA&nbsp;<\/strong><\/td>\n<td>&nbsp;2003 &#8211; 2009&nbsp;<\/td>\n<td>&nbsp;Dizel&nbsp;<\/td>\n<td>&nbsp;1.3&nbsp;<\/td>\n<\/tr>\n<tr>\n<td><strong>&nbsp;FIAT &#8211; ALBEA&nbsp;<\/strong><\/td>\n<td>&nbsp;1996 &#8211; 2009&nbsp;<\/td>\n<td>&nbsp;Benzin&nbsp;<\/td>\n<td>&nbsp;1.4&nbsp;<\/td>\n<\/tr>\n<tr>\n<td><strong>&nbsp;FIAT &#8211; ALBEA&nbsp;<\/strong><\/td>\n<td>&nbsp;2006 &#8211; 2009&nbsp;<\/td>\n<td>&nbsp;Benzin&nbsp;<\/td>\n<td>&nbsp;1.4&nbsp;<\/td>\n<\/tr>\n<tr>\n<td><strong>&nbsp;FIAT &#8211; DOBLO Cargo&nbsp;<\/strong><\/td>\n<td>&nbsp;2001 &#8211; &nbsp;<\/td>\n<td>&nbsp;Dizel&nbsp;<\/td>\n<td>&nbsp;1.9&nbsp;<\/td>\n<\/tr>\n<tr>\n<td><strong>&nbsp;FIAT &#8211; DOBLO Cargo&nbsp;<\/strong><\/td>\n<td>&nbsp;2001 &#8211; &nbsp;<\/td>\n<td>&nbsp;Benzin&nbsp;<\/td>\n<td>&nbsp;1.2&nbsp;<\/td>\n<\/tr>\n<tr>\n<td><strong>&nbsp;FIAT &#8211; DOBLO Cargo&nbsp;<\/strong><\/td>\n<td>&nbsp;2005 &#8211; 2010&nbsp;<\/td>\n<td>&nbsp;Dizel&nbsp;<\/td>\n<td>&nbsp;1.3&nbsp;<\/td>\n<\/tr>\n<tr>\n<td><strong>&nbsp;FIAT &#8211; DOBLO Cargo&nbsp;<\/strong><\/td>\n<td>&nbsp;2002 &#8211; &nbsp;<\/td>\n<td>&nbsp;Benzin\/dogal gaz (CNG)&nbsp;<\/td>\n<td>&nbsp;1.6&nbsp;<\/td>\n<\/tr>\n<tr>\n<td><strong>&nbsp;FIAT &#8211; DOBLO Cargo&nbsp;<\/strong><\/td>\n<td>&nbsp;2005 &#8211; &nbsp;<\/td>\n<td>&nbsp;Benzin&nbsp;<\/td>\n<td>&nbsp;1.4&nbsp;<\/td>\n<\/tr>\n<tr>\n<td><strong>&nbsp;FIAT &#8211; DOBLO Cargo&nbsp;<\/strong><\/td>\n<td>&nbsp;2006 &#8211; &nbsp;<\/td>\n<td>&nbsp;Dizel&nbsp;<\/td>\n<td>&nbsp;1.9&nbsp;<\/td>\n<\/tr>\n<tr>\n<td><strong>&nbsp;FIAT &#8211; DOBLO Cargo&nbsp;<\/strong><\/td>\n<td>&nbsp;2006 &#8211; &nbsp;<\/td>\n<td>&nbsp;Dizel&nbsp;<\/td>\n<td>&nbsp;1.3&nbsp;<\/td>\n<\/tr>\n<tr>\n<td><strong>&nbsp;FIAT &#8211; DOBLO Cargo&nbsp;<\/strong><\/td>\n<td>&nbsp;2004 &#8211; 2006&nbsp;<\/td>\n<td>&nbsp;Dizel&nbsp;<\/td>\n<td>&nbsp;1.3&nbsp;<\/td>\n<\/tr>\n<tr>\n<td><strong>&nbsp;FIAT &#8211; DOBLO Cargo&nbsp;<\/strong><\/td>\n<td>&nbsp;2003 &#8211; &nbsp;<\/td>\n<td>&nbsp;Dizel&nbsp;<\/td>\n<td>&nbsp;1.9&nbsp;<\/td>\n<\/tr>\n<tr>\n<td><strong>&nbsp;FIAT &#8211; DOBLO Cargo&nbsp;<\/strong><\/td>\n<td>&nbsp;2001 &#8211; &nbsp;<\/td>\n<td>&nbsp;Benzin&nbsp;<\/td>\n<td>&nbsp;1.6&nbsp;<\/td>\n<\/tr>\n<tr>\n<td><strong>&nbsp;FIAT &#8211; DOBLO MPV&nbsp;<\/strong><\/td>\n<td>&nbsp;2001 &#8211; &nbsp;<\/td>\n<td>&nbsp;Dizel&nbsp;<\/td>\n<td>&nbsp;1.9&nbsp;<\/td>\n<\/tr>\n<tr>\n<td><strong>&nbsp;FIAT &#8211; DOBLO MPV&nbsp;<\/strong><\/td>\n<td>&nbsp;2001 &#8211; &nbsp;<\/td>\n<td>&nbsp;Benzin&nbsp;<\/td>\n<td>&nbsp;1.2&nbsp;<\/td>\n<\/tr>\n<tr>\n<td><strong>&nbsp;FIAT &#8211; DOBLO MPV&nbsp;<\/strong><\/td>\n<td>&nbsp;2002 &#8211; &nbsp;<\/td>\n<td>&nbsp;Benzin\/dogal gaz (CNG)&nbsp;<\/td>\n<td>&nbsp;1.6&nbsp;<\/td>\n<\/tr>\n<tr>\n<td><strong>&nbsp;FIAT &#8211; DOBLO MPV&nbsp;<\/strong><\/td>\n<td>&nbsp;2005 &#8211; &nbsp;<\/td>\n<td>&nbsp;Benzin&nbsp;<\/td>\n<td>&nbsp;1.4&nbsp;<\/td>\n<\/tr>\n<tr>\n<td><strong>&nbsp;FIAT &#8211; DOBLO MPV&nbsp;<\/strong><\/td>\n<td>&nbsp;2005 &#8211; &nbsp;<\/td>\n<td>&nbsp;Dizel&nbsp;<\/td>\n<td>&nbsp;1.9&nbsp;<\/td>\n<\/tr>\n<tr>\n<td><strong>&nbsp;FIAT &#8211; DOBLO MPV&nbsp;<\/strong><\/td>\n<td>&nbsp;2005 &#8211; &nbsp;<\/td>\n<td>&nbsp;Dizel&nbsp;<\/td>\n<td>&nbsp;1.3&nbsp;<\/td>\n<\/tr>\n<tr>\n<td><strong>&nbsp;FIAT &#8211; DOBLO MPV&nbsp;<\/strong><\/td>\n<td>&nbsp;2003 &#8211; &nbsp;<\/td>\n<td>&nbsp;Dizel&nbsp;<\/td>\n<td>&nbsp;1.9&nbsp;<\/td>\n<\/tr>\n<tr>\n<td><strong>&nbsp;FIAT &#8211; DOBLO MPV&nbsp;<\/strong><\/td>\n<td>&nbsp;2004 &#8211; 2005&nbsp;<\/td>\n<td>&nbsp;Dizel&nbsp;<\/td>\n<td>&nbsp;1.3&nbsp;<\/td>\n<\/tr>\n<tr>\n<td><strong>&nbsp;FIAT &#8211; DOBLO MPV&nbsp;<\/strong><\/td>\n<td>&nbsp;2001 &#8211; &nbsp;<\/td>\n<td>&nbsp;Benzin&nbsp;<\/td>\n<td>&nbsp;1.6&nbsp;<\/td>\n<\/tr>\n<tr>\n<td><strong>&nbsp;FIAT &#8211; PALIO&nbsp;<\/strong><\/td>\n<td>&nbsp;2001 &#8211; &nbsp;<\/td>\n<td>&nbsp;Dizel&nbsp;<\/td>\n<td>&nbsp;1.7 TD&nbsp;<\/td>\n<\/tr>\n<tr>\n<td><strong>&nbsp;FIAT &#8211; PALIO&nbsp;<\/strong><\/td>\n<td>&nbsp;1996 &#8211; 2003&nbsp;<\/td>\n<td>&nbsp;Benzin&nbsp;<\/td>\n<td>&nbsp;1.0&nbsp;<\/td>\n<\/tr>\n<tr>\n<td><strong>&nbsp;FIAT &#8211; PALIO&nbsp;<\/strong><\/td>\n<td>&nbsp;2003 &#8211; 2012&nbsp;<\/td>\n<td>&nbsp;Dizel&nbsp;<\/td>\n<td>&nbsp;1.3&nbsp;<\/td>\n<\/tr>\n<tr>\n<td><strong>&nbsp;FIAT &#8211; PALIO&nbsp;<\/strong><\/td>\n<td>&nbsp;2004 &#8211; &nbsp;<\/td>\n<td>&nbsp;Benzin&nbsp;<\/td>\n<td>&nbsp;1.5&nbsp;<\/td>\n<\/tr>\n<tr>\n<td><strong>&nbsp;FIAT &#8211; PALIO&nbsp;<\/strong><\/td>\n<td>&nbsp;1997 &#8211; 2003&nbsp;<\/td>\n<td>&nbsp;Benzin&nbsp;<\/td>\n<td>&nbsp;1.1&nbsp;<\/td>\n<\/tr>\n<tr>\n<td><strong>&nbsp;FIAT &#8211; PALIO&nbsp;<\/strong><\/td>\n<td>&nbsp;1996 &#8211; 2002&nbsp;<\/td>\n<td>&nbsp;Benzin&nbsp;<\/td>\n<td>&nbsp;1.6&nbsp;<\/td>\n<\/tr>\n<tr>\n<td><strong>&nbsp;FIAT &#8211; PALIO&nbsp;<\/strong><\/td>\n<td>&nbsp;1998 &#8211; &nbsp;<\/td>\n<td>&nbsp;Benzin&nbsp;<\/td>\n<td>&nbsp;1.2&nbsp;<\/td>\n<\/tr>\n<tr>\n<td><strong>&nbsp;FIAT &#8211; PALIO&nbsp;<\/strong><\/td>\n<td>&nbsp;2000 &#8211; 2003&nbsp;<\/td>\n<td>&nbsp;Benzin&nbsp;<\/td>\n<td>&nbsp;1.3&nbsp;<\/td>\n<\/tr>\n<tr>\n<td><strong>&nbsp;FIAT &#8211; PALIO&nbsp;<\/strong><\/td>\n<td>&nbsp;2002 &#8211; 2004&nbsp;<\/td>\n<td>&nbsp;Benzin&nbsp;<\/td>\n<td>&nbsp;1.4&nbsp;<\/td>\n<\/tr>\n<tr>\n<td><strong>&nbsp;FIAT &#8211; PALIO&nbsp;<\/strong><\/td>\n<td>&nbsp;1996 &#8211; 2002&nbsp;<\/td>\n<td>&nbsp;Dizel&nbsp;<\/td>\n<td>&nbsp;1.7&nbsp;<\/td>\n<\/tr>\n<tr>\n<td><strong>&nbsp;FIAT &#8211; PALIO&nbsp;<\/strong><\/td>\n<td>&nbsp;2002 &#8211; 2012&nbsp;<\/td>\n<td>&nbsp;Dizel&nbsp;<\/td>\n<td>&nbsp;1.7 TD&nbsp;<\/td>\n<\/tr>\n<tr>\n<td><strong>&nbsp;FIAT &#8211; PALIO&nbsp;<\/strong><\/td>\n<td>&nbsp;1996 &#8211; 2001&nbsp;<\/td>\n<td>&nbsp;Benzin&nbsp;<\/td>\n<td>&nbsp;1.4&nbsp;<\/td>\n<\/tr>\n<tr>\n<td><strong>&nbsp;FIAT &#8211; PALIO&nbsp;<\/strong><\/td>\n<td>&nbsp;1996 &#8211; 2002&nbsp;<\/td>\n<td>&nbsp;Benzin&nbsp;<\/td>\n<td>&nbsp;1.4&nbsp;<\/td>\n<\/tr>\n<tr>\n<td><strong>&nbsp;FIAT &#8211; PALIO&nbsp;<\/strong><\/td>\n<td>&nbsp;2005 &#8211; &nbsp;<\/td>\n<td>&nbsp;Benzin&nbsp;<\/td>\n<td>&nbsp;1.4&nbsp;<\/td>\n<\/tr>\n<tr>\n<td><strong>&nbsp;FIAT &#8211; PALIO&nbsp;<\/strong><\/td>\n<td>&nbsp;2000 &#8211; 2012&nbsp;<\/td>\n<td>&nbsp;Benzin&nbsp;<\/td>\n<td>&nbsp;1.2&nbsp;<\/td>\n<\/tr>\n<tr>\n<td><strong>&nbsp;FIAT &#8211; PALIO&nbsp;<\/strong><\/td>\n<td>&nbsp;1999 &#8211; 2000&nbsp;<\/td>\n<td>&nbsp;Benzin&nbsp;<\/td>\n<td>&nbsp;1.2&nbsp;<\/td>\n<\/tr>\n<tr>\n<td><strong>&nbsp;FIAT &#8211; PALIO Weekend&nbsp;<\/strong><\/td>\n<td>&nbsp;2001 &#8211; &nbsp;<\/td>\n<td>&nbsp;Dizel&nbsp;<\/td>\n<td>&nbsp;1.9&nbsp;<\/td>\n<\/tr>\n<tr>\n<td><strong>&nbsp;FIAT &#8211; PALIO Weekend&nbsp;<\/strong><\/td>\n<td>&nbsp;1997 &#8211; 2001&nbsp;<\/td>\n<td>&nbsp;Benzin&nbsp;<\/td>\n<td>&nbsp;1.4&nbsp;<\/td>\n<\/tr>\n<tr>\n<td><strong>&nbsp;FIAT &#8211; PALIO Weekend&nbsp;<\/strong><\/td>\n<td>&nbsp;2001 &#8211; &nbsp;<\/td>\n<td>&nbsp;Benzin&nbsp;<\/td>\n<td>&nbsp;1.2&nbsp;<\/td>\n<\/tr>\n<tr>\n<td><strong>&nbsp;FIAT &#8211; PALIO Weekend&nbsp;<\/strong><\/td>\n<td>&nbsp;1999 &#8211; 2002&nbsp;<\/td>\n<td>&nbsp;Benzin&nbsp;<\/td>\n<td>&nbsp;1.2&nbsp;<\/td>\n<\/tr>\n<tr>\n<td><strong>&nbsp;FIAT &#8211; PALIO Weekend&nbsp;<\/strong><\/td>\n<td>&nbsp;1996 &#8211; 2001&nbsp;<\/td>\n<td>&nbsp;Dizel&nbsp;<\/td>\n<td>&nbsp;1.7 TD&nbsp;<\/td>\n<\/tr>\n<tr>\n<td><strong>&nbsp;FIAT &#8211; PALIO Weekend&nbsp;<\/strong><\/td>\n<td>&nbsp;1996 &#8211; 2001&nbsp;<\/td>\n<td>&nbsp;Benzin&nbsp;<\/td>\n<td>&nbsp;1.6&nbsp;<\/td>\n<\/tr>\n<tr>\n<td><strong>&nbsp;FIAT &#8211; PALIO Weekend&nbsp;<\/strong><\/td>\n<td>&nbsp;1996 &#8211; 2001&nbsp;<\/td>\n<td>&nbsp;Benzin&nbsp;<\/td>\n<td>&nbsp;1.2&nbsp;<\/td>\n<\/tr>\n<tr>\n<td><strong>&nbsp;FIAT &#8211; PALIO Weekend&nbsp;<\/strong><\/td>\n<td>&nbsp;2001 &#8211; 2012&nbsp;<\/td>\n<td>&nbsp;Benzin&nbsp;<\/td>\n<td>&nbsp;1.6&nbsp;<\/td>\n<\/tr>\n<tr>\n<td><strong>&nbsp;FIAT &#8211; PALIO Weekend&nbsp;<\/strong><\/td>\n<td>&nbsp;1997 &#8211; 2004&nbsp;<\/td>\n<td>&nbsp;Benzin&nbsp;<\/td>\n<td>&nbsp;1.2&nbsp;<\/td>\n<\/tr>\n<tr>\n<td><strong>&nbsp;FIAT &#8211; STRADA Pick-up&nbsp;<\/strong><\/td>\n<td>&nbsp;2005 &#8211; &nbsp;<\/td>\n<td>&nbsp;Benzin&nbsp;<\/td>\n<td>&nbsp;1.2&nbsp;<\/td>\n<\/tr>\n<tr>\n<td><strong>&nbsp;FIAT &#8211; STRADA Pick-up&nbsp;<\/strong><\/td>\n<td>&nbsp;1999 &#8211; 2006&nbsp;<\/td>\n<td>&nbsp;Dizel&nbsp;<\/td>\n<td>&nbsp;1.7 TD&nbsp;<\/td>\n<\/tr>\n<tr>\n<td><strong>&nbsp;FIAT &#8211; STRADA Pick-up&nbsp;<\/strong><\/td>\n<td>&nbsp;1999 &#8211; 2006&nbsp;<\/td>\n<td>&nbsp;Benzin&nbsp;<\/td>\n<td>&nbsp;1.2&nbsp;<\/td>\n<\/tr>\n<tr>\n<td><strong>&nbsp;FIAT &#8211; STRADA Pick-up&nbsp;<\/strong><\/td>\n<td>&nbsp;2006 &#8211; &nbsp;<\/td>\n<td>&nbsp;Dizel&nbsp;<\/td>\n<td>&nbsp;1.3&nbsp;<\/td>\n<\/tr>\n<tr>\n<td><strong>&nbsp;FIAT &#8211; STRADA Pick-up&nbsp;<\/strong><\/td>\n<td>&nbsp;2003 &#8211; &nbsp;<\/td>\n<td>&nbsp;Benzin&nbsp;<\/td>\n<td>&nbsp;1.2&nbsp;<\/td>\n<\/tr>\n<tr>\n<td><strong>&nbsp;FIAT &#8211; STRADA Pick-up&nbsp;<\/strong><\/td>\n<td>&nbsp;2003 &#8211; &nbsp;<\/td>\n<td>&nbsp;Dizel&nbsp;<\/td>\n<td>&nbsp;1.9&nbsp;<\/td>\n<\/tr>\n<tr>\n<td><strong>&nbsp;FIAT &#8211; STRADA Pick-up&nbsp;<\/strong><\/td>\n<td>&nbsp;2000 &#8211; &nbsp;<\/td>\n<td>&nbsp;Dizel&nbsp;<\/td>\n<td>&nbsp;1.9&nbsp;<\/td>\n<\/tr>\n<tr>\n<td><strong>&nbsp;FIAT &#8211; STRADA Pick-up&nbsp;<\/strong><\/td>\n<td>&nbsp;2010 &#8211; &nbsp;<\/td>\n<td>&nbsp;Dizel&nbsp;<\/td>\n<td>&nbsp;1.3&nbsp;<\/td>\n<\/tr>\n<\/table>\n<style>#carPropertiesTable td{padding:2px;}<\/style>\n","protected":false},"excerpt":{"rendered":"<p>ROT BA\u015eI SOL (FIAT DOBLO (2006&#8211;) (FI062-L)<\/p>\n","protected":false},"featured_media":216612,"comment_status":"open","ping_status":"closed","template":"","meta":[],"product_brand":[],"product_cat":[372,863],"product_tag":[6182,1371,15846,1052,15814,1368],"class_list":{"0":"post-216613","1":"product","2":"type-product","3":"status-publish","4":"has-post-thumbnail","6":"product_cat-otomotiv","7":"product_cat-rotil","8":"product_tag-basi","9":"product_tag-doblo","10":"product_tag-fi062-l","11":"product_tag-fiat","12":"product_tag-rot","13":"product_tag-sol","15":"first","16":"instock","17":"taxable","18":"shipping-taxable","19":"purchasable","20":"product-type-simple"},"_links":{"self":[{"href":"https:\/\/depodanmusteriye.com\/urunler\/wp-json\/wp\/v2\/product\/216613","targetHints":{"allow":["GET"]}}],"collection":[{"href":"https:\/\/depodanmusteriye.com\/urunler\/wp-json\/wp\/v2\/product"}],"about":[{"href":"https:\/\/depodanmusteriye.com\/urunler\/wp-json\/wp\/v2\/types\/product"}],"replies":[{"embeddable":true,"href":"https:\/\/depodanmusteriye.com\/urunler\/wp-json\/wp\/v2\/comments?post=216613"}],"version-history":[{"count":0,"href":"https:\/\/depodanmusteriye.com\/urunler\/wp-json\/wp\/v2\/product\/216613\/revisions"}],"wp:featuredmedia":[{"embeddable":true,"href":"https:\/\/depodanmusteriye.com\/urunler\/wp-json\/wp\/v2\/media\/216612"}],"wp:attachment":[{"href":"https:\/\/depodanmusteriye.com\/urunler\/wp-json\/wp\/v2\/media?parent=216613"}],"wp:term":[{"taxonomy":"product_brand","embeddable":true,"href":"https:\/\/depodanmusteriye.com\/urunler\/wp-json\/wp\/v2\/product_brand?post=216613"},{"taxonomy":"product_cat","embeddable":true,"href":"https:\/\/depodanmusteriye.com\/urunler\/wp-json\/wp\/v2\/product_cat?post=216613"},{"taxonomy":"product_tag","embeddable":true,"href":"https:\/\/depodanmusteriye.com\/urunler\/wp-json\/wp\/v2\/product_tag?post=216613"}],"curies":[{"name":"wp","href":"https:\/\/api.w.org\/{rel}","templated":true}]}}