{"id":216593,"date":"2025-12-22T21:38:40","date_gmt":"2025-12-22T21:38:40","guid":{"rendered":"https:\/\/b2b.depodanmusteriye.com\/urun\/rot-basi-dacia-logan-2004-da139-r\/"},"modified":"2025-12-22T21:38:40","modified_gmt":"2025-12-22T21:38:40","slug":"rot-basi-dacia-logan-2004-da139-r","status":"publish","type":"product","link":"https:\/\/depodanmusteriye.com\/urunler\/urun\/rot-basi-dacia-logan-2004-da139-r\/","title":{"rendered":"ROT BA\u015eI (DACIA LOGAN (2004&#8211;) (DA139-R)"},"content":{"rendered":"<h4><\/p>\n<h4> <b>1 ADET F\u0130YATIDIR<\/b> <\/h4>\n<p>ROT BA\u015eI (DACIA LOGAN (2004&#8211;) (DA139-R)<\/p>\n<p><b>\u00dcretici Markas\u0131 : ORJ\u0130N<\/b><\/p>\n<p><b>\u00dcretici Kodu : 00184<\/b><\/p>\n<p><b>1 ADET F\u0130YATIDIR<\/b><\/p>\n<\/h4>\n<p><\/p>\n<table id='carPropertiesTable' width='100%' border='1' cellspacing='0' cellpadding='0'>\n<tr>\n<th><strong>OEM<\/strong><\/th>\n<td>6001550443<\/td>\n<td>6001550442<\/td>\n<td>6001547611<\/td>\n<\/tr>\n<tr>\n<td colspan='4'>&nbsp;<\/td>\n<\/tr>\n<tr>\n<th><strong>MODEL<\/strong><\/th>\n<th><strong>YIL<\/strong><\/th>\n<th><strong>YAKIT<\/strong><\/th>\n<th><strong>MOTOR HACM\u0130<\/strong><\/th>\n<\/tr>\n<tr>\n<td><strong>&nbsp;RENAULT &#8211; LOGAN I&nbsp;<\/strong><\/td>\n<td>&nbsp;2008 &#8211; 2015&nbsp;<\/td>\n<td>&nbsp;Dizel&nbsp;<\/td>\n<td>&nbsp;1.5 dCi&nbsp;<\/td>\n<\/tr>\n<tr>\n<td><strong>&nbsp;RENAULT &#8211; LOGAN I&nbsp;<\/strong><\/td>\n<td>&nbsp;2011 &#8211; &nbsp;<\/td>\n<td>&nbsp;Dizel&nbsp;<\/td>\n<td>&nbsp;1.5 dCi&nbsp;<\/td>\n<\/tr>\n<tr>\n<td><strong>&nbsp;RENAULT &#8211; LOGAN I&nbsp;<\/strong><\/td>\n<td>&nbsp;2007 &#8211; &nbsp;<\/td>\n<td>&nbsp;Benzin&nbsp;<\/td>\n<td>&nbsp;1.6&nbsp;<\/td>\n<\/tr>\n<tr>\n<td><strong>&nbsp;RENAULT &#8211; LOGAN I&nbsp;<\/strong><\/td>\n<td>&nbsp;2007 &#8211; &nbsp;<\/td>\n<td>&nbsp;Dizel&nbsp;<\/td>\n<td>&nbsp;1.5 dCi&nbsp;<\/td>\n<\/tr>\n<tr>\n<td><strong>&nbsp;RENAULT &#8211; LOGAN I&nbsp;<\/strong><\/td>\n<td>&nbsp;2004 &#8211; &nbsp;<\/td>\n<td>&nbsp;Benzin&nbsp;<\/td>\n<td>&nbsp;1.6&nbsp;<\/td>\n<\/tr>\n<tr>\n<td><strong>&nbsp;RENAULT &#8211; LOGAN I&nbsp;<\/strong><\/td>\n<td>&nbsp;2004 &#8211; &nbsp;<\/td>\n<td>&nbsp;Benzin&nbsp;<\/td>\n<td>&nbsp;1.4&nbsp;<\/td>\n<\/tr>\n<tr>\n<td><strong>&nbsp;RENAULT &#8211; LOGAN I Station Wagon&nbsp;<\/strong><\/td>\n<td>&nbsp;2011 &#8211; &nbsp;<\/td>\n<td>&nbsp;Dizel&nbsp;<\/td>\n<td>&nbsp;1.5 dCi&nbsp;<\/td>\n<\/tr>\n<tr>\n<td><strong>&nbsp;RENAULT &#8211; LOGAN I Station Wagon&nbsp;<\/strong><\/td>\n<td>&nbsp;2007 &#8211; &nbsp;<\/td>\n<td>&nbsp;Benzin&nbsp;<\/td>\n<td>&nbsp;1.4&nbsp;<\/td>\n<\/tr>\n<tr>\n<td><strong>&nbsp;RENAULT &#8211; LOGAN I Station Wagon&nbsp;<\/strong><\/td>\n<td>&nbsp;2007 &#8211; &nbsp;<\/td>\n<td>&nbsp;Benzin&nbsp;<\/td>\n<td>&nbsp;1.6&nbsp;<\/td>\n<\/tr>\n<tr>\n<td><strong>&nbsp;RENAULT &#8211; LOGAN I Station Wagon&nbsp;<\/strong><\/td>\n<td>&nbsp;2007 &#8211; &nbsp;<\/td>\n<td>&nbsp;Dizel&nbsp;<\/td>\n<td>&nbsp;1.5 dCi&nbsp;<\/td>\n<\/tr>\n<tr>\n<td><strong>&nbsp;RENAULT &#8211; LOGAN I Station Wagon&nbsp;<\/strong><\/td>\n<td>&nbsp;2008 &#8211; 2015&nbsp;<\/td>\n<td>&nbsp;Dizel&nbsp;<\/td>\n<td>&nbsp;1.5 dCi&nbsp;<\/td>\n<\/tr>\n<tr>\n<td><strong>&nbsp;RENAULT &#8211; LOGAN\/STEPWAY II&nbsp;<\/strong><\/td>\n<td>&nbsp;2014 &#8211; &nbsp;<\/td>\n<td>&nbsp;Benzin&nbsp;<\/td>\n<td>&nbsp;1.6&nbsp;<\/td>\n<\/tr>\n<tr>\n<td><strong>&nbsp;RENAULT &#8211; LOGAN\/STEPWAY II&nbsp;<\/strong><\/td>\n<td>&nbsp;2013 &#8211; &nbsp;<\/td>\n<td>&nbsp;Benzin&nbsp;<\/td>\n<td>&nbsp;1.2&nbsp;<\/td>\n<\/tr>\n<tr>\n<td><strong>&nbsp;RENAULT &#8211; LOGAN\/STEPWAY II&nbsp;<\/strong><\/td>\n<td>&nbsp;2016 &#8211; &nbsp;<\/td>\n<td>&nbsp;Benzin&nbsp;<\/td>\n<td>&nbsp;1.6&nbsp;<\/td>\n<\/tr>\n<tr>\n<td><strong>&nbsp;RENAULT &#8211; SANDERO\/STEPWAY I&nbsp;<\/strong><\/td>\n<td>&nbsp;2009 &#8211; &nbsp;<\/td>\n<td>&nbsp;Benzin\/oto gaz (LPG)&nbsp;<\/td>\n<td>&nbsp;1.4&nbsp;<\/td>\n<\/tr>\n<tr>\n<td><strong>&nbsp;RENAULT &#8211; SYMBOL II&nbsp;<\/strong><\/td>\n<td>&nbsp;2012 &#8211; 2014&nbsp;<\/td>\n<td>&nbsp;Dizel&nbsp;<\/td>\n<td>&nbsp;1.5 dCi&nbsp;<\/td>\n<\/tr>\n<tr>\n<td><strong>&nbsp;RENAULT &#8211; SYMBOL II&nbsp;<\/strong><\/td>\n<td>&nbsp;2012 &#8211; 2014&nbsp;<\/td>\n<td>&nbsp;Benzin&nbsp;<\/td>\n<td>&nbsp;0.9&nbsp;<\/td>\n<\/tr>\n<tr>\n<td><strong>&nbsp;RENAULT &#8211; SYMBOL III&nbsp;<\/strong><\/td>\n<td>&nbsp;2019 &#8211; &nbsp;<\/td>\n<td>&nbsp;Dizel&nbsp;<\/td>\n<td>&nbsp;1.5 dCi&nbsp;<\/td>\n<\/tr>\n<tr>\n<td><strong>&nbsp;RENAULT &#8211; SYMBOL III&nbsp;<\/strong><\/td>\n<td>&nbsp;2013 &#8211; &nbsp;<\/td>\n<td>&nbsp;Dizel&nbsp;<\/td>\n<td>&nbsp;1.5 dCi&nbsp;<\/td>\n<\/tr>\n<tr>\n<td><strong>&nbsp;RENAULT &#8211; SYMBOL III&nbsp;<\/strong><\/td>\n<td>&nbsp;2013 &#8211; &nbsp;<\/td>\n<td>&nbsp;Benzin&nbsp;<\/td>\n<td>&nbsp;1.2&nbsp;<\/td>\n<\/tr>\n<tr>\n<td><strong>&nbsp;RENAULT &#8211; SYMBOL III&nbsp;<\/strong><\/td>\n<td>&nbsp;2014 &#8211; &nbsp;<\/td>\n<td>&nbsp;Benzin\/oto gaz (LPG)&nbsp;<\/td>\n<td>&nbsp;1.2&nbsp;<\/td>\n<\/tr>\n<tr>\n<td><strong>&nbsp;DACIA &#8211; DOKKER Express Panelvan\/Van&nbsp;<\/strong><\/td>\n<td>&nbsp;2018 &#8211; &nbsp;<\/td>\n<td>&nbsp;Benzin\/oto gaz (LPG)&nbsp;<\/td>\n<td>&nbsp;1.6&nbsp;<\/td>\n<\/tr>\n<tr>\n<td><strong>&nbsp;DACIA &#8211; DOKKER Express Panelvan\/Van&nbsp;<\/strong><\/td>\n<td>&nbsp;2019 &#8211; &nbsp;<\/td>\n<td>&nbsp;Benzin&nbsp;<\/td>\n<td>&nbsp;1.3&nbsp;<\/td>\n<\/tr>\n<tr>\n<td><strong>&nbsp;DACIA &#8211; DOKKER Express Panelvan\/Van&nbsp;<\/strong><\/td>\n<td>&nbsp;2019 &#8211; &nbsp;<\/td>\n<td>&nbsp;Dizel&nbsp;<\/td>\n<td>&nbsp;1.5&nbsp;<\/td>\n<\/tr>\n<tr>\n<td><strong>&nbsp;DACIA &#8211; DOKKER Express Panelvan\/Van&nbsp;<\/strong><\/td>\n<td>&nbsp;2013 &#8211; &nbsp;<\/td>\n<td>&nbsp;Benzin\/oto gaz (LPG)&nbsp;<\/td>\n<td>&nbsp;1.6&nbsp;<\/td>\n<\/tr>\n<tr>\n<td><strong>&nbsp;DACIA &#8211; DOKKER Express Panelvan\/Van&nbsp;<\/strong><\/td>\n<td>&nbsp;2012 &#8211; &nbsp;<\/td>\n<td>&nbsp;Benzin&nbsp;<\/td>\n<td>&nbsp;1.2&nbsp;<\/td>\n<\/tr>\n<tr>\n<td><strong>&nbsp;DACIA &#8211; DOKKER Express Panelvan\/Van&nbsp;<\/strong><\/td>\n<td>&nbsp;2012 &#8211; &nbsp;<\/td>\n<td>&nbsp;Dizel&nbsp;<\/td>\n<td>&nbsp;1.5 dCi&nbsp;<\/td>\n<\/tr>\n<tr>\n<td><strong>&nbsp;DACIA &#8211; DOKKER Express Panelvan\/Van&nbsp;<\/strong><\/td>\n<td>&nbsp;2012 &#8211; &nbsp;<\/td>\n<td>&nbsp;Benzin&nbsp;<\/td>\n<td>&nbsp;1.6&nbsp;<\/td>\n<\/tr>\n<tr>\n<td><strong>&nbsp;DACIA &#8211; DOKKER Express Panelvan\/Van&nbsp;<\/strong><\/td>\n<td>&nbsp;2015 &#8211; &nbsp;<\/td>\n<td>&nbsp;Benzin&nbsp;<\/td>\n<td>&nbsp;1.2&nbsp;<\/td>\n<\/tr>\n<tr>\n<td><strong>&nbsp;DACIA &#8211; DOKKER Express Panelvan\/Van&nbsp;<\/strong><\/td>\n<td>&nbsp;2015 &#8211; &nbsp;<\/td>\n<td>&nbsp;Benzin&nbsp;<\/td>\n<td>&nbsp;1.6&nbsp;<\/td>\n<\/tr>\n<tr>\n<td><strong>&nbsp;DACIA &#8211; DOKKER Station Wagon&nbsp;<\/strong><\/td>\n<td>&nbsp;2019 &#8211; &nbsp;<\/td>\n<td>&nbsp;Benzin&nbsp;<\/td>\n<td>&nbsp;1.3&nbsp;<\/td>\n<\/tr>\n<tr>\n<td><strong>&nbsp;DACIA &#8211; DOKKER Station Wagon&nbsp;<\/strong><\/td>\n<td>&nbsp;2018 &#8211; &nbsp;<\/td>\n<td>&nbsp;Dizel&nbsp;<\/td>\n<td>&nbsp;1.5&nbsp;<\/td>\n<\/tr>\n<tr>\n<td><strong>&nbsp;DACIA &#8211; DOKKER Station Wagon&nbsp;<\/strong><\/td>\n<td>&nbsp;2013 &#8211; &nbsp;<\/td>\n<td>&nbsp;Benzin\/oto gaz (LPG)&nbsp;<\/td>\n<td>&nbsp;1.6&nbsp;<\/td>\n<\/tr>\n<tr>\n<td><strong>&nbsp;DACIA &#8211; DOKKER Station Wagon&nbsp;<\/strong><\/td>\n<td>&nbsp;2018 &#8211; &nbsp;<\/td>\n<td>&nbsp;Benzin\/oto gaz (LPG)&nbsp;<\/td>\n<td>&nbsp;1.6&nbsp;<\/td>\n<\/tr>\n<tr>\n<td><strong>&nbsp;DACIA &#8211; DOKKER Station Wagon&nbsp;<\/strong><\/td>\n<td>&nbsp;2012 &#8211; &nbsp;<\/td>\n<td>&nbsp;Benzin&nbsp;<\/td>\n<td>&nbsp;1.6&nbsp;<\/td>\n<\/tr>\n<tr>\n<td><strong>&nbsp;DACIA &#8211; DOKKER Station Wagon&nbsp;<\/strong><\/td>\n<td>&nbsp;2012 &#8211; &nbsp;<\/td>\n<td>&nbsp;Benzin&nbsp;<\/td>\n<td>&nbsp;1.2&nbsp;<\/td>\n<\/tr>\n<tr>\n<td><strong>&nbsp;DACIA &#8211; DOKKER Station Wagon&nbsp;<\/strong><\/td>\n<td>&nbsp;2012 &#8211; &nbsp;<\/td>\n<td>&nbsp;Dizel&nbsp;<\/td>\n<td>&nbsp;1.5 dCi&nbsp;<\/td>\n<\/tr>\n<tr>\n<td><strong>&nbsp;DACIA &#8211; DOKKER Station Wagon&nbsp;<\/strong><\/td>\n<td>&nbsp;2015 &#8211; &nbsp;<\/td>\n<td>&nbsp;Benzin&nbsp;<\/td>\n<td>&nbsp;1.6&nbsp;<\/td>\n<\/tr>\n<tr>\n<td><strong>&nbsp;DACIA &#8211; LODGY&nbsp;<\/strong><\/td>\n<td>&nbsp;2019 &#8211; &nbsp;<\/td>\n<td>&nbsp;Benzin&nbsp;<\/td>\n<td>&nbsp;1.3&nbsp;<\/td>\n<\/tr>\n<tr>\n<td><strong>&nbsp;DACIA &#8211; LODGY&nbsp;<\/strong><\/td>\n<td>&nbsp;2012 &#8211; &nbsp;<\/td>\n<td>&nbsp;Dizel&nbsp;<\/td>\n<td>&nbsp;1.5 dCi&nbsp;<\/td>\n<\/tr>\n<tr>\n<td><strong>&nbsp;DACIA &#8211; LODGY&nbsp;<\/strong><\/td>\n<td>&nbsp;2012 &#8211; &nbsp;<\/td>\n<td>&nbsp;Benzin&nbsp;<\/td>\n<td>&nbsp;1.6&nbsp;<\/td>\n<\/tr>\n<tr>\n<td><strong>&nbsp;DACIA &#8211; LODGY&nbsp;<\/strong><\/td>\n<td>&nbsp;2013 &#8211; &nbsp;<\/td>\n<td>&nbsp;Benzin\/oto gaz (LPG)&nbsp;<\/td>\n<td>&nbsp;1.6&nbsp;<\/td>\n<\/tr>\n<tr>\n<td><strong>&nbsp;DACIA &#8211; LODGY&nbsp;<\/strong><\/td>\n<td>&nbsp;2018 &#8211; &nbsp;<\/td>\n<td>&nbsp;Dizel&nbsp;<\/td>\n<td>&nbsp;1.5&nbsp;<\/td>\n<\/tr>\n<tr>\n<td><strong>&nbsp;DACIA &#8211; LODGY&nbsp;<\/strong><\/td>\n<td>&nbsp;2018 &#8211; &nbsp;<\/td>\n<td>&nbsp;Benzin\/oto gaz (LPG)&nbsp;<\/td>\n<td>&nbsp;1.6&nbsp;<\/td>\n<\/tr>\n<tr>\n<td><strong>&nbsp;DACIA &#8211; LODGY&nbsp;<\/strong><\/td>\n<td>&nbsp;2013 &#8211; &nbsp;<\/td>\n<td>&nbsp;Dizel&nbsp;<\/td>\n<td>&nbsp;1.5 dCi&nbsp;<\/td>\n<\/tr>\n<tr>\n<td><strong>&nbsp;DACIA &#8211; LODGY&nbsp;<\/strong><\/td>\n<td>&nbsp;2012 &#8211; &nbsp;<\/td>\n<td>&nbsp;Benzin&nbsp;<\/td>\n<td>&nbsp;1.2&nbsp;<\/td>\n<\/tr>\n<tr>\n<td><strong>&nbsp;DACIA &#8211; LODGY&nbsp;<\/strong><\/td>\n<td>&nbsp;2015 &#8211; &nbsp;<\/td>\n<td>&nbsp;Dizel&nbsp;<\/td>\n<td>&nbsp;1.5 dCi&nbsp;<\/td>\n<\/tr>\n<tr>\n<td><strong>&nbsp;DACIA &#8211; LODGY&nbsp;<\/strong><\/td>\n<td>&nbsp;2015 &#8211; &nbsp;<\/td>\n<td>&nbsp;Benzin\/oto gaz (LPG)&nbsp;<\/td>\n<td>&nbsp;1.6&nbsp;<\/td>\n<\/tr>\n<tr>\n<td><strong>&nbsp;DACIA &#8211; LOGAN&nbsp;<\/strong><\/td>\n<td>&nbsp;2006 &#8211; &nbsp;<\/td>\n<td>&nbsp;Benzin&nbsp;<\/td>\n<td>&nbsp;1.2&nbsp;<\/td>\n<\/tr>\n<tr>\n<td><strong>&nbsp;DACIA &#8211; LOGAN&nbsp;<\/strong><\/td>\n<td>&nbsp;2010 &#8211; &nbsp;<\/td>\n<td>&nbsp;Dizel&nbsp;<\/td>\n<td>&nbsp;1.5 dCi&nbsp;<\/td>\n<\/tr>\n<tr>\n<td><strong>&nbsp;DACIA &#8211; LOGAN&nbsp;<\/strong><\/td>\n<td>&nbsp;2010 &#8211; &nbsp;<\/td>\n<td>&nbsp;Benzin&nbsp;<\/td>\n<td>&nbsp;1.6&nbsp;<\/td>\n<\/tr>\n<tr>\n<td><strong>&nbsp;DACIA &#8211; LOGAN&nbsp;<\/strong><\/td>\n<td>&nbsp;2006 &#8211; &nbsp;<\/td>\n<td>&nbsp;Benzin\/oto gaz (LPG)&nbsp;<\/td>\n<td>&nbsp;1.4&nbsp;<\/td>\n<\/tr>\n<tr>\n<td><strong>&nbsp;DACIA &#8211; LOGAN&nbsp;<\/strong><\/td>\n<td>&nbsp;2007 &#8211; &nbsp;<\/td>\n<td>&nbsp;Dizel&nbsp;<\/td>\n<td>&nbsp;1.5 dCi&nbsp;<\/td>\n<\/tr>\n<tr>\n<td><strong>&nbsp;DACIA &#8211; LOGAN&nbsp;<\/strong><\/td>\n<td>&nbsp;2006 &#8211; &nbsp;<\/td>\n<td>&nbsp;Dizel&nbsp;<\/td>\n<td>&nbsp;1.5 dCi&nbsp;<\/td>\n<\/tr>\n<tr>\n<td><strong>&nbsp;DACIA &#8211; LOGAN&nbsp;<\/strong><\/td>\n<td>&nbsp;2006 &#8211; &nbsp;<\/td>\n<td>&nbsp;Benzin&nbsp;<\/td>\n<td>&nbsp;1.6&nbsp;<\/td>\n<\/tr>\n<tr>\n<td><strong>&nbsp;DACIA &#8211; LOGAN&nbsp;<\/strong><\/td>\n<td>&nbsp;2005 &#8211; &nbsp;<\/td>\n<td>&nbsp;Dizel&nbsp;<\/td>\n<td>&nbsp;1.5 dCi&nbsp;<\/td>\n<\/tr>\n<tr>\n<td><strong>&nbsp;DACIA &#8211; LOGAN&nbsp;<\/strong><\/td>\n<td>&nbsp;2004 &#8211; &nbsp;<\/td>\n<td>&nbsp;Benzin&nbsp;<\/td>\n<td>&nbsp;1.6&nbsp;<\/td>\n<\/tr>\n<tr>\n<td><strong>&nbsp;DACIA &#8211; LOGAN&nbsp;<\/strong><\/td>\n<td>&nbsp;2004 &#8211; &nbsp;<\/td>\n<td>&nbsp;Benzin&nbsp;<\/td>\n<td>&nbsp;1.4&nbsp;<\/td>\n<\/tr>\n<tr>\n<td><strong>&nbsp;DACIA &#8211; LOGAN EXPRESS&nbsp;<\/strong><\/td>\n<td>&nbsp;2010 &#8211; &nbsp;<\/td>\n<td>&nbsp;Benzin&nbsp;<\/td>\n<td>&nbsp;1.6&nbsp;<\/td>\n<\/tr>\n<tr>\n<td><strong>&nbsp;DACIA &#8211; LOGAN EXPRESS&nbsp;<\/strong><\/td>\n<td>&nbsp;2010 &#8211; &nbsp;<\/td>\n<td>&nbsp;Dizel&nbsp;<\/td>\n<td>&nbsp;1.5 dCi&nbsp;<\/td>\n<\/tr>\n<tr>\n<td><strong>&nbsp;DACIA &#8211; LOGAN EXPRESS&nbsp;<\/strong><\/td>\n<td>&nbsp;2009 &#8211; &nbsp;<\/td>\n<td>&nbsp;Dizel&nbsp;<\/td>\n<td>&nbsp;1.5 dCi&nbsp;<\/td>\n<\/tr>\n<tr>\n<td><strong>&nbsp;DACIA &#8211; LOGAN EXPRESS&nbsp;<\/strong><\/td>\n<td>&nbsp;2009 &#8211; &nbsp;<\/td>\n<td>&nbsp;Benzin&nbsp;<\/td>\n<td>&nbsp;1.6&nbsp;<\/td>\n<\/tr>\n<tr>\n<td><strong>&nbsp;DACIA &#8211; LOGAN EXPRESS&nbsp;<\/strong><\/td>\n<td>&nbsp;2009 &#8211; &nbsp;<\/td>\n<td>&nbsp;Benzin&nbsp;<\/td>\n<td>&nbsp;1.4&nbsp;<\/td>\n<\/tr>\n<tr>\n<td><strong>&nbsp;DACIA &#8211; LOGAN II&nbsp;<\/strong><\/td>\n<td>&nbsp;2013 &#8211; &nbsp;<\/td>\n<td>&nbsp;Dizel&nbsp;<\/td>\n<td>&nbsp;1.5 dCi&nbsp;<\/td>\n<\/tr>\n<tr>\n<td><strong>&nbsp;DACIA &#8211; LOGAN II&nbsp;<\/strong><\/td>\n<td>&nbsp;2013 &#8211; &nbsp;<\/td>\n<td>&nbsp;Benzin&nbsp;<\/td>\n<td>&nbsp;1.6&nbsp;<\/td>\n<\/tr>\n<tr>\n<td><strong>&nbsp;DACIA &#8211; LOGAN II&nbsp;<\/strong><\/td>\n<td>&nbsp;2018 &#8211; &nbsp;<\/td>\n<td>&nbsp;Dizel&nbsp;<\/td>\n<td>&nbsp;1.5&nbsp;<\/td>\n<\/tr>\n<tr>\n<td><strong>&nbsp;DACIA &#8211; LOGAN II&nbsp;<\/strong><\/td>\n<td>&nbsp;2013 &#8211; 2016&nbsp;<\/td>\n<td>&nbsp;Benzin&nbsp;<\/td>\n<td>&nbsp;1.6&nbsp;<\/td>\n<\/tr>\n<tr>\n<td><strong>&nbsp;DACIA &#8211; LOGAN II&nbsp;<\/strong><\/td>\n<td>&nbsp;2013 &#8211; &nbsp;<\/td>\n<td>&nbsp;Benzin\/oto gaz (LPG)&nbsp;<\/td>\n<td>&nbsp;1.2&nbsp;<\/td>\n<\/tr>\n<tr>\n<td><strong>&nbsp;DACIA &#8211; LOGAN II&nbsp;<\/strong><\/td>\n<td>&nbsp;2012 &#8211; &nbsp;<\/td>\n<td>&nbsp;Dizel&nbsp;<\/td>\n<td>&nbsp;1.5 dCi&nbsp;<\/td>\n<\/tr>\n<tr>\n<td><strong>&nbsp;DACIA &#8211; LOGAN II&nbsp;<\/strong><\/td>\n<td>&nbsp;2012 &#8211; &nbsp;<\/td>\n<td>&nbsp;Benzin&nbsp;<\/td>\n<td>&nbsp;TCe&nbsp;<\/td>\n<\/tr>\n<tr>\n<td><strong>&nbsp;DACIA &#8211; LOGAN II&nbsp;<\/strong><\/td>\n<td>&nbsp;2017 &#8211; &nbsp;<\/td>\n<td>&nbsp;Benzin&nbsp;<\/td>\n<td>&nbsp;1.0&nbsp;<\/td>\n<\/tr>\n<tr>\n<td><strong>&nbsp;DACIA &#8211; LOGAN II&nbsp;<\/strong><\/td>\n<td>&nbsp;2012 &#8211; &nbsp;<\/td>\n<td>&nbsp;Benzin\/oto gaz (LPG)&nbsp;<\/td>\n<td>&nbsp;1.2&nbsp;<\/td>\n<\/tr>\n<tr>\n<td><strong>&nbsp;DACIA &#8211; LOGAN II&nbsp;<\/strong><\/td>\n<td>&nbsp;2015 &#8211; &nbsp;<\/td>\n<td>&nbsp;Benzin&nbsp;<\/td>\n<td>&nbsp;1.2&nbsp;<\/td>\n<\/tr>\n<tr>\n<td><strong>&nbsp;DACIA &#8211; LOGAN MCV&nbsp;<\/strong><\/td>\n<td>&nbsp;2008 &#8211; &nbsp;<\/td>\n<td>&nbsp;Benzin\/oto gaz (LPG)&nbsp;<\/td>\n<td>&nbsp;1.6&nbsp;<\/td>\n<\/tr>\n<tr>\n<td><strong>&nbsp;DACIA &#8211; LOGAN MCV&nbsp;<\/strong><\/td>\n<td>&nbsp;2009 &#8211; &nbsp;<\/td>\n<td>&nbsp;Benzin\/Etanol&nbsp;<\/td>\n<td>&nbsp;1.6&nbsp;<\/td>\n<\/tr>\n<tr>\n<td><strong>&nbsp;DACIA &#8211; LOGAN MCV&nbsp;<\/strong><\/td>\n<td>&nbsp;2010 &#8211; &nbsp;<\/td>\n<td>&nbsp;Dizel&nbsp;<\/td>\n<td>&nbsp;1.5 dCi&nbsp;<\/td>\n<\/tr>\n<tr>\n<td><strong>&nbsp;DACIA &#8211; LOGAN MCV&nbsp;<\/strong><\/td>\n<td>&nbsp;2010 &#8211; &nbsp;<\/td>\n<td>&nbsp;Benzin&nbsp;<\/td>\n<td>&nbsp;1.6&nbsp;<\/td>\n<\/tr>\n<tr>\n<td><strong>&nbsp;DACIA &#8211; LOGAN MCV&nbsp;<\/strong><\/td>\n<td>&nbsp;2007 &#8211; &nbsp;<\/td>\n<td>&nbsp;Dizel&nbsp;<\/td>\n<td>&nbsp;1.5 dCi&nbsp;<\/td>\n<\/tr>\n<tr>\n<td><strong>&nbsp;DACIA &#8211; LOGAN MCV&nbsp;<\/strong><\/td>\n<td>&nbsp;2007 &#8211; &nbsp;<\/td>\n<td>&nbsp;Benzin&nbsp;<\/td>\n<td>&nbsp;1.6&nbsp;<\/td>\n<\/tr>\n<tr>\n<td><strong>&nbsp;DACIA &#8211; LOGAN MCV&nbsp;<\/strong><\/td>\n<td>&nbsp;2007 &#8211; &nbsp;<\/td>\n<td>&nbsp;Benzin&nbsp;<\/td>\n<td>&nbsp;1.4&nbsp;<\/td>\n<\/tr>\n<tr>\n<td><strong>&nbsp;DACIA &#8211; LOGAN MCV II&nbsp;<\/strong><\/td>\n<td>&nbsp;2018 &#8211; &nbsp;<\/td>\n<td>&nbsp;Dizel&nbsp;<\/td>\n<td>&nbsp;1.5&nbsp;<\/td>\n<\/tr>\n<tr>\n<td><strong>&nbsp;DACIA &#8211; LOGAN MCV II&nbsp;<\/strong><\/td>\n<td>&nbsp;2013 &#8211; &nbsp;<\/td>\n<td>&nbsp;Benzin&nbsp;<\/td>\n<td>&nbsp;TCe&nbsp;<\/td>\n<\/tr>\n<tr>\n<td><strong>&nbsp;DACIA &#8211; LOGAN MCV II&nbsp;<\/strong><\/td>\n<td>&nbsp;2013 &#8211; &nbsp;<\/td>\n<td>&nbsp;Benzin&nbsp;<\/td>\n<td>&nbsp;1.2&nbsp;<\/td>\n<\/tr>\n<tr>\n<td><strong>&nbsp;DACIA &#8211; LOGAN MCV II&nbsp;<\/strong><\/td>\n<td>&nbsp;2016 &#8211; &nbsp;<\/td>\n<td>&nbsp;Benzin&nbsp;<\/td>\n<td>&nbsp;1.0&nbsp;<\/td>\n<\/tr>\n<tr>\n<td><strong>&nbsp;DACIA &#8211; LOGAN MCV II&nbsp;<\/strong><\/td>\n<td>&nbsp;2015 &#8211; &nbsp;<\/td>\n<td>&nbsp;Benzin\/oto gaz (LPG)&nbsp;<\/td>\n<td>&nbsp;TCe&nbsp;<\/td>\n<\/tr>\n<tr>\n<td><strong>&nbsp;DACIA &#8211; LOGAN MCV II&nbsp;<\/strong><\/td>\n<td>&nbsp;2013 &#8211; &nbsp;<\/td>\n<td>&nbsp;Dizel&nbsp;<\/td>\n<td>&nbsp;1.5 dCi&nbsp;<\/td>\n<\/tr>\n<tr>\n<td><strong>&nbsp;DACIA &#8211; LOGAN MCV II&nbsp;<\/strong><\/td>\n<td>&nbsp;2015 &#8211; &nbsp;<\/td>\n<td>&nbsp;Benzin&nbsp;<\/td>\n<td>&nbsp;1.2&nbsp;<\/td>\n<\/tr>\n<tr>\n<td><strong>&nbsp;DACIA &#8211; LOGAN Pick-up&nbsp;<\/strong><\/td>\n<td>&nbsp;2010 &#8211; &nbsp;<\/td>\n<td>&nbsp;Dizel&nbsp;<\/td>\n<td>&nbsp;1.5 dCi&nbsp;<\/td>\n<\/tr>\n<tr>\n<td><strong>&nbsp;DACIA &#8211; LOGAN Pick-up&nbsp;<\/strong><\/td>\n<td>&nbsp;2010 &#8211; &nbsp;<\/td>\n<td>&nbsp;Benzin&nbsp;<\/td>\n<td>&nbsp;1.6&nbsp;<\/td>\n<\/tr>\n<tr>\n<td><strong>&nbsp;DACIA &#8211; LOGAN Pick-up&nbsp;<\/strong><\/td>\n<td>&nbsp;2008 &#8211; &nbsp;<\/td>\n<td>&nbsp;Dizel&nbsp;<\/td>\n<td>&nbsp;1.5 dCi&nbsp;<\/td>\n<\/tr>\n<tr>\n<td><strong>&nbsp;DACIA &#8211; LOGAN Pick-up&nbsp;<\/strong><\/td>\n<td>&nbsp;2008 &#8211; &nbsp;<\/td>\n<td>&nbsp;Benzin&nbsp;<\/td>\n<td>&nbsp;1.6&nbsp;<\/td>\n<\/tr>\n<tr>\n<td><strong>&nbsp;DACIA &#8211; LOGAN Pick-up&nbsp;<\/strong><\/td>\n<td>&nbsp;2009 &#8211; &nbsp;<\/td>\n<td>&nbsp;Benzin&nbsp;<\/td>\n<td>&nbsp;1.4&nbsp;<\/td>\n<\/tr>\n<tr>\n<td><strong>&nbsp;DACIA &#8211; SANDERO&nbsp;<\/strong><\/td>\n<td>&nbsp;2009 &#8211; &nbsp;<\/td>\n<td>&nbsp;Benzin\/oto gaz (LPG)&nbsp;<\/td>\n<td>&nbsp;1.4&nbsp;<\/td>\n<\/tr>\n<tr>\n<td><strong>&nbsp;DACIA &#8211; SANDERO&nbsp;<\/strong><\/td>\n<td>&nbsp;2008 &#8211; &nbsp;<\/td>\n<td>&nbsp;Dizel&nbsp;<\/td>\n<td>&nbsp;1.5 dCi&nbsp;<\/td>\n<\/tr>\n<tr>\n<td><strong>&nbsp;DACIA &#8211; SANDERO&nbsp;<\/strong><\/td>\n<td>&nbsp;2008 &#8211; &nbsp;<\/td>\n<td>&nbsp;Benzin&nbsp;<\/td>\n<td>&nbsp;1.6&nbsp;<\/td>\n<\/tr>\n<tr>\n<td><strong>&nbsp;DACIA &#8211; SANDERO&nbsp;<\/strong><\/td>\n<td>&nbsp;2010 &#8211; &nbsp;<\/td>\n<td>&nbsp;Benzin&nbsp;<\/td>\n<td>&nbsp;1.6&nbsp;<\/td>\n<\/tr>\n<tr>\n<td><strong>&nbsp;DACIA &#8211; SANDERO&nbsp;<\/strong><\/td>\n<td>&nbsp;2008 &#8211; &nbsp;<\/td>\n<td>&nbsp;Benzin&nbsp;<\/td>\n<td>&nbsp;1.4&nbsp;<\/td>\n<\/tr>\n<tr>\n<td><strong>&nbsp;DACIA &#8211; SANDERO&nbsp;<\/strong><\/td>\n<td>&nbsp;2010 &#8211; &nbsp;<\/td>\n<td>&nbsp;Dizel&nbsp;<\/td>\n<td>&nbsp;1.5 dCi&nbsp;<\/td>\n<\/tr>\n<tr>\n<td><strong>&nbsp;DACIA &#8211; SANDERO&nbsp;<\/strong><\/td>\n<td>&nbsp;2011 &#8211; &nbsp;<\/td>\n<td>&nbsp;Benzin&nbsp;<\/td>\n<td>&nbsp;1.6&nbsp;<\/td>\n<\/tr>\n<tr>\n<td><strong>&nbsp;DACIA &#8211; SANDERO&nbsp;<\/strong><\/td>\n<td>&nbsp;2008 &#8211; &nbsp;<\/td>\n<td>&nbsp;Benzin\/oto gaz (LPG)&nbsp;<\/td>\n<td>&nbsp;1.2&nbsp;<\/td>\n<\/tr>\n<tr>\n<td><strong>&nbsp;DACIA &#8211; SANDERO II&nbsp;<\/strong><\/td>\n<td>&nbsp;2012 &#8211; &nbsp;<\/td>\n<td>&nbsp;Dizel&nbsp;<\/td>\n<td>&nbsp;1.5 dCi&nbsp;<\/td>\n<\/tr>\n<tr>\n<td><strong>&nbsp;DACIA &#8211; SANDERO II&nbsp;<\/strong><\/td>\n<td>&nbsp;2018 &#8211; &nbsp;<\/td>\n<td>&nbsp;Dizel&nbsp;<\/td>\n<td>&nbsp;1.5&nbsp;<\/td>\n<\/tr>\n<tr>\n<td><strong>&nbsp;DACIA &#8211; SANDERO II&nbsp;<\/strong><\/td>\n<td>&nbsp;2012 &#8211; &nbsp;<\/td>\n<td>&nbsp;Benzin&nbsp;<\/td>\n<td>&nbsp;TCe&nbsp;<\/td>\n<\/tr>\n<tr>\n<td><strong>&nbsp;DACIA &#8211; SANDERO II&nbsp;<\/strong><\/td>\n<td>&nbsp;2016 &#8211; &nbsp;<\/td>\n<td>&nbsp;Benzin&nbsp;<\/td>\n<td>&nbsp;1.0&nbsp;<\/td>\n<\/tr>\n<tr>\n<td><strong>&nbsp;DACIA &#8211; SANDERO II&nbsp;<\/strong><\/td>\n<td>&nbsp;2012 &#8211; &nbsp;<\/td>\n<td>&nbsp;Benzin&nbsp;<\/td>\n<td>&nbsp;1.2&nbsp;<\/td>\n<\/tr>\n<tr>\n<td><strong>&nbsp;DACIA &#8211; SANDERO II&nbsp;<\/strong><\/td>\n<td>&nbsp;2015 &#8211; &nbsp;<\/td>\n<td>&nbsp;Benzin\/oto gaz (LPG)&nbsp;<\/td>\n<td>&nbsp;TCe&nbsp;<\/td>\n<\/tr>\n<tr>\n<td><strong>&nbsp;DACIA &#8211; SANDERO II&nbsp;<\/strong><\/td>\n<td>&nbsp;2015 &#8211; &nbsp;<\/td>\n<td>&nbsp;Benzin&nbsp;<\/td>\n<td>&nbsp;1.2&nbsp;<\/td>\n<\/tr>\n<\/table>\n<style>#carPropertiesTable td{padding:2px;}<\/style>\n","protected":false},"excerpt":{"rendered":"<p>ROT BA\u015eI (DACIA LOGAN (2004&#8211;) (DA139-R)<\/p>\n","protected":false},"featured_media":216592,"comment_status":"open","ping_status":"closed","template":"","meta":[],"product_brand":[],"product_cat":[372,863],"product_tag":[6182,15824,2677,15814],"class_list":{"0":"post-216593","1":"product","2":"type-product","3":"status-publish","4":"has-post-thumbnail","6":"product_cat-otomotiv","7":"product_cat-rotil","8":"product_tag-basi","9":"product_tag-da139-r","10":"product_tag-dacia","11":"product_tag-rot","13":"first","14":"instock","15":"taxable","16":"shipping-taxable","17":"purchasable","18":"product-type-simple"},"_links":{"self":[{"href":"https:\/\/depodanmusteriye.com\/urunler\/wp-json\/wp\/v2\/product\/216593","targetHints":{"allow":["GET"]}}],"collection":[{"href":"https:\/\/depodanmusteriye.com\/urunler\/wp-json\/wp\/v2\/product"}],"about":[{"href":"https:\/\/depodanmusteriye.com\/urunler\/wp-json\/wp\/v2\/types\/product"}],"replies":[{"embeddable":true,"href":"https:\/\/depodanmusteriye.com\/urunler\/wp-json\/wp\/v2\/comments?post=216593"}],"version-history":[{"count":0,"href":"https:\/\/depodanmusteriye.com\/urunler\/wp-json\/wp\/v2\/product\/216593\/revisions"}],"wp:featuredmedia":[{"embeddable":true,"href":"https:\/\/depodanmusteriye.com\/urunler\/wp-json\/wp\/v2\/media\/216592"}],"wp:attachment":[{"href":"https:\/\/depodanmusteriye.com\/urunler\/wp-json\/wp\/v2\/media?parent=216593"}],"wp:term":[{"taxonomy":"product_brand","embeddable":true,"href":"https:\/\/depodanmusteriye.com\/urunler\/wp-json\/wp\/v2\/product_brand?post=216593"},{"taxonomy":"product_cat","embeddable":true,"href":"https:\/\/depodanmusteriye.com\/urunler\/wp-json\/wp\/v2\/product_cat?post=216593"},{"taxonomy":"product_tag","embeddable":true,"href":"https:\/\/depodanmusteriye.com\/urunler\/wp-json\/wp\/v2\/product_tag?post=216593"}],"curies":[{"name":"wp","href":"https:\/\/api.w.org\/{rel}","templated":true}]}}