{"id":216183,"date":"2025-12-22T21:13:32","date_gmt":"2025-12-22T21:13:32","guid":{"rendered":"https:\/\/b2b.depodanmusteriye.com\/urun\/on-fren-diski-opel-astra-g-4-bijon-1998\/"},"modified":"2025-12-22T21:13:32","modified_gmt":"2025-12-22T21:13:32","slug":"on-fren-diski-opel-astra-g-4-bijon-1998","status":"publish","type":"product","link":"https:\/\/depodanmusteriye.com\/urunler\/urun\/on-fren-diski-opel-astra-g-4-bijon-1998\/","title":{"rendered":"\u00d6N FREN D\u0130SK\u0130 [ OPEL ASTRA G (4 B\u0130JON) 1998- ]"},"content":{"rendered":"<h4><\/p>\n<h4> <b>2 ADET F\u0130YATIDIR<\/b> <\/h4>\n<p>\u00d6N FREN D\u0130SK\u0130 [ OPEL ASTRA G (4 B\u0130JON) 1998- ]<\/p>\n<p><b>\u00dcretici Markas\u0131 : BOSCH<\/b><\/p>\n<p><b>\u00dcretici Kodu : 0986479R76<\/b><\/p>\n<p><b>2 ADET F\u0130YATIDIR<\/b><\/p>\n<\/h4>\n<p><\/p>\n<table id='carPropertiesTable' width='100%' border='1' cellspacing='0' cellpadding='0'>\n<tr>\n<th><strong>OEM<\/strong><\/th>\n<td>9117677<\/td>\n<td>569059<\/td>\n<td>90497879<\/td>\n<\/tr>\n<tr>\n<td colspan='4'>&nbsp;<\/td>\n<\/tr>\n<tr>\n<th><strong>MODEL<\/strong><\/th>\n<th><strong>YIL<\/strong><\/th>\n<th><strong>YAKIT<\/strong><\/th>\n<th><strong>MOTOR HACM\u0130<\/strong><\/th>\n<\/tr>\n<tr>\n<td><strong>&nbsp;OPEL &#8211; ASTRA F&nbsp;<\/strong><\/td>\n<td>&nbsp;1994 &#8211; 1998&nbsp;<\/td>\n<td>&nbsp;Dizel&nbsp;<\/td>\n<td>&nbsp;1.7 TD&nbsp;<\/td>\n<\/tr>\n<tr>\n<td><strong>&nbsp;OPEL &#8211; ASTRA F&nbsp;<\/strong><\/td>\n<td>&nbsp;1994 &#8211; 1998&nbsp;<\/td>\n<td>&nbsp;Benzin&nbsp;<\/td>\n<td>&nbsp;1.8&nbsp;<\/td>\n<\/tr>\n<tr>\n<td><strong>&nbsp;OPEL &#8211; ASTRA F&nbsp;<\/strong><\/td>\n<td>&nbsp;1991 &#8211; 1998&nbsp;<\/td>\n<td>&nbsp;Benzin&nbsp;<\/td>\n<td>&nbsp;1.4&nbsp;<\/td>\n<\/tr>\n<tr>\n<td><strong>&nbsp;OPEL &#8211; ASTRA F Cabrio&nbsp;<\/strong><\/td>\n<td>&nbsp;1996 &#8211; 2001&nbsp;<\/td>\n<td>&nbsp;Benzin&nbsp;<\/td>\n<td>&nbsp;1.6&nbsp;<\/td>\n<\/tr>\n<tr>\n<td><strong>&nbsp;OPEL &#8211; ASTRA F Cabrio&nbsp;<\/strong><\/td>\n<td>&nbsp;1996 &#8211; 2001&nbsp;<\/td>\n<td>&nbsp;Benzin&nbsp;<\/td>\n<td>&nbsp;1.4&nbsp;<\/td>\n<\/tr>\n<tr>\n<td><strong>&nbsp;OPEL &#8211; ASTRA F CLASSIC Hatchback&nbsp;<\/strong><\/td>\n<td>&nbsp;1998 &#8211; 2002&nbsp;<\/td>\n<td>&nbsp;Benzin&nbsp;<\/td>\n<td>&nbsp;1.6&nbsp;<\/td>\n<\/tr>\n<tr>\n<td><strong>&nbsp;OPEL &#8211; ASTRA F CLASSIC Hatchback&nbsp;<\/strong><\/td>\n<td>&nbsp;1998 &#8211; 2002&nbsp;<\/td>\n<td>&nbsp;Benzin&nbsp;<\/td>\n<td>&nbsp;1.4&nbsp;<\/td>\n<\/tr>\n<tr>\n<td><strong>&nbsp;OPEL &#8211; ASTRA F CLASSIC Sedan&nbsp;<\/strong><\/td>\n<td>&nbsp;1998 &#8211; 2002&nbsp;<\/td>\n<td>&nbsp;Benzin&nbsp;<\/td>\n<td>&nbsp;1.6&nbsp;<\/td>\n<\/tr>\n<tr>\n<td><strong>&nbsp;OPEL &#8211; ASTRA F CLASSIC Sedan&nbsp;<\/strong><\/td>\n<td>&nbsp;1998 &#8211; 2002&nbsp;<\/td>\n<td>&nbsp;Benzin&nbsp;<\/td>\n<td>&nbsp;1.4&nbsp;<\/td>\n<\/tr>\n<tr>\n<td><strong>&nbsp;OPEL &#8211; ASTRA F CLASSIC Station Wagon&nbsp;<\/strong><\/td>\n<td>&nbsp;1998 &#8211; 2005&nbsp;<\/td>\n<td>&nbsp;Benzin&nbsp;<\/td>\n<td>&nbsp;1.6&nbsp;<\/td>\n<\/tr>\n<tr>\n<td><strong>&nbsp;OPEL &#8211; ASTRA F CLASSIC Station Wagon&nbsp;<\/strong><\/td>\n<td>&nbsp;1998 &#8211; 2005&nbsp;<\/td>\n<td>&nbsp;Benzin&nbsp;<\/td>\n<td>&nbsp;1.4&nbsp;<\/td>\n<\/tr>\n<tr>\n<td><strong>&nbsp;OPEL &#8211; ASTRA F Station Wagon&nbsp;<\/strong><\/td>\n<td>&nbsp;1994 &#8211; 1998&nbsp;<\/td>\n<td>&nbsp;Benzin&nbsp;<\/td>\n<td>&nbsp;1.6&nbsp;<\/td>\n<\/tr>\n<tr>\n<td><strong>&nbsp;OPEL &#8211; ASTRA F Station Wagon&nbsp;<\/strong><\/td>\n<td>&nbsp;1994 &#8211; 1998&nbsp;<\/td>\n<td>&nbsp;Benzin&nbsp;<\/td>\n<td>&nbsp;1.8&nbsp;<\/td>\n<\/tr>\n<tr>\n<td><strong>&nbsp;OPEL &#8211; ASTRA F Van&nbsp;<\/strong><\/td>\n<td>&nbsp;1994 &#8211; 1999&nbsp;<\/td>\n<td>&nbsp;Dizel&nbsp;<\/td>\n<td>&nbsp;1.7 TD&nbsp;<\/td>\n<\/tr>\n<tr>\n<td><strong>&nbsp;OPEL &#8211; ASTRA G Cabrio&nbsp;<\/strong><\/td>\n<td>&nbsp;2001 &#8211; 2005&nbsp;<\/td>\n<td>&nbsp;Benzin&nbsp;<\/td>\n<td>&nbsp;1.8&nbsp;<\/td>\n<\/tr>\n<tr>\n<td><strong>&nbsp;OPEL &#8211; ASTRA G Cabrio&nbsp;<\/strong><\/td>\n<td>&nbsp;2001 &#8211; 2005&nbsp;<\/td>\n<td>&nbsp;Benzin&nbsp;<\/td>\n<td>&nbsp;1.6&nbsp;<\/td>\n<\/tr>\n<tr>\n<td><strong>&nbsp;OPEL &#8211; ASTRA G Cabrio&nbsp;<\/strong><\/td>\n<td>&nbsp;2003 &#8211; 2005&nbsp;<\/td>\n<td>&nbsp;Benzin&nbsp;<\/td>\n<td>&nbsp;1.6&nbsp;<\/td>\n<\/tr>\n<tr>\n<td><strong>&nbsp;OPEL &#8211; ASTRA G CLASSIC&nbsp;<\/strong><\/td>\n<td>&nbsp;2004 &#8211; 2006&nbsp;<\/td>\n<td>&nbsp;Benzin&nbsp;<\/td>\n<td>&nbsp;1.6&nbsp;<\/td>\n<\/tr>\n<tr>\n<td><strong>&nbsp;OPEL &#8211; ASTRA G CLASSIC&nbsp;<\/strong><\/td>\n<td>&nbsp;2004 &#8211; 2009&nbsp;<\/td>\n<td>&nbsp;Benzin&nbsp;<\/td>\n<td>&nbsp;1.4&nbsp;<\/td>\n<\/tr>\n<tr>\n<td><strong>&nbsp;OPEL &#8211; ASTRA G CLASSIC&nbsp;<\/strong><\/td>\n<td>&nbsp;2004 &#8211; 2009&nbsp;<\/td>\n<td>&nbsp;Dizel&nbsp;<\/td>\n<td>&nbsp;1.7&nbsp;<\/td>\n<\/tr>\n<tr>\n<td><strong>&nbsp;OPEL &#8211; ASTRA G CLASSIC&nbsp;<\/strong><\/td>\n<td>&nbsp;2006 &#8211; 2008&nbsp;<\/td>\n<td>&nbsp;Benzin&nbsp;<\/td>\n<td>&nbsp;1.6&nbsp;<\/td>\n<\/tr>\n<tr>\n<td><strong>&nbsp;OPEL &#8211; ASTRA G CLASSIC Caravan&nbsp;<\/strong><\/td>\n<td>&nbsp;2007 &#8211; 2009&nbsp;<\/td>\n<td>&nbsp;Benzin&nbsp;<\/td>\n<td>&nbsp;1.4&nbsp;<\/td>\n<\/tr>\n<tr>\n<td><strong>&nbsp;OPEL &#8211; ASTRA G CLASSIC Caravan&nbsp;<\/strong><\/td>\n<td>&nbsp;2004 &#8211; 2006&nbsp;<\/td>\n<td>&nbsp;Benzin&nbsp;<\/td>\n<td>&nbsp;1.6&nbsp;<\/td>\n<\/tr>\n<tr>\n<td><strong>&nbsp;OPEL &#8211; ASTRA G CLASSIC Caravan&nbsp;<\/strong><\/td>\n<td>&nbsp;2004 &#8211; 2007&nbsp;<\/td>\n<td>&nbsp;Benzin&nbsp;<\/td>\n<td>&nbsp;1.4&nbsp;<\/td>\n<\/tr>\n<tr>\n<td><strong>&nbsp;OPEL &#8211; ASTRA G CLASSIC Caravan&nbsp;<\/strong><\/td>\n<td>&nbsp;2004 &#8211; 2009&nbsp;<\/td>\n<td>&nbsp;Dizel&nbsp;<\/td>\n<td>&nbsp;1.7&nbsp;<\/td>\n<\/tr>\n<tr>\n<td><strong>&nbsp;OPEL &#8211; ASTRA G CLASSIC Sedan&nbsp;<\/strong><\/td>\n<td>&nbsp;2004 &#8211; 2009&nbsp;<\/td>\n<td>&nbsp;Benzin&nbsp;<\/td>\n<td>&nbsp;1.4&nbsp;<\/td>\n<\/tr>\n<tr>\n<td><strong>&nbsp;OPEL &#8211; ASTRA G CLASSIC Sedan&nbsp;<\/strong><\/td>\n<td>&nbsp;2004 &#8211; 2008&nbsp;<\/td>\n<td>&nbsp;Benzin&nbsp;<\/td>\n<td>&nbsp;1.6&nbsp;<\/td>\n<\/tr>\n<tr>\n<td><strong>&nbsp;OPEL &#8211; ASTRA G Coupe&nbsp;<\/strong><\/td>\n<td>&nbsp;2001 &#8211; 2005&nbsp;<\/td>\n<td>&nbsp;Benzin&nbsp;<\/td>\n<td>&nbsp;2.0&nbsp;<\/td>\n<\/tr>\n<tr>\n<td><strong>&nbsp;OPEL &#8211; ASTRA G Coupe&nbsp;<\/strong><\/td>\n<td>&nbsp;2000 &#8211; 2000&nbsp;<\/td>\n<td>&nbsp;Benzin&nbsp;<\/td>\n<td>&nbsp;1.8&nbsp;<\/td>\n<\/tr>\n<tr>\n<td><strong>&nbsp;OPEL &#8211; ASTRA G Coupe&nbsp;<\/strong><\/td>\n<td>&nbsp;2002 &#8211; 2005&nbsp;<\/td>\n<td>&nbsp;Dizel&nbsp;<\/td>\n<td>&nbsp;2.2&nbsp;<\/td>\n<\/tr>\n<tr>\n<td><strong>&nbsp;OPEL &#8211; ASTRA G Coupe&nbsp;<\/strong><\/td>\n<td>&nbsp;2000 &#8211; 2005&nbsp;<\/td>\n<td>&nbsp;Benzin&nbsp;<\/td>\n<td>&nbsp;1.6&nbsp;<\/td>\n<\/tr>\n<tr>\n<td><strong>&nbsp;OPEL &#8211; ASTRA G Coupe&nbsp;<\/strong><\/td>\n<td>&nbsp;2000 &#8211; 2005&nbsp;<\/td>\n<td>&nbsp;Benzin&nbsp;<\/td>\n<td>&nbsp;2.2&nbsp;<\/td>\n<\/tr>\n<tr>\n<td><strong>&nbsp;OPEL &#8211; ASTRA G Coupe&nbsp;<\/strong><\/td>\n<td>&nbsp;2000 &#8211; 2005&nbsp;<\/td>\n<td>&nbsp;Benzin&nbsp;<\/td>\n<td>&nbsp;1.8&nbsp;<\/td>\n<\/tr>\n<tr>\n<td><strong>&nbsp;OPEL &#8211; ASTRA G Coupe&nbsp;<\/strong><\/td>\n<td>&nbsp;2002 &#8211; 2005&nbsp;<\/td>\n<td>&nbsp;Benzin&nbsp;<\/td>\n<td>&nbsp;2.0&nbsp;<\/td>\n<\/tr>\n<tr>\n<td><strong>&nbsp;OPEL &#8211; ASTRA G Coupe&nbsp;<\/strong><\/td>\n<td>&nbsp;2000 &#8211; 2001&nbsp;<\/td>\n<td>&nbsp;Benzin&nbsp;<\/td>\n<td>&nbsp;2.0&nbsp;<\/td>\n<\/tr>\n<tr>\n<td><strong>&nbsp;OPEL &#8211; ASTRA G Hatchback&nbsp;<\/strong><\/td>\n<td>&nbsp;1999 &#8211; 2005&nbsp;<\/td>\n<td>&nbsp;Dizel&nbsp;<\/td>\n<td>&nbsp;2.0&nbsp;<\/td>\n<\/tr>\n<tr>\n<td><strong>&nbsp;OPEL &#8211; ASTRA G Hatchback&nbsp;<\/strong><\/td>\n<td>&nbsp;2007 &#8211; 2009&nbsp;<\/td>\n<td>&nbsp;Benzin&nbsp;<\/td>\n<td>&nbsp;1.4&nbsp;<\/td>\n<\/tr>\n<tr>\n<td><strong>&nbsp;OPEL &#8211; ASTRA G Hatchback&nbsp;<\/strong><\/td>\n<td>&nbsp;2000 &#8211; 2005&nbsp;<\/td>\n<td>&nbsp;Benzin&nbsp;<\/td>\n<td>&nbsp;1.8&nbsp;<\/td>\n<\/tr>\n<tr>\n<td><strong>&nbsp;OPEL &#8211; ASTRA G Hatchback&nbsp;<\/strong><\/td>\n<td>&nbsp;2000 &#8211; 2005&nbsp;<\/td>\n<td>&nbsp;Benzin&nbsp;<\/td>\n<td>&nbsp;1.2&nbsp;<\/td>\n<\/tr>\n<tr>\n<td><strong>&nbsp;OPEL &#8211; ASTRA G Hatchback&nbsp;<\/strong><\/td>\n<td>&nbsp;1998 &#8211; 2005&nbsp;<\/td>\n<td>&nbsp;Dizel&nbsp;<\/td>\n<td>&nbsp;2.0&nbsp;<\/td>\n<\/tr>\n<tr>\n<td><strong>&nbsp;OPEL &#8211; ASTRA G Hatchback&nbsp;<\/strong><\/td>\n<td>&nbsp;1998 &#8211; 2000&nbsp;<\/td>\n<td>&nbsp;Benzin&nbsp;<\/td>\n<td>&nbsp;1.8&nbsp;<\/td>\n<\/tr>\n<tr>\n<td><strong>&nbsp;OPEL &#8211; ASTRA G Hatchback&nbsp;<\/strong><\/td>\n<td>&nbsp;1998 &#8211; 2000&nbsp;<\/td>\n<td>&nbsp;Benzin&nbsp;<\/td>\n<td>&nbsp;1.2&nbsp;<\/td>\n<\/tr>\n<tr>\n<td><strong>&nbsp;OPEL &#8211; ASTRA G Hatchback&nbsp;<\/strong><\/td>\n<td>&nbsp;2002 &#8211; 2009&nbsp;<\/td>\n<td>&nbsp;Benzin&nbsp;<\/td>\n<td>&nbsp;1.6&nbsp;<\/td>\n<\/tr>\n<tr>\n<td><strong>&nbsp;OPEL &#8211; ASTRA G Panelvan\/Van&nbsp;<\/strong><\/td>\n<td>&nbsp;2000 &#8211; 2005&nbsp;<\/td>\n<td>&nbsp;Benzin&nbsp;<\/td>\n<td>&nbsp;1.6&nbsp;<\/td>\n<\/tr>\n<tr>\n<td><strong>&nbsp;OPEL &#8211; ASTRA G Panelvan\/Van&nbsp;<\/strong><\/td>\n<td>&nbsp;2000 &#8211; 2005&nbsp;<\/td>\n<td>&nbsp;Dizel&nbsp;<\/td>\n<td>&nbsp;1.7&nbsp;<\/td>\n<\/tr>\n<tr>\n<td><strong>&nbsp;OPEL &#8211; ASTRA G Panelvan\/Van&nbsp;<\/strong><\/td>\n<td>&nbsp;2004 &#8211; 2004&nbsp;<\/td>\n<td>&nbsp;Benzin&nbsp;<\/td>\n<td>&nbsp;1.6&nbsp;<\/td>\n<\/tr>\n<tr>\n<td><strong>&nbsp;OPEL &#8211; ASTRA G Panelvan\/Van&nbsp;<\/strong><\/td>\n<td>&nbsp;1998 &#8211; 2004&nbsp;<\/td>\n<td>&nbsp;Benzin&nbsp;<\/td>\n<td>&nbsp;1.6&nbsp;<\/td>\n<\/tr>\n<tr>\n<td><strong>&nbsp;OPEL &#8211; ASTRA G Panelvan\/Van&nbsp;<\/strong><\/td>\n<td>&nbsp;2000 &#8211; 2005&nbsp;<\/td>\n<td>&nbsp;Dizel&nbsp;<\/td>\n<td>&nbsp;2.0&nbsp;<\/td>\n<\/tr>\n<tr>\n<td><strong>&nbsp;OPEL &#8211; ASTRA G Panelvan\/Van&nbsp;<\/strong><\/td>\n<td>&nbsp;1999 &#8211; 2005&nbsp;<\/td>\n<td>&nbsp;Dizel&nbsp;<\/td>\n<td>&nbsp;2.0&nbsp;<\/td>\n<\/tr>\n<tr>\n<td><strong>&nbsp;OPEL &#8211; ASTRA G Panelvan\/Van&nbsp;<\/strong><\/td>\n<td>&nbsp;1999 &#8211; 2005&nbsp;<\/td>\n<td>&nbsp;Dizel&nbsp;<\/td>\n<td>&nbsp;1.7 TD&nbsp;<\/td>\n<\/tr>\n<tr>\n<td><strong>&nbsp;OPEL &#8211; ASTRA G Panelvan\/Van&nbsp;<\/strong><\/td>\n<td>&nbsp;1998 &#8211; 2005&nbsp;<\/td>\n<td>&nbsp;Benzin&nbsp;<\/td>\n<td>&nbsp;1.4&nbsp;<\/td>\n<\/tr>\n<tr>\n<td><strong>&nbsp;OPEL &#8211; ASTRA G Panelvan\/Van&nbsp;<\/strong><\/td>\n<td>&nbsp;1999 &#8211; 2000&nbsp;<\/td>\n<td>&nbsp;Benzin&nbsp;<\/td>\n<td>&nbsp;1.6&nbsp;<\/td>\n<\/tr>\n<tr>\n<td><strong>&nbsp;OPEL &#8211; ASTRA G Panelvan\/Van&nbsp;<\/strong><\/td>\n<td>&nbsp;2003 &#8211; 2004&nbsp;<\/td>\n<td>&nbsp;Dizel&nbsp;<\/td>\n<td>&nbsp;1.7&nbsp;<\/td>\n<\/tr>\n<tr>\n<td><strong>&nbsp;OPEL &#8211; ASTRA G Sedan&nbsp;<\/strong><\/td>\n<td>&nbsp;1999 &#8211; 2005&nbsp;<\/td>\n<td>&nbsp;Dizel&nbsp;<\/td>\n<td>&nbsp;2.0&nbsp;<\/td>\n<\/tr>\n<tr>\n<td><strong>&nbsp;OPEL &#8211; ASTRA G Sedan&nbsp;<\/strong><\/td>\n<td>&nbsp;1998 &#8211; 2005&nbsp;<\/td>\n<td>&nbsp;Benzin&nbsp;<\/td>\n<td>&nbsp;1.4&nbsp;<\/td>\n<\/tr>\n<tr>\n<td><strong>&nbsp;OPEL &#8211; ASTRA G Sedan&nbsp;<\/strong><\/td>\n<td>&nbsp;2007 &#8211; 2009&nbsp;<\/td>\n<td>&nbsp;Benzin&nbsp;<\/td>\n<td>&nbsp;1.4&nbsp;<\/td>\n<\/tr>\n<tr>\n<td><strong>&nbsp;OPEL &#8211; ASTRA G Sedan&nbsp;<\/strong><\/td>\n<td>&nbsp;1998 &#8211; 2000&nbsp;<\/td>\n<td>&nbsp;Benzin&nbsp;<\/td>\n<td>&nbsp;1.2&nbsp;<\/td>\n<\/tr>\n<tr>\n<td><strong>&nbsp;OPEL &#8211; ASTRA G Sedan&nbsp;<\/strong><\/td>\n<td>&nbsp;2000 &#8211; 2005&nbsp;<\/td>\n<td>&nbsp;Benzin&nbsp;<\/td>\n<td>&nbsp;1.8&nbsp;<\/td>\n<\/tr>\n<tr>\n<td><strong>&nbsp;OPEL &#8211; ASTRA G Sedan&nbsp;<\/strong><\/td>\n<td>&nbsp;1998 &#8211; 2000&nbsp;<\/td>\n<td>&nbsp;Dizel&nbsp;<\/td>\n<td>&nbsp;1.7 TD&nbsp;<\/td>\n<\/tr>\n<tr>\n<td><strong>&nbsp;OPEL &#8211; ASTRA G Sedan&nbsp;<\/strong><\/td>\n<td>&nbsp;2000 &#8211; 2005&nbsp;<\/td>\n<td>&nbsp;Benzin&nbsp;<\/td>\n<td>&nbsp;1.2&nbsp;<\/td>\n<\/tr>\n<tr>\n<td><strong>&nbsp;OPEL &#8211; ASTRA G Sedan&nbsp;<\/strong><\/td>\n<td>&nbsp;1998 &#8211; 2005&nbsp;<\/td>\n<td>&nbsp;Benzin&nbsp;<\/td>\n<td>&nbsp;2.0&nbsp;<\/td>\n<\/tr>\n<tr>\n<td><strong>&nbsp;OPEL &#8211; ASTRA G Sedan&nbsp;<\/strong><\/td>\n<td>&nbsp;1998 &#8211; 2000&nbsp;<\/td>\n<td>&nbsp;Benzin&nbsp;<\/td>\n<td>&nbsp;1.8&nbsp;<\/td>\n<\/tr>\n<tr>\n<td><strong>&nbsp;OPEL &#8211; ASTRA G Sedan&nbsp;<\/strong><\/td>\n<td>&nbsp;1998 &#8211; 2000&nbsp;<\/td>\n<td>&nbsp;Benzin&nbsp;<\/td>\n<td>&nbsp;1.6&nbsp;<\/td>\n<\/tr>\n<tr>\n<td><strong>&nbsp;OPEL &#8211; ASTRA G Sedan&nbsp;<\/strong><\/td>\n<td>&nbsp;2002 &#8211; 2009&nbsp;<\/td>\n<td>&nbsp;Benzin&nbsp;<\/td>\n<td>&nbsp;1.6&nbsp;<\/td>\n<\/tr>\n<tr>\n<td><strong>&nbsp;OPEL &#8211; ASTRA G Sedan&nbsp;<\/strong><\/td>\n<td>&nbsp;2003 &#8211; 2009&nbsp;<\/td>\n<td>&nbsp;Dizel&nbsp;<\/td>\n<td>&nbsp;1.7&nbsp;<\/td>\n<\/tr>\n<tr>\n<td><strong>&nbsp;OPEL &#8211; ASTRA G Station Wagon&nbsp;<\/strong><\/td>\n<td>&nbsp;2003 &#8211; 2004&nbsp;<\/td>\n<td>&nbsp;Benzin\/dogal gaz (CNG)&nbsp;<\/td>\n<td>&nbsp;1.6&nbsp;<\/td>\n<\/tr>\n<tr>\n<td><strong>&nbsp;OPEL &#8211; ASTRA G Station Wagon&nbsp;<\/strong><\/td>\n<td>&nbsp;2000 &#8211; 2004&nbsp;<\/td>\n<td>&nbsp;Benzin&nbsp;<\/td>\n<td>&nbsp;1.8&nbsp;<\/td>\n<\/tr>\n<tr>\n<td><strong>&nbsp;OPEL &#8211; ASTRA G Station Wagon&nbsp;<\/strong><\/td>\n<td>&nbsp;2000 &#8211; 2004&nbsp;<\/td>\n<td>&nbsp;Benzin&nbsp;<\/td>\n<td>&nbsp;1.6&nbsp;<\/td>\n<\/tr>\n<tr>\n<td><strong>&nbsp;OPEL &#8211; ASTRA G Station Wagon&nbsp;<\/strong><\/td>\n<td>&nbsp;1998 &#8211; 2004&nbsp;<\/td>\n<td>&nbsp;Benzin&nbsp;<\/td>\n<td>&nbsp;1.4&nbsp;<\/td>\n<\/tr>\n<tr>\n<td><strong>&nbsp;OPEL &#8211; ASTRA G Station Wagon&nbsp;<\/strong><\/td>\n<td>&nbsp;2000 &#8211; 2004&nbsp;<\/td>\n<td>&nbsp;Benzin&nbsp;<\/td>\n<td>&nbsp;1.2&nbsp;<\/td>\n<\/tr>\n<tr>\n<td><strong>&nbsp;OPEL &#8211; ASTRA G Station Wagon&nbsp;<\/strong><\/td>\n<td>&nbsp;1998 &#8211; 2000&nbsp;<\/td>\n<td>&nbsp;Dizel&nbsp;<\/td>\n<td>&nbsp;1.7 TD&nbsp;<\/td>\n<\/tr>\n<tr>\n<td><strong>&nbsp;OPEL &#8211; ASTRA G Station Wagon&nbsp;<\/strong><\/td>\n<td>&nbsp;1998 &#8211; 2004&nbsp;<\/td>\n<td>&nbsp;Benzin&nbsp;<\/td>\n<td>&nbsp;2.0&nbsp;<\/td>\n<\/tr>\n<tr>\n<td><strong>&nbsp;OPEL &#8211; ASTRA G Station Wagon&nbsp;<\/strong><\/td>\n<td>&nbsp;1998 &#8211; 2000&nbsp;<\/td>\n<td>&nbsp;Benzin&nbsp;<\/td>\n<td>&nbsp;1.8&nbsp;<\/td>\n<\/tr>\n<tr>\n<td><strong>&nbsp;OPEL &#8211; ASTRA G Station Wagon&nbsp;<\/strong><\/td>\n<td>&nbsp;1998 &#8211; 2004&nbsp;<\/td>\n<td>&nbsp;Benzin&nbsp;<\/td>\n<td>&nbsp;1.6&nbsp;<\/td>\n<\/tr>\n<tr>\n<td><strong>&nbsp;OPEL &#8211; ASTRA G Station Wagon&nbsp;<\/strong><\/td>\n<td>&nbsp;1998 &#8211; 2000&nbsp;<\/td>\n<td>&nbsp;Benzin&nbsp;<\/td>\n<td>&nbsp;1.6&nbsp;<\/td>\n<\/tr>\n<tr>\n<td><strong>&nbsp;OPEL &#8211; ASTRA G Station Wagon&nbsp;<\/strong><\/td>\n<td>&nbsp;1998 &#8211; 2000&nbsp;<\/td>\n<td>&nbsp;Benzin&nbsp;<\/td>\n<td>&nbsp;1.2&nbsp;<\/td>\n<\/tr>\n<tr>\n<td><strong>&nbsp;OPEL &#8211; ASTRA G Station Wagon&nbsp;<\/strong><\/td>\n<td>&nbsp;2002 &#8211; 2004&nbsp;<\/td>\n<td>&nbsp;Benzin&nbsp;<\/td>\n<td>&nbsp;2.0&nbsp;<\/td>\n<\/tr>\n<tr>\n<td><strong>&nbsp;OPEL &#8211; ASTRA G Station Wagon&nbsp;<\/strong><\/td>\n<td>&nbsp;2002 &#8211; 2004&nbsp;<\/td>\n<td>&nbsp;Benzin&nbsp;<\/td>\n<td>&nbsp;1.6&nbsp;<\/td>\n<\/tr>\n<tr>\n<td><strong>&nbsp;OPEL &#8211; ASTRA G Station Wagon&nbsp;<\/strong><\/td>\n<td>&nbsp;2003 &#8211; 2004&nbsp;<\/td>\n<td>&nbsp;Dizel&nbsp;<\/td>\n<td>&nbsp;1.7&nbsp;<\/td>\n<\/tr>\n<tr>\n<td><strong>&nbsp;OPEL &#8211; ASTRA G Station Wagon&nbsp;<\/strong><\/td>\n<td>&nbsp;2000 &#8211; 2004&nbsp;<\/td>\n<td>&nbsp;Dizel&nbsp;<\/td>\n<td>&nbsp;1.7&nbsp;<\/td>\n<\/tr>\n<tr>\n<td><strong>&nbsp;OPEL &#8211; ASTRA G Station Wagon&nbsp;<\/strong><\/td>\n<td>&nbsp;1999 &#8211; 2004&nbsp;<\/td>\n<td>&nbsp;Dizel&nbsp;<\/td>\n<td>&nbsp;2.0&nbsp;<\/td>\n<\/tr>\n<tr>\n<td><strong>&nbsp;OPEL &#8211; ASTRA H&nbsp;<\/strong><\/td>\n<td>&nbsp;2004 &#8211; 2010&nbsp;<\/td>\n<td>&nbsp;Dizel&nbsp;<\/td>\n<td>&nbsp;1.7&nbsp;<\/td>\n<\/tr>\n<tr>\n<td><strong>&nbsp;OPEL &#8211; ASTRA H&nbsp;<\/strong><\/td>\n<td>&nbsp;2004 &#8211; 2010&nbsp;<\/td>\n<td>&nbsp;Benzin&nbsp;<\/td>\n<td>&nbsp;1.8&nbsp;<\/td>\n<\/tr>\n<tr>\n<td><strong>&nbsp;OPEL &#8211; ASTRA H&nbsp;<\/strong><\/td>\n<td>&nbsp;2004 &#8211; 2010&nbsp;<\/td>\n<td>&nbsp;Benzin&nbsp;<\/td>\n<td>&nbsp;1.6&nbsp;<\/td>\n<\/tr>\n<tr>\n<td><strong>&nbsp;OPEL &#8211; ASTRA H&nbsp;<\/strong><\/td>\n<td>&nbsp;2004 &#8211; 2010&nbsp;<\/td>\n<td>&nbsp;Benzin&nbsp;<\/td>\n<td>&nbsp;1.4&nbsp;<\/td>\n<\/tr>\n<tr>\n<td><strong>&nbsp;OPEL &#8211; ASTRA H Panelvan\/Van&nbsp;<\/strong><\/td>\n<td>&nbsp;2004 &#8211; 2007&nbsp;<\/td>\n<td>&nbsp;Dizel&nbsp;<\/td>\n<td>&nbsp;1.7&nbsp;<\/td>\n<\/tr>\n<tr>\n<td><strong>&nbsp;OPEL &#8211; ZAFIRA A MPV&nbsp;<\/strong><\/td>\n<td>&nbsp;1999 &#8211; 2005&nbsp;<\/td>\n<td>&nbsp;Dizel&nbsp;<\/td>\n<td>&nbsp;2.0&nbsp;<\/td>\n<\/tr>\n<tr>\n<td><strong>&nbsp;OPEL &#8211; ZAFIRA A MPV&nbsp;<\/strong><\/td>\n<td>&nbsp;1999 &#8211; 2005&nbsp;<\/td>\n<td>&nbsp;Benzin&nbsp;<\/td>\n<td>&nbsp;1.6&nbsp;<\/td>\n<\/tr>\n<tr>\n<td><strong>&nbsp;OPEL &#8211; ZAFIRA A MPV&nbsp;<\/strong><\/td>\n<td>&nbsp;2003 &#8211; 2005&nbsp;<\/td>\n<td>&nbsp;Benzin&nbsp;<\/td>\n<td>&nbsp;1.6&nbsp;<\/td>\n<\/tr>\n<tr>\n<td><strong>&nbsp;OPEL &#8211; ZAFIRA A MPV&nbsp;<\/strong><\/td>\n<td>&nbsp;2000 &#8211; 2005&nbsp;<\/td>\n<td>&nbsp;Benzin&nbsp;<\/td>\n<td>&nbsp;1.8&nbsp;<\/td>\n<\/tr>\n<tr>\n<td><strong>&nbsp;CHEVROLET &#8211; ASTRA Hatchback&nbsp;<\/strong><\/td>\n<td>&nbsp;2002 &#8211; 2005&nbsp;<\/td>\n<td>&nbsp;Benzin&nbsp;<\/td>\n<td>&nbsp;2.0&nbsp;<\/td>\n<\/tr>\n<tr>\n<td><strong>&nbsp;CHEVROLET &#8211; ASTRA Hatchback&nbsp;<\/strong><\/td>\n<td>&nbsp;1999 &#8211; 2002&nbsp;<\/td>\n<td>&nbsp;Benzin&nbsp;<\/td>\n<td>&nbsp;2.0&nbsp;<\/td>\n<\/tr>\n<tr>\n<td><strong>&nbsp;CHEVROLET &#8211; ASTRA Hatchback&nbsp;<\/strong><\/td>\n<td>&nbsp;2002 &#8211; 2011&nbsp;<\/td>\n<td>&nbsp;Benzin&nbsp;<\/td>\n<td>&nbsp;2.0&nbsp;<\/td>\n<\/tr>\n<tr>\n<td><strong>&nbsp;CHEVROLET &#8211; ASTRA Hatchback&nbsp;<\/strong><\/td>\n<td>&nbsp;1998 &#8211; 2011&nbsp;<\/td>\n<td>&nbsp;Benzin&nbsp;<\/td>\n<td>&nbsp;1.8&nbsp;<\/td>\n<\/tr>\n<tr>\n<td><strong>&nbsp;CHEVROLET &#8211; ASTRA Sedan&nbsp;<\/strong><\/td>\n<td>&nbsp;2002 &#8211; 2011&nbsp;<\/td>\n<td>&nbsp;Dizel&nbsp;<\/td>\n<td>&nbsp;2.0&nbsp;<\/td>\n<\/tr>\n<tr>\n<td><strong>&nbsp;CHEVROLET &#8211; ASTRA Sedan&nbsp;<\/strong><\/td>\n<td>&nbsp;2002 &#8211; 2011&nbsp;<\/td>\n<td>&nbsp;Benzin&nbsp;<\/td>\n<td>&nbsp;2.0 GLS&nbsp;<\/td>\n<\/tr>\n<tr>\n<td><strong>&nbsp;CHEVROLET &#8211; ASTRA Sedan&nbsp;<\/strong><\/td>\n<td>&nbsp;1999 &#8211; 2002&nbsp;<\/td>\n<td>&nbsp;Benzin&nbsp;<\/td>\n<td>&nbsp;2.0 GLS&nbsp;<\/td>\n<\/tr>\n<tr>\n<td><strong>&nbsp;CHEVROLET &#8211; ASTRA Sedan&nbsp;<\/strong><\/td>\n<td>&nbsp;2002 &#8211; 2011&nbsp;<\/td>\n<td>&nbsp;Benzin&nbsp;<\/td>\n<td>&nbsp;2.0 GL&nbsp;<\/td>\n<\/tr>\n<tr>\n<td><strong>&nbsp;CHEVROLET &#8211; ASTRA Sedan&nbsp;<\/strong><\/td>\n<td>&nbsp;1999 &#8211; 2011&nbsp;<\/td>\n<td>&nbsp;Benzin&nbsp;<\/td>\n<td>&nbsp;1.8&nbsp;<\/td>\n<\/tr>\n<tr>\n<td><strong>&nbsp;CHEVROLET &#8211; CORSA Sedan&nbsp;<\/strong><\/td>\n<td>&nbsp;2000 &#8211; 2002&nbsp;<\/td>\n<td>&nbsp;Dizel&nbsp;<\/td>\n<td>&nbsp;1.7&nbsp;<\/td>\n<\/tr>\n<\/table>\n<style>#carPropertiesTable td{padding:2px;}<\/style>\n","protected":false},"excerpt":{"rendered":"<p>\u00d6N FREN D\u0130SK\u0130 [ OPEL ASTRA G (4 B\u0130JON) 1998- ]<\/p>\n","protected":false},"featured_media":216182,"comment_status":"open","ping_status":"closed","template":"","meta":[],"product_brand":[],"product_cat":[877,372],"product_tag":[15422,1058,2581,1455,5040,1113,1115,1116],"class_list":{"0":"post-216183","1":"product","2":"type-product","3":"status-publish","4":"has-post-thumbnail","6":"product_cat-fren-disk-and-kampana","7":"product_cat-otomotiv","8":"product_tag-15422","9":"product_tag-1058","10":"product_tag-astra","11":"product_tag-bijon","12":"product_tag-diski","13":"product_tag-fren","14":"product_tag-on","15":"product_tag-opel","17":"first","18":"instock","19":"taxable","20":"shipping-taxable","21":"purchasable","22":"product-type-simple"},"_links":{"self":[{"href":"https:\/\/depodanmusteriye.com\/urunler\/wp-json\/wp\/v2\/product\/216183","targetHints":{"allow":["GET"]}}],"collection":[{"href":"https:\/\/depodanmusteriye.com\/urunler\/wp-json\/wp\/v2\/product"}],"about":[{"href":"https:\/\/depodanmusteriye.com\/urunler\/wp-json\/wp\/v2\/types\/product"}],"replies":[{"embeddable":true,"href":"https:\/\/depodanmusteriye.com\/urunler\/wp-json\/wp\/v2\/comments?post=216183"}],"version-history":[{"count":0,"href":"https:\/\/depodanmusteriye.com\/urunler\/wp-json\/wp\/v2\/product\/216183\/revisions"}],"wp:featuredmedia":[{"embeddable":true,"href":"https:\/\/depodanmusteriye.com\/urunler\/wp-json\/wp\/v2\/media\/216182"}],"wp:attachment":[{"href":"https:\/\/depodanmusteriye.com\/urunler\/wp-json\/wp\/v2\/media?parent=216183"}],"wp:term":[{"taxonomy":"product_brand","embeddable":true,"href":"https:\/\/depodanmusteriye.com\/urunler\/wp-json\/wp\/v2\/product_brand?post=216183"},{"taxonomy":"product_cat","embeddable":true,"href":"https:\/\/depodanmusteriye.com\/urunler\/wp-json\/wp\/v2\/product_cat?post=216183"},{"taxonomy":"product_tag","embeddable":true,"href":"https:\/\/depodanmusteriye.com\/urunler\/wp-json\/wp\/v2\/product_tag?post=216183"}],"curies":[{"name":"wp","href":"https:\/\/api.w.org\/{rel}","templated":true}]}}