{"id":215953,"date":"2025-12-22T10:12:37","date_gmt":"2025-12-22T10:12:37","guid":{"rendered":"https:\/\/b2b.depodanmusteriye.com\/urun\/newface-samsung-galaxy-a25-5g-kilif-reflexion-desenli-kapak-desen-5\/"},"modified":"2025-12-22T10:12:37","modified_gmt":"2025-12-22T10:12:37","slug":"newface-samsung-galaxy-a25-5g-kilif-reflexion-desenli-kapak-desen-5","status":"publish","type":"product","link":"https:\/\/depodanmusteriye.com\/urunler\/urun\/newface-samsung-galaxy-a25-5g-kilif-reflexion-desenli-kapak-desen-5\/","title":{"rendered":"Newface Samsung Galaxy A25 5G K\u0131l\u0131f Reflexion Desenli Kapak &#8211; Desen 5"},"content":{"rendered":"<h4>Newface Samsung Galaxy A25 5G K\u0131l\u0131f Reflexion Desenli Kapak &#8211; Desen 5<\/p>\n<p class=\"ql-align-center\"><strong>Newface Reflexion Desenli Telefon K\u0131l\u0131f\u0131 \u2013 \u015e\u0131kl\u0131\u011f\u0131 ve Koruyuculu\u011fu Bir Arada!<\/strong><\/p>\n<p class=\"ql-align-center\"><\/p>\n<p class=\"ql-align-center\">Telefonunuza tarz katarken ayn\u0131 zamanda koruma sa\u011flamak ister misiniz?<\/p>\n<p class=\"ql-align-center\"> <strong>Newface Reflexion Desenli Telefon K\u0131l\u0131f\u0131<\/strong>, <\/p>\n<p class=\"ql-align-center\">Estetik tasar\u0131m\u0131 ve dayan\u0131kl\u0131 yap\u0131s\u0131yla cihaz\u0131n\u0131z\u0131 hem \u015f\u0131k hem de g\u00fcvenli hale getiriyor!<\/p>\n<p class=\"ql-align-center\"> <strong>\u015e\u0131k ve Modern Tasar\u0131m<\/strong><\/p>\n<p class=\"ql-align-center\">Reflexion serisinin dikkat \u00e7eken desenleriyle telefonunuza \u00f6zg\u00fcn bir hava kat\u0131n. Parlak ve yans\u0131tmal\u0131 y\u00fczeyiyle \u0131\u015f\u0131k oyunlar\u0131 yaratarak g\u00f6z al\u0131c\u0131 bir g\u00f6r\u00fcn\u00fcm sunar.<\/p>\n<p class=\"ql-align-center\"> <strong>\u00dcst\u00fcn Koruma<\/strong><\/p>\n<p class=\"ql-align-center\">Darbeye dayan\u0131kl\u0131 malzemeden \u00fcretilen bu k\u0131l\u0131f, telefonunuzu \u00e7izilmelere, d\u00fc\u015fmelere ve g\u00fcnl\u00fck darbelere kar\u015f\u0131 etkili bir \u015fekilde korur.<\/p>\n<p class=\"ql-align-center\"><strong>Hassas Kesimler<\/strong><\/p>\n<p class=\"ql-align-center\">Cihaz\u0131n\u0131za m\u00fckemmel uyum sa\u011flayan hassas kesimleri sayesinde t\u00fcm tu\u015flara ve ba\u011flant\u0131 noktalar\u0131na rahat\u00e7a eri\u015febilirsiniz.<\/p>\n<p class=\"ql-align-center\"> <strong>Uzun \u00d6m\u00fcrl\u00fc Kullan\u0131m<\/strong><\/p>\n<p class=\"ql-align-center\">Kaliteli bask\u0131 ve dayan\u0131kl\u0131 malzeme sayesinde uzun s\u00fcre canl\u0131l\u0131\u011f\u0131n\u0131 ve sa\u011flaml\u0131\u011f\u0131n\u0131 korur.<\/p>\n<p class=\"ql-align-center\">Newface Reflexion Desenli Telefon K\u0131l\u0131f\u0131 ile telefonunuzu hem koruyun hem de tarz\u0131n\u0131z\u0131 yans\u0131t\u0131n!&nbsp;<\/p>\n<p><\/p>\n<p><b>1 adet fiyat\u0131d\u0131r<\/b> <\/p>\n<p><p><b>\u00dcretici Markas\u0131 : NEWFACE<\/b><\/p>\n<p><b>\u00dcretici Kodu : 8683140735791<\/b><\/p>\n<p><b>1 ADET F\u0130YATIDIR<\/b><\/p>\n<\/h4>\n<p><\/p>\n","protected":false},"excerpt":{"rendered":"<p>Newface Samsung Galaxy A25 5G K\u0131l\u0131f Reflexion Desenli Kapak &#8211; Desen 5<\/p>\n","protected":false},"featured_media":215952,"comment_status":"open","ping_status":"closed","template":"","meta":[],"product_brand":[],"product_cat":[457,374],"product_tag":[1606,3130,3372,3175,1993,1974,1389,1514,1510,3385,1973],"class_list":{"0":"post-215953","1":"product","2":"type-product","3":"status-publish","4":"has-post-thumbnail","6":"product_cat-kapak-and-kilif","7":"product_cat-mobil-aksesuar","8":"product_tag-1606","9":"product_tag-5g","10":"product_tag-a25","11":"product_tag-desen","12":"product_tag-desenli","13":"product_tag-galaxy","14":"product_tag-kapak","15":"product_tag-kilif","16":"product_tag-newface","17":"product_tag-reflexion","18":"product_tag-samsung","20":"first","21":"instock","22":"taxable","23":"shipping-taxable","24":"purchasable","25":"product-type-simple"},"_links":{"self":[{"href":"https:\/\/depodanmusteriye.com\/urunler\/wp-json\/wp\/v2\/product\/215953","targetHints":{"allow":["GET"]}}],"collection":[{"href":"https:\/\/depodanmusteriye.com\/urunler\/wp-json\/wp\/v2\/product"}],"about":[{"href":"https:\/\/depodanmusteriye.com\/urunler\/wp-json\/wp\/v2\/types\/product"}],"replies":[{"embeddable":true,"href":"https:\/\/depodanmusteriye.com\/urunler\/wp-json\/wp\/v2\/comments?post=215953"}],"version-history":[{"count":0,"href":"https:\/\/depodanmusteriye.com\/urunler\/wp-json\/wp\/v2\/product\/215953\/revisions"}],"wp:featuredmedia":[{"embeddable":true,"href":"https:\/\/depodanmusteriye.com\/urunler\/wp-json\/wp\/v2\/media\/215952"}],"wp:attachment":[{"href":"https:\/\/depodanmusteriye.com\/urunler\/wp-json\/wp\/v2\/media?parent=215953"}],"wp:term":[{"taxonomy":"product_brand","embeddable":true,"href":"https:\/\/depodanmusteriye.com\/urunler\/wp-json\/wp\/v2\/product_brand?post=215953"},{"taxonomy":"product_cat","embeddable":true,"href":"https:\/\/depodanmusteriye.com\/urunler\/wp-json\/wp\/v2\/product_cat?post=215953"},{"taxonomy":"product_tag","embeddable":true,"href":"https:\/\/depodanmusteriye.com\/urunler\/wp-json\/wp\/v2\/product_tag?post=215953"}],"curies":[{"name":"wp","href":"https:\/\/api.w.org\/{rel}","templated":true}]}}