{"id":215943,"date":"2025-12-22T10:11:50","date_gmt":"2025-12-22T10:11:50","guid":{"rendered":"https:\/\/b2b.depodanmusteriye.com\/urun\/newface-samsung-galaxy-a54-5g-kilif-glow-kapak-seffaf\/"},"modified":"2025-12-22T10:11:50","modified_gmt":"2025-12-22T10:11:50","slug":"newface-samsung-galaxy-a54-5g-kilif-glow-kapak-seffaf","status":"publish","type":"product","link":"https:\/\/depodanmusteriye.com\/urunler\/urun\/newface-samsung-galaxy-a54-5g-kilif-glow-kapak-seffaf\/","title":{"rendered":"Newface Samsung Galaxy A54 5G K\u0131l\u0131f Glow Kapak &#8211; \u015eeffaf"},"content":{"rendered":"<h4>Newface Samsung Galaxy A54 5G K\u0131l\u0131f Glow Kapak &#8211; \u015eeffaf<\/p>\n<p><p><b>Newface K\u0131l\u0131f Glow Kapak<\/b><\/p>\n<p><span style=\"font-weight: 700\">&#8212;- uyumludur.<\/span><\/p>\n<p><\/p>\n<p><span style=\"font-weight: 700\"><br \/><\/span><b><br \/><\/b><\/p>\n<\/p>\n<p><\/p>\n<p><img decoding=\"async\" src=\"https:\/\/www.newface.com.tr\/img\/descriptions\/66606e4e6565e.jpg\" style=\"width: 50%\"><\/p>\n<p><\/p>\n<p><img decoding=\"async\" src=\"https:\/\/www.newface.com.tr\/img\/descriptions\/66606e68c4abe.jpg\" style=\"width: 50%\"> <\/p>\n<p><b>1 adet fiyat\u0131d\u0131r<\/b> <\/p>\n<p><p><b>\u00dcretici Markas\u0131 : NEWFACE<\/b><\/p>\n<p><b>\u00dcretici Kodu : 8683140730505<\/b><\/p>\n<p><b>1 ADET F\u0130YATIDIR<\/b><\/p>\n<\/h4>\n<p><\/p>\n","protected":false},"excerpt":{"rendered":"<p>Newface Samsung Galaxy A54 5G K\u0131l\u0131f Glow Kapak &#8211; \u015eeffaf<\/p>\n","protected":false},"featured_media":215940,"comment_status":"open","ping_status":"closed","template":"","meta":[],"product_brand":[],"product_cat":[457,374],"product_tag":[3130,3303,1974,2384,1389,1514,1510,1973,1840],"class_list":{"0":"post-215943","1":"product","2":"type-product","3":"status-publish","4":"has-post-thumbnail","6":"product_cat-kapak-and-kilif","7":"product_cat-mobil-aksesuar","8":"product_tag-5g","9":"product_tag-a54","10":"product_tag-galaxy","11":"product_tag-glow","12":"product_tag-kapak","13":"product_tag-kilif","14":"product_tag-newface","15":"product_tag-samsung","16":"product_tag-seffaf","18":"first","19":"instock","20":"taxable","21":"shipping-taxable","22":"purchasable","23":"product-type-simple"},"_links":{"self":[{"href":"https:\/\/depodanmusteriye.com\/urunler\/wp-json\/wp\/v2\/product\/215943","targetHints":{"allow":["GET"]}}],"collection":[{"href":"https:\/\/depodanmusteriye.com\/urunler\/wp-json\/wp\/v2\/product"}],"about":[{"href":"https:\/\/depodanmusteriye.com\/urunler\/wp-json\/wp\/v2\/types\/product"}],"replies":[{"embeddable":true,"href":"https:\/\/depodanmusteriye.com\/urunler\/wp-json\/wp\/v2\/comments?post=215943"}],"version-history":[{"count":0,"href":"https:\/\/depodanmusteriye.com\/urunler\/wp-json\/wp\/v2\/product\/215943\/revisions"}],"wp:featuredmedia":[{"embeddable":true,"href":"https:\/\/depodanmusteriye.com\/urunler\/wp-json\/wp\/v2\/media\/215940"}],"wp:attachment":[{"href":"https:\/\/depodanmusteriye.com\/urunler\/wp-json\/wp\/v2\/media?parent=215943"}],"wp:term":[{"taxonomy":"product_brand","embeddable":true,"href":"https:\/\/depodanmusteriye.com\/urunler\/wp-json\/wp\/v2\/product_brand?post=215943"},{"taxonomy":"product_cat","embeddable":true,"href":"https:\/\/depodanmusteriye.com\/urunler\/wp-json\/wp\/v2\/product_cat?post=215943"},{"taxonomy":"product_tag","embeddable":true,"href":"https:\/\/depodanmusteriye.com\/urunler\/wp-json\/wp\/v2\/product_tag?post=215943"}],"curies":[{"name":"wp","href":"https:\/\/api.w.org\/{rel}","templated":true}]}}