{"id":215922,"date":"2025-12-22T10:05:03","date_gmt":"2025-12-22T10:05:03","guid":{"rendered":"https:\/\/b2b.depodanmusteriye.com\/urun\/brit-care-150-gr-x-10-adet-parlak-tuyler-ve-saglik-cilt-icin-tahilsiz-kril-ve-hindistan-cevizli-fonksiyonel-yetiskin-kopek-odulu\/"},"modified":"2025-12-22T10:05:03","modified_gmt":"2025-12-22T10:05:03","slug":"brit-care-150-gr-x-10-adet-parlak-tuyler-ve-saglik-cilt-icin-tahilsiz-kril-ve-hindistan-cevizli-fonksiyonel-yetiskin-kopek-odulu","status":"publish","type":"product","link":"https:\/\/depodanmusteriye.com\/urunler\/urun\/brit-care-150-gr-x-10-adet-parlak-tuyler-ve-saglik-cilt-icin-tahilsiz-kril-ve-hindistan-cevizli-fonksiyonel-yetiskin-kopek-odulu\/","title":{"rendered":"Brit Care 150 gr X 10 ADET Parlak T\u00fcyler Ve Sa\u011fl\u0131k Cilt \u0130\u00e7in, Tah\u0131ls\u0131z, Kril Ve Hindistan Cevizli, Fonksiyonel Yeti\u015fkin K\u00f6pek \u00d6d\u00fcl\u00fc"},"content":{"rendered":"<h4>Brit Care Parlak T\u00fcyler Ve Sa\u011fl\u0131k Cilt \u0130\u00e7in, Tah\u0131ls\u0131z, Kril Ve Hindistan Cevizli, Fonksiyonel Yeti\u015fkin K\u00f6pek \u00d6d\u00fcl\u00fc 150 gr<\/p>\n<p><strong> X 10 ADET <\/strong><\/p>\n<p><b>\u00dcretici Markas\u0131 : Brit Care<\/b><\/p>\n<p><b>\u00dcretici Kodu : B11420DPM<\/b><\/p>\n<p><b>1 ADET F\u0130YATIDIR<\/b><\/p>\n<\/h4>\n<p><\/p>\n","protected":false},"excerpt":{"rendered":"<p>Brit Care 150 gr X 10 ADET Parlak T\u00fcyler Ve Sa\u011fl\u0131k Cilt \u0130\u00e7in, Tah\u0131ls\u0131z, Kril Ve Hindistan Cevizli, Fonksiyonel Yeti\u015fkin K\u00f6pek \u00d6d\u00fcl\u00fc <\/p>\n","protected":false},"featured_media":215921,"comment_status":"open","ping_status":"closed","template":"","meta":[],"product_brand":[],"product_cat":[542,370],"product_tag":[4546,1301,3406,3407,6545,4155,6470,1563,6544,1853,1491,15352,1756,2356,4398,6363,6530,2104,1595,2434],"class_list":{"0":"post-215922","1":"product","2":"type-product","3":"status-publish","4":"has-post-thumbnail","6":"product_cat-kopek-odulu","7":"product_cat-pet-shop","8":"product_tag-4546","9":"product_tag-adet","10":"product_tag-brit","11":"product_tag-care","12":"product_tag-cevizli","13":"product_tag-cilt","14":"product_tag-fonksiyonel","15":"product_tag-gr","16":"product_tag-hindistan","17":"product_tag-icin","18":"product_tag-kopek","19":"product_tag-kril","20":"product_tag-odulu","21":"product_tag-parlak","22":"product_tag-saglik","23":"product_tag-tahilsiz","24":"product_tag-tuyler","25":"product_tag-ve","26":"product_tag-x","27":"product_tag-yetiskin","29":"first","30":"instock","31":"taxable","32":"shipping-taxable","33":"purchasable","34":"product-type-simple"},"_links":{"self":[{"href":"https:\/\/depodanmusteriye.com\/urunler\/wp-json\/wp\/v2\/product\/215922","targetHints":{"allow":["GET"]}}],"collection":[{"href":"https:\/\/depodanmusteriye.com\/urunler\/wp-json\/wp\/v2\/product"}],"about":[{"href":"https:\/\/depodanmusteriye.com\/urunler\/wp-json\/wp\/v2\/types\/product"}],"replies":[{"embeddable":true,"href":"https:\/\/depodanmusteriye.com\/urunler\/wp-json\/wp\/v2\/comments?post=215922"}],"version-history":[{"count":0,"href":"https:\/\/depodanmusteriye.com\/urunler\/wp-json\/wp\/v2\/product\/215922\/revisions"}],"wp:featuredmedia":[{"embeddable":true,"href":"https:\/\/depodanmusteriye.com\/urunler\/wp-json\/wp\/v2\/media\/215921"}],"wp:attachment":[{"href":"https:\/\/depodanmusteriye.com\/urunler\/wp-json\/wp\/v2\/media?parent=215922"}],"wp:term":[{"taxonomy":"product_brand","embeddable":true,"href":"https:\/\/depodanmusteriye.com\/urunler\/wp-json\/wp\/v2\/product_brand?post=215922"},{"taxonomy":"product_cat","embeddable":true,"href":"https:\/\/depodanmusteriye.com\/urunler\/wp-json\/wp\/v2\/product_cat?post=215922"},{"taxonomy":"product_tag","embeddable":true,"href":"https:\/\/depodanmusteriye.com\/urunler\/wp-json\/wp\/v2\/product_tag?post=215922"}],"curies":[{"name":"wp","href":"https:\/\/api.w.org\/{rel}","templated":true}]}}