{"id":215888,"date":"2025-12-22T10:00:45","date_gmt":"2025-12-22T10:00:45","guid":{"rendered":"https:\/\/b2b.depodanmusteriye.com\/urun\/pet-garden-kedi-kopek-eko-wojer-kucuk-485x32x32\/"},"modified":"2025-12-22T10:00:45","modified_gmt":"2025-12-22T10:00:45","slug":"pet-garden-kedi-kopek-eko-wojer-kucuk-485x32x32","status":"publish","type":"product","link":"https:\/\/depodanmusteriye.com\/urunler\/urun\/pet-garden-kedi-kopek-eko-wojer-kucuk-485x32x32\/","title":{"rendered":"Pet Garden Kedi K\u00f6pek Eko Wojer K\u00fc\u00e7\u00fck 48,5x32x32"},"content":{"rendered":"<h4>\n<p>PET GARDEN KED\u0130 K\u00d6PEK EKO WOJER K\u00dc\u00c7\u00dcK 48,5x32x32<\/p>\n<p>&nbsp;<\/p>\n<p><b>1 adet fiyat\u0131d\u0131r<\/b> <\/p>\n<p><p><b>\u00dcretici Markas\u0131 : YERL\u0130 PLAST\u0130KLER<\/b><\/p>\n<p><b>\u00dcretici Kodu : 942013<\/b><\/p>\n<p><b>1 ADET F\u0130YATIDIR<\/b><\/p>\n<\/h4>\n<p><\/p>\n","protected":false},"excerpt":{"rendered":"<p>Pet Garden Kedi K\u00f6pek Eko Wojer K\u00fc\u00e7\u00fck 48,5x32x32<\/p>\n","protected":false},"featured_media":215887,"comment_status":"open","ping_status":"closed","template":"","meta":[],"product_brand":[],"product_cat":[511,370],"product_tag":[1846,15351,3521,4484,1550,1491,2331,1573,3091],"class_list":{"0":"post-215888","1":"product","2":"type-product","3":"status-publish","4":"has-post-thumbnail","6":"product_cat-kedi-ve-kopek-tasima-cantasi","7":"product_cat-pet-shop","8":"product_tag-1846","9":"product_tag-5x32x32","10":"product_tag-eko","11":"product_tag-garden","12":"product_tag-kedi","13":"product_tag-kopek","14":"product_tag-kucuk","15":"product_tag-pet","16":"product_tag-wojer","18":"first","19":"instock","20":"taxable","21":"shipping-taxable","22":"purchasable","23":"product-type-simple"},"_links":{"self":[{"href":"https:\/\/depodanmusteriye.com\/urunler\/wp-json\/wp\/v2\/product\/215888","targetHints":{"allow":["GET"]}}],"collection":[{"href":"https:\/\/depodanmusteriye.com\/urunler\/wp-json\/wp\/v2\/product"}],"about":[{"href":"https:\/\/depodanmusteriye.com\/urunler\/wp-json\/wp\/v2\/types\/product"}],"replies":[{"embeddable":true,"href":"https:\/\/depodanmusteriye.com\/urunler\/wp-json\/wp\/v2\/comments?post=215888"}],"version-history":[{"count":0,"href":"https:\/\/depodanmusteriye.com\/urunler\/wp-json\/wp\/v2\/product\/215888\/revisions"}],"wp:featuredmedia":[{"embeddable":true,"href":"https:\/\/depodanmusteriye.com\/urunler\/wp-json\/wp\/v2\/media\/215887"}],"wp:attachment":[{"href":"https:\/\/depodanmusteriye.com\/urunler\/wp-json\/wp\/v2\/media?parent=215888"}],"wp:term":[{"taxonomy":"product_brand","embeddable":true,"href":"https:\/\/depodanmusteriye.com\/urunler\/wp-json\/wp\/v2\/product_brand?post=215888"},{"taxonomy":"product_cat","embeddable":true,"href":"https:\/\/depodanmusteriye.com\/urunler\/wp-json\/wp\/v2\/product_cat?post=215888"},{"taxonomy":"product_tag","embeddable":true,"href":"https:\/\/depodanmusteriye.com\/urunler\/wp-json\/wp\/v2\/product_tag?post=215888"}],"curies":[{"name":"wp","href":"https:\/\/api.w.org\/{rel}","templated":true}]}}