{"id":215872,"date":"2025-12-22T09:59:24","date_gmt":"2025-12-22T09:59:24","guid":{"rendered":"https:\/\/b2b.depodanmusteriye.com\/urun\/sansibar-siyah-02-05mm-10-kg-kum\/"},"modified":"2025-12-22T09:59:24","modified_gmt":"2025-12-22T09:59:24","slug":"sansibar-siyah-02-05mm-10-kg-kum","status":"publish","type":"product","link":"https:\/\/depodanmusteriye.com\/urunler\/urun\/sansibar-siyah-02-05mm-10-kg-kum\/","title":{"rendered":"SANSIBAR SIYAH 0,2-0,5MM 10 KG KUM"},"content":{"rendered":"<h4>\n<ul>\n<li>Akvaryumlar ve su teraryumlar\u0131 i\u00e7in dekoratif \u00e7ak\u0131l.<\/li>\n<li>Tanecik boyutu: 0,2 &#8211; 0,5 mm. Kedi bal\u0131klar\u0131 i\u00e7in \u00e7ok uygundur.<\/li>\n<li>JBL AquaBasis ile birlikte kullan\u0131ld\u0131\u011f\u0131nda bitki yeti\u015ftirmek i\u00e7in idealdir.<\/li>\n<li>\u00c7ak\u0131l alt\u0131 \u0131s\u0131t\u0131c\u0131lar\u0131 i\u00e7in uygun de\u011fildir.<\/li>\n<\/ul>\n<ul>\n<li>Farkl\u0131 \u00f6zelliklere sahip tozlardan olu\u015fturulan do\u011fal alt katman kumu. Kullanmadan \u00f6nce durulay\u0131n\u0131z.<\/li>\n<li>Manyetik bile\u015fenler i\u00e7erebilir. Alg m\u0131knat\u0131slar\u0131 kullan\u0131rken dikkat ediniz. Cam\u0131n\u0131z\u0131n \u00e7izilmesine neden olabilir.<\/li>\n<li>&nbsp;\n<div>Akvaryumlarda hep ayn\u0131 renklere sahip kumlar\u0131n kullan\u0131lmas\u0131n\u0131n ne kadar s\u0131k\u0131c\u0131 oldu\u011fu konusunda JBL ile hem fikir misiniz?&nbsp;<\/div>\n<div>JBL, Sansibar White (Beyaz), Black (Siyah) ve River (Nehir) kumlar\u0131 serisine d\u00f6rt yeni kum daha ekledi: K\u0131rm\u0131z\u0131, Turuncu, Kar Beyaz\u0131 ve Gri. Yaln\u0131zca bitki akvaryumlar\u0131 ile u\u011fra\u015fanlar de\u011fil,&nbsp;<\/div>\n<div>b\u00fct\u00fcn akvaryum severler g\u00fcn ge\u00e7tik\u00e7e zararl\u0131 bile\u015fenler i\u00e7ermeyen renkli kumlara ilgi duymaya ba\u015fl\u0131yor. Plastik materyallerle kapl\u0131 \u00e7ak\u0131llar art\u0131k eskide kald\u0131. Do\u011fal ve renkli akvaryum dip&nbsp;<\/div>\n<div>kaplamas\u0131 malzemelerine olan ilgi ise her ge\u00e7en g\u00fcn art\u0131yor. JBL Sansibar renkli kumlar\u0131n tanecik boyutlar\u0131 0.1 ve 0.6 mm aras\u0131nda de\u011fi\u015fiyor. Kesinlikle kirlenmeye neden olan bile\u015fen ve zehir&nbsp;<\/div>\n<div>i\u00e7ermeyen bu kumlar ile akvaryumunuzda canl\u0131 ve do\u011fal renklerle bir g\u00f6r\u00fcn\u00fcm olu\u015fturman\u0131z art\u0131k m\u00fcmk\u00fcn. JBL Sansibar kumlar\u0131 5 ve 10 kg paketlerle siz akvaryumseverlerin be\u011fenisine sunuluyor.&nbsp;<\/div>\n<div>&nbsp;<\/div>\n<div>Akvaryum ve su teraryumlar\u0131 i\u00e7in dekoratif kum.<\/div>\n<div>Yapay katk\u0131 maddesi bulundurmayan do\u011fal \u00fcr\u00fcn.<\/div>\n<div>Tanecik boyutlar\u0131: 0,1 &#8211; 0,6 mm. Z\u0131rhl\u0131 kedi bal\u0131\u011f\u0131 i\u00e7in uygundur.<\/div>\n<div>En iyi bitki geli\u015fimi i\u00e7in AquaBasis plus ile kullan\u0131ld\u0131\u011f\u0131nda m\u00fckemmel sonu\u00e7 verir.<\/div>\n<div>Kum alt\u0131 \u0131s\u0131t\u0131c\u0131lar\u0131 i\u00e7in uygun de\u011fildir.<\/div>\n<\/li>\n<\/ul>\n<p><b>1 adet fiyat\u0131d\u0131r<\/b> <\/p>\n<p><p><b>\u00dcretici Markas\u0131 : JBL<\/b><\/p>\n<p><b>\u00dcretici Kodu : 4014162670519<\/b><\/p>\n<p><b>1 ADET F\u0130YATIDIR<\/b><\/p>\n<\/h4>\n<p><\/p>\n","protected":false},"excerpt":{"rendered":"<p>SANSIBAR SIYAH 0,2-0,5MM 10 KG KUM<\/p>\n","protected":false},"featured_media":215869,"comment_status":"open","ping_status":"closed","template":"","meta":[],"product_brand":[],"product_cat":[526,370],"product_tag":[4733,1543,1849,15272,1391],"class_list":{"0":"post-215872","1":"product","2":"type-product","3":"status-publish","4":"has-post-thumbnail","6":"product_cat-akvaryum-dekor-ve-aksesuari","7":"product_cat-pet-shop","8":"product_tag-5mm","9":"product_tag-kg","10":"product_tag-kum","11":"product_tag-sansibar","12":"product_tag-siyah","14":"first","15":"instock","16":"taxable","17":"shipping-taxable","18":"purchasable","19":"product-type-simple"},"_links":{"self":[{"href":"https:\/\/depodanmusteriye.com\/urunler\/wp-json\/wp\/v2\/product\/215872","targetHints":{"allow":["GET"]}}],"collection":[{"href":"https:\/\/depodanmusteriye.com\/urunler\/wp-json\/wp\/v2\/product"}],"about":[{"href":"https:\/\/depodanmusteriye.com\/urunler\/wp-json\/wp\/v2\/types\/product"}],"replies":[{"embeddable":true,"href":"https:\/\/depodanmusteriye.com\/urunler\/wp-json\/wp\/v2\/comments?post=215872"}],"version-history":[{"count":0,"href":"https:\/\/depodanmusteriye.com\/urunler\/wp-json\/wp\/v2\/product\/215872\/revisions"}],"wp:featuredmedia":[{"embeddable":true,"href":"https:\/\/depodanmusteriye.com\/urunler\/wp-json\/wp\/v2\/media\/215869"}],"wp:attachment":[{"href":"https:\/\/depodanmusteriye.com\/urunler\/wp-json\/wp\/v2\/media?parent=215872"}],"wp:term":[{"taxonomy":"product_brand","embeddable":true,"href":"https:\/\/depodanmusteriye.com\/urunler\/wp-json\/wp\/v2\/product_brand?post=215872"},{"taxonomy":"product_cat","embeddable":true,"href":"https:\/\/depodanmusteriye.com\/urunler\/wp-json\/wp\/v2\/product_cat?post=215872"},{"taxonomy":"product_tag","embeddable":true,"href":"https:\/\/depodanmusteriye.com\/urunler\/wp-json\/wp\/v2\/product_tag?post=215872"}],"curies":[{"name":"wp","href":"https:\/\/api.w.org\/{rel}","templated":true}]}}