{"id":215851,"date":"2025-12-17T19:58:14","date_gmt":"2025-12-17T19:58:14","guid":{"rendered":"https:\/\/b2b.depodanmusteriye.com\/urun\/siyah-renk-saten-kaplama-sekil-verilebilir-tavsan-kulak-tac-35x11-cm\/"},"modified":"2025-12-17T19:58:14","modified_gmt":"2025-12-17T19:58:14","slug":"siyah-renk-saten-kaplama-sekil-verilebilir-tavsan-kulak-tac-35x11-cm","status":"publish","type":"product","link":"https:\/\/depodanmusteriye.com\/urunler\/urun\/siyah-renk-saten-kaplama-sekil-verilebilir-tavsan-kulak-tac-35x11-cm\/","title":{"rendered":"Siyah Renk Saten Kaplama \u015eekil Verilebilir Tav\u015fan Kulak Ta\u00e7 35&#215;11 cm"},"content":{"rendered":"<h4>\n<p>Siyah Renk Saten Kaplama \u015eekil Verilebilir Tav\u015fan Kulak Ta\u00e7 35&#215;11 cm<\/p>\n<p><span style=\"color:#000000\">Siyah Renk Saten Kaplama \u015eekil Verilebilir Tav\u015fan Kulak Ta\u00e7 <\/span><\/p>\n<p><span style=\"color:#000000\">\u00dcr\u00fcn \u00d6l\u00e7\u00fcs\u00fc : 35&#215;11 cm<\/span><\/p>\n<p><span style=\"color:#000000\">Esnek yap\u0131s\u0131 sayesinde hem yeti\u015fkinlere hem \u00e7ocuklara uyumludur<\/span><\/p>\n<p><span style=\"color:#000000\">Renk : Saten Siyah<\/span><\/p>\n<p><b>1 adet fiyat\u0131d\u0131r<\/b> <\/p>\n<p><p><b>\u00dcretici Markas\u0131 : ZERO LAND<\/b><\/p>\n<p><b>\u00dcretici Kodu : SMRD263S\u0130YAH<\/b><\/p>\n<p><b>1 ADET F\u0130YATIDIR<\/b><\/p>\n<\/h4>\n<p><\/p>\n","protected":false},"excerpt":{"rendered":"<p>Siyah Renk Saten Kaplama \u015eekil Verilebilir Tav\u015fan Kulak Ta\u00e7 35&#215;11 cm<\/p>\n","protected":false},"featured_media":215850,"comment_status":"open","ping_status":"closed","template":"","meta":[],"product_brand":[],"product_cat":[837,368],"product_tag":[8684,1529,3908,1638,2297,1738,4961,1391,2375,2965,8683],"class_list":{"0":"post-215851","1":"product","2":"type-product","3":"status-publish","4":"has-post-thumbnail","6":"product_cat-parti-kostumu","7":"product_cat-sus-ve-parti-malzemeleri","8":"product_tag-35x11","9":"product_tag-cm","10":"product_tag-kaplama","11":"product_tag-kulak","12":"product_tag-renk","13":"product_tag-saten","14":"product_tag-sekil","15":"product_tag-siyah","16":"product_tag-tac","17":"product_tag-tavsan","18":"product_tag-verilebilir","20":"first","21":"instock","22":"taxable","23":"shipping-taxable","24":"purchasable","25":"product-type-simple"},"_links":{"self":[{"href":"https:\/\/depodanmusteriye.com\/urunler\/wp-json\/wp\/v2\/product\/215851","targetHints":{"allow":["GET"]}}],"collection":[{"href":"https:\/\/depodanmusteriye.com\/urunler\/wp-json\/wp\/v2\/product"}],"about":[{"href":"https:\/\/depodanmusteriye.com\/urunler\/wp-json\/wp\/v2\/types\/product"}],"replies":[{"embeddable":true,"href":"https:\/\/depodanmusteriye.com\/urunler\/wp-json\/wp\/v2\/comments?post=215851"}],"version-history":[{"count":0,"href":"https:\/\/depodanmusteriye.com\/urunler\/wp-json\/wp\/v2\/product\/215851\/revisions"}],"wp:featuredmedia":[{"embeddable":true,"href":"https:\/\/depodanmusteriye.com\/urunler\/wp-json\/wp\/v2\/media\/215850"}],"wp:attachment":[{"href":"https:\/\/depodanmusteriye.com\/urunler\/wp-json\/wp\/v2\/media?parent=215851"}],"wp:term":[{"taxonomy":"product_brand","embeddable":true,"href":"https:\/\/depodanmusteriye.com\/urunler\/wp-json\/wp\/v2\/product_brand?post=215851"},{"taxonomy":"product_cat","embeddable":true,"href":"https:\/\/depodanmusteriye.com\/urunler\/wp-json\/wp\/v2\/product_cat?post=215851"},{"taxonomy":"product_tag","embeddable":true,"href":"https:\/\/depodanmusteriye.com\/urunler\/wp-json\/wp\/v2\/product_tag?post=215851"}],"curies":[{"name":"wp","href":"https:\/\/api.w.org\/{rel}","templated":true}]}}