{"id":215849,"date":"2025-12-17T19:58:07","date_gmt":"2025-12-17T19:58:07","guid":{"rendered":"https:\/\/b2b.depodanmusteriye.com\/urun\/12-adet-yildiz-glow-gozluk-glow-partisi-ve-etkinlik-icin\/"},"modified":"2025-12-17T19:58:07","modified_gmt":"2025-12-17T19:58:07","slug":"12-adet-yildiz-glow-gozluk-glow-partisi-ve-etkinlik-icin","status":"publish","type":"product","link":"https:\/\/depodanmusteriye.com\/urunler\/urun\/12-adet-yildiz-glow-gozluk-glow-partisi-ve-etkinlik-icin\/","title":{"rendered":"12 Adet Y\u0131ld\u0131z Glow G\u00f6zl\u00fck \u2013 Glow Partisi ve Etkinlik \u0130\u00e7in"},"content":{"rendered":"<h4>\n<p>12 Adet Y\u0131ld\u0131z Glow G\u00f6zl\u00fck \u2013 Glow Partisi ve Etkinlik \u0130\u00e7in<\/p>\n<h2 data-sourcepos=\"1:1-1:39\">Y\u0131ld\u0131z Glow G\u00f6zl\u00fck Hakk\u0131nda Bilgiler<\/h2>\n<p data-sourcepos=\"3:1-3:250\"><strong>Y\u0131ld\u0131z Glow G\u00f6zl\u00fck<\/strong>, partilerde ve kutlamalarda e\u011flenceli ve ilgi \u00e7ekici bir atmosfer olu\u015fturmak i\u00e7in kullanabilece\u011finiz bir aksesuard\u0131r. Y\u0131ld\u0131z \u015feklindeki glow stick&#039;lerden olu\u015fan bu g\u00f6zl\u00fckler, karanl\u0131kta parlayarak dikkatleri \u00fczerinize \u00e7ekecektir.<\/p>\n<p data-sourcepos=\"5:1-5:16\"><strong>\u00d6zellikleri:<\/strong><\/p>\n<ul data-sourcepos=\"7:1-17:0\">\n<li data-sourcepos=\"7:1-7:19\"><strong>\u015eekil:<\/strong> Y\u0131ld\u0131z<\/li>\n<li data-sourcepos=\"8:1-8:70\"><strong>Renk:<\/strong> \u00c7e\u015fitli (ye\u015fil, mavi, k\u0131rm\u0131z\u0131, turuncu, pembe, sar\u0131) &#8211; Renkler de\u011fi\u015febilir , HER RENK 2 ADET \u015eEKL\u0130NDE<\/li>\n<li data-sourcepos=\"9:1-9:22\"><strong>Malzeme:<\/strong> Plastik<\/li>\n<li data-sourcepos=\"10:1-10:13\"><strong>Adet:<\/strong>&nbsp;12<\/li>\n<li data-sourcepos=\"11:1-11:106\"><strong>Kullan\u0131m Alanlar\u0131:<\/strong> Partiler, festivaller, konserler, do\u011fum g\u00fcn\u00fc kutlamalar\u0131, kost\u00fcm partileri<\/li>\n<li data-sourcepos=\"12:1-17:0\"><strong>Di\u011fer \u00d6zellikler:<\/strong>\n<ul data-sourcepos=\"13:5-17:0\">\n<li data-sourcepos=\"13:5-13:46\">Farkl\u0131 renk se\u00e7enekleri mevcuttur.<\/li>\n<li data-sourcepos=\"14:5-14:50\">Kullan\u0131m s\u00fcresi: 8 saate kadar yanma s\u00fcresi.<\/li>\n<li data-sourcepos=\"15:5-15:76\">Kullan\u0131m\u0131 kolay: Glow stick&#039;in iki ucunu k\u0131rarak aktive edebilirsiniz.<\/li>\n<li data-sourcepos=\"16:5-17:0\">\u00c7ocuklar ve yeti\u015fkinler i\u00e7in uygundur.<\/li>\n<\/ul>\n<\/li>\n<\/ul>\n<p><b>1 adet fiyat\u0131d\u0131r<\/b> <\/p>\n<p><p><b>\u00dcretici Markas\u0131 : ZERO LAND<\/b><\/p>\n<p><b>\u00dcretici Kodu : SMRD19512<\/b><\/p>\n<p><b>1 ADET F\u0130YATIDIR<\/b><\/p>\n<\/h4>\n<p><\/p>\n","protected":false},"excerpt":{"rendered":"<p>12 Adet Y\u0131ld\u0131z Glow G\u00f6zl\u00fck \u2013 Glow Partisi ve Etkinlik \u0130\u00e7in<\/p>\n","protected":false},"featured_media":215848,"comment_status":"open","ping_status":"closed","template":"","meta":[],"product_brand":[],"product_cat":[930,368],"product_tag":[2097,1301,15028,2384,8688,1853,8523,2104,2308],"class_list":{"0":"post-215849","1":"product","2":"type-product","3":"status-publish","4":"has-post-thumbnail","6":"product_cat-surpriz-oyuncak-figuru","7":"product_cat-sus-ve-parti-malzemeleri","8":"product_tag-2097","9":"product_tag-adet","10":"product_tag-etkinlik","11":"product_tag-glow","12":"product_tag-gozluk","13":"product_tag-icin","14":"product_tag-partisi","15":"product_tag-ve","16":"product_tag-yildiz","18":"first","19":"instock","20":"taxable","21":"shipping-taxable","22":"purchasable","23":"product-type-simple"},"_links":{"self":[{"href":"https:\/\/depodanmusteriye.com\/urunler\/wp-json\/wp\/v2\/product\/215849","targetHints":{"allow":["GET"]}}],"collection":[{"href":"https:\/\/depodanmusteriye.com\/urunler\/wp-json\/wp\/v2\/product"}],"about":[{"href":"https:\/\/depodanmusteriye.com\/urunler\/wp-json\/wp\/v2\/types\/product"}],"replies":[{"embeddable":true,"href":"https:\/\/depodanmusteriye.com\/urunler\/wp-json\/wp\/v2\/comments?post=215849"}],"version-history":[{"count":0,"href":"https:\/\/depodanmusteriye.com\/urunler\/wp-json\/wp\/v2\/product\/215849\/revisions"}],"wp:featuredmedia":[{"embeddable":true,"href":"https:\/\/depodanmusteriye.com\/urunler\/wp-json\/wp\/v2\/media\/215848"}],"wp:attachment":[{"href":"https:\/\/depodanmusteriye.com\/urunler\/wp-json\/wp\/v2\/media?parent=215849"}],"wp:term":[{"taxonomy":"product_brand","embeddable":true,"href":"https:\/\/depodanmusteriye.com\/urunler\/wp-json\/wp\/v2\/product_brand?post=215849"},{"taxonomy":"product_cat","embeddable":true,"href":"https:\/\/depodanmusteriye.com\/urunler\/wp-json\/wp\/v2\/product_cat?post=215849"},{"taxonomy":"product_tag","embeddable":true,"href":"https:\/\/depodanmusteriye.com\/urunler\/wp-json\/wp\/v2\/product_tag?post=215849"}],"curies":[{"name":"wp","href":"https:\/\/api.w.org\/{rel}","templated":true}]}}