{"id":215847,"date":"2025-12-17T19:58:01","date_gmt":"2025-12-17T19:58:01","guid":{"rendered":"https:\/\/b2b.depodanmusteriye.com\/urun\/glow-partisi-fosforlu-ekstra-kalin-bileklik-6-renk-6li-set-baski-yapilabilir\/"},"modified":"2025-12-17T19:58:01","modified_gmt":"2025-12-17T19:58:01","slug":"glow-partisi-fosforlu-ekstra-kalin-bileklik-6-renk-6li-set-baski-yapilabilir","status":"publish","type":"product","link":"https:\/\/depodanmusteriye.com\/urunler\/urun\/glow-partisi-fosforlu-ekstra-kalin-bileklik-6-renk-6li-set-baski-yapilabilir\/","title":{"rendered":"Glow Partisi Fosforlu Ekstra Kal\u0131n Bileklik 6 Renk 6\u2019l\u0131 Set \u2013 Bask\u0131 Yap\u0131labilir"},"content":{"rendered":"<h4>\n<p>Glow Partisi Fosforlu Ekstra Kal\u0131n Bileklik 6 Renk 6\u2019l\u0131 Set \u2013 Bask\u0131 Yap\u0131labilir<\/p>\n<p><span style=\"color:#000000\"><strong>Karanl\u0131kta Parlayan Glow &nbsp;Ekstra Kal\u0131n Bileklik &nbsp;<\/strong><\/span><\/p>\n<p><span style=\"color:#000000\"><strong>Pakette 6 Adet Bulunmaktad\u0131r<\/strong><\/span><\/p>\n<p><span style=\"color:#000000\"><strong>Pakette 6 Farkl\u0131 Renk Bulunmaktad\u0131r<\/strong><\/span><\/p>\n<p><span style=\"color:#000000\"><strong>\u00dcr\u00fcn standart ince bilekliklerden farkl\u0131d\u0131r<\/strong><\/span><\/p>\n<p><span style=\"color:#000000\"><strong>Bileklik eni 2 cm&#039;dir.<\/strong><\/span><\/p>\n<p><span style=\"color:#000000\"><strong>Olduk\u00e7a kuvvetli bir yanma \u0131\u015f\u0131\u011f\u0131 bulunmaktad\u0131r<\/strong><\/span><\/p>\n<p><b>1 adet fiyat\u0131d\u0131r<\/b> <\/p>\n<p><p><b>\u00dcretici Markas\u0131 : ZERO LAND<\/b><\/p>\n<p><b>\u00dcretici Kodu : F0216<\/b><\/p>\n<p><b>1 ADET F\u0130YATIDIR<\/b><\/p>\n<\/h4>\n<p><\/p>\n","protected":false},"excerpt":{"rendered":"<p>Glow Partisi Fosforlu Ekstra Kal\u0131n Bileklik 6 Renk 6\u2019l\u0131 Set \u2013 Bask\u0131 Yap\u0131labilir<\/p>\n","protected":false},"featured_media":215846,"comment_status":"open","ping_status":"closed","template":"","meta":[],"product_brand":[],"product_cat":[930,368],"product_tag":[1224,4065,2064,2354,2385,2384,1804,8523,2297,2683,9018],"class_list":{"0":"post-215847","1":"product","2":"type-product","3":"status-publish","4":"has-post-thumbnail","6":"product_cat-surpriz-oyuncak-figuru","7":"product_cat-sus-ve-parti-malzemeleri","8":"product_tag-1224","9":"product_tag-baski","10":"product_tag-bileklik","11":"product_tag-ekstra","12":"product_tag-fosforlu","13":"product_tag-glow","14":"product_tag-kalin","15":"product_tag-partisi","16":"product_tag-renk","17":"product_tag-set","18":"product_tag-yapilabilir","20":"first","21":"instock","22":"taxable","23":"shipping-taxable","24":"purchasable","25":"product-type-simple"},"_links":{"self":[{"href":"https:\/\/depodanmusteriye.com\/urunler\/wp-json\/wp\/v2\/product\/215847","targetHints":{"allow":["GET"]}}],"collection":[{"href":"https:\/\/depodanmusteriye.com\/urunler\/wp-json\/wp\/v2\/product"}],"about":[{"href":"https:\/\/depodanmusteriye.com\/urunler\/wp-json\/wp\/v2\/types\/product"}],"replies":[{"embeddable":true,"href":"https:\/\/depodanmusteriye.com\/urunler\/wp-json\/wp\/v2\/comments?post=215847"}],"version-history":[{"count":0,"href":"https:\/\/depodanmusteriye.com\/urunler\/wp-json\/wp\/v2\/product\/215847\/revisions"}],"wp:featuredmedia":[{"embeddable":true,"href":"https:\/\/depodanmusteriye.com\/urunler\/wp-json\/wp\/v2\/media\/215846"}],"wp:attachment":[{"href":"https:\/\/depodanmusteriye.com\/urunler\/wp-json\/wp\/v2\/media?parent=215847"}],"wp:term":[{"taxonomy":"product_brand","embeddable":true,"href":"https:\/\/depodanmusteriye.com\/urunler\/wp-json\/wp\/v2\/product_brand?post=215847"},{"taxonomy":"product_cat","embeddable":true,"href":"https:\/\/depodanmusteriye.com\/urunler\/wp-json\/wp\/v2\/product_cat?post=215847"},{"taxonomy":"product_tag","embeddable":true,"href":"https:\/\/depodanmusteriye.com\/urunler\/wp-json\/wp\/v2\/product_tag?post=215847"}],"curies":[{"name":"wp","href":"https:\/\/api.w.org\/{rel}","templated":true}]}}