{"id":215695,"date":"2025-12-17T19:46:04","date_gmt":"2025-12-17T19:46:04","guid":{"rendered":"https:\/\/b2b.depodanmusteriye.com\/urun\/bestpet-400-gr-x-12-adet-yetiskin-kopekler-icin-taze-sigir-parca-etli-ve-soslu-yas-mama\/"},"modified":"2025-12-17T19:46:04","modified_gmt":"2025-12-17T19:46:04","slug":"bestpet-400-gr-x-12-adet-yetiskin-kopekler-icin-taze-sigir-parca-etli-ve-soslu-yas-mama","status":"publish","type":"product","link":"https:\/\/depodanmusteriye.com\/urunler\/urun\/bestpet-400-gr-x-12-adet-yetiskin-kopekler-icin-taze-sigir-parca-etli-ve-soslu-yas-mama\/","title":{"rendered":"Bestpet 400 gr X 12 ADET  Yeti\u015fkin K\u00f6pekler \u0130\u00e7in, Taze S\u0131\u011f\u0131r Par\u00e7a Etli Ve Soslu Ya\u015f Mama"},"content":{"rendered":"<h4>Bestpet Yeti\u015fkin K\u00f6pekler \u0130\u00e7in, Taze S\u0131\u011f\u0131r Par\u00e7a Etli Ve Soslu Ya\u015f Mama 400 gr<\/p>\n<p><strong> X 12 ADET  <\/strong><\/p>\n<p><b>\u00dcretici Markas\u0131 : Bestpet<\/b><\/p>\n<p><b>\u00dcretici Kodu : P0014DPM<\/b><\/p>\n<p><b>1 ADET F\u0130YATIDIR<\/b><\/p>\n<\/h4>\n<p><\/p>\n","protected":false},"excerpt":{"rendered":"<p>Bestpet 400 gr X 12 ADET  Yeti\u015fkin K\u00f6pekler \u0130\u00e7in, Taze S\u0131\u011f\u0131r Par\u00e7a Etli Ve Soslu Ya\u015f Mama <\/p>\n","protected":false},"featured_media":215694,"comment_status":"open","ping_status":"closed","template":"","meta":[],"product_brand":[],"product_cat":[541,370],"product_tag":[2097,4428,1301,6439,1794,1563,1853,3409,1759,2376,2892,6460,6441,2104,1595,1589,2434],"class_list":{"0":"post-215695","1":"product","2":"type-product","3":"status-publish","4":"has-post-thumbnail","6":"product_cat-kopek-konserve-mamasi","7":"product_cat-pet-shop","8":"product_tag-2097","9":"product_tag-4428","10":"product_tag-adet","11":"product_tag-bestpet","12":"product_tag-etli","13":"product_tag-gr","14":"product_tag-icin","15":"product_tag-kopekler","16":"product_tag-mama","17":"product_tag-parca","18":"product_tag-sigir","19":"product_tag-soslu","20":"product_tag-taze","21":"product_tag-ve","22":"product_tag-x","23":"product_tag-yas","24":"product_tag-yetiskin","26":"first","27":"instock","28":"taxable","29":"shipping-taxable","30":"purchasable","31":"product-type-simple"},"_links":{"self":[{"href":"https:\/\/depodanmusteriye.com\/urunler\/wp-json\/wp\/v2\/product\/215695","targetHints":{"allow":["GET"]}}],"collection":[{"href":"https:\/\/depodanmusteriye.com\/urunler\/wp-json\/wp\/v2\/product"}],"about":[{"href":"https:\/\/depodanmusteriye.com\/urunler\/wp-json\/wp\/v2\/types\/product"}],"replies":[{"embeddable":true,"href":"https:\/\/depodanmusteriye.com\/urunler\/wp-json\/wp\/v2\/comments?post=215695"}],"version-history":[{"count":0,"href":"https:\/\/depodanmusteriye.com\/urunler\/wp-json\/wp\/v2\/product\/215695\/revisions"}],"wp:featuredmedia":[{"embeddable":true,"href":"https:\/\/depodanmusteriye.com\/urunler\/wp-json\/wp\/v2\/media\/215694"}],"wp:attachment":[{"href":"https:\/\/depodanmusteriye.com\/urunler\/wp-json\/wp\/v2\/media?parent=215695"}],"wp:term":[{"taxonomy":"product_brand","embeddable":true,"href":"https:\/\/depodanmusteriye.com\/urunler\/wp-json\/wp\/v2\/product_brand?post=215695"},{"taxonomy":"product_cat","embeddable":true,"href":"https:\/\/depodanmusteriye.com\/urunler\/wp-json\/wp\/v2\/product_cat?post=215695"},{"taxonomy":"product_tag","embeddable":true,"href":"https:\/\/depodanmusteriye.com\/urunler\/wp-json\/wp\/v2\/product_tag?post=215695"}],"curies":[{"name":"wp","href":"https:\/\/api.w.org\/{rel}","templated":true}]}}