{"id":215687,"date":"2025-12-17T19:45:24","date_gmt":"2025-12-17T19:45:24","guid":{"rendered":"https:\/\/b2b.depodanmusteriye.com\/urun\/chefs-choice-400-gr-x-12-adet-yetiskin-kopekler-icin-hipoalerjenik-somon-balikli-ve-pirincli-ezme\/"},"modified":"2025-12-17T19:45:24","modified_gmt":"2025-12-17T19:45:24","slug":"chefs-choice-400-gr-x-12-adet-yetiskin-kopekler-icin-hipoalerjenik-somon-balikli-ve-pirincli-ezme","status":"publish","type":"product","link":"https:\/\/depodanmusteriye.com\/urunler\/urun\/chefs-choice-400-gr-x-12-adet-yetiskin-kopekler-icin-hipoalerjenik-somon-balikli-ve-pirincli-ezme\/","title":{"rendered":"Chefs Choice 400 gr X 12 ADET  Yeti\u015fkin K\u00f6pekler \u0130\u00e7in, Hipoalerjenik, Somon Bal\u0131kl\u0131 Ve Pirin\u00e7li Ezme"},"content":{"rendered":"<h4>Chefs Choice Yeti\u015fkin K\u00f6pekler \u0130\u00e7in, Hipoalerjenik, Somon Bal\u0131kl\u0131 Ve Pirin\u00e7li Ezme 400 gr<\/p>\n<p><strong> X 12 ADET  <\/strong><\/p>\n<p><b>\u00dcretici Markas\u0131 : Chef&#8217;s Choice<\/b><\/p>\n<p><b>\u00dcretici Kodu : C01052DPM<\/b><\/p>\n<p><b>1 ADET F\u0130YATIDIR<\/b><\/p>\n<\/h4>\n<p><\/p>\n","protected":false},"excerpt":{"rendered":"<p>Chefs Choice 400 gr X 12 ADET  Yeti\u015fkin K\u00f6pekler \u0130\u00e7in, Hipoalerjenik, Somon Bal\u0131kl\u0131 Ve Pirin\u00e7li Ezme <\/p>\n","protected":false},"featured_media":215686,"comment_status":"open","ping_status":"closed","template":"","meta":[],"product_brand":[],"product_cat":[541,370],"product_tag":[2097,4428,1301,4876,6453,6454,6458,1563,3411,1853,3409,2949,1578,2104,1595,2434],"class_list":{"0":"post-215687","1":"product","2":"type-product","3":"status-publish","4":"has-post-thumbnail","6":"product_cat-kopek-konserve-mamasi","7":"product_cat-pet-shop","8":"product_tag-2097","9":"product_tag-4428","10":"product_tag-adet","11":"product_tag-balikli","12":"product_tag-chefs","13":"product_tag-choice","14":"product_tag-ezme","15":"product_tag-gr","16":"product_tag-hipoalerjenik","17":"product_tag-icin","18":"product_tag-kopekler","19":"product_tag-pirincli","20":"product_tag-somon","21":"product_tag-ve","22":"product_tag-x","23":"product_tag-yetiskin","25":"first","26":"instock","27":"taxable","28":"shipping-taxable","29":"purchasable","30":"product-type-simple"},"_links":{"self":[{"href":"https:\/\/depodanmusteriye.com\/urunler\/wp-json\/wp\/v2\/product\/215687","targetHints":{"allow":["GET"]}}],"collection":[{"href":"https:\/\/depodanmusteriye.com\/urunler\/wp-json\/wp\/v2\/product"}],"about":[{"href":"https:\/\/depodanmusteriye.com\/urunler\/wp-json\/wp\/v2\/types\/product"}],"replies":[{"embeddable":true,"href":"https:\/\/depodanmusteriye.com\/urunler\/wp-json\/wp\/v2\/comments?post=215687"}],"version-history":[{"count":0,"href":"https:\/\/depodanmusteriye.com\/urunler\/wp-json\/wp\/v2\/product\/215687\/revisions"}],"wp:featuredmedia":[{"embeddable":true,"href":"https:\/\/depodanmusteriye.com\/urunler\/wp-json\/wp\/v2\/media\/215686"}],"wp:attachment":[{"href":"https:\/\/depodanmusteriye.com\/urunler\/wp-json\/wp\/v2\/media?parent=215687"}],"wp:term":[{"taxonomy":"product_brand","embeddable":true,"href":"https:\/\/depodanmusteriye.com\/urunler\/wp-json\/wp\/v2\/product_brand?post=215687"},{"taxonomy":"product_cat","embeddable":true,"href":"https:\/\/depodanmusteriye.com\/urunler\/wp-json\/wp\/v2\/product_cat?post=215687"},{"taxonomy":"product_tag","embeddable":true,"href":"https:\/\/depodanmusteriye.com\/urunler\/wp-json\/wp\/v2\/product_tag?post=215687"}],"curies":[{"name":"wp","href":"https:\/\/api.w.org\/{rel}","templated":true}]}}