{"id":214594,"date":"2025-12-17T17:50:23","date_gmt":"2025-12-17T17:50:23","guid":{"rendered":"https:\/\/b2b.depodanmusteriye.com\/urun\/delme-uc-seti-24-parca-kutulu-matkap-ucu-ahsap-metal-beton-icin\/"},"modified":"2025-12-17T17:50:23","modified_gmt":"2025-12-17T17:50:23","slug":"delme-uc-seti-24-parca-kutulu-matkap-ucu-ahsap-metal-beton-icin","status":"publish","type":"product","link":"https:\/\/depodanmusteriye.com\/urunler\/urun\/delme-uc-seti-24-parca-kutulu-matkap-ucu-ahsap-metal-beton-icin\/","title":{"rendered":"Delme U\u00e7 Seti 24 Par\u00e7a Kutulu Matkap Ucu Ah\u015fap Metal Beton \u0130\u00e7in"},"content":{"rendered":"<h4>Bu profesyonel matkap ucu seti, t\u00fcm delme i\u015flerinizde ihtiya\u00e7 duydu\u011funuz par\u00e7alar\u0131 tek bir kutuda toplar. Ah\u015fap, metal ve beton y\u00fczeylerde kullan\u0131labilen toplam 24 adet u\u00e7 i\u00e7erir. Karbon \u00e7elikten \u00fcretilen her u\u00e7, uzun \u00f6m\u00fcrl\u00fc ve a\u015f\u0131nmaya kar\u015f\u0131 dayan\u0131kl\u0131 bir performans sunar. \u00d6zellikle s\u0131k kullan\u0131m gerektiren i\u015flerde g\u00fcvenilir sonu\u00e7lar verir. Set i\u00e7erisinde bulunan 5 cm m\u0131knat\u0131sl\u0131 adapt\u00f6r, bits u\u00e7lar\u0131n kolay tak\u0131lmas\u0131n\u0131 sa\u011flar. Ayr\u0131ca 5 mm, 6 mm, 8 mm ve 10 mm plastik d\u00fcbeller, montaj i\u015flerine pratiklik katmaktad\u0131r. Organizer kutusu sayesinde u\u00e7lar d\u00fczenli \u015fekilde saklan\u0131r ve ta\u015f\u0131nabilirlik sa\u011flar. Ev tamiratlar\u0131, mobilya montajlar\u0131, metal i\u015f\u00e7ili\u011fi ve beton delme i\u015fleri i\u00e7in profesyonel bir yard\u0131mc\u0131n\u0131zd\u0131r. <\/p>\n<p><b>1 adet fiyat\u0131d\u0131r<\/b> <\/p>\n<p><p><b>\u00dcretici Markas\u0131 : ZERO LAND<\/b><\/p>\n<p><b>\u00dcretici Kodu : UCZZZDEBELUC3<\/b><\/p>\n<p><b>1 ADET F\u0130YATIDIR<\/b><\/p>\n<\/h4>\n<p><\/p>\n","protected":false},"excerpt":{"rendered":"<p>Delme U\u00e7 Seti 24 Par\u00e7a Kutulu Matkap Ucu Ah\u015fap Metal Beton \u0130\u00e7in<\/p>\n","protected":false},"featured_media":214584,"comment_status":"open","ping_status":"closed","template":"","meta":[],"product_brand":[],"product_cat":[379,710],"product_tag":[1464,1546,15216,4353,1853,5220,4098,1875,2376,1172,1417,3723],"class_list":{"0":"post-214594","1":"product","2":"type-product","3":"status-publish","4":"has-post-thumbnail","6":"product_cat-ev-yasam","7":"product_cat-matkap","8":"product_tag-1464","9":"product_tag-ahsap","10":"product_tag-beton","11":"product_tag-delme","12":"product_tag-icin","13":"product_tag-kutulu","14":"product_tag-matkap","15":"product_tag-metal","16":"product_tag-parca","17":"product_tag-seti","18":"product_tag-uc","19":"product_tag-ucu","21":"first","22":"instock","23":"taxable","24":"shipping-taxable","25":"purchasable","26":"product-type-simple"},"_links":{"self":[{"href":"https:\/\/depodanmusteriye.com\/urunler\/wp-json\/wp\/v2\/product\/214594","targetHints":{"allow":["GET"]}}],"collection":[{"href":"https:\/\/depodanmusteriye.com\/urunler\/wp-json\/wp\/v2\/product"}],"about":[{"href":"https:\/\/depodanmusteriye.com\/urunler\/wp-json\/wp\/v2\/types\/product"}],"replies":[{"embeddable":true,"href":"https:\/\/depodanmusteriye.com\/urunler\/wp-json\/wp\/v2\/comments?post=214594"}],"version-history":[{"count":0,"href":"https:\/\/depodanmusteriye.com\/urunler\/wp-json\/wp\/v2\/product\/214594\/revisions"}],"wp:featuredmedia":[{"embeddable":true,"href":"https:\/\/depodanmusteriye.com\/urunler\/wp-json\/wp\/v2\/media\/214584"}],"wp:attachment":[{"href":"https:\/\/depodanmusteriye.com\/urunler\/wp-json\/wp\/v2\/media?parent=214594"}],"wp:term":[{"taxonomy":"product_brand","embeddable":true,"href":"https:\/\/depodanmusteriye.com\/urunler\/wp-json\/wp\/v2\/product_brand?post=214594"},{"taxonomy":"product_cat","embeddable":true,"href":"https:\/\/depodanmusteriye.com\/urunler\/wp-json\/wp\/v2\/product_cat?post=214594"},{"taxonomy":"product_tag","embeddable":true,"href":"https:\/\/depodanmusteriye.com\/urunler\/wp-json\/wp\/v2\/product_tag?post=214594"}],"curies":[{"name":"wp","href":"https:\/\/api.w.org\/{rel}","templated":true}]}}