{"id":214572,"date":"2025-12-17T17:49:10","date_gmt":"2025-12-17T17:49:10","guid":{"rendered":"https:\/\/b2b.depodanmusteriye.com\/urun\/debeluc-matkap-ucu-set\/"},"modified":"2025-12-17T17:49:10","modified_gmt":"2025-12-17T17:49:10","slug":"debeluc-matkap-ucu-set","status":"publish","type":"product","link":"https:\/\/depodanmusteriye.com\/urunler\/urun\/debeluc-matkap-ucu-set\/","title":{"rendered":"DEBELUC MATKAP UCU SET"},"content":{"rendered":"<h4>Kapsaml\u0131 Matkap Ucu Seti, her t\u00fcrl\u00fc delme i\u015finizi kolayla\u015ft\u0131rmak i\u00e7in \u00f6zenle haz\u0131rlanm\u0131\u015f profesyonel bir set olarak kar\u015f\u0131n\u0131za \u00e7\u0131k\u0131yor. Ah\u015fap, metal, al\u00fcminyum ve beton y\u00fczeylerde delme yapman\u0131z\u0131 sa\u011flayan toplamda 24 par\u00e7al\u0131k u\u00e7lardan olu\u015fur. Set i\u00e7erisinde; 5 adet ah\u015fap u\u00e7, 5 adet beton u\u00e7, 7 adet metal delme ucu, 6 adet y\u0131ld\u0131z ve d\u00fcz bits u\u00e7 ile 5 cm m\u0131knat\u0131sl\u0131 adapt\u00f6r yer almaktad\u0131r. Ayr\u0131ca \u00e7e\u015fitli \u00f6l\u00e7\u00fclerde 5 mm, 6 mm, 8 mm ve 10 mm plastik d\u00fcbeller seti tamamlar. T\u00fcm u\u00e7lar y\u00fcksek kaliteli karbon \u00e7elikten \u00fcretilmi\u015ftir ve uzun s\u00fcreli dayan\u0131kl\u0131l\u0131k sunar. A\u015f\u0131nmaya kar\u015f\u0131 diren\u00e7li yap\u0131lar\u0131 sayesinde s\u0131k kullan\u0131m i\u00e7in idealdir. Organizer kutusu sayesinde u\u00e7lar kar\u0131\u015fmaz, d\u00fczenli ve g\u00fcvenli \u015fekilde saklan\u0131r. Hem amat\u00f6r kullan\u0131c\u0131lar hem profesyoneller i\u00e7in ideal bir delme setidir. <\/p>\n<p><b>1 adet fiyat\u0131d\u0131r<\/b> <\/p>\n<p><p><b>\u00dcretici Markas\u0131 : ZERO LAND<\/b><\/p>\n<p><b>\u00dcretici Kodu : UCZZZDEBELUC5<\/b><\/p>\n<p><b>1 ADET F\u0130YATIDIR<\/b><\/p>\n<\/h4>\n<p><\/p>\n","protected":false},"excerpt":{"rendered":"<p>DEBELUC MATKAP UCU SET<\/p>\n","protected":false},"featured_media":214562,"comment_status":"open","ping_status":"closed","template":"","meta":[],"product_brand":[],"product_cat":[379,710],"product_tag":[15213,4098,2683,3723],"class_list":{"0":"post-214572","1":"product","2":"type-product","3":"status-publish","4":"has-post-thumbnail","6":"product_cat-ev-yasam","7":"product_cat-matkap","8":"product_tag-debeluc","9":"product_tag-matkap","10":"product_tag-set","11":"product_tag-ucu","13":"first","14":"instock","15":"taxable","16":"shipping-taxable","17":"purchasable","18":"product-type-simple"},"_links":{"self":[{"href":"https:\/\/depodanmusteriye.com\/urunler\/wp-json\/wp\/v2\/product\/214572","targetHints":{"allow":["GET"]}}],"collection":[{"href":"https:\/\/depodanmusteriye.com\/urunler\/wp-json\/wp\/v2\/product"}],"about":[{"href":"https:\/\/depodanmusteriye.com\/urunler\/wp-json\/wp\/v2\/types\/product"}],"replies":[{"embeddable":true,"href":"https:\/\/depodanmusteriye.com\/urunler\/wp-json\/wp\/v2\/comments?post=214572"}],"version-history":[{"count":0,"href":"https:\/\/depodanmusteriye.com\/urunler\/wp-json\/wp\/v2\/product\/214572\/revisions"}],"wp:featuredmedia":[{"embeddable":true,"href":"https:\/\/depodanmusteriye.com\/urunler\/wp-json\/wp\/v2\/media\/214562"}],"wp:attachment":[{"href":"https:\/\/depodanmusteriye.com\/urunler\/wp-json\/wp\/v2\/media?parent=214572"}],"wp:term":[{"taxonomy":"product_brand","embeddable":true,"href":"https:\/\/depodanmusteriye.com\/urunler\/wp-json\/wp\/v2\/product_brand?post=214572"},{"taxonomy":"product_cat","embeddable":true,"href":"https:\/\/depodanmusteriye.com\/urunler\/wp-json\/wp\/v2\/product_cat?post=214572"},{"taxonomy":"product_tag","embeddable":true,"href":"https:\/\/depodanmusteriye.com\/urunler\/wp-json\/wp\/v2\/product_tag?post=214572"}],"curies":[{"name":"wp","href":"https:\/\/api.w.org\/{rel}","templated":true}]}}