{"id":213621,"date":"2025-12-17T16:54:35","date_gmt":"2025-12-17T16:54:35","guid":{"rendered":"https:\/\/b2b.depodanmusteriye.com\/urun\/5li-emulsiyon-boya-rulosu-duvar-ve-tavan-uygulamasina-uygun\/"},"modified":"2025-12-17T16:54:35","modified_gmt":"2025-12-17T16:54:35","slug":"5li-emulsiyon-boya-rulosu-duvar-ve-tavan-uygulamasina-uygun","status":"publish","type":"product","link":"https:\/\/depodanmusteriye.com\/urunler\/urun\/5li-emulsiyon-boya-rulosu-duvar-ve-tavan-uygulamasina-uygun\/","title":{"rendered":"5\u2019li Em\u00fclsiyon Boya Rulosu Duvar ve Tavan Uygulamas\u0131na Uygun"},"content":{"rendered":"<h4>Ev boyama projelerinde profesyonel sonu\u00e7lar almak isteyenler i\u00e7in geli\u015ftirilen 5\u2019li rulo seti, duvar ve tavan y\u00fczeylerinde e\u015fit kaplama sa\u011flar. \u00d6zellikle k\u00fc\u00e7\u00fck detayl\u0131 alanlar ve zor b\u00f6lgelere uygulama yapmak i\u00e7in uygundur. Em\u00fclsiyon boyalarla ba\u015far\u0131l\u0131 performans g\u00f6sterir. Boyay\u0131 ruloya dengeli \u015fekilde al\u0131r, y\u00fczeye iz b\u0131rakmadan aktar\u0131r ve damlatma yapmaz. Dayan\u0131kl\u0131 yap\u0131s\u0131 sayesinde uzun s\u00fcre kullan\u0131m sa\u011flar ve boya uygulamas\u0131n\u0131 \u00e7ok daha pratik hale getirir. <\/p>\n<p><b>1 adet fiyat\u0131d\u0131r<\/b> <\/p>\n<p><p><b>\u00dcretici Markas\u0131 : ZERO LAND<\/b><\/p>\n<p><b>\u00dcretici Kodu : UCZZZRULOFIR\u00c7A5L\u01303<\/b><\/p>\n<p><b>1 ADET F\u0130YATIDIR<\/b><\/p>\n<\/h4>\n<p><\/p>\n","protected":false},"excerpt":{"rendered":"<p>5\u2019li Em\u00fclsiyon Boya Rulosu Duvar ve Tavan Uygulamas\u0131na Uygun<\/p>\n","protected":false},"featured_media":213616,"comment_status":"open","ping_status":"closed","template":"","meta":[],"product_brand":[],"product_cat":[708,379],"product_tag":[9003,1902,15163,3276,9892,15164,1397,2104],"class_list":{"0":"post-213621","1":"product","2":"type-product","3":"status-publish","4":"has-post-thumbnail","6":"product_cat-boya-tabancasi","7":"product_cat-ev-yasam","8":"product_tag-boya","9":"product_tag-duvar","10":"product_tag-emulsiyon","11":"product_tag-rulosu","12":"product_tag-tavan","13":"product_tag-uygulamasina","14":"product_tag-uygun","15":"product_tag-ve","17":"first","18":"instock","19":"taxable","20":"shipping-taxable","21":"purchasable","22":"product-type-simple"},"_links":{"self":[{"href":"https:\/\/depodanmusteriye.com\/urunler\/wp-json\/wp\/v2\/product\/213621","targetHints":{"allow":["GET"]}}],"collection":[{"href":"https:\/\/depodanmusteriye.com\/urunler\/wp-json\/wp\/v2\/product"}],"about":[{"href":"https:\/\/depodanmusteriye.com\/urunler\/wp-json\/wp\/v2\/types\/product"}],"replies":[{"embeddable":true,"href":"https:\/\/depodanmusteriye.com\/urunler\/wp-json\/wp\/v2\/comments?post=213621"}],"version-history":[{"count":0,"href":"https:\/\/depodanmusteriye.com\/urunler\/wp-json\/wp\/v2\/product\/213621\/revisions"}],"wp:featuredmedia":[{"embeddable":true,"href":"https:\/\/depodanmusteriye.com\/urunler\/wp-json\/wp\/v2\/media\/213616"}],"wp:attachment":[{"href":"https:\/\/depodanmusteriye.com\/urunler\/wp-json\/wp\/v2\/media?parent=213621"}],"wp:term":[{"taxonomy":"product_brand","embeddable":true,"href":"https:\/\/depodanmusteriye.com\/urunler\/wp-json\/wp\/v2\/product_brand?post=213621"},{"taxonomy":"product_cat","embeddable":true,"href":"https:\/\/depodanmusteriye.com\/urunler\/wp-json\/wp\/v2\/product_cat?post=213621"},{"taxonomy":"product_tag","embeddable":true,"href":"https:\/\/depodanmusteriye.com\/urunler\/wp-json\/wp\/v2\/product_tag?post=213621"}],"curies":[{"name":"wp","href":"https:\/\/api.w.org\/{rel}","templated":true}]}}